{"id":1048,"date":"2020-03-15T15:19:34","date_gmt":"2020-03-15T22:19:34","guid":{"rendered":"http:\/\/uniondelbarrio.org\/esp\/?page_id=1048"},"modified":"2020-03-19T21:51:35","modified_gmt":"2020-03-20T04:51:35","slug":"pautas-comunitarias-de-union-del-barrio-para-abordar-la-pandemia-covid-19","status":"publish","type":"page","link":"https:\/\/uniondelbarrio.org\/esp\/pautas-comunitarias-de-union-del-barrio-para-abordar-la-pandemia-covid-19\/","title":{"rendered":"Pautas de Uni\u00f3n del Barrio para la comunidad de c\u00f3mo abordar la pandemia 2020 COVID-19"},"content":{"rendered":"<h2><img loading=\"lazy\" decoding=\"async\" class=\"aligncenter size-medium wp-image-982\" src=\"https:\/\/uniondelbarrio.org\/esp\/wp-content\/uploads\/2019\/08\/UdBFlagLogoName2-296x300.png\" alt=\"\" width=\"296\" height=\"300\" srcset=\"https:\/\/uniondelbarrio.org\/esp\/wp-content\/uploads\/2019\/08\/UdBFlagLogoName2-296x300.png 296w, https:\/\/uniondelbarrio.org\/esp\/wp-content\/uploads\/2019\/08\/UdBFlagLogoName2-768x779.png 768w, https:\/\/uniondelbarrio.org\/esp\/wp-content\/uploads\/2019\/08\/UdBFlagLogoName2.png 956w\" sizes=\"auto, (max-width: 296px) 100vw, 296px\" \/><\/h2>\n<h2><span style=\"color: #993300;\">ACTUALIZADO 19\/03\/2020, 9:30 pm.<\/span><\/h2>\n<p><a href=\"http:\/\/uniondelbarrio.org\/main\/?page_id=4368\"><img loading=\"lazy\" decoding=\"async\" class=\"alignright wp-image-215 size-full\" src=\"https:\/\/uniondelbarrio.org\/esp\/wp-content\/uploads\/2016\/05\/englishversionbutton.png\" alt=\"\" width=\"184\" height=\"64\" \/><\/a><\/p>\n<hr \/>\n<h3><span style=\"color: #993300;\"><i>Asegurar el bienestar de los miembros de la UdB:<\/i><\/span><\/h3>\n<ol>\n<li style=\"font-weight: 400;\"><span style=\"font-weight: 400;\">Cada miembro de UdB (y la comunidad solidaria) debe asegurar los siguientes consumibles y almacenarlos en sus hogares para prepararse para un posible\u00a0&#8220;encierro&#8221; general de cuarentena en el hogar. Cualquier persona que no pueda recopilar estos materiales, informe a su liderazgo local de UdB para solicitar orientaci\u00f3n y\/o apoyo para asegurar estos materiales:<\/span>\n<ul style=\"list-style-type: disc;\">\n<li style=\"font-weight: 400;\"><span style=\"font-weight: 400;\">30 d\u00edas de comida no perecedera. Por ejemplo, re\u00fana art\u00edculos como productos enlatados, alimentos congelados, etc. que se pueden almacenar durante un mes.<\/span><\/li>\n<li style=\"font-weight: 400;\"><span style=\"font-weight: 400;\">2 semanas de cualquier medicamento requerido, si es necesario.<\/span><\/li>\n<li style=\"font-weight: 400;\"><span style=\"font-weight: 400;\">Agua potable de emergencia para por lo menos 5 d\u00edas.<\/span><\/li>\n<li style=\"font-weight: 400;\"><span style=\"font-weight: 400;\">Llene los tanques de gasolina de todos los veh\u00edculos a los que tenga acceso.<\/span><\/li>\n<li style=\"font-weight: 400;\"><span style=\"font-weight: 400;\">Tenga dinero en efectivo, tanto como sea posible hasta $500 por persona.<\/span><\/li>\n<\/ul>\n<\/li>\n<li style=\"font-weight: 400;\"><span style=\"font-weight: 400;\">Identifique y consulte con los personas que son inusualmente vulnerables, por ejemplo, aquellos miembros que no tienen acceso a los servicios m\u00e9dicos.<\/span><\/li>\n<li style=\"font-weight: 400;\"><span style=\"font-weight: 400;\">Si usted es un miembro que se siente enfermo, informe a su liderazgo local y no salga. No asista a ninguna reuni\u00f3n o evento al menos hasta que reciba alg\u00fan tipo de consejo m\u00e9dico y haya hablado con su liderazgo local.<\/span><\/li>\n<li style=\"font-weight: 400;\"><span style=\"font-weight: 400;\">Todos los eventos p\u00fablicos dirigidos por UdB (reuniones comunitarias, actividades juveniles, manifestaciones, protestas, etc.) programados durante el mes de marzo se deben posponer de inmediato. Estos aplazamientos pueden tener que ser cancelaciones, y tambi\u00e9n pueden extenderse a actividades planificadas para abril. Todas las actualizaciones nuevas relacionadas con este punto estar\u00e1n disponibles a trav\u00e9s de este sitio web: &lt;<\/span><a href=\"http:\/\/uniondelbarrio.org\/main\/?page_id=4368\"><span style=\"font-weight: 400;\">http:\/\/uniondelbarrio.org\/main\/?page_id=4368<\/span><\/a><span style=\"font-weight: 400;\">&gt;.<\/span><\/li>\n<li>Todos los miembros y las personas de la comunidad deben tener un plan de contingencia cuando hay un corte de Internet. El cambio masivo a la comunicaci\u00f3n en l\u00ednea ha puesto a la infraestructura actual de Internet bajo una presi\u00f3n masiva, y es cada vez m\u00e1s probable que el sistema sucumbir\u00e1 a desaceleraciones planificadas (tambi\u00e9n conocido como &#8220;throttling&#8221;) o fallas peri\u00f3dicas. Cada uno de nosotros deber\u00eda hablar sobre formas de comunicaci\u00f3n anal\u00f3gicas (no digitales) si fuera necesario mantener la comunicaci\u00f3n sin nuestros dispositivos digitales.<\/li>\n<\/ol>\n<h3><span style=\"color: #993300;\"><i><span style=\"font-weight: 400;\">Asegurar el bienestar de los aliados y simpatizantes de UdB:<\/span><\/i><\/span><\/h3>\n<ol>\n<li style=\"font-weight: 400;\"><span style=\"font-weight: 400;\">Los miembros y aliados de Uni\u00f3n del Barrio deben comenzar de inmediato a centralizar una lista de organizaciones y colectivos aliados (as\u00ed como informaci\u00f3n de contacto para su liderazgo) que potencialmente pueda movilizarse en caso de la necesidad de entregar una respuesta comunitaria organizada basada en las masas a esta crisis de salud. Enviar esta informaci\u00f3n por correo electr\u00f3nico a &lt;<\/span><span style=\"font-weight: 400;\">uniondelbarriocc@gmail.com<\/span><span style=\"font-weight: 400;\">&gt;.<\/span><\/li>\n<li style=\"font-weight: 400;\"><span style=\"font-weight: 400;\">Los miembros y aliados de Uni\u00f3n del Barrio deber\u00edan comenzar a centralizar una lista de apoyo de trabajadores m\u00e9dicos y servicios institucionales (as\u00ed como informaci\u00f3n de contacto). Enviar esta informaci\u00f3n por correo electr\u00f3nico a &lt;uniondelbarriocc@gmail.com&gt;.<\/span><\/li>\n<\/ol>\n<h3><span style=\"color: #993300;\"><i><span style=\"font-weight: 400;\">Asegurar el bienestar de nuestras comunidades:<\/span><\/i><\/span><\/h3>\n<ol>\n<li style=\"font-weight: 400;\"><span style=\"font-weight: 400;\">Los miembros de Uni\u00f3n del Barrio, nuestros aliados y los miembros de la comunidad en general deben de informar, a una ubicaci\u00f3n centralizada, cualquier &#8220;amenaza de seguridad&#8221; potencial percibida en nuestros barrios y que represente un riesgo para las familias o la comunidad. Esto incluye movimientos inusuales de la polic\u00eda local, estatal y \/ o federal, ICE u otras agencias gubernamentales, as\u00ed como la presencia de individuos y \/ o grupos supremacistas \/ fascistas blancos. Enviar esta informaci\u00f3n por correo electr\u00f3nico a &lt;<\/span><span style=\"font-weight: 400;\">uniondelbarriocc@gmail.com<\/span><span style=\"font-weight: 400;\">&gt;.<\/span><\/li>\n<li style=\"font-weight: 400;\"><span style=\"font-weight: 400;\">Los miembros de Uni\u00f3n del Barrio, los aliados y los miembros de la comunidad en general deben informar, a una ubicaci\u00f3n centralizada, una lista de los siguientes servicios comunitarios ofrecidos por los distritos escolares y \/ o agencias locales que proporcionan distribuci\u00f3n de alimentos y servicios m\u00e9dicos de bajo costo. Enviar esta informaci\u00f3n por correo electr\u00f3nico a &lt;<\/span><span style=\"font-weight: 400;\">uniondelbarriocc@gmail.com<\/span><span style=\"font-weight: 400;\">&gt;.<\/span><\/li>\n<li style=\"font-weight: 400;\"><span style=\"font-weight: 400;\">Los miembros de Uni\u00f3n del Barrio, los aliados y los miembros de la comunidad en general deben informar, a una ubicaci\u00f3n centralizada, una lista de los siguientes &#8220;puntos cr\u00edticos&#8221; relacionados con la salud comunitaria de las personas vulnerables dentro de nuestras comunidades. Esta lista debe estar centralizada como m\u00ednimo para las \u00e1reas de Los \u00c1ngeles y San Diego, y servir\u00e1 como gu\u00eda para que prioricemos todo nuestro trabajo pol\u00edtico y de defensa p\u00fablica. Por supuesto, todos los sectores de nuestras comunidades son vulnerables, pero debemos esperar que estos sectores sean marginados intencionalmente (y potencialmente reprimidos) por las autoridades locales, estatales y federales. Env\u00ede esta informaci\u00f3n por correo electr\u00f3nico a &lt;uniondelbarriocc@gmail.com&gt;. Debemos permanecer atentos si surge la necesidad de que UdB y sus aliados intervengan como una fuerza organizada en nombre de estos sectores:<\/span>\n<ul style=\"list-style-type: disc;\">\n<li style=\"font-weight: 400;\"><span style=\"font-weight: 400;\">Grandes concentraciones de estudiantes vulnerables.<\/span><\/li>\n<li style=\"font-weight: 400;\"><span style=\"font-weight: 400;\">Grandes concentraciones de personas mayores.<\/span><\/li>\n<li style=\"font-weight: 400;\"><span style=\"font-weight: 400;\">Grandes concentraciones de personas sin hogar, especialmente cuando estas poblaciones est\u00e1n dentro de nuestros barrios.<\/span><\/li>\n<li style=\"font-weight: 400;\"><span style=\"font-weight: 400;\">Grandes concentraciones de trabajadores agr\u00edcolas e industriales.<\/span><\/li>\n<li style=\"font-weight: 400;\"><span style=\"font-weight: 400;\">C\u00e1rceles, prisiones y centros de detenci\u00f3n de inmigrantes locales.<\/span><\/li>\n<\/ul>\n<\/li>\n<\/ol>\n<p><span style=\"font-weight: 400;\">Uni\u00f3n del Barrio hace un llamado a nuestros miembros, camaradas y aliados para implementar de inmediato este plan hasta nuevo aviso. Debemos demostrar los mejores atributos de la organizaci\u00f3n revolucionaria de un pueblo para proteger la salud de nuestros miembros, aliados y nuestras comunidades de clase trabajadora. Nos guiamos por los principios fundamentales de la solidaridad humana y el rechazo activo de las tendencias burguesas de acaparamiento, ego\u00edsmo e individualismo neoliberal.<\/span><\/p>\n<p><span style=\"font-weight: 400;\">Email all questions, updates, or pertinent information to &lt;uniondelbarriocc@gmail.com&gt;.<\/span><\/p>\n<p><span style=\"font-weight: 400;\">N\u00famero de tel\u00e9fono nacional de UdB es el 619\/398-6648.<\/span><\/p>\n<hr \/>\n<p>Enlaces \u00fatiles:<\/p>\n<p>P\u00e1gina COVID-19 del Estado de California: <a href=\"https:\/\/covid19.ca.gov\">https:\/\/covid19.ca.gov<\/a><\/p>\n","protected":false},"excerpt":{"rendered":"<p>ACTUALIZADO 19\/03\/2020, 9:30 pm. Asegurar el bienestar de los miembros de la UdB: Cada miembro de UdB (y la comunidad solidaria) debe asegurar los siguientes consumibles y almacenarlos en sus hogares para prepararse para un posible\u00a0&#8220;encierro&#8221; general de cuarentena en el hogar. Cualquier persona que no pueda recopilar estos materiales, informe a su liderazgo local [&hellip;]<\/p>\n","protected":false},"author":1,"featured_media":982,"parent":0,"menu_order":0,"comment_status":"closed","ping_status":"closed","template":"","meta":{"footnotes":""},"class_list":["post-1048","page","type-page","status-publish","has-post-thumbnail","hentry"],"yoast_head":"<!-- This site is optimized with the Yoast SEO plugin v27.6 - https:\/\/yoast.com\/product\/yoast-seo-wordpress\/ -->\n<title>Pautas de Uni\u00f3n del Barrio para la comunidad de c\u00f3mo abordar la pandemia 2020 COVID-19 - UdB en espa\u00f1ol<\/title>\n<meta name=\"robots\" content=\"index, follow, max-snippet:-1, max-image-preview:large, max-video-preview:-1\" \/>\n<link rel=\"canonical\" href=\"https:\/\/uniondelbarrio.org\/esp\/pautas-comunitarias-de-union-del-barrio-para-abordar-la-pandemia-covid-19\/\" \/>\n<meta property=\"og:locale\" content=\"en_US\" \/>\n<meta property=\"og:type\" content=\"article\" \/>\n<meta property=\"og:title\" content=\"Pautas de Uni\u00f3n del Barrio para la comunidad de c\u00f3mo abordar la pandemia 2020 COVID-19 - UdB en espa\u00f1ol\" \/>\n<meta property=\"og:description\" content=\"ACTUALIZADO 19\/03\/2020, 9:30 pm. Asegurar el bienestar de los miembros de la UdB: Cada miembro de UdB (y la comunidad solidaria) debe asegurar los siguientes consumibles y almacenarlos en sus hogares para prepararse para un posible\u00a0&#8220;encierro&#8221; general de cuarentena en el hogar. Cualquier persona que no pueda recopilar estos materiales, informe a su liderazgo local [&hellip;]\" \/>\n<meta property=\"og:url\" content=\"https:\/\/uniondelbarrio.org\/esp\/pautas-comunitarias-de-union-del-barrio-para-abordar-la-pandemia-covid-19\/\" \/>\n<meta property=\"og:site_name\" content=\"UdB en espa\u00f1ol\" \/>\n<meta property=\"article:publisher\" content=\"https:\/\/www.facebook.com\/UniondelBarrio\" \/>\n<meta property=\"article:modified_time\" content=\"2020-03-20T04:51:35+00:00\" \/>\n<meta property=\"og:image\" content=\"https:\/\/uniondelbarrio.org\/esp\/wp-content\/uploads\/2019\/08\/UdBFlagLogoName2.png\" \/>\n\t<meta property=\"og:image:width\" content=\"956\" \/>\n\t<meta property=\"og:image:height\" content=\"970\" \/>\n\t<meta property=\"og:image:type\" content=\"image\/png\" \/>\n<meta name=\"twitter:card\" content=\"summary_large_image\" \/>\n<meta name=\"twitter:site\" content=\"@UniondelBarrio\" \/>\n<meta name=\"twitter:label1\" content=\"Est. reading time\" \/>\n\t<meta name=\"twitter:data1\" content=\"5 minutes\" \/>\n<script type=\"application\/ld+json\" class=\"yoast-schema-graph\">{\"@context\":\"https:\\\/\\\/schema.org\",\"@graph\":[{\"@type\":\"WebPage\",\"@id\":\"https:\\\/\\\/uniondelbarrio.org\\\/esp\\\/pautas-comunitarias-de-union-del-barrio-para-abordar-la-pandemia-covid-19\\\/\",\"url\":\"https:\\\/\\\/uniondelbarrio.org\\\/esp\\\/pautas-comunitarias-de-union-del-barrio-para-abordar-la-pandemia-covid-19\\\/\",\"name\":\"Pautas de Uni\u00f3n del Barrio para la comunidad de c\u00f3mo abordar la pandemia 2020 COVID-19 - UdB en espa\u00f1ol\",\"isPartOf\":{\"@id\":\"https:\\\/\\\/uniondelbarrio.org\\\/esp\\\/#website\"},\"primaryImageOfPage\":{\"@id\":\"https:\\\/\\\/uniondelbarrio.org\\\/esp\\\/pautas-comunitarias-de-union-del-barrio-para-abordar-la-pandemia-covid-19\\\/#primaryimage\"},\"image\":{\"@id\":\"https:\\\/\\\/uniondelbarrio.org\\\/esp\\\/pautas-comunitarias-de-union-del-barrio-para-abordar-la-pandemia-covid-19\\\/#primaryimage\"},\"thumbnailUrl\":\"https:\\\/\\\/uniondelbarrio.org\\\/esp\\\/wp-content\\\/uploads\\\/2019\\\/08\\\/UdBFlagLogoName2.png\",\"datePublished\":\"2020-03-15T22:19:34+00:00\",\"dateModified\":\"2020-03-20T04:51:35+00:00\",\"breadcrumb\":{\"@id\":\"https:\\\/\\\/uniondelbarrio.org\\\/esp\\\/pautas-comunitarias-de-union-del-barrio-para-abordar-la-pandemia-covid-19\\\/#breadcrumb\"},\"inLanguage\":\"en-US\",\"potentialAction\":[{\"@type\":\"ReadAction\",\"target\":[\"https:\\\/\\\/uniondelbarrio.org\\\/esp\\\/pautas-comunitarias-de-union-del-barrio-para-abordar-la-pandemia-covid-19\\\/\"]}]},{\"@type\":\"ImageObject\",\"inLanguage\":\"en-US\",\"@id\":\"https:\\\/\\\/uniondelbarrio.org\\\/esp\\\/pautas-comunitarias-de-union-del-barrio-para-abordar-la-pandemia-covid-19\\\/#primaryimage\",\"url\":\"https:\\\/\\\/uniondelbarrio.org\\\/esp\\\/wp-content\\\/uploads\\\/2019\\\/08\\\/UdBFlagLogoName2.png\",\"contentUrl\":\"https:\\\/\\\/uniondelbarrio.org\\\/esp\\\/wp-content\\\/uploads\\\/2019\\\/08\\\/UdBFlagLogoName2.png\",\"width\":956,\"height\":970},{\"@type\":\"BreadcrumbList\",\"@id\":\"https:\\\/\\\/uniondelbarrio.org\\\/esp\\\/pautas-comunitarias-de-union-del-barrio-para-abordar-la-pandemia-covid-19\\\/#breadcrumb\",\"itemListElement\":[{\"@type\":\"ListItem\",\"position\":1,\"name\":\"Home\",\"item\":\"https:\\\/\\\/uniondelbarrio.org\\\/esp\\\/\"},{\"@type\":\"ListItem\",\"position\":2,\"name\":\"Pautas de Uni\u00f3n del Barrio para la comunidad de c\u00f3mo abordar la pandemia 2020 COVID-19\"}]},{\"@type\":\"WebSite\",\"@id\":\"https:\\\/\\\/uniondelbarrio.org\\\/esp\\\/#website\",\"url\":\"https:\\\/\\\/uniondelbarrio.org\\\/esp\\\/\",\"name\":\"UdB en espa\u00f1ol\",\"description\":\"Concientizaci\u00f3n, Organizaci\u00f3n, Acci\u00f3n y Liberaci\u00f3n\",\"potentialAction\":[{\"@type\":\"SearchAction\",\"target\":{\"@type\":\"EntryPoint\",\"urlTemplate\":\"https:\\\/\\\/uniondelbarrio.org\\\/esp\\\/?s={search_term_string}\"},\"query-input\":{\"@type\":\"PropertyValueSpecification\",\"valueRequired\":true,\"valueName\":\"search_term_string\"}}],\"inLanguage\":\"en-US\"}]}<\/script>\n<!-- \/ Yoast SEO plugin. -->","yoast_head_json":{"title":"Pautas de Uni\u00f3n del Barrio para la comunidad de c\u00f3mo abordar la pandemia 2020 COVID-19 - UdB en espa\u00f1ol","robots":{"index":"index","follow":"follow","max-snippet":"max-snippet:-1","max-image-preview":"max-image-preview:large","max-video-preview":"max-video-preview:-1"},"canonical":"https:\/\/uniondelbarrio.org\/esp\/pautas-comunitarias-de-union-del-barrio-para-abordar-la-pandemia-covid-19\/","og_locale":"en_US","og_type":"article","og_title":"Pautas de Uni\u00f3n del Barrio para la comunidad de c\u00f3mo abordar la pandemia 2020 COVID-19 - UdB en espa\u00f1ol","og_description":"ACTUALIZADO 19\/03\/2020, 9:30 pm. Asegurar el bienestar de los miembros de la UdB: Cada miembro de UdB (y la comunidad solidaria) debe asegurar los siguientes consumibles y almacenarlos en sus hogares para prepararse para un posible\u00a0&#8220;encierro&#8221; general de cuarentena en el hogar. Cualquier persona que no pueda recopilar estos materiales, informe a su liderazgo local [&hellip;]","og_url":"https:\/\/uniondelbarrio.org\/esp\/pautas-comunitarias-de-union-del-barrio-para-abordar-la-pandemia-covid-19\/","og_site_name":"UdB en espa\u00f1ol","article_publisher":"https:\/\/www.facebook.com\/UniondelBarrio","article_modified_time":"2020-03-20T04:51:35+00:00","og_image":[{"width":956,"height":970,"url":"https:\/\/uniondelbarrio.org\/esp\/wp-content\/uploads\/2019\/08\/UdBFlagLogoName2.png","type":"image\/png"}],"twitter_card":"summary_large_image","twitter_site":"@UniondelBarrio","twitter_misc":{"Est. reading time":"5 minutes"},"schema":{"@context":"https:\/\/schema.org","@graph":[{"@type":"WebPage","@id":"https:\/\/uniondelbarrio.org\/esp\/pautas-comunitarias-de-union-del-barrio-para-abordar-la-pandemia-covid-19\/","url":"https:\/\/uniondelbarrio.org\/esp\/pautas-comunitarias-de-union-del-barrio-para-abordar-la-pandemia-covid-19\/","name":"Pautas de Uni\u00f3n del Barrio para la comunidad de c\u00f3mo abordar la pandemia 2020 COVID-19 - UdB en espa\u00f1ol","isPartOf":{"@id":"https:\/\/uniondelbarrio.org\/esp\/#website"},"primaryImageOfPage":{"@id":"https:\/\/uniondelbarrio.org\/esp\/pautas-comunitarias-de-union-del-barrio-para-abordar-la-pandemia-covid-19\/#primaryimage"},"image":{"@id":"https:\/\/uniondelbarrio.org\/esp\/pautas-comunitarias-de-union-del-barrio-para-abordar-la-pandemia-covid-19\/#primaryimage"},"thumbnailUrl":"https:\/\/uniondelbarrio.org\/esp\/wp-content\/uploads\/2019\/08\/UdBFlagLogoName2.png","datePublished":"2020-03-15T22:19:34+00:00","dateModified":"2020-03-20T04:51:35+00:00","breadcrumb":{"@id":"https:\/\/uniondelbarrio.org\/esp\/pautas-comunitarias-de-union-del-barrio-para-abordar-la-pandemia-covid-19\/#breadcrumb"},"inLanguage":"en-US","potentialAction":[{"@type":"ReadAction","target":["https:\/\/uniondelbarrio.org\/esp\/pautas-comunitarias-de-union-del-barrio-para-abordar-la-pandemia-covid-19\/"]}]},{"@type":"ImageObject","inLanguage":"en-US","@id":"https:\/\/uniondelbarrio.org\/esp\/pautas-comunitarias-de-union-del-barrio-para-abordar-la-pandemia-covid-19\/#primaryimage","url":"https:\/\/uniondelbarrio.org\/esp\/wp-content\/uploads\/2019\/08\/UdBFlagLogoName2.png","contentUrl":"https:\/\/uniondelbarrio.org\/esp\/wp-content\/uploads\/2019\/08\/UdBFlagLogoName2.png","width":956,"height":970},{"@type":"BreadcrumbList","@id":"https:\/\/uniondelbarrio.org\/esp\/pautas-comunitarias-de-union-del-barrio-para-abordar-la-pandemia-covid-19\/#breadcrumb","itemListElement":[{"@type":"ListItem","position":1,"name":"Home","item":"https:\/\/uniondelbarrio.org\/esp\/"},{"@type":"ListItem","position":2,"name":"Pautas de Uni\u00f3n del Barrio para la comunidad de c\u00f3mo abordar la pandemia 2020 COVID-19"}]},{"@type":"WebSite","@id":"https:\/\/uniondelbarrio.org\/esp\/#website","url":"https:\/\/uniondelbarrio.org\/esp\/","name":"UdB en espa\u00f1ol","description":"Concientizaci\u00f3n, Organizaci\u00f3n, Acci\u00f3n y Liberaci\u00f3n","potentialAction":[{"@type":"SearchAction","target":{"@type":"EntryPoint","urlTemplate":"https:\/\/uniondelbarrio.org\/esp\/?s={search_term_string}"},"query-input":{"@type":"PropertyValueSpecification","valueRequired":true,"valueName":"search_term_string"}}],"inLanguage":"en-US"}]}},"_links":{"self":[{"href":"https:\/\/uniondelbarrio.org\/esp\/wp-json\/wp\/v2\/pages\/1048","targetHints":{"allow":["GET"]}}],"collection":[{"href":"https:\/\/uniondelbarrio.org\/esp\/wp-json\/wp\/v2\/pages"}],"about":[{"href":"https:\/\/uniondelbarrio.org\/esp\/wp-json\/wp\/v2\/types\/page"}],"author":[{"embeddable":true,"href":"https:\/\/uniondelbarrio.org\/esp\/wp-json\/wp\/v2\/users\/1"}],"replies":[{"embeddable":true,"href":"https:\/\/uniondelbarrio.org\/esp\/wp-json\/wp\/v2\/comments?post=1048"}],"version-history":[{"count":8,"href":"https:\/\/uniondelbarrio.org\/esp\/wp-json\/wp\/v2\/pages\/1048\/revisions"}],"predecessor-version":[{"id":1073,"href":"https:\/\/uniondelbarrio.org\/esp\/wp-json\/wp\/v2\/pages\/1048\/revisions\/1073"}],"wp:featuredmedia":[{"embeddable":true,"href":"https:\/\/uniondelbarrio.org\/esp\/wp-json\/wp\/v2\/media\/982"}],"wp:attachment":[{"href":"https:\/\/uniondelbarrio.org\/esp\/wp-json\/wp\/v2\/media?parent=1048"}],"curies":[{"name":"wp","href":"https:\/\/api.w.org\/{rel}","templated":true}]}}