{"id":136,"date":"2015-05-21T05:06:48","date_gmt":"2015-05-20T22:06:48","guid":{"rendered":"http:\/\/uniondelbarrio.org\/esp\/?page_id=136"},"modified":"2015-05-21T05:06:48","modified_gmt":"2015-05-20T22:06:48","slug":"ligas","status":"publish","type":"page","link":"https:\/\/uniondelbarrio.org\/esp\/sobre-udb\/ligas\/","title":{"rendered":"Ligas"},"content":{"rendered":"<table>\n<tbody>\n<tr>\n<td style=\"text-align: center;\"><a href=\"http:\/\/www.razaeducators.org\/index.html\" target=\"_blank\"><img loading=\"lazy\" decoding=\"async\" class=\"aligncenter wp-image-416 size-full\" src=\"http:\/\/uniondelbarrio.org\/main\/wp-content\/uploads\/2014\/07\/are_logo.jpg\" alt=\"\" width=\"194\" height=\"90\" \/><\/a><\/td>\n<td><a href=\"http:\/\/encuentrosindical.org\/\" target=\"_blank\"><img loading=\"lazy\" decoding=\"async\" class=\"aligncenter wp-image-380 size-full\" src=\"http:\/\/uniondelbarrio.org\/main\/wp-content\/uploads\/2014\/08\/nossa_america_horizontal.gif\" alt=\"nossa_america\" width=\"100\" height=\"108\" \/><\/a><\/td>\n<td><a href=\"http:\/\/www.wftucentral.org\/\" target=\"_blank\"><img loading=\"lazy\" decoding=\"async\" class=\"aligncenter wp-image-382 size-full\" src=\"http:\/\/uniondelbarrio.org\/main\/wp-content\/uploads\/2014\/08\/logo-FSM-copyright.png\" alt=\"logo-FSM\" width=\"89\" height=\"66\" \/><\/a><\/td>\n<\/tr>\n<tr>\n<td><a href=\"http:\/\/razapressassociation.org\/\" target=\"_blank\"><img loading=\"lazy\" decoding=\"async\" class=\"aligncenter wp-image-384 size-full\" src=\"http:\/\/uniondelbarrio.org\/main\/wp-content\/uploads\/2014\/08\/rpma_logo.gif\" alt=\"rpma_logo\" width=\"100\" height=\"110\" \/><\/a><\/td>\n<td><a href=\"http:\/\/www.thecuban5.org\/\" target=\"_blank\"><img loading=\"lazy\" decoding=\"async\" class=\"aligncenter wp-image-385 size-full\" src=\"http:\/\/uniondelbarrio.org\/main\/wp-content\/uploads\/2014\/08\/cuban5_logo.gif\" alt=\"cuban5_logo\" width=\"124\" height=\"124\" \/><\/a><\/td>\n<td><a href=\"http:\/\/www.nuevacentral.com.mx\/\" target=\"_blank\"><img loading=\"lazy\" decoding=\"async\" class=\"aligncenter wp-image-381 size-full\" src=\"http:\/\/uniondelbarrio.org\/main\/wp-content\/uploads\/2014\/08\/inicio.jpg\" alt=\"inicio\" width=\"118\" height=\"100\" \/><\/a><\/td>\n<\/tr>\n<tr>\n<td><a href=\"http:\/\/www.coalicionproderechos.org\/index.html\" target=\"_blank\"><img loading=\"lazy\" decoding=\"async\" class=\"aligncenter wp-image-388 size-full\" src=\"http:\/\/uniondelbarrio.org\/main\/wp-content\/uploads\/2014\/07\/rrc_cpdr_logo.gif\" alt=\"rrc_cpdr_logo\" width=\"100\" height=\"101\" \/><\/a><\/td>\n<td><a href=\"http:\/\/uhurunews.com\/\" target=\"_blank\"><img loading=\"lazy\" decoding=\"async\" class=\"aligncenter wp-image-386 size-full\" src=\"http:\/\/uniondelbarrio.org\/main\/wp-content\/uploads\/2014\/08\/uhururadio.gif\" alt=\"uhururadio\" width=\"100\" height=\"115\" \/><\/a><\/td>\n<td><a href=\"http:\/\/committeeonrazarights.org\/\" target=\"_blank\"><img loading=\"lazy\" decoding=\"async\" class=\"aligncenter wp-image-379 size-full\" src=\"http:\/\/uniondelbarrio.org\/main\/wp-content\/uploads\/2014\/08\/vozdelpueblo.gif\" alt=\"vozdelpueblo\" width=\"100\" height=\"37\" \/><\/a><\/td>\n<\/tr>\n<tr>\n<td><a href=\"http:\/\/chicano-park.org\/\" target=\"_blank\"><img loading=\"lazy\" decoding=\"async\" class=\"aligncenter wp-image-395 size-full\" src=\"http:\/\/uniondelbarrio.org\/main\/wp-content\/uploads\/2014\/08\/cpsclogo.png\" alt=\"cpsclogo\" width=\"133\" height=\"133\" \/><\/a><\/td>\n<td><a href=\"https:\/\/www.facebook.com\/pages\/JOIN-the-Brown-Berets-de-Aztlan\/111500838907927\" target=\"_blank\"><img loading=\"lazy\" decoding=\"async\" class=\"aligncenter wp-image-397 size-full\" src=\"http:\/\/uniondelbarrio.org\/main\/wp-content\/uploads\/2014\/08\/BBdeA_patch.jpg\" alt=\"BBdeA_patch\" width=\"121\" height=\"133\" \/><\/a><\/td>\n<td><a href=\"http:\/\/inpdumresistance.wordpress.com\/\" target=\"_blank\"><img loading=\"lazy\" decoding=\"async\" class=\"aligncenter wp-image-392 size-full\" src=\"http:\/\/uniondelbarrio.org\/main\/wp-content\/uploads\/2014\/07\/inpdum-pic.jpg\" alt=\"inpdum-pic\" width=\"110\" height=\"144\" \/><\/a><\/td>\n<\/tr>\n<tr>\n<td><a href=\"http:\/\/saveourbarrios.wordpress.com\/\" target=\"_blank\"><img loading=\"lazy\" decoding=\"async\" class=\"aligncenter wp-image-407 size-full\" src=\"http:\/\/uniondelbarrio.org\/main\/wp-content\/uploads\/2014\/08\/sob.gif\" alt=\"sob\" width=\"154\" height=\"122\" \/><\/a><\/td>\n<td><a href=\"http:\/\/enerozapatista.wordpress.com\/\" target=\"_blank\"><img loading=\"lazy\" decoding=\"async\" class=\"aligncenter wp-image-403 size-full\" src=\"http:\/\/uniondelbarrio.org\/main\/wp-content\/uploads\/2014\/08\/ColectivoLogo.png\" alt=\"ColectivoLogo\" width=\"136\" height=\"122\" \/><\/a><\/td>\n<td><a href=\"http:\/\/www-rohan.sdsu.edu\/~mecha\/index.html\" target=\"_blank\"><img loading=\"lazy\" decoding=\"async\" class=\"aligncenter wp-image-410 size-full\" src=\"http:\/\/uniondelbarrio.org\/main\/wp-content\/uploads\/2014\/08\/MEChA_Logo.png\" alt=\"MEChA_Logo\" width=\"151\" height=\"122\" \/><\/a><\/td>\n<\/tr>\n<tr>\n<td><a href=\"http:\/\/www.facebook.com\/larazaunidaparty\" target=\"_blank\"><img loading=\"lazy\" decoding=\"async\" class=\"aligncenter wp-image-406 size-full\" src=\"http:\/\/uniondelbarrio.org\/main\/wp-content\/uploads\/2014\/08\/pnlru_logo.png\" alt=\"pnlru_logo\" width=\"161\" height=\"122\" \/><\/a><\/td>\n<td><a href=\"http:\/\/fiob.org\/\" target=\"_blank\"><img loading=\"lazy\" decoding=\"async\" class=\"aligncenter wp-image-404 size-full\" src=\"http:\/\/uniondelbarrio.org\/main\/wp-content\/uploads\/2014\/08\/fiob.jpg\" alt=\"fiob\" width=\"122\" height=\"138\" \/><\/a><\/td>\n<td><a href=\"http:\/\/www.immigrationcoalition.org\/\" target=\"_blank\"><img loading=\"lazy\" decoding=\"async\" class=\"aligncenter wp-image-405 size-full\" src=\"http:\/\/uniondelbarrio.org\/main\/wp-content\/uploads\/2014\/08\/scic.jpg\" alt=\"scic\" width=\"122\" height=\"122\" \/><\/a><\/td>\n<\/tr>\n<tr>\n<td><a href=\"http:\/\/enlacezapatista.ezln.org.mx\/\" target=\"_blank\"><img loading=\"lazy\" decoding=\"async\" class=\"aligncenter wp-image-408 size-full\" src=\"http:\/\/uniondelbarrio.org\/main\/wp-content\/uploads\/2014\/08\/enlaceZap.png\" alt=\"enlaceZap\" width=\"117\" height=\"122\" \/><\/a><\/td>\n<td><a href=\"http:\/\/anakbayansd.wordpress.com\/\" target=\"_blank\"><img loading=\"lazy\" decoding=\"async\" class=\"aligncenter wp-image-409 size-full\" src=\"http:\/\/uniondelbarrio.org\/main\/wp-content\/uploads\/2014\/08\/ablogo.png\" alt=\"ablogo\" width=\"132\" height=\"122\" \/><\/a><\/td>\n<td><a href=\"http:\/\/todopoderalpueblo.org\" target=\"_blank\"><img loading=\"lazy\" decoding=\"async\" class=\"aligncenter wp-image-418 size-full\" src=\"http:\/\/uniondelbarrio.org\/main\/wp-content\/uploads\/2014\/07\/TodoPoderLogo.png\" alt=\"TodoPoderLogo\" width=\"121\" height=\"122\" \/><\/a><\/td>\n<\/tr>\n<\/tbody>\n<\/table>\n","protected":false},"excerpt":{"rendered":"","protected":false},"author":1,"featured_media":0,"parent":6,"menu_order":3,"comment_status":"closed","ping_status":"closed","template":"","meta":{"footnotes":""},"class_list":["post-136","page","type-page","status-publish","hentry"],"yoast_head":"<!-- This site is optimized with the Yoast SEO plugin v27.5 - https:\/\/yoast.com\/product\/yoast-seo-wordpress\/ -->\n<title>Ligas - UdB en espa\u00f1ol<\/title>\n<meta name=\"robots\" content=\"index, follow, max-snippet:-1, max-image-preview:large, max-video-preview:-1\" \/>\n<link rel=\"canonical\" href=\"https:\/\/uniondelbarrio.org\/esp\/sobre-udb\/ligas\/\" \/>\n<meta property=\"og:locale\" content=\"en_US\" \/>\n<meta property=\"og:type\" content=\"article\" \/>\n<meta property=\"og:title\" content=\"Ligas - UdB en espa\u00f1ol\" \/>\n<meta property=\"og:url\" content=\"https:\/\/uniondelbarrio.org\/esp\/sobre-udb\/ligas\/\" \/>\n<meta property=\"og:site_name\" content=\"UdB en espa\u00f1ol\" \/>\n<meta property=\"article:publisher\" content=\"https:\/\/www.facebook.com\/UniondelBarrio\" \/>\n<meta property=\"og:image\" content=\"https:\/\/uniondelbarrio.org\/esp\/wp-content\/uploads\/2021\/04\/ESP_UdB_FBDefaultWeb_1200x628.jpg\" \/>\n\t<meta property=\"og:image:width\" content=\"1200\" \/>\n\t<meta property=\"og:image:height\" content=\"628\" \/>\n\t<meta property=\"og:image:type\" content=\"image\/jpeg\" \/>\n<meta name=\"twitter:card\" content=\"summary_large_image\" \/>\n<meta name=\"twitter:site\" content=\"@UniondelBarrio\" \/>\n<script type=\"application\/ld+json\" class=\"yoast-schema-graph\">{\"@context\":\"https:\\\/\\\/schema.org\",\"@graph\":[{\"@type\":\"WebPage\",\"@id\":\"https:\\\/\\\/uniondelbarrio.org\\\/esp\\\/sobre-udb\\\/ligas\\\/\",\"url\":\"https:\\\/\\\/uniondelbarrio.org\\\/esp\\\/sobre-udb\\\/ligas\\\/\",\"name\":\"Ligas - UdB en espa\u00f1ol\",\"isPartOf\":{\"@id\":\"https:\\\/\\\/uniondelbarrio.org\\\/esp\\\/#website\"},\"primaryImageOfPage\":{\"@id\":\"https:\\\/\\\/uniondelbarrio.org\\\/esp\\\/sobre-udb\\\/ligas\\\/#primaryimage\"},\"image\":{\"@id\":\"https:\\\/\\\/uniondelbarrio.org\\\/esp\\\/sobre-udb\\\/ligas\\\/#primaryimage\"},\"thumbnailUrl\":\"http:\\\/\\\/uniondelbarrio.org\\\/main\\\/wp-content\\\/uploads\\\/2014\\\/07\\\/are_logo.jpg\",\"datePublished\":\"2015-05-20T22:06:48+00:00\",\"breadcrumb\":{\"@id\":\"https:\\\/\\\/uniondelbarrio.org\\\/esp\\\/sobre-udb\\\/ligas\\\/#breadcrumb\"},\"inLanguage\":\"en-US\",\"potentialAction\":[{\"@type\":\"ReadAction\",\"target\":[\"https:\\\/\\\/uniondelbarrio.org\\\/esp\\\/sobre-udb\\\/ligas\\\/\"]}]},{\"@type\":\"ImageObject\",\"inLanguage\":\"en-US\",\"@id\":\"https:\\\/\\\/uniondelbarrio.org\\\/esp\\\/sobre-udb\\\/ligas\\\/#primaryimage\",\"url\":\"http:\\\/\\\/uniondelbarrio.org\\\/main\\\/wp-content\\\/uploads\\\/2014\\\/07\\\/are_logo.jpg\",\"contentUrl\":\"http:\\\/\\\/uniondelbarrio.org\\\/main\\\/wp-content\\\/uploads\\\/2014\\\/07\\\/are_logo.jpg\"},{\"@type\":\"BreadcrumbList\",\"@id\":\"https:\\\/\\\/uniondelbarrio.org\\\/esp\\\/sobre-udb\\\/ligas\\\/#breadcrumb\",\"itemListElement\":[{\"@type\":\"ListItem\",\"position\":1,\"name\":\"Home\",\"item\":\"https:\\\/\\\/uniondelbarrio.org\\\/esp\\\/\"},{\"@type\":\"ListItem\",\"position\":2,\"name\":\"\u00bfQui\u00e9n Es Uni\u00f3n del Barrio?\",\"item\":\"https:\\\/\\\/uniondelbarrio.org\\\/esp\\\/sobre-udb\\\/\"},{\"@type\":\"ListItem\",\"position\":3,\"name\":\"Ligas\"}]},{\"@type\":\"WebSite\",\"@id\":\"https:\\\/\\\/uniondelbarrio.org\\\/esp\\\/#website\",\"url\":\"https:\\\/\\\/uniondelbarrio.org\\\/esp\\\/\",\"name\":\"UdB en espa\u00f1ol\",\"description\":\"Concientizaci\u00f3n, Organizaci\u00f3n, Acci\u00f3n y Liberaci\u00f3n\",\"potentialAction\":[{\"@type\":\"SearchAction\",\"target\":{\"@type\":\"EntryPoint\",\"urlTemplate\":\"https:\\\/\\\/uniondelbarrio.org\\\/esp\\\/?s={search_term_string}\"},\"query-input\":{\"@type\":\"PropertyValueSpecification\",\"valueRequired\":true,\"valueName\":\"search_term_string\"}}],\"inLanguage\":\"en-US\"}]}<\/script>\n<!-- \/ Yoast SEO plugin. -->","yoast_head_json":{"title":"Ligas - UdB en espa\u00f1ol","robots":{"index":"index","follow":"follow","max-snippet":"max-snippet:-1","max-image-preview":"max-image-preview:large","max-video-preview":"max-video-preview:-1"},"canonical":"https:\/\/uniondelbarrio.org\/esp\/sobre-udb\/ligas\/","og_locale":"en_US","og_type":"article","og_title":"Ligas - UdB en espa\u00f1ol","og_url":"https:\/\/uniondelbarrio.org\/esp\/sobre-udb\/ligas\/","og_site_name":"UdB en espa\u00f1ol","article_publisher":"https:\/\/www.facebook.com\/UniondelBarrio","og_image":[{"width":1200,"height":628,"url":"https:\/\/uniondelbarrio.org\/esp\/wp-content\/uploads\/2021\/04\/ESP_UdB_FBDefaultWeb_1200x628.jpg","type":"image\/jpeg"}],"twitter_card":"summary_large_image","twitter_site":"@UniondelBarrio","schema":{"@context":"https:\/\/schema.org","@graph":[{"@type":"WebPage","@id":"https:\/\/uniondelbarrio.org\/esp\/sobre-udb\/ligas\/","url":"https:\/\/uniondelbarrio.org\/esp\/sobre-udb\/ligas\/","name":"Ligas - UdB en espa\u00f1ol","isPartOf":{"@id":"https:\/\/uniondelbarrio.org\/esp\/#website"},"primaryImageOfPage":{"@id":"https:\/\/uniondelbarrio.org\/esp\/sobre-udb\/ligas\/#primaryimage"},"image":{"@id":"https:\/\/uniondelbarrio.org\/esp\/sobre-udb\/ligas\/#primaryimage"},"thumbnailUrl":"http:\/\/uniondelbarrio.org\/main\/wp-content\/uploads\/2014\/07\/are_logo.jpg","datePublished":"2015-05-20T22:06:48+00:00","breadcrumb":{"@id":"https:\/\/uniondelbarrio.org\/esp\/sobre-udb\/ligas\/#breadcrumb"},"inLanguage":"en-US","potentialAction":[{"@type":"ReadAction","target":["https:\/\/uniondelbarrio.org\/esp\/sobre-udb\/ligas\/"]}]},{"@type":"ImageObject","inLanguage":"en-US","@id":"https:\/\/uniondelbarrio.org\/esp\/sobre-udb\/ligas\/#primaryimage","url":"http:\/\/uniondelbarrio.org\/main\/wp-content\/uploads\/2014\/07\/are_logo.jpg","contentUrl":"http:\/\/uniondelbarrio.org\/main\/wp-content\/uploads\/2014\/07\/are_logo.jpg"},{"@type":"BreadcrumbList","@id":"https:\/\/uniondelbarrio.org\/esp\/sobre-udb\/ligas\/#breadcrumb","itemListElement":[{"@type":"ListItem","position":1,"name":"Home","item":"https:\/\/uniondelbarrio.org\/esp\/"},{"@type":"ListItem","position":2,"name":"\u00bfQui\u00e9n Es Uni\u00f3n del Barrio?","item":"https:\/\/uniondelbarrio.org\/esp\/sobre-udb\/"},{"@type":"ListItem","position":3,"name":"Ligas"}]},{"@type":"WebSite","@id":"https:\/\/uniondelbarrio.org\/esp\/#website","url":"https:\/\/uniondelbarrio.org\/esp\/","name":"UdB en espa\u00f1ol","description":"Concientizaci\u00f3n, Organizaci\u00f3n, Acci\u00f3n y Liberaci\u00f3n","potentialAction":[{"@type":"SearchAction","target":{"@type":"EntryPoint","urlTemplate":"https:\/\/uniondelbarrio.org\/esp\/?s={search_term_string}"},"query-input":{"@type":"PropertyValueSpecification","valueRequired":true,"valueName":"search_term_string"}}],"inLanguage":"en-US"}]}},"_links":{"self":[{"href":"https:\/\/uniondelbarrio.org\/esp\/wp-json\/wp\/v2\/pages\/136","targetHints":{"allow":["GET"]}}],"collection":[{"href":"https:\/\/uniondelbarrio.org\/esp\/wp-json\/wp\/v2\/pages"}],"about":[{"href":"https:\/\/uniondelbarrio.org\/esp\/wp-json\/wp\/v2\/types\/page"}],"author":[{"embeddable":true,"href":"https:\/\/uniondelbarrio.org\/esp\/wp-json\/wp\/v2\/users\/1"}],"replies":[{"embeddable":true,"href":"https:\/\/uniondelbarrio.org\/esp\/wp-json\/wp\/v2\/comments?post=136"}],"version-history":[{"count":1,"href":"https:\/\/uniondelbarrio.org\/esp\/wp-json\/wp\/v2\/pages\/136\/revisions"}],"predecessor-version":[{"id":137,"href":"https:\/\/uniondelbarrio.org\/esp\/wp-json\/wp\/v2\/pages\/136\/revisions\/137"}],"up":[{"embeddable":true,"href":"https:\/\/uniondelbarrio.org\/esp\/wp-json\/wp\/v2\/pages\/6"}],"wp:attachment":[{"href":"https:\/\/uniondelbarrio.org\/esp\/wp-json\/wp\/v2\/media?parent=136"}],"curies":[{"name":"wp","href":"https:\/\/api.w.org\/{rel}","templated":true}]}}