{"id":1415,"date":"2025-12-31T11:23:08","date_gmt":"2025-12-31T19:23:08","guid":{"rendered":"https:\/\/uniondelbarrio.org\/esp\/?page_id=1415"},"modified":"2025-12-31T11:27:25","modified_gmt":"2025-12-31T19:27:25","slug":"unase-con-union-del-barrio","status":"publish","type":"page","link":"https:\/\/uniondelbarrio.org\/esp\/unase-con-union-del-barrio\/","title":{"rendered":"\u00danase Con Uni\u00f3n del Barrio"},"content":{"rendered":"<p style=\"text-align: center;\"><img loading=\"lazy\" decoding=\"async\" class=\"aligncenter wp-image-5322\" src=\"https:\/\/uniondelbarrio.org\/main\/wp-content\/uploads\/2025\/12\/UdBLogo_MujerGuerr_2018_TrnsBck-272x300.png\" alt=\"\" width=\"330\" height=\"364\" \/><\/p>\n<hr \/>\n<p><a href=\"https:\/\/uniondelbarrio.org\/main\/joinuniondelbarrio\/\"><img loading=\"lazy\" decoding=\"async\" class=\"alignright size-full wp-image-1088\" src=\"https:\/\/uniondelbarrio.org\/esp\/wp-content\/uploads\/2020\/04\/englishversionbutton.png\" alt=\"\" width=\"184\" height=\"64\" \/><\/a>Uni\u00f3n del Barrio es una organizaci\u00f3n pol\u00edtica independiente con membresia de voluntarios. Nos dedicamos a erradicar la opresi\u00f3n de <em>la Raza:<\/em> chicanas\/chicanos, mexicanos, pueblos ind\u00edgenas y de comunidades latinoamericanas dentro de las fronteras actuales de Estados Unidos. Luchamos a diario para construir una \u201corganizaci\u00f3n de organizadores\u201d &#8211; un grupo disciplinado, desarrollando la ciencia, la estrategia y las estructuras necesarias para consolidar a Uni\u00f3n del Barrio como una organizaci\u00f3n capaz no solo de resistir la violencia de la migra y la polic\u00eda, sino tambi\u00e9n de defender los derechos democr\u00e1ticos y los intereses de la clase trabajadora de <em>la Raza<\/em>.<\/p>\n<p>Desde el 29 de agosto de 1981, Uni\u00f3n del Barrio ha trabajado incansablemente para unificar el poder colectivo de los trabajadores, mujeres y hombres, educadores, estudiantes, j\u00f3venes del barrio, y de comunidades ind\u00edgenas para construir un movimiento social y pol\u00edtico por la autodeterminaci\u00f3n. Defendemos incondicionalmente el derecho a la autodeterminaci\u00f3n de los pueblos ind\u00edgenas y apoyamos las luchas por la libertad de todas nuestras hermanas y hermanos en toda Am\u00e9rica Latina, a la que llamamos <em>&#8220;Nuestra Am\u00e9rica&#8221;.<\/em><\/p>\n<p>No somos una organizaci\u00f3n sin fines de lucro (<em>&#8220;non-profit&#8221;<\/em>) ni de caridad. Nuestro trabajo en el barrio es autofinanciado completamente a trav\u00e9s de las cuotas de membres\u00eda, las contribuciones de la comunidad y la recaudaci\u00f3n de fondos. <em>\u00a1Ahora, m\u00e1s que nunca, necesitamos que te unas a Uni\u00f3n del Barrio para ayudar a construir este movimiento por la Liberaci\u00f3n de la Raza!<\/em><\/p>\n<p>La membres\u00eda en Uni\u00f3n del Barrio comienza con la disciplina individual y la responsabilidad colectiva. Antes de solicitar la membres\u00eda en Uni\u00f3n del Barrio, los aspirantes deben estar de acuerdo con e<a href=\"https:\/\/uniondelbarrio.org\/esp\/sobre-udb\/un-programa-para-proveer-direccion-politica-concientizar-el-pueblo-y-crear-la-lucha-para-la-liberacion-nacional\/\">l Programa Pol\u00edtico de UdB<\/a>, estar dispuestos a adherirse a la participaci\u00f3n y responsabilidad colectiva en UdB, y comprometerse a participar activamente en las reuniones organizativas, los proyectos comunitarios y las actividades en el barrio. La Constituci\u00f3n de UdB exige que los miembros actuales de UdB sean honestos, comprometidos y con principios al trabajar en la comunidad. Cuando se descubre que alg\u00fan miembro de UdB ha violado estos ideales, cualquier miembro de la comunidad tiene derecho a criticar el trabajo de ese miembro presentando una declaraci\u00f3n firmada al organismo correspondiente de UdB.<\/p>\n<p>Uni\u00f3n del Barrio est\u00e1 organizando activamente en California: en Los \u00c1ngeles, Oakland, el norte del Condado de San Diego, San Diego y Santa B\u00e1rbara\/Goleta. Si resides en una de estas \u00e1reas y deseas participar, env\u00eda tu solicitud por correo electr\u00f3nico a &lt;<a href=\"mailto:info@uniondelbarrio.org\">info@uniondelbarrio.org<\/a>&gt; y alguien de Uni\u00f3n del Barrio se comunicar\u00e1 contigo en el plazo de una semana. Si no recibe ninguna notificaci\u00f3n de nuestra parte, por favor, cont\u00e1ctenos nuevamente por correo electr\u00f3nico y deje un mensaje de voz al 619\/398-6648. Somos un grupo de voluntarios y a veces no podemos actuar con la rapidez que quisi\u00e9ramos, principalmente porque necesitamos m\u00e1s miembros.<\/p>\n<p>Si vive en una zona donde Uni\u00f3n del Barrio no est\u00e1 activa actualmente, le pedimos que re\u00fana al menos a 10 personas interesadas en defender nuestras comunidades. Si lo logra, nos comprometemos a ofrecer una sesi\u00f3n informativa (en l\u00ednea o presencial, seg\u00fan la ubicaci\u00f3n) sobre c\u00f3mo empezar a organizarse en su \u00e1rea. Si ya cuenta con al menos 10 personas en su zona interesadas en unirse a la lucha por la autodefensa comunitaria, env\u00edenos un correo electr\u00f3nico a &lt;<a href=\"mailto:info@uniondelbarrio.org\">info@uniondelbarrio.org<\/a>&gt; y le proporcionaremos informaci\u00f3n log\u00edstica sobre c\u00f3mo establecer Uni\u00f3n del Barrio en su \u00e1rea. Mientras tanto, s\u00edganos en las redes sociales: @UniondelBarrio. Gracias por contactarnos.<\/p>\n<hr \/>\n","protected":false},"excerpt":{"rendered":"<p>Uni\u00f3n del Barrio es una organizaci\u00f3n pol\u00edtica independiente con membresia de voluntarios. Nos dedicamos a erradicar la opresi\u00f3n de la Raza: chicanas\/chicanos, mexicanos, pueblos ind\u00edgenas y de comunidades latinoamericanas dentro de las fronteras actuales de Estados Unidos. Luchamos a diario para construir una \u201corganizaci\u00f3n de organizadores\u201d &#8211; un grupo disciplinado, desarrollando la ciencia, la estrategia [&hellip;]<\/p>\n","protected":false},"author":1,"featured_media":0,"parent":0,"menu_order":0,"comment_status":"closed","ping_status":"closed","template":"","meta":{"footnotes":""},"class_list":["post-1415","page","type-page","status-publish","hentry"],"yoast_head":"<!-- This site is optimized with the Yoast SEO plugin v27.5 - https:\/\/yoast.com\/product\/yoast-seo-wordpress\/ -->\n<title>\u00danase Con Uni\u00f3n del Barrio - UdB en espa\u00f1ol<\/title>\n<meta name=\"robots\" content=\"index, follow, max-snippet:-1, max-image-preview:large, max-video-preview:-1\" \/>\n<link rel=\"canonical\" href=\"https:\/\/uniondelbarrio.org\/esp\/unase-con-union-del-barrio\/\" \/>\n<meta property=\"og:locale\" content=\"en_US\" \/>\n<meta property=\"og:type\" content=\"article\" \/>\n<meta property=\"og:title\" content=\"\u00danase Con Uni\u00f3n del Barrio - UdB en espa\u00f1ol\" \/>\n<meta property=\"og:description\" content=\"Uni\u00f3n del Barrio es una organizaci\u00f3n pol\u00edtica independiente con membresia de voluntarios. Nos dedicamos a erradicar la opresi\u00f3n de la Raza: chicanas\/chicanos, mexicanos, pueblos ind\u00edgenas y de comunidades latinoamericanas dentro de las fronteras actuales de Estados Unidos. Luchamos a diario para construir una \u201corganizaci\u00f3n de organizadores\u201d &#8211; un grupo disciplinado, desarrollando la ciencia, la estrategia [&hellip;]\" \/>\n<meta property=\"og:url\" content=\"https:\/\/uniondelbarrio.org\/esp\/unase-con-union-del-barrio\/\" \/>\n<meta property=\"og:site_name\" content=\"UdB en espa\u00f1ol\" \/>\n<meta property=\"article:publisher\" content=\"https:\/\/www.facebook.com\/UniondelBarrio\" \/>\n<meta property=\"article:modified_time\" content=\"2025-12-31T19:27:25+00:00\" \/>\n<meta property=\"og:image\" content=\"https:\/\/uniondelbarrio.org\/esp\/wp-content\/uploads\/2021\/04\/ESP_UdB_FBDefaultWeb_1200x628.jpg\" \/>\n\t<meta property=\"og:image:width\" content=\"1200\" \/>\n\t<meta property=\"og:image:height\" content=\"628\" \/>\n\t<meta property=\"og:image:type\" content=\"image\/jpeg\" \/>\n<meta name=\"twitter:card\" content=\"summary_large_image\" \/>\n<meta name=\"twitter:site\" content=\"@UniondelBarrio\" \/>\n<meta name=\"twitter:label1\" content=\"Est. reading time\" \/>\n\t<meta name=\"twitter:data1\" content=\"3 minutes\" \/>\n<script type=\"application\/ld+json\" class=\"yoast-schema-graph\">{\"@context\":\"https:\\\/\\\/schema.org\",\"@graph\":[{\"@type\":\"WebPage\",\"@id\":\"https:\\\/\\\/uniondelbarrio.org\\\/esp\\\/unase-con-union-del-barrio\\\/\",\"url\":\"https:\\\/\\\/uniondelbarrio.org\\\/esp\\\/unase-con-union-del-barrio\\\/\",\"name\":\"\u00danase Con Uni\u00f3n del Barrio - UdB en espa\u00f1ol\",\"isPartOf\":{\"@id\":\"https:\\\/\\\/uniondelbarrio.org\\\/esp\\\/#website\"},\"primaryImageOfPage\":{\"@id\":\"https:\\\/\\\/uniondelbarrio.org\\\/esp\\\/unase-con-union-del-barrio\\\/#primaryimage\"},\"image\":{\"@id\":\"https:\\\/\\\/uniondelbarrio.org\\\/esp\\\/unase-con-union-del-barrio\\\/#primaryimage\"},\"thumbnailUrl\":\"https:\\\/\\\/uniondelbarrio.org\\\/main\\\/wp-content\\\/uploads\\\/2025\\\/12\\\/UdBLogo_MujerGuerr_2018_TrnsBck-272x300.png\",\"datePublished\":\"2025-12-31T19:23:08+00:00\",\"dateModified\":\"2025-12-31T19:27:25+00:00\",\"breadcrumb\":{\"@id\":\"https:\\\/\\\/uniondelbarrio.org\\\/esp\\\/unase-con-union-del-barrio\\\/#breadcrumb\"},\"inLanguage\":\"en-US\",\"potentialAction\":[{\"@type\":\"ReadAction\",\"target\":[\"https:\\\/\\\/uniondelbarrio.org\\\/esp\\\/unase-con-union-del-barrio\\\/\"]}]},{\"@type\":\"ImageObject\",\"inLanguage\":\"en-US\",\"@id\":\"https:\\\/\\\/uniondelbarrio.org\\\/esp\\\/unase-con-union-del-barrio\\\/#primaryimage\",\"url\":\"https:\\\/\\\/uniondelbarrio.org\\\/main\\\/wp-content\\\/uploads\\\/2025\\\/12\\\/UdBLogo_MujerGuerr_2018_TrnsBck-272x300.png\",\"contentUrl\":\"https:\\\/\\\/uniondelbarrio.org\\\/main\\\/wp-content\\\/uploads\\\/2025\\\/12\\\/UdBLogo_MujerGuerr_2018_TrnsBck-272x300.png\"},{\"@type\":\"BreadcrumbList\",\"@id\":\"https:\\\/\\\/uniondelbarrio.org\\\/esp\\\/unase-con-union-del-barrio\\\/#breadcrumb\",\"itemListElement\":[{\"@type\":\"ListItem\",\"position\":1,\"name\":\"Home\",\"item\":\"https:\\\/\\\/uniondelbarrio.org\\\/esp\\\/\"},{\"@type\":\"ListItem\",\"position\":2,\"name\":\"\u00danase Con Uni\u00f3n del Barrio\"}]},{\"@type\":\"WebSite\",\"@id\":\"https:\\\/\\\/uniondelbarrio.org\\\/esp\\\/#website\",\"url\":\"https:\\\/\\\/uniondelbarrio.org\\\/esp\\\/\",\"name\":\"UdB en espa\u00f1ol\",\"description\":\"Concientizaci\u00f3n, Organizaci\u00f3n, Acci\u00f3n y Liberaci\u00f3n\",\"potentialAction\":[{\"@type\":\"SearchAction\",\"target\":{\"@type\":\"EntryPoint\",\"urlTemplate\":\"https:\\\/\\\/uniondelbarrio.org\\\/esp\\\/?s={search_term_string}\"},\"query-input\":{\"@type\":\"PropertyValueSpecification\",\"valueRequired\":true,\"valueName\":\"search_term_string\"}}],\"inLanguage\":\"en-US\"}]}<\/script>\n<!-- \/ Yoast SEO plugin. -->","yoast_head_json":{"title":"\u00danase Con Uni\u00f3n del Barrio - UdB en espa\u00f1ol","robots":{"index":"index","follow":"follow","max-snippet":"max-snippet:-1","max-image-preview":"max-image-preview:large","max-video-preview":"max-video-preview:-1"},"canonical":"https:\/\/uniondelbarrio.org\/esp\/unase-con-union-del-barrio\/","og_locale":"en_US","og_type":"article","og_title":"\u00danase Con Uni\u00f3n del Barrio - UdB en espa\u00f1ol","og_description":"Uni\u00f3n del Barrio es una organizaci\u00f3n pol\u00edtica independiente con membresia de voluntarios. Nos dedicamos a erradicar la opresi\u00f3n de la Raza: chicanas\/chicanos, mexicanos, pueblos ind\u00edgenas y de comunidades latinoamericanas dentro de las fronteras actuales de Estados Unidos. Luchamos a diario para construir una \u201corganizaci\u00f3n de organizadores\u201d &#8211; un grupo disciplinado, desarrollando la ciencia, la estrategia [&hellip;]","og_url":"https:\/\/uniondelbarrio.org\/esp\/unase-con-union-del-barrio\/","og_site_name":"UdB en espa\u00f1ol","article_publisher":"https:\/\/www.facebook.com\/UniondelBarrio","article_modified_time":"2025-12-31T19:27:25+00:00","og_image":[{"width":1200,"height":628,"url":"https:\/\/uniondelbarrio.org\/esp\/wp-content\/uploads\/2021\/04\/ESP_UdB_FBDefaultWeb_1200x628.jpg","type":"image\/jpeg"}],"twitter_card":"summary_large_image","twitter_site":"@UniondelBarrio","twitter_misc":{"Est. reading time":"3 minutes"},"schema":{"@context":"https:\/\/schema.org","@graph":[{"@type":"WebPage","@id":"https:\/\/uniondelbarrio.org\/esp\/unase-con-union-del-barrio\/","url":"https:\/\/uniondelbarrio.org\/esp\/unase-con-union-del-barrio\/","name":"\u00danase Con Uni\u00f3n del Barrio - UdB en espa\u00f1ol","isPartOf":{"@id":"https:\/\/uniondelbarrio.org\/esp\/#website"},"primaryImageOfPage":{"@id":"https:\/\/uniondelbarrio.org\/esp\/unase-con-union-del-barrio\/#primaryimage"},"image":{"@id":"https:\/\/uniondelbarrio.org\/esp\/unase-con-union-del-barrio\/#primaryimage"},"thumbnailUrl":"https:\/\/uniondelbarrio.org\/main\/wp-content\/uploads\/2025\/12\/UdBLogo_MujerGuerr_2018_TrnsBck-272x300.png","datePublished":"2025-12-31T19:23:08+00:00","dateModified":"2025-12-31T19:27:25+00:00","breadcrumb":{"@id":"https:\/\/uniondelbarrio.org\/esp\/unase-con-union-del-barrio\/#breadcrumb"},"inLanguage":"en-US","potentialAction":[{"@type":"ReadAction","target":["https:\/\/uniondelbarrio.org\/esp\/unase-con-union-del-barrio\/"]}]},{"@type":"ImageObject","inLanguage":"en-US","@id":"https:\/\/uniondelbarrio.org\/esp\/unase-con-union-del-barrio\/#primaryimage","url":"https:\/\/uniondelbarrio.org\/main\/wp-content\/uploads\/2025\/12\/UdBLogo_MujerGuerr_2018_TrnsBck-272x300.png","contentUrl":"https:\/\/uniondelbarrio.org\/main\/wp-content\/uploads\/2025\/12\/UdBLogo_MujerGuerr_2018_TrnsBck-272x300.png"},{"@type":"BreadcrumbList","@id":"https:\/\/uniondelbarrio.org\/esp\/unase-con-union-del-barrio\/#breadcrumb","itemListElement":[{"@type":"ListItem","position":1,"name":"Home","item":"https:\/\/uniondelbarrio.org\/esp\/"},{"@type":"ListItem","position":2,"name":"\u00danase Con Uni\u00f3n del Barrio"}]},{"@type":"WebSite","@id":"https:\/\/uniondelbarrio.org\/esp\/#website","url":"https:\/\/uniondelbarrio.org\/esp\/","name":"UdB en espa\u00f1ol","description":"Concientizaci\u00f3n, Organizaci\u00f3n, Acci\u00f3n y Liberaci\u00f3n","potentialAction":[{"@type":"SearchAction","target":{"@type":"EntryPoint","urlTemplate":"https:\/\/uniondelbarrio.org\/esp\/?s={search_term_string}"},"query-input":{"@type":"PropertyValueSpecification","valueRequired":true,"valueName":"search_term_string"}}],"inLanguage":"en-US"}]}},"_links":{"self":[{"href":"https:\/\/uniondelbarrio.org\/esp\/wp-json\/wp\/v2\/pages\/1415","targetHints":{"allow":["GET"]}}],"collection":[{"href":"https:\/\/uniondelbarrio.org\/esp\/wp-json\/wp\/v2\/pages"}],"about":[{"href":"https:\/\/uniondelbarrio.org\/esp\/wp-json\/wp\/v2\/types\/page"}],"author":[{"embeddable":true,"href":"https:\/\/uniondelbarrio.org\/esp\/wp-json\/wp\/v2\/users\/1"}],"replies":[{"embeddable":true,"href":"https:\/\/uniondelbarrio.org\/esp\/wp-json\/wp\/v2\/comments?post=1415"}],"version-history":[{"count":1,"href":"https:\/\/uniondelbarrio.org\/esp\/wp-json\/wp\/v2\/pages\/1415\/revisions"}],"predecessor-version":[{"id":1416,"href":"https:\/\/uniondelbarrio.org\/esp\/wp-json\/wp\/v2\/pages\/1415\/revisions\/1416"}],"wp:attachment":[{"href":"https:\/\/uniondelbarrio.org\/esp\/wp-json\/wp\/v2\/media?parent=1415"}],"curies":[{"name":"wp","href":"https:\/\/api.w.org\/{rel}","templated":true}]}}