{"id":298,"date":"2016-08-20T23:21:35","date_gmt":"2016-08-20T16:21:35","guid":{"rendered":"http:\/\/uniondelbarrio.org\/esp\/?page_id=298"},"modified":"2017-02-01T00:28:59","modified_gmt":"2017-01-31T17:28:59","slug":"la-lucha-de-los-jovenes","status":"publish","type":"page","link":"https:\/\/uniondelbarrio.org\/esp\/luchar\/11-sectores-de-lucha-comunitaria\/la-lucha-de-los-jovenes\/","title":{"rendered":"Concientizar A La Juventud"},"content":{"rendered":"<h3 style=\"text-align: center;\"><span style=\"color: #993300;\"><em>Visi\u00f3n\u00a0Estrat\u00e9gica\u00a0de Uni\u00f3n del Barrio:\u00a0<\/em><\/span><\/h3>\n<h3 style=\"text-align: center;\"><span style=\"color: #993300;\">&#8220;Ser Joven Y\u00a0No Ser Revolucionario Es Una Contradicci\u00f3n Hasta Biol\u00f3gica.&#8221;<\/span><\/h3>\n<p><a href=\"http:\/\/uniondelbarrio.org\/main\/?page_id=541\"><img loading=\"lazy\" decoding=\"async\" class=\"alignright size-full wp-image-215\" src=\"https:\/\/uniondelbarrio.org\/esp\/wp-content\/uploads\/2016\/05\/englishversionbutton.png\" alt=\"\" width=\"184\" height=\"64\" \/><\/a><\/p>\n<p>La cita anterior proviene del presidente chileno Salvador Allende, extra\u00edda de un <a href=\"https:\/\/youtu.be\/K1dUBDWoyes\" target=\"_blank\">discurso pronunciado en M\u00e9xico en 1972<\/a>.<\/p>\n<p>Como gu\u00eda para nuestro trabajo entre los j\u00f3venes, Uni\u00f3n del Barrio se de dedica a crear una\u00a0conciencia y\u00a0una cultura de lucha organizada, compromiso, liderazgo y disciplina para la liberaci\u00f3n de raza. Debemos enfocar nuestro trabajo comunitario para defender el esp\u00edritu combativo que existe entre muchos j\u00f3venes, y as\u00ed resistir lo que ahora es la cultura dominante del consumismo, el individualismo, la violencia, la avaricia y la ignorancia.<\/p>\n<p><img loading=\"lazy\" decoding=\"async\" class=\"alignleft wp-image-519 size-medium\" src=\"https:\/\/uniondelbarrio.org\/esp\/wp-content\/uploads\/2016\/08\/CampAz2012_grphk2-300x250.jpg\" width=\"300\" height=\"250\" srcset=\"https:\/\/uniondelbarrio.org\/esp\/wp-content\/uploads\/2016\/08\/CampAz2012_grphk2-300x250.jpg 300w, https:\/\/uniondelbarrio.org\/esp\/wp-content\/uploads\/2016\/08\/CampAz2012_grphk2.jpg 535w\" sizes=\"auto, (max-width: 300px) 100vw, 300px\" \/>Hemos visto como el sistema actual invierte enormes cantidades de tiempo y recursos en la expansi\u00f3n de su anti-cultura consumista, y debemos responder construyendo trabajo comunitario y nuestras propias instituciones que alejan a los j\u00f3venes del barrio de la alienaci\u00f3n, el odio de su propia cultura, la violencia y el abuso de las drogas.<\/p>\n<p><em>Viene de la primera Conferencia Regional Sobre la Lucha de J\u00f3venes, 23\/06\/2012.<\/em><\/p>\n<p>La mayor parte de nuestro trabajo entre la juventud es por el proyecto de <a href=\"http:\/\/uniondelbarrio.org\/main\/?page_id=2525\">Somos Raza<\/a>.<\/p>\n<hr \/>\n<p>&nbsp;<\/p>\n","protected":false},"excerpt":{"rendered":"<p>Visi\u00f3n\u00a0Estrat\u00e9gica\u00a0de Uni\u00f3n del Barrio:\u00a0 &#8220;Ser Joven Y\u00a0No Ser Revolucionario Es Una Contradicci\u00f3n Hasta Biol\u00f3gica.&#8221; La cita anterior proviene del presidente chileno Salvador Allende, extra\u00edda de un discurso pronunciado en M\u00e9xico en 1972. Como gu\u00eda para nuestro trabajo entre los j\u00f3venes, Uni\u00f3n del Barrio se de dedica a crear una\u00a0conciencia y\u00a0una cultura de lucha organizada, compromiso, [&hellip;]<\/p>\n","protected":false},"author":1,"featured_media":0,"parent":294,"menu_order":0,"comment_status":"closed","ping_status":"closed","template":"","meta":{"footnotes":""},"class_list":["post-298","page","type-page","status-publish","hentry"],"yoast_head":"<!-- This site is optimized with the Yoast SEO plugin v27.3 - https:\/\/yoast.com\/product\/yoast-seo-wordpress\/ -->\n<title>Concientizar A La Juventud - UdB en espa\u00f1ol<\/title>\n<meta name=\"robots\" content=\"index, follow, max-snippet:-1, max-image-preview:large, max-video-preview:-1\" \/>\n<link rel=\"canonical\" href=\"https:\/\/uniondelbarrio.org\/esp\/luchar\/11-sectores-de-lucha-comunitaria\/la-lucha-de-los-jovenes\/\" \/>\n<meta property=\"og:locale\" content=\"en_US\" \/>\n<meta property=\"og:type\" content=\"article\" \/>\n<meta property=\"og:title\" content=\"Concientizar A La Juventud - UdB en espa\u00f1ol\" \/>\n<meta property=\"og:description\" content=\"Visi\u00f3n\u00a0Estrat\u00e9gica\u00a0de Uni\u00f3n del Barrio:\u00a0 &#8220;Ser Joven Y\u00a0No Ser Revolucionario Es Una Contradicci\u00f3n Hasta Biol\u00f3gica.&#8221; La cita anterior proviene del presidente chileno Salvador Allende, extra\u00edda de un discurso pronunciado en M\u00e9xico en 1972. Como gu\u00eda para nuestro trabajo entre los j\u00f3venes, Uni\u00f3n del Barrio se de dedica a crear una\u00a0conciencia y\u00a0una cultura de lucha organizada, compromiso, [&hellip;]\" \/>\n<meta property=\"og:url\" content=\"https:\/\/uniondelbarrio.org\/esp\/luchar\/11-sectores-de-lucha-comunitaria\/la-lucha-de-los-jovenes\/\" \/>\n<meta property=\"og:site_name\" content=\"UdB en espa\u00f1ol\" \/>\n<meta property=\"article:publisher\" content=\"https:\/\/www.facebook.com\/UniondelBarrio\" \/>\n<meta property=\"article:modified_time\" content=\"2017-01-31T17:28:59+00:00\" \/>\n<meta property=\"og:image\" content=\"http:\/\/uniondelbarrio.org\/esp\/wp-content\/uploads\/2016\/05\/englishversionbutton.png\" \/>\n<meta name=\"twitter:card\" content=\"summary_large_image\" \/>\n<meta name=\"twitter:site\" content=\"@UniondelBarrio\" \/>\n<meta name=\"twitter:label1\" content=\"Est. reading time\" \/>\n\t<meta name=\"twitter:data1\" content=\"1 minute\" \/>\n<script type=\"application\/ld+json\" class=\"yoast-schema-graph\">{\"@context\":\"https:\\\/\\\/schema.org\",\"@graph\":[{\"@type\":\"WebPage\",\"@id\":\"https:\\\/\\\/uniondelbarrio.org\\\/esp\\\/luchar\\\/11-sectores-de-lucha-comunitaria\\\/la-lucha-de-los-jovenes\\\/\",\"url\":\"https:\\\/\\\/uniondelbarrio.org\\\/esp\\\/luchar\\\/11-sectores-de-lucha-comunitaria\\\/la-lucha-de-los-jovenes\\\/\",\"name\":\"Concientizar A La Juventud - UdB en espa\u00f1ol\",\"isPartOf\":{\"@id\":\"https:\\\/\\\/uniondelbarrio.org\\\/esp\\\/#website\"},\"primaryImageOfPage\":{\"@id\":\"https:\\\/\\\/uniondelbarrio.org\\\/esp\\\/luchar\\\/11-sectores-de-lucha-comunitaria\\\/la-lucha-de-los-jovenes\\\/#primaryimage\"},\"image\":{\"@id\":\"https:\\\/\\\/uniondelbarrio.org\\\/esp\\\/luchar\\\/11-sectores-de-lucha-comunitaria\\\/la-lucha-de-los-jovenes\\\/#primaryimage\"},\"thumbnailUrl\":\"http:\\\/\\\/uniondelbarrio.org\\\/esp\\\/wp-content\\\/uploads\\\/2016\\\/05\\\/englishversionbutton.png\",\"datePublished\":\"2016-08-20T16:21:35+00:00\",\"dateModified\":\"2017-01-31T17:28:59+00:00\",\"breadcrumb\":{\"@id\":\"https:\\\/\\\/uniondelbarrio.org\\\/esp\\\/luchar\\\/11-sectores-de-lucha-comunitaria\\\/la-lucha-de-los-jovenes\\\/#breadcrumb\"},\"inLanguage\":\"en-US\",\"potentialAction\":[{\"@type\":\"ReadAction\",\"target\":[\"https:\\\/\\\/uniondelbarrio.org\\\/esp\\\/luchar\\\/11-sectores-de-lucha-comunitaria\\\/la-lucha-de-los-jovenes\\\/\"]}]},{\"@type\":\"ImageObject\",\"inLanguage\":\"en-US\",\"@id\":\"https:\\\/\\\/uniondelbarrio.org\\\/esp\\\/luchar\\\/11-sectores-de-lucha-comunitaria\\\/la-lucha-de-los-jovenes\\\/#primaryimage\",\"url\":\"http:\\\/\\\/uniondelbarrio.org\\\/esp\\\/wp-content\\\/uploads\\\/2016\\\/05\\\/englishversionbutton.png\",\"contentUrl\":\"http:\\\/\\\/uniondelbarrio.org\\\/esp\\\/wp-content\\\/uploads\\\/2016\\\/05\\\/englishversionbutton.png\"},{\"@type\":\"BreadcrumbList\",\"@id\":\"https:\\\/\\\/uniondelbarrio.org\\\/esp\\\/luchar\\\/11-sectores-de-lucha-comunitaria\\\/la-lucha-de-los-jovenes\\\/#breadcrumb\",\"itemListElement\":[{\"@type\":\"ListItem\",\"position\":1,\"name\":\"Home\",\"item\":\"https:\\\/\\\/uniondelbarrio.org\\\/esp\\\/\"},{\"@type\":\"ListItem\",\"position\":2,\"name\":\"Luchar\",\"item\":\"https:\\\/\\\/uniondelbarrio.org\\\/esp\\\/luchar\\\/\"},{\"@type\":\"ListItem\",\"position\":3,\"name\":\"11 Sectores de Lucha Comunitaria\",\"item\":\"https:\\\/\\\/uniondelbarrio.org\\\/esp\\\/luchar\\\/11-sectores-de-lucha-comunitaria\\\/\"},{\"@type\":\"ListItem\",\"position\":4,\"name\":\"Concientizar A La Juventud\"}]},{\"@type\":\"WebSite\",\"@id\":\"https:\\\/\\\/uniondelbarrio.org\\\/esp\\\/#website\",\"url\":\"https:\\\/\\\/uniondelbarrio.org\\\/esp\\\/\",\"name\":\"UdB en espa\u00f1ol\",\"description\":\"Concientizaci\u00f3n, Organizaci\u00f3n, Acci\u00f3n y Liberaci\u00f3n\",\"potentialAction\":[{\"@type\":\"SearchAction\",\"target\":{\"@type\":\"EntryPoint\",\"urlTemplate\":\"https:\\\/\\\/uniondelbarrio.org\\\/esp\\\/?s={search_term_string}\"},\"query-input\":{\"@type\":\"PropertyValueSpecification\",\"valueRequired\":true,\"valueName\":\"search_term_string\"}}],\"inLanguage\":\"en-US\"}]}<\/script>\n<!-- \/ Yoast SEO plugin. -->","yoast_head_json":{"title":"Concientizar A La Juventud - UdB en espa\u00f1ol","robots":{"index":"index","follow":"follow","max-snippet":"max-snippet:-1","max-image-preview":"max-image-preview:large","max-video-preview":"max-video-preview:-1"},"canonical":"https:\/\/uniondelbarrio.org\/esp\/luchar\/11-sectores-de-lucha-comunitaria\/la-lucha-de-los-jovenes\/","og_locale":"en_US","og_type":"article","og_title":"Concientizar A La Juventud - UdB en espa\u00f1ol","og_description":"Visi\u00f3n\u00a0Estrat\u00e9gica\u00a0de Uni\u00f3n del Barrio:\u00a0 &#8220;Ser Joven Y\u00a0No Ser Revolucionario Es Una Contradicci\u00f3n Hasta Biol\u00f3gica.&#8221; La cita anterior proviene del presidente chileno Salvador Allende, extra\u00edda de un discurso pronunciado en M\u00e9xico en 1972. Como gu\u00eda para nuestro trabajo entre los j\u00f3venes, Uni\u00f3n del Barrio se de dedica a crear una\u00a0conciencia y\u00a0una cultura de lucha organizada, compromiso, [&hellip;]","og_url":"https:\/\/uniondelbarrio.org\/esp\/luchar\/11-sectores-de-lucha-comunitaria\/la-lucha-de-los-jovenes\/","og_site_name":"UdB en espa\u00f1ol","article_publisher":"https:\/\/www.facebook.com\/UniondelBarrio","article_modified_time":"2017-01-31T17:28:59+00:00","og_image":[{"url":"http:\/\/uniondelbarrio.org\/esp\/wp-content\/uploads\/2016\/05\/englishversionbutton.png","type":"","width":"","height":""}],"twitter_card":"summary_large_image","twitter_site":"@UniondelBarrio","twitter_misc":{"Est. reading time":"1 minute"},"schema":{"@context":"https:\/\/schema.org","@graph":[{"@type":"WebPage","@id":"https:\/\/uniondelbarrio.org\/esp\/luchar\/11-sectores-de-lucha-comunitaria\/la-lucha-de-los-jovenes\/","url":"https:\/\/uniondelbarrio.org\/esp\/luchar\/11-sectores-de-lucha-comunitaria\/la-lucha-de-los-jovenes\/","name":"Concientizar A La Juventud - UdB en espa\u00f1ol","isPartOf":{"@id":"https:\/\/uniondelbarrio.org\/esp\/#website"},"primaryImageOfPage":{"@id":"https:\/\/uniondelbarrio.org\/esp\/luchar\/11-sectores-de-lucha-comunitaria\/la-lucha-de-los-jovenes\/#primaryimage"},"image":{"@id":"https:\/\/uniondelbarrio.org\/esp\/luchar\/11-sectores-de-lucha-comunitaria\/la-lucha-de-los-jovenes\/#primaryimage"},"thumbnailUrl":"http:\/\/uniondelbarrio.org\/esp\/wp-content\/uploads\/2016\/05\/englishversionbutton.png","datePublished":"2016-08-20T16:21:35+00:00","dateModified":"2017-01-31T17:28:59+00:00","breadcrumb":{"@id":"https:\/\/uniondelbarrio.org\/esp\/luchar\/11-sectores-de-lucha-comunitaria\/la-lucha-de-los-jovenes\/#breadcrumb"},"inLanguage":"en-US","potentialAction":[{"@type":"ReadAction","target":["https:\/\/uniondelbarrio.org\/esp\/luchar\/11-sectores-de-lucha-comunitaria\/la-lucha-de-los-jovenes\/"]}]},{"@type":"ImageObject","inLanguage":"en-US","@id":"https:\/\/uniondelbarrio.org\/esp\/luchar\/11-sectores-de-lucha-comunitaria\/la-lucha-de-los-jovenes\/#primaryimage","url":"http:\/\/uniondelbarrio.org\/esp\/wp-content\/uploads\/2016\/05\/englishversionbutton.png","contentUrl":"http:\/\/uniondelbarrio.org\/esp\/wp-content\/uploads\/2016\/05\/englishversionbutton.png"},{"@type":"BreadcrumbList","@id":"https:\/\/uniondelbarrio.org\/esp\/luchar\/11-sectores-de-lucha-comunitaria\/la-lucha-de-los-jovenes\/#breadcrumb","itemListElement":[{"@type":"ListItem","position":1,"name":"Home","item":"https:\/\/uniondelbarrio.org\/esp\/"},{"@type":"ListItem","position":2,"name":"Luchar","item":"https:\/\/uniondelbarrio.org\/esp\/luchar\/"},{"@type":"ListItem","position":3,"name":"11 Sectores de Lucha Comunitaria","item":"https:\/\/uniondelbarrio.org\/esp\/luchar\/11-sectores-de-lucha-comunitaria\/"},{"@type":"ListItem","position":4,"name":"Concientizar A La Juventud"}]},{"@type":"WebSite","@id":"https:\/\/uniondelbarrio.org\/esp\/#website","url":"https:\/\/uniondelbarrio.org\/esp\/","name":"UdB en espa\u00f1ol","description":"Concientizaci\u00f3n, Organizaci\u00f3n, Acci\u00f3n y Liberaci\u00f3n","potentialAction":[{"@type":"SearchAction","target":{"@type":"EntryPoint","urlTemplate":"https:\/\/uniondelbarrio.org\/esp\/?s={search_term_string}"},"query-input":{"@type":"PropertyValueSpecification","valueRequired":true,"valueName":"search_term_string"}}],"inLanguage":"en-US"}]}},"_links":{"self":[{"href":"https:\/\/uniondelbarrio.org\/esp\/wp-json\/wp\/v2\/pages\/298","targetHints":{"allow":["GET"]}}],"collection":[{"href":"https:\/\/uniondelbarrio.org\/esp\/wp-json\/wp\/v2\/pages"}],"about":[{"href":"https:\/\/uniondelbarrio.org\/esp\/wp-json\/wp\/v2\/types\/page"}],"author":[{"embeddable":true,"href":"https:\/\/uniondelbarrio.org\/esp\/wp-json\/wp\/v2\/users\/1"}],"replies":[{"embeddable":true,"href":"https:\/\/uniondelbarrio.org\/esp\/wp-json\/wp\/v2\/comments?post=298"}],"version-history":[{"count":15,"href":"https:\/\/uniondelbarrio.org\/esp\/wp-json\/wp\/v2\/pages\/298\/revisions"}],"predecessor-version":[{"id":534,"href":"https:\/\/uniondelbarrio.org\/esp\/wp-json\/wp\/v2\/pages\/298\/revisions\/534"}],"up":[{"embeddable":true,"href":"https:\/\/uniondelbarrio.org\/esp\/wp-json\/wp\/v2\/pages\/294"}],"wp:attachment":[{"href":"https:\/\/uniondelbarrio.org\/esp\/wp-json\/wp\/v2\/media?parent=298"}],"curies":[{"name":"wp","href":"https:\/\/api.w.org\/{rel}","templated":true}]}}