{"id":313,"date":"2016-08-20T23:26:22","date_gmt":"2016-08-20T16:26:22","guid":{"rendered":"http:\/\/uniondelbarrio.org\/esp\/?page_id=313"},"modified":"2017-05-21T23:47:32","modified_gmt":"2017-05-21T16:47:32","slug":"fronteras-y-migracion","status":"publish","type":"page","link":"https:\/\/uniondelbarrio.org\/esp\/luchar\/11-sectores-de-lucha-comunitaria\/fronteras-y-migracion\/","title":{"rendered":"La Lucha Fronteriza Y La Migraci\u00f3n"},"content":{"rendered":"<h3 style=\"text-align: center;\"><em><span style=\"color: #993300;\">Visi\u00f3n\u00a0Estrat\u00e9gica\u00a0de Uni\u00f3n del Barrio:\u00a0<\/span><\/em><\/h3>\n<h3 style=\"text-align: center;\"><span style=\"color: #993300;\">&#8220;Somos Un Pueblo, Sin Frontera<\/span><strong><span style=\"color: #993300;\">s&#8221;<\/span><\/strong><\/h3>\n<hr \/>\n<p><a href=\"http:\/\/uniondelbarrio.org\/main\/?page_id=543\"><img loading=\"lazy\" decoding=\"async\" class=\"alignright size-full wp-image-215\" src=\"https:\/\/uniondelbarrio.org\/esp\/wp-content\/uploads\/2016\/05\/englishversionbutton.png\" alt=\"\" width=\"184\" height=\"64\" \/><\/a>Uni\u00f3n del Barrio mantiene una lucha continua contra la violencia fronteriza y la represi\u00f3n migratoria. Cuando hablamos de la <em>Violencia Fronteriza y la Migraci\u00f3n<\/em>, las cuestiones m\u00e1s urgentes en nuestras comunidades se relacionan a las redadas y las deportaciones. Debemos luchar para defender a nuestras comunidades de esta represi\u00f3n creciente y generalizada contra \u201cla raza sin papales.\u201d Hay que elevar la conciencia, entre nuestro pueblo y m\u00e1s all\u00e1, para rechazar\u00a0la posici\u00f3n reaccionaria y racista\u00a0que nosotros somos &#8220;ilegales.&#8221;<\/p>\n<p><img loading=\"lazy\" decoding=\"async\" class=\"alignleft size-medium wp-image-494\" src=\"https:\/\/uniondelbarrio.org\/esp\/wp-content\/uploads\/2016\/08\/p_02_09_2014-222x300.jpg\" alt=\"\" width=\"222\" height=\"300\" srcset=\"https:\/\/uniondelbarrio.org\/esp\/wp-content\/uploads\/2016\/08\/p_02_09_2014-222x300.jpg 222w, https:\/\/uniondelbarrio.org\/esp\/wp-content\/uploads\/2016\/08\/p_02_09_2014.jpg 320w\" sizes=\"auto, (max-width: 222px) 100vw, 222px\" \/><\/p>\n<p>Nuestra gente no es &#8220;ilegal,&#8221; m\u00e1s bien ilegales son esos gobiernos que nos robaron estas tierras, y que nos\u00a0sujetan a la dominaci\u00f3n colonial e imperialista, impuesta por una naci\u00f3n de colonos ilegales que llegaron de Europa.\u00a0Al discutir este tema, hay que mantener firme\u00a0la idea que rechazamos cualquier y todos los gobiernos, leyes, fronteras nacionales, y definiciones de la ciudadan\u00eda que niegan a nuestro pueblo la plena aplicaci\u00f3n de nuestros derechos humanos y democr\u00e1ticos.\u00a0Hay que siempre incluir a la raza de Centroam\u00e9rica y de Suram\u00e9rica dentro de nuestra lucha, ahora que somos m\u00e1s de 50 millones de personas qui\u00e9nes vivimos dentro de las actuales fronteras pol\u00edticas de los Estados Unidos. Con el fin de liberar a nuestro pueblo del sometimiento y de la vida bajo la amenaza permanente de redadas y deportaciones, el trabajo de Uni\u00f3n del Barrio en este sector debe ser desarrollar y movilizar formas superiores de organizaci\u00f3n en nuestras comunidades, porque se necesita la capacidad de organizaci\u00f3n con base popular para asegurar la autodefensa y el bienestar continuo de nuestro pueblo.<\/p>\n<p>Hay que tambi\u00e9n identificar como t\u00edtere y vendido al gobierno Mexicano que se aprovecha de nuestra represi\u00f3n en el norte. Ese narco-gobierno, corrupto y asesino, trabaja solo bajo la\u00a0coordinaci\u00f3n de\u00a0la clase dominante de los Estados Unidos. Lo hacen por que es el gobierno Mexicano que gana por medio del flujo de remesas que vienen del norte, $27 mil-millones en el 2016, ganancia sin tener que invertir en el mejoramiento de la calidad de vida para el pueblo Mexicano.<\/p>\n<p>Por \u00faltimo, hay que luchar para revocar la definici\u00f3n burguesa de la democracia como algo limitado a un procedimiento electoral (el voto). Nuestros derechos democr\u00e1ticos s\u00f3lo ser\u00e1n garantizados por el poder del pueblo organizado, y a trav\u00e9s de nuestro poder de organizaci\u00f3n debemos rebasar conceptos de ciudadan\u00eda que son construidos sobre fronteras coloniales e imperialistas.<\/p>\n<hr \/>\n<h4 class=\"entry-title\" style=\"text-align: center;\"><a href=\"https:\/\/uniondelbarrio.org\/esp\/?page_id=549\">Conozca Sus Derechos: Colecci\u00f3n De Informaci\u00f3n<\/a><\/h4>\n<hr \/>\n<h4 class=\"entry-title\" style=\"text-align: center;\"><\/h4>\n","protected":false},"excerpt":{"rendered":"<p>Visi\u00f3n\u00a0Estrat\u00e9gica\u00a0de Uni\u00f3n del Barrio:\u00a0 &#8220;Somos Un Pueblo, Sin Fronteras&#8221; Uni\u00f3n del Barrio mantiene una lucha continua contra la violencia fronteriza y la represi\u00f3n migratoria. Cuando hablamos de la Violencia Fronteriza y la Migraci\u00f3n, las cuestiones m\u00e1s urgentes en nuestras comunidades se relacionan a las redadas y las deportaciones. Debemos luchar para defender a nuestras comunidades [&hellip;]<\/p>\n","protected":false},"author":1,"featured_media":0,"parent":294,"menu_order":0,"comment_status":"closed","ping_status":"closed","template":"","meta":{"footnotes":""},"class_list":["post-313","page","type-page","status-publish","hentry"],"yoast_head":"<!-- This site is optimized with the Yoast SEO plugin v27.4 - https:\/\/yoast.com\/product\/yoast-seo-wordpress\/ -->\n<title>La Lucha Fronteriza Y La Migraci\u00f3n - UdB en espa\u00f1ol<\/title>\n<meta name=\"robots\" content=\"index, follow, max-snippet:-1, max-image-preview:large, max-video-preview:-1\" \/>\n<link rel=\"canonical\" href=\"https:\/\/uniondelbarrio.org\/esp\/luchar\/11-sectores-de-lucha-comunitaria\/fronteras-y-migracion\/\" \/>\n<meta property=\"og:locale\" content=\"en_US\" \/>\n<meta property=\"og:type\" content=\"article\" \/>\n<meta property=\"og:title\" content=\"La Lucha Fronteriza Y La Migraci\u00f3n - UdB en espa\u00f1ol\" \/>\n<meta property=\"og:description\" content=\"Visi\u00f3n\u00a0Estrat\u00e9gica\u00a0de Uni\u00f3n del Barrio:\u00a0 &#8220;Somos Un Pueblo, Sin Fronteras&#8221; Uni\u00f3n del Barrio mantiene una lucha continua contra la violencia fronteriza y la represi\u00f3n migratoria. Cuando hablamos de la Violencia Fronteriza y la Migraci\u00f3n, las cuestiones m\u00e1s urgentes en nuestras comunidades se relacionan a las redadas y las deportaciones. Debemos luchar para defender a nuestras comunidades [&hellip;]\" \/>\n<meta property=\"og:url\" content=\"https:\/\/uniondelbarrio.org\/esp\/luchar\/11-sectores-de-lucha-comunitaria\/fronteras-y-migracion\/\" \/>\n<meta property=\"og:site_name\" content=\"UdB en espa\u00f1ol\" \/>\n<meta property=\"article:publisher\" content=\"https:\/\/www.facebook.com\/UniondelBarrio\" \/>\n<meta property=\"article:modified_time\" content=\"2017-05-21T16:47:32+00:00\" \/>\n<meta property=\"og:image\" content=\"http:\/\/uniondelbarrio.org\/esp\/wp-content\/uploads\/2016\/05\/englishversionbutton.png\" \/>\n<meta name=\"twitter:card\" content=\"summary_large_image\" \/>\n<meta name=\"twitter:site\" content=\"@UniondelBarrio\" \/>\n<meta name=\"twitter:label1\" content=\"Est. reading time\" \/>\n\t<meta name=\"twitter:data1\" content=\"2 minutes\" \/>\n<script type=\"application\/ld+json\" class=\"yoast-schema-graph\">{\"@context\":\"https:\\\/\\\/schema.org\",\"@graph\":[{\"@type\":\"WebPage\",\"@id\":\"https:\\\/\\\/uniondelbarrio.org\\\/esp\\\/luchar\\\/11-sectores-de-lucha-comunitaria\\\/fronteras-y-migracion\\\/\",\"url\":\"https:\\\/\\\/uniondelbarrio.org\\\/esp\\\/luchar\\\/11-sectores-de-lucha-comunitaria\\\/fronteras-y-migracion\\\/\",\"name\":\"La Lucha Fronteriza Y La Migraci\u00f3n - UdB en espa\u00f1ol\",\"isPartOf\":{\"@id\":\"https:\\\/\\\/uniondelbarrio.org\\\/esp\\\/#website\"},\"primaryImageOfPage\":{\"@id\":\"https:\\\/\\\/uniondelbarrio.org\\\/esp\\\/luchar\\\/11-sectores-de-lucha-comunitaria\\\/fronteras-y-migracion\\\/#primaryimage\"},\"image\":{\"@id\":\"https:\\\/\\\/uniondelbarrio.org\\\/esp\\\/luchar\\\/11-sectores-de-lucha-comunitaria\\\/fronteras-y-migracion\\\/#primaryimage\"},\"thumbnailUrl\":\"http:\\\/\\\/uniondelbarrio.org\\\/esp\\\/wp-content\\\/uploads\\\/2016\\\/05\\\/englishversionbutton.png\",\"datePublished\":\"2016-08-20T16:26:22+00:00\",\"dateModified\":\"2017-05-21T16:47:32+00:00\",\"breadcrumb\":{\"@id\":\"https:\\\/\\\/uniondelbarrio.org\\\/esp\\\/luchar\\\/11-sectores-de-lucha-comunitaria\\\/fronteras-y-migracion\\\/#breadcrumb\"},\"inLanguage\":\"en-US\",\"potentialAction\":[{\"@type\":\"ReadAction\",\"target\":[\"https:\\\/\\\/uniondelbarrio.org\\\/esp\\\/luchar\\\/11-sectores-de-lucha-comunitaria\\\/fronteras-y-migracion\\\/\"]}]},{\"@type\":\"ImageObject\",\"inLanguage\":\"en-US\",\"@id\":\"https:\\\/\\\/uniondelbarrio.org\\\/esp\\\/luchar\\\/11-sectores-de-lucha-comunitaria\\\/fronteras-y-migracion\\\/#primaryimage\",\"url\":\"http:\\\/\\\/uniondelbarrio.org\\\/esp\\\/wp-content\\\/uploads\\\/2016\\\/05\\\/englishversionbutton.png\",\"contentUrl\":\"http:\\\/\\\/uniondelbarrio.org\\\/esp\\\/wp-content\\\/uploads\\\/2016\\\/05\\\/englishversionbutton.png\"},{\"@type\":\"BreadcrumbList\",\"@id\":\"https:\\\/\\\/uniondelbarrio.org\\\/esp\\\/luchar\\\/11-sectores-de-lucha-comunitaria\\\/fronteras-y-migracion\\\/#breadcrumb\",\"itemListElement\":[{\"@type\":\"ListItem\",\"position\":1,\"name\":\"Home\",\"item\":\"https:\\\/\\\/uniondelbarrio.org\\\/esp\\\/\"},{\"@type\":\"ListItem\",\"position\":2,\"name\":\"Luchar\",\"item\":\"https:\\\/\\\/uniondelbarrio.org\\\/esp\\\/luchar\\\/\"},{\"@type\":\"ListItem\",\"position\":3,\"name\":\"11 Sectores de Lucha Comunitaria\",\"item\":\"https:\\\/\\\/uniondelbarrio.org\\\/esp\\\/luchar\\\/11-sectores-de-lucha-comunitaria\\\/\"},{\"@type\":\"ListItem\",\"position\":4,\"name\":\"La Lucha Fronteriza Y La Migraci\u00f3n\"}]},{\"@type\":\"WebSite\",\"@id\":\"https:\\\/\\\/uniondelbarrio.org\\\/esp\\\/#website\",\"url\":\"https:\\\/\\\/uniondelbarrio.org\\\/esp\\\/\",\"name\":\"UdB en espa\u00f1ol\",\"description\":\"Concientizaci\u00f3n, Organizaci\u00f3n, Acci\u00f3n y Liberaci\u00f3n\",\"potentialAction\":[{\"@type\":\"SearchAction\",\"target\":{\"@type\":\"EntryPoint\",\"urlTemplate\":\"https:\\\/\\\/uniondelbarrio.org\\\/esp\\\/?s={search_term_string}\"},\"query-input\":{\"@type\":\"PropertyValueSpecification\",\"valueRequired\":true,\"valueName\":\"search_term_string\"}}],\"inLanguage\":\"en-US\"}]}<\/script>\n<!-- \/ Yoast SEO plugin. -->","yoast_head_json":{"title":"La Lucha Fronteriza Y La Migraci\u00f3n - UdB en espa\u00f1ol","robots":{"index":"index","follow":"follow","max-snippet":"max-snippet:-1","max-image-preview":"max-image-preview:large","max-video-preview":"max-video-preview:-1"},"canonical":"https:\/\/uniondelbarrio.org\/esp\/luchar\/11-sectores-de-lucha-comunitaria\/fronteras-y-migracion\/","og_locale":"en_US","og_type":"article","og_title":"La Lucha Fronteriza Y La Migraci\u00f3n - UdB en espa\u00f1ol","og_description":"Visi\u00f3n\u00a0Estrat\u00e9gica\u00a0de Uni\u00f3n del Barrio:\u00a0 &#8220;Somos Un Pueblo, Sin Fronteras&#8221; Uni\u00f3n del Barrio mantiene una lucha continua contra la violencia fronteriza y la represi\u00f3n migratoria. Cuando hablamos de la Violencia Fronteriza y la Migraci\u00f3n, las cuestiones m\u00e1s urgentes en nuestras comunidades se relacionan a las redadas y las deportaciones. Debemos luchar para defender a nuestras comunidades [&hellip;]","og_url":"https:\/\/uniondelbarrio.org\/esp\/luchar\/11-sectores-de-lucha-comunitaria\/fronteras-y-migracion\/","og_site_name":"UdB en espa\u00f1ol","article_publisher":"https:\/\/www.facebook.com\/UniondelBarrio","article_modified_time":"2017-05-21T16:47:32+00:00","og_image":[{"url":"http:\/\/uniondelbarrio.org\/esp\/wp-content\/uploads\/2016\/05\/englishversionbutton.png","type":"","width":"","height":""}],"twitter_card":"summary_large_image","twitter_site":"@UniondelBarrio","twitter_misc":{"Est. reading time":"2 minutes"},"schema":{"@context":"https:\/\/schema.org","@graph":[{"@type":"WebPage","@id":"https:\/\/uniondelbarrio.org\/esp\/luchar\/11-sectores-de-lucha-comunitaria\/fronteras-y-migracion\/","url":"https:\/\/uniondelbarrio.org\/esp\/luchar\/11-sectores-de-lucha-comunitaria\/fronteras-y-migracion\/","name":"La Lucha Fronteriza Y La Migraci\u00f3n - UdB en espa\u00f1ol","isPartOf":{"@id":"https:\/\/uniondelbarrio.org\/esp\/#website"},"primaryImageOfPage":{"@id":"https:\/\/uniondelbarrio.org\/esp\/luchar\/11-sectores-de-lucha-comunitaria\/fronteras-y-migracion\/#primaryimage"},"image":{"@id":"https:\/\/uniondelbarrio.org\/esp\/luchar\/11-sectores-de-lucha-comunitaria\/fronteras-y-migracion\/#primaryimage"},"thumbnailUrl":"http:\/\/uniondelbarrio.org\/esp\/wp-content\/uploads\/2016\/05\/englishversionbutton.png","datePublished":"2016-08-20T16:26:22+00:00","dateModified":"2017-05-21T16:47:32+00:00","breadcrumb":{"@id":"https:\/\/uniondelbarrio.org\/esp\/luchar\/11-sectores-de-lucha-comunitaria\/fronteras-y-migracion\/#breadcrumb"},"inLanguage":"en-US","potentialAction":[{"@type":"ReadAction","target":["https:\/\/uniondelbarrio.org\/esp\/luchar\/11-sectores-de-lucha-comunitaria\/fronteras-y-migracion\/"]}]},{"@type":"ImageObject","inLanguage":"en-US","@id":"https:\/\/uniondelbarrio.org\/esp\/luchar\/11-sectores-de-lucha-comunitaria\/fronteras-y-migracion\/#primaryimage","url":"http:\/\/uniondelbarrio.org\/esp\/wp-content\/uploads\/2016\/05\/englishversionbutton.png","contentUrl":"http:\/\/uniondelbarrio.org\/esp\/wp-content\/uploads\/2016\/05\/englishversionbutton.png"},{"@type":"BreadcrumbList","@id":"https:\/\/uniondelbarrio.org\/esp\/luchar\/11-sectores-de-lucha-comunitaria\/fronteras-y-migracion\/#breadcrumb","itemListElement":[{"@type":"ListItem","position":1,"name":"Home","item":"https:\/\/uniondelbarrio.org\/esp\/"},{"@type":"ListItem","position":2,"name":"Luchar","item":"https:\/\/uniondelbarrio.org\/esp\/luchar\/"},{"@type":"ListItem","position":3,"name":"11 Sectores de Lucha Comunitaria","item":"https:\/\/uniondelbarrio.org\/esp\/luchar\/11-sectores-de-lucha-comunitaria\/"},{"@type":"ListItem","position":4,"name":"La Lucha Fronteriza Y La Migraci\u00f3n"}]},{"@type":"WebSite","@id":"https:\/\/uniondelbarrio.org\/esp\/#website","url":"https:\/\/uniondelbarrio.org\/esp\/","name":"UdB en espa\u00f1ol","description":"Concientizaci\u00f3n, Organizaci\u00f3n, Acci\u00f3n y Liberaci\u00f3n","potentialAction":[{"@type":"SearchAction","target":{"@type":"EntryPoint","urlTemplate":"https:\/\/uniondelbarrio.org\/esp\/?s={search_term_string}"},"query-input":{"@type":"PropertyValueSpecification","valueRequired":true,"valueName":"search_term_string"}}],"inLanguage":"en-US"}]}},"_links":{"self":[{"href":"https:\/\/uniondelbarrio.org\/esp\/wp-json\/wp\/v2\/pages\/313","targetHints":{"allow":["GET"]}}],"collection":[{"href":"https:\/\/uniondelbarrio.org\/esp\/wp-json\/wp\/v2\/pages"}],"about":[{"href":"https:\/\/uniondelbarrio.org\/esp\/wp-json\/wp\/v2\/types\/page"}],"author":[{"embeddable":true,"href":"https:\/\/uniondelbarrio.org\/esp\/wp-json\/wp\/v2\/users\/1"}],"replies":[{"embeddable":true,"href":"https:\/\/uniondelbarrio.org\/esp\/wp-json\/wp\/v2\/comments?post=313"}],"version-history":[{"count":17,"href":"https:\/\/uniondelbarrio.org\/esp\/wp-json\/wp\/v2\/pages\/313\/revisions"}],"predecessor-version":[{"id":634,"href":"https:\/\/uniondelbarrio.org\/esp\/wp-json\/wp\/v2\/pages\/313\/revisions\/634"}],"up":[{"embeddable":true,"href":"https:\/\/uniondelbarrio.org\/esp\/wp-json\/wp\/v2\/pages\/294"}],"wp:attachment":[{"href":"https:\/\/uniondelbarrio.org\/esp\/wp-json\/wp\/v2\/media?parent=313"}],"curies":[{"name":"wp","href":"https:\/\/api.w.org\/{rel}","templated":true}]}}