{"id":325,"date":"2016-08-20T23:29:51","date_gmt":"2016-08-20T16:29:51","guid":{"rendered":"http:\/\/uniondelbarrio.org\/esp\/?page_id=325"},"modified":"2016-08-20T23:51:45","modified_gmt":"2016-08-20T16:51:45","slug":"la-mujer","status":"publish","type":"page","link":"https:\/\/uniondelbarrio.org\/esp\/luchar\/11-sectores-de-lucha-comunitaria\/la-mujer\/","title":{"rendered":"La Lucha Liberatoria De La Mujer"},"content":{"rendered":"<p><span style=\"color: #800000;\">\u00a0<strong>Bajo construcci\u00f3n.<\/strong><\/span><\/p>\n<hr \/>\n<p>En lo que se estabiliza la nueva pagina en el ingles, empezaremos el trabajo de transferir m\u00e1s contenido al espa\u00f1ol.<\/p>\n","protected":false},"excerpt":{"rendered":"<p>\u00a0Bajo construcci\u00f3n. En lo que se estabiliza la nueva pagina en el ingles, empezaremos el trabajo de transferir m\u00e1s contenido al espa\u00f1ol.<\/p>\n","protected":false},"author":1,"featured_media":0,"parent":294,"menu_order":0,"comment_status":"closed","ping_status":"closed","template":"","meta":{"footnotes":""},"class_list":["post-325","page","type-page","status-publish","hentry"],"yoast_head":"<!-- This site is optimized with the Yoast SEO plugin v27.4 - https:\/\/yoast.com\/product\/yoast-seo-wordpress\/ -->\n<title>La Lucha Liberatoria De La Mujer - UdB en espa\u00f1ol<\/title>\n<meta name=\"robots\" content=\"index, follow, max-snippet:-1, max-image-preview:large, max-video-preview:-1\" \/>\n<link rel=\"canonical\" href=\"https:\/\/uniondelbarrio.org\/esp\/luchar\/11-sectores-de-lucha-comunitaria\/la-mujer\/\" \/>\n<meta property=\"og:locale\" content=\"en_US\" \/>\n<meta property=\"og:type\" content=\"article\" \/>\n<meta property=\"og:title\" content=\"La Lucha Liberatoria De La Mujer - UdB en espa\u00f1ol\" \/>\n<meta property=\"og:description\" content=\"\u00a0Bajo construcci\u00f3n. En lo que se estabiliza la nueva pagina en el ingles, empezaremos el trabajo de transferir m\u00e1s contenido al espa\u00f1ol.\" \/>\n<meta property=\"og:url\" content=\"https:\/\/uniondelbarrio.org\/esp\/luchar\/11-sectores-de-lucha-comunitaria\/la-mujer\/\" \/>\n<meta property=\"og:site_name\" content=\"UdB en espa\u00f1ol\" \/>\n<meta property=\"article:publisher\" content=\"https:\/\/www.facebook.com\/UniondelBarrio\" \/>\n<meta property=\"article:modified_time\" content=\"2016-08-20T16:51:45+00:00\" \/>\n<meta property=\"og:image\" content=\"https:\/\/uniondelbarrio.org\/esp\/wp-content\/uploads\/2021\/04\/ESP_UdB_FBDefaultWeb_1200x628.jpg\" \/>\n\t<meta property=\"og:image:width\" content=\"1200\" \/>\n\t<meta property=\"og:image:height\" content=\"628\" \/>\n\t<meta property=\"og:image:type\" content=\"image\/jpeg\" \/>\n<meta name=\"twitter:card\" content=\"summary_large_image\" \/>\n<meta name=\"twitter:site\" content=\"@UniondelBarrio\" \/>\n<script type=\"application\/ld+json\" class=\"yoast-schema-graph\">{\"@context\":\"https:\\\/\\\/schema.org\",\"@graph\":[{\"@type\":\"WebPage\",\"@id\":\"https:\\\/\\\/uniondelbarrio.org\\\/esp\\\/luchar\\\/11-sectores-de-lucha-comunitaria\\\/la-mujer\\\/\",\"url\":\"https:\\\/\\\/uniondelbarrio.org\\\/esp\\\/luchar\\\/11-sectores-de-lucha-comunitaria\\\/la-mujer\\\/\",\"name\":\"La Lucha Liberatoria De La Mujer - UdB en espa\u00f1ol\",\"isPartOf\":{\"@id\":\"https:\\\/\\\/uniondelbarrio.org\\\/esp\\\/#website\"},\"datePublished\":\"2016-08-20T16:29:51+00:00\",\"dateModified\":\"2016-08-20T16:51:45+00:00\",\"breadcrumb\":{\"@id\":\"https:\\\/\\\/uniondelbarrio.org\\\/esp\\\/luchar\\\/11-sectores-de-lucha-comunitaria\\\/la-mujer\\\/#breadcrumb\"},\"inLanguage\":\"en-US\",\"potentialAction\":[{\"@type\":\"ReadAction\",\"target\":[\"https:\\\/\\\/uniondelbarrio.org\\\/esp\\\/luchar\\\/11-sectores-de-lucha-comunitaria\\\/la-mujer\\\/\"]}]},{\"@type\":\"BreadcrumbList\",\"@id\":\"https:\\\/\\\/uniondelbarrio.org\\\/esp\\\/luchar\\\/11-sectores-de-lucha-comunitaria\\\/la-mujer\\\/#breadcrumb\",\"itemListElement\":[{\"@type\":\"ListItem\",\"position\":1,\"name\":\"Home\",\"item\":\"https:\\\/\\\/uniondelbarrio.org\\\/esp\\\/\"},{\"@type\":\"ListItem\",\"position\":2,\"name\":\"Luchar\",\"item\":\"https:\\\/\\\/uniondelbarrio.org\\\/esp\\\/luchar\\\/\"},{\"@type\":\"ListItem\",\"position\":3,\"name\":\"11 Sectores de Lucha Comunitaria\",\"item\":\"https:\\\/\\\/uniondelbarrio.org\\\/esp\\\/luchar\\\/11-sectores-de-lucha-comunitaria\\\/\"},{\"@type\":\"ListItem\",\"position\":4,\"name\":\"La Lucha Liberatoria De La Mujer\"}]},{\"@type\":\"WebSite\",\"@id\":\"https:\\\/\\\/uniondelbarrio.org\\\/esp\\\/#website\",\"url\":\"https:\\\/\\\/uniondelbarrio.org\\\/esp\\\/\",\"name\":\"UdB en espa\u00f1ol\",\"description\":\"Concientizaci\u00f3n, Organizaci\u00f3n, Acci\u00f3n y Liberaci\u00f3n\",\"potentialAction\":[{\"@type\":\"SearchAction\",\"target\":{\"@type\":\"EntryPoint\",\"urlTemplate\":\"https:\\\/\\\/uniondelbarrio.org\\\/esp\\\/?s={search_term_string}\"},\"query-input\":{\"@type\":\"PropertyValueSpecification\",\"valueRequired\":true,\"valueName\":\"search_term_string\"}}],\"inLanguage\":\"en-US\"}]}<\/script>\n<!-- \/ Yoast SEO plugin. -->","yoast_head_json":{"title":"La Lucha Liberatoria De La Mujer - UdB en espa\u00f1ol","robots":{"index":"index","follow":"follow","max-snippet":"max-snippet:-1","max-image-preview":"max-image-preview:large","max-video-preview":"max-video-preview:-1"},"canonical":"https:\/\/uniondelbarrio.org\/esp\/luchar\/11-sectores-de-lucha-comunitaria\/la-mujer\/","og_locale":"en_US","og_type":"article","og_title":"La Lucha Liberatoria De La Mujer - UdB en espa\u00f1ol","og_description":"\u00a0Bajo construcci\u00f3n. En lo que se estabiliza la nueva pagina en el ingles, empezaremos el trabajo de transferir m\u00e1s contenido al espa\u00f1ol.","og_url":"https:\/\/uniondelbarrio.org\/esp\/luchar\/11-sectores-de-lucha-comunitaria\/la-mujer\/","og_site_name":"UdB en espa\u00f1ol","article_publisher":"https:\/\/www.facebook.com\/UniondelBarrio","article_modified_time":"2016-08-20T16:51:45+00:00","og_image":[{"width":1200,"height":628,"url":"https:\/\/uniondelbarrio.org\/esp\/wp-content\/uploads\/2021\/04\/ESP_UdB_FBDefaultWeb_1200x628.jpg","type":"image\/jpeg"}],"twitter_card":"summary_large_image","twitter_site":"@UniondelBarrio","schema":{"@context":"https:\/\/schema.org","@graph":[{"@type":"WebPage","@id":"https:\/\/uniondelbarrio.org\/esp\/luchar\/11-sectores-de-lucha-comunitaria\/la-mujer\/","url":"https:\/\/uniondelbarrio.org\/esp\/luchar\/11-sectores-de-lucha-comunitaria\/la-mujer\/","name":"La Lucha Liberatoria De La Mujer - UdB en espa\u00f1ol","isPartOf":{"@id":"https:\/\/uniondelbarrio.org\/esp\/#website"},"datePublished":"2016-08-20T16:29:51+00:00","dateModified":"2016-08-20T16:51:45+00:00","breadcrumb":{"@id":"https:\/\/uniondelbarrio.org\/esp\/luchar\/11-sectores-de-lucha-comunitaria\/la-mujer\/#breadcrumb"},"inLanguage":"en-US","potentialAction":[{"@type":"ReadAction","target":["https:\/\/uniondelbarrio.org\/esp\/luchar\/11-sectores-de-lucha-comunitaria\/la-mujer\/"]}]},{"@type":"BreadcrumbList","@id":"https:\/\/uniondelbarrio.org\/esp\/luchar\/11-sectores-de-lucha-comunitaria\/la-mujer\/#breadcrumb","itemListElement":[{"@type":"ListItem","position":1,"name":"Home","item":"https:\/\/uniondelbarrio.org\/esp\/"},{"@type":"ListItem","position":2,"name":"Luchar","item":"https:\/\/uniondelbarrio.org\/esp\/luchar\/"},{"@type":"ListItem","position":3,"name":"11 Sectores de Lucha Comunitaria","item":"https:\/\/uniondelbarrio.org\/esp\/luchar\/11-sectores-de-lucha-comunitaria\/"},{"@type":"ListItem","position":4,"name":"La Lucha Liberatoria De La Mujer"}]},{"@type":"WebSite","@id":"https:\/\/uniondelbarrio.org\/esp\/#website","url":"https:\/\/uniondelbarrio.org\/esp\/","name":"UdB en espa\u00f1ol","description":"Concientizaci\u00f3n, Organizaci\u00f3n, Acci\u00f3n y Liberaci\u00f3n","potentialAction":[{"@type":"SearchAction","target":{"@type":"EntryPoint","urlTemplate":"https:\/\/uniondelbarrio.org\/esp\/?s={search_term_string}"},"query-input":{"@type":"PropertyValueSpecification","valueRequired":true,"valueName":"search_term_string"}}],"inLanguage":"en-US"}]}},"_links":{"self":[{"href":"https:\/\/uniondelbarrio.org\/esp\/wp-json\/wp\/v2\/pages\/325","targetHints":{"allow":["GET"]}}],"collection":[{"href":"https:\/\/uniondelbarrio.org\/esp\/wp-json\/wp\/v2\/pages"}],"about":[{"href":"https:\/\/uniondelbarrio.org\/esp\/wp-json\/wp\/v2\/types\/page"}],"author":[{"embeddable":true,"href":"https:\/\/uniondelbarrio.org\/esp\/wp-json\/wp\/v2\/users\/1"}],"replies":[{"embeddable":true,"href":"https:\/\/uniondelbarrio.org\/esp\/wp-json\/wp\/v2\/comments?post=325"}],"version-history":[{"count":2,"href":"https:\/\/uniondelbarrio.org\/esp\/wp-json\/wp\/v2\/pages\/325\/revisions"}],"predecessor-version":[{"id":360,"href":"https:\/\/uniondelbarrio.org\/esp\/wp-json\/wp\/v2\/pages\/325\/revisions\/360"}],"up":[{"embeddable":true,"href":"https:\/\/uniondelbarrio.org\/esp\/wp-json\/wp\/v2\/pages\/294"}],"wp:attachment":[{"href":"https:\/\/uniondelbarrio.org\/esp\/wp-json\/wp\/v2\/media?parent=325"}],"curies":[{"name":"wp","href":"https:\/\/api.w.org\/{rel}","templated":true}]}}