{"id":332,"date":"2016-08-20T23:31:32","date_gmt":"2016-08-20T16:31:32","guid":{"rendered":"http:\/\/uniondelbarrio.org\/esp\/?page_id=332"},"modified":"2017-02-01T00:26:20","modified_gmt":"2017-01-31T17:26:20","slug":"la-industria-de-las-prisiones","status":"publish","type":"page","link":"https:\/\/uniondelbarrio.org\/esp\/luchar\/11-sectores-de-lucha-comunitaria\/la-industria-de-las-prisiones\/","title":{"rendered":"Resistir La Industria De Las Prisiones"},"content":{"rendered":"<h3 style=\"text-align: center;\"><em><span style=\"color: #993300;\">Visi\u00f3n Estrat\u00e9gica de Uni\u00f3n del Barrio:<\/span><\/em><\/h3>\n<h3 style=\"text-align: center;\"><span style=\"color: #993300;\">En Cada Barrio, Las Prisiones Tienes M\u00e1s\u00a0Influencia Sobre\u00a0Las Vidas De Nuestros J\u00f3venes Que Las Universidades<em>.<\/em><\/span><\/h3>\n<p><a href=\"http:\/\/uniondelbarrio.org\/main\/?page_id=563\"><img loading=\"lazy\" decoding=\"async\" class=\"alignright size-full wp-image-215\" src=\"https:\/\/uniondelbarrio.org\/esp\/wp-content\/uploads\/2016\/05\/englishversionbutton.png\" alt=\"\" width=\"184\" height=\"64\" \/><\/a><\/p>\n<p>Debemos desarrollar y consolidar nuestro trabajo que se centra en cuestiones relacionadas con las c\u00e1rceles, exponer el papel nefasto de la\u00a0industria\u00a0penitenciario, y la resistir al encarcelamiento masivo de la raza. Nuestro trabajo sobre cuestiones relacionadas con las prisiones expone la verdadera naturaleza del estado colonial y c\u00f3mo se beneficia de la represi\u00f3n\u00a0de nuestro pueblo.<\/p>\n<p><img loading=\"lazy\" decoding=\"async\" class=\"alignleft wp-image-511\" src=\"https:\/\/uniondelbarrio.org\/esp\/wp-content\/uploads\/2016\/08\/CMPP-LOGO-final-300x279.jpg\" width=\"250\" height=\"233\" \/>Trabajamos para poner fin al encarcelamiento masivo de mexicanas\/os y gente de toda Nuestra Am\u00e9rica. El enfoque pr\u00e1ctico de este trabajo es detener la represi\u00f3n diaria de los presos, al mismo tiempo que se\u00f1alan que los miles de millones de d\u00f3lares invertidos en las c\u00e1rceles no hacen nada para remediar esta crisis, sino que ayudan a expandir los beneficios masivos que se generan dentro de la industria carcelaria privada. La verdad es que el sistema penitenciario estadounidense y el &#8220;Complejo Industrial Penitenciario&#8221; es el m\u00e1s grande del mundo, y se ha convertido en una importante fuente de riqueza individual en Estados Unidos, donde un peque\u00f1o grupo de capitalistas hace miles de millones de d\u00f3lares sobre\u00a0la miseria de la clase trabajadora y de los pobres.<\/p>\n<p>Deber\u00edamos ver las c\u00e1rceles como instituciones capitalistas-imperialistas-colonialistas, dise\u00f1adas principalmente para contener nuestras comunidades y como una forma de impedir nuestra participaci\u00f3n masiva en los movimientos de liberaci\u00f3n dentro de las fronteras actuales de los EE.UU. Por lo tanto, nuestra lucha no es s\u00f3lo contra las prisiones, las condiciones en la sociedad que obligan a muchas personas en la conducta criminal, y exponer a los verdaderos criminales que se benefician de la encarcelaci\u00f3n de masas de personas.<\/p>\n<p>Esta \u00e1rea de trabajo de Uni\u00f3n del Barrio se lleva a cabo a trav\u00e9s de nuestro proyecto &#8211; el Chicano Mexicano Prison Project (CMPP).<\/p>\n<p style=\"text-align: center;\"><em><span style=\"color: #993300;\">Nuestra posici\u00f3n subordinada dentro de este sistema pol\u00edtico se confirma en el hecho de que en cada barrio, las prisiones juegan un papel m\u00e1s significativo en las vidas de nuestra juventud que las universidades.<\/span><\/em><\/p>\n","protected":false},"excerpt":{"rendered":"<p>Visi\u00f3n Estrat\u00e9gica de Uni\u00f3n del Barrio: En Cada Barrio, Las Prisiones Tienes M\u00e1s\u00a0Influencia Sobre\u00a0Las Vidas De Nuestros J\u00f3venes Que Las Universidades. Debemos desarrollar y consolidar nuestro trabajo que se centra en cuestiones relacionadas con las c\u00e1rceles, exponer el papel nefasto de la\u00a0industria\u00a0penitenciario, y la resistir al encarcelamiento masivo de la raza. Nuestro trabajo sobre cuestiones [&hellip;]<\/p>\n","protected":false},"author":1,"featured_media":0,"parent":294,"menu_order":0,"comment_status":"closed","ping_status":"closed","template":"","meta":{"footnotes":""},"class_list":["post-332","page","type-page","status-publish","hentry"],"yoast_head":"<!-- This site is optimized with the Yoast SEO plugin v27.4 - https:\/\/yoast.com\/product\/yoast-seo-wordpress\/ -->\n<title>Resistir La Industria De Las Prisiones - UdB en espa\u00f1ol<\/title>\n<meta name=\"robots\" content=\"index, follow, max-snippet:-1, max-image-preview:large, max-video-preview:-1\" \/>\n<link rel=\"canonical\" href=\"https:\/\/uniondelbarrio.org\/esp\/luchar\/11-sectores-de-lucha-comunitaria\/la-industria-de-las-prisiones\/\" \/>\n<meta property=\"og:locale\" content=\"en_US\" \/>\n<meta property=\"og:type\" content=\"article\" \/>\n<meta property=\"og:title\" content=\"Resistir La Industria De Las Prisiones - UdB en espa\u00f1ol\" \/>\n<meta property=\"og:description\" content=\"Visi\u00f3n Estrat\u00e9gica de Uni\u00f3n del Barrio: En Cada Barrio, Las Prisiones Tienes M\u00e1s\u00a0Influencia Sobre\u00a0Las Vidas De Nuestros J\u00f3venes Que Las Universidades. Debemos desarrollar y consolidar nuestro trabajo que se centra en cuestiones relacionadas con las c\u00e1rceles, exponer el papel nefasto de la\u00a0industria\u00a0penitenciario, y la resistir al encarcelamiento masivo de la raza. Nuestro trabajo sobre cuestiones [&hellip;]\" \/>\n<meta property=\"og:url\" content=\"https:\/\/uniondelbarrio.org\/esp\/luchar\/11-sectores-de-lucha-comunitaria\/la-industria-de-las-prisiones\/\" \/>\n<meta property=\"og:site_name\" content=\"UdB en espa\u00f1ol\" \/>\n<meta property=\"article:publisher\" content=\"https:\/\/www.facebook.com\/UniondelBarrio\" \/>\n<meta property=\"article:modified_time\" content=\"2017-01-31T17:26:20+00:00\" \/>\n<meta property=\"og:image\" content=\"http:\/\/uniondelbarrio.org\/esp\/wp-content\/uploads\/2016\/05\/englishversionbutton.png\" \/>\n<meta name=\"twitter:card\" content=\"summary_large_image\" \/>\n<meta name=\"twitter:site\" content=\"@UniondelBarrio\" \/>\n<meta name=\"twitter:label1\" content=\"Est. reading time\" \/>\n\t<meta name=\"twitter:data1\" content=\"2 minutes\" \/>\n<script type=\"application\/ld+json\" class=\"yoast-schema-graph\">{\"@context\":\"https:\\\/\\\/schema.org\",\"@graph\":[{\"@type\":\"WebPage\",\"@id\":\"https:\\\/\\\/uniondelbarrio.org\\\/esp\\\/luchar\\\/11-sectores-de-lucha-comunitaria\\\/la-industria-de-las-prisiones\\\/\",\"url\":\"https:\\\/\\\/uniondelbarrio.org\\\/esp\\\/luchar\\\/11-sectores-de-lucha-comunitaria\\\/la-industria-de-las-prisiones\\\/\",\"name\":\"Resistir La Industria De Las Prisiones - UdB en espa\u00f1ol\",\"isPartOf\":{\"@id\":\"https:\\\/\\\/uniondelbarrio.org\\\/esp\\\/#website\"},\"primaryImageOfPage\":{\"@id\":\"https:\\\/\\\/uniondelbarrio.org\\\/esp\\\/luchar\\\/11-sectores-de-lucha-comunitaria\\\/la-industria-de-las-prisiones\\\/#primaryimage\"},\"image\":{\"@id\":\"https:\\\/\\\/uniondelbarrio.org\\\/esp\\\/luchar\\\/11-sectores-de-lucha-comunitaria\\\/la-industria-de-las-prisiones\\\/#primaryimage\"},\"thumbnailUrl\":\"http:\\\/\\\/uniondelbarrio.org\\\/esp\\\/wp-content\\\/uploads\\\/2016\\\/05\\\/englishversionbutton.png\",\"datePublished\":\"2016-08-20T16:31:32+00:00\",\"dateModified\":\"2017-01-31T17:26:20+00:00\",\"breadcrumb\":{\"@id\":\"https:\\\/\\\/uniondelbarrio.org\\\/esp\\\/luchar\\\/11-sectores-de-lucha-comunitaria\\\/la-industria-de-las-prisiones\\\/#breadcrumb\"},\"inLanguage\":\"en-US\",\"potentialAction\":[{\"@type\":\"ReadAction\",\"target\":[\"https:\\\/\\\/uniondelbarrio.org\\\/esp\\\/luchar\\\/11-sectores-de-lucha-comunitaria\\\/la-industria-de-las-prisiones\\\/\"]}]},{\"@type\":\"ImageObject\",\"inLanguage\":\"en-US\",\"@id\":\"https:\\\/\\\/uniondelbarrio.org\\\/esp\\\/luchar\\\/11-sectores-de-lucha-comunitaria\\\/la-industria-de-las-prisiones\\\/#primaryimage\",\"url\":\"http:\\\/\\\/uniondelbarrio.org\\\/esp\\\/wp-content\\\/uploads\\\/2016\\\/05\\\/englishversionbutton.png\",\"contentUrl\":\"http:\\\/\\\/uniondelbarrio.org\\\/esp\\\/wp-content\\\/uploads\\\/2016\\\/05\\\/englishversionbutton.png\"},{\"@type\":\"BreadcrumbList\",\"@id\":\"https:\\\/\\\/uniondelbarrio.org\\\/esp\\\/luchar\\\/11-sectores-de-lucha-comunitaria\\\/la-industria-de-las-prisiones\\\/#breadcrumb\",\"itemListElement\":[{\"@type\":\"ListItem\",\"position\":1,\"name\":\"Home\",\"item\":\"https:\\\/\\\/uniondelbarrio.org\\\/esp\\\/\"},{\"@type\":\"ListItem\",\"position\":2,\"name\":\"Luchar\",\"item\":\"https:\\\/\\\/uniondelbarrio.org\\\/esp\\\/luchar\\\/\"},{\"@type\":\"ListItem\",\"position\":3,\"name\":\"11 Sectores de Lucha Comunitaria\",\"item\":\"https:\\\/\\\/uniondelbarrio.org\\\/esp\\\/luchar\\\/11-sectores-de-lucha-comunitaria\\\/\"},{\"@type\":\"ListItem\",\"position\":4,\"name\":\"Resistir La Industria De Las Prisiones\"}]},{\"@type\":\"WebSite\",\"@id\":\"https:\\\/\\\/uniondelbarrio.org\\\/esp\\\/#website\",\"url\":\"https:\\\/\\\/uniondelbarrio.org\\\/esp\\\/\",\"name\":\"UdB en espa\u00f1ol\",\"description\":\"Concientizaci\u00f3n, Organizaci\u00f3n, Acci\u00f3n y Liberaci\u00f3n\",\"potentialAction\":[{\"@type\":\"SearchAction\",\"target\":{\"@type\":\"EntryPoint\",\"urlTemplate\":\"https:\\\/\\\/uniondelbarrio.org\\\/esp\\\/?s={search_term_string}\"},\"query-input\":{\"@type\":\"PropertyValueSpecification\",\"valueRequired\":true,\"valueName\":\"search_term_string\"}}],\"inLanguage\":\"en-US\"}]}<\/script>\n<!-- \/ Yoast SEO plugin. -->","yoast_head_json":{"title":"Resistir La Industria De Las Prisiones - UdB en espa\u00f1ol","robots":{"index":"index","follow":"follow","max-snippet":"max-snippet:-1","max-image-preview":"max-image-preview:large","max-video-preview":"max-video-preview:-1"},"canonical":"https:\/\/uniondelbarrio.org\/esp\/luchar\/11-sectores-de-lucha-comunitaria\/la-industria-de-las-prisiones\/","og_locale":"en_US","og_type":"article","og_title":"Resistir La Industria De Las Prisiones - UdB en espa\u00f1ol","og_description":"Visi\u00f3n Estrat\u00e9gica de Uni\u00f3n del Barrio: En Cada Barrio, Las Prisiones Tienes M\u00e1s\u00a0Influencia Sobre\u00a0Las Vidas De Nuestros J\u00f3venes Que Las Universidades. Debemos desarrollar y consolidar nuestro trabajo que se centra en cuestiones relacionadas con las c\u00e1rceles, exponer el papel nefasto de la\u00a0industria\u00a0penitenciario, y la resistir al encarcelamiento masivo de la raza. Nuestro trabajo sobre cuestiones [&hellip;]","og_url":"https:\/\/uniondelbarrio.org\/esp\/luchar\/11-sectores-de-lucha-comunitaria\/la-industria-de-las-prisiones\/","og_site_name":"UdB en espa\u00f1ol","article_publisher":"https:\/\/www.facebook.com\/UniondelBarrio","article_modified_time":"2017-01-31T17:26:20+00:00","og_image":[{"url":"http:\/\/uniondelbarrio.org\/esp\/wp-content\/uploads\/2016\/05\/englishversionbutton.png","type":"","width":"","height":""}],"twitter_card":"summary_large_image","twitter_site":"@UniondelBarrio","twitter_misc":{"Est. reading time":"2 minutes"},"schema":{"@context":"https:\/\/schema.org","@graph":[{"@type":"WebPage","@id":"https:\/\/uniondelbarrio.org\/esp\/luchar\/11-sectores-de-lucha-comunitaria\/la-industria-de-las-prisiones\/","url":"https:\/\/uniondelbarrio.org\/esp\/luchar\/11-sectores-de-lucha-comunitaria\/la-industria-de-las-prisiones\/","name":"Resistir La Industria De Las Prisiones - UdB en espa\u00f1ol","isPartOf":{"@id":"https:\/\/uniondelbarrio.org\/esp\/#website"},"primaryImageOfPage":{"@id":"https:\/\/uniondelbarrio.org\/esp\/luchar\/11-sectores-de-lucha-comunitaria\/la-industria-de-las-prisiones\/#primaryimage"},"image":{"@id":"https:\/\/uniondelbarrio.org\/esp\/luchar\/11-sectores-de-lucha-comunitaria\/la-industria-de-las-prisiones\/#primaryimage"},"thumbnailUrl":"http:\/\/uniondelbarrio.org\/esp\/wp-content\/uploads\/2016\/05\/englishversionbutton.png","datePublished":"2016-08-20T16:31:32+00:00","dateModified":"2017-01-31T17:26:20+00:00","breadcrumb":{"@id":"https:\/\/uniondelbarrio.org\/esp\/luchar\/11-sectores-de-lucha-comunitaria\/la-industria-de-las-prisiones\/#breadcrumb"},"inLanguage":"en-US","potentialAction":[{"@type":"ReadAction","target":["https:\/\/uniondelbarrio.org\/esp\/luchar\/11-sectores-de-lucha-comunitaria\/la-industria-de-las-prisiones\/"]}]},{"@type":"ImageObject","inLanguage":"en-US","@id":"https:\/\/uniondelbarrio.org\/esp\/luchar\/11-sectores-de-lucha-comunitaria\/la-industria-de-las-prisiones\/#primaryimage","url":"http:\/\/uniondelbarrio.org\/esp\/wp-content\/uploads\/2016\/05\/englishversionbutton.png","contentUrl":"http:\/\/uniondelbarrio.org\/esp\/wp-content\/uploads\/2016\/05\/englishversionbutton.png"},{"@type":"BreadcrumbList","@id":"https:\/\/uniondelbarrio.org\/esp\/luchar\/11-sectores-de-lucha-comunitaria\/la-industria-de-las-prisiones\/#breadcrumb","itemListElement":[{"@type":"ListItem","position":1,"name":"Home","item":"https:\/\/uniondelbarrio.org\/esp\/"},{"@type":"ListItem","position":2,"name":"Luchar","item":"https:\/\/uniondelbarrio.org\/esp\/luchar\/"},{"@type":"ListItem","position":3,"name":"11 Sectores de Lucha Comunitaria","item":"https:\/\/uniondelbarrio.org\/esp\/luchar\/11-sectores-de-lucha-comunitaria\/"},{"@type":"ListItem","position":4,"name":"Resistir La Industria De Las Prisiones"}]},{"@type":"WebSite","@id":"https:\/\/uniondelbarrio.org\/esp\/#website","url":"https:\/\/uniondelbarrio.org\/esp\/","name":"UdB en espa\u00f1ol","description":"Concientizaci\u00f3n, Organizaci\u00f3n, Acci\u00f3n y Liberaci\u00f3n","potentialAction":[{"@type":"SearchAction","target":{"@type":"EntryPoint","urlTemplate":"https:\/\/uniondelbarrio.org\/esp\/?s={search_term_string}"},"query-input":{"@type":"PropertyValueSpecification","valueRequired":true,"valueName":"search_term_string"}}],"inLanguage":"en-US"}]}},"_links":{"self":[{"href":"https:\/\/uniondelbarrio.org\/esp\/wp-json\/wp\/v2\/pages\/332","targetHints":{"allow":["GET"]}}],"collection":[{"href":"https:\/\/uniondelbarrio.org\/esp\/wp-json\/wp\/v2\/pages"}],"about":[{"href":"https:\/\/uniondelbarrio.org\/esp\/wp-json\/wp\/v2\/types\/page"}],"author":[{"embeddable":true,"href":"https:\/\/uniondelbarrio.org\/esp\/wp-json\/wp\/v2\/users\/1"}],"replies":[{"embeddable":true,"href":"https:\/\/uniondelbarrio.org\/esp\/wp-json\/wp\/v2\/comments?post=332"}],"version-history":[{"count":13,"href":"https:\/\/uniondelbarrio.org\/esp\/wp-json\/wp\/v2\/pages\/332\/revisions"}],"predecessor-version":[{"id":532,"href":"https:\/\/uniondelbarrio.org\/esp\/wp-json\/wp\/v2\/pages\/332\/revisions\/532"}],"up":[{"embeddable":true,"href":"https:\/\/uniondelbarrio.org\/esp\/wp-json\/wp\/v2\/pages\/294"}],"wp:attachment":[{"href":"https:\/\/uniondelbarrio.org\/esp\/wp-json\/wp\/v2\/media?parent=332"}],"curies":[{"name":"wp","href":"https:\/\/api.w.org\/{rel}","templated":true}]}}