{"id":42,"date":"2015-05-16T09:18:16","date_gmt":"2015-05-16T02:18:16","guid":{"rendered":"http:\/\/uniondelbarrio.org\/esp\/?page_id=42"},"modified":"2019-07-07T12:44:44","modified_gmt":"2019-07-07T19:44:44","slug":"presentacion","status":"publish","type":"page","link":"https:\/\/uniondelbarrio.org\/esp\/sobre-udb\/un-programa-para-proveer-direccion-politica-concientizar-el-pueblo-y-crear-la-lucha-para-la-liberacion-nacional\/presentacion\/","title":{"rendered":"Presentaci\u00f3n"},"content":{"rendered":"<div class=\"page\" title=\"Page 2\">\n<div class=\"layoutArea\">\n<div class=\"column\">\n<div class=\"page\" title=\"Page 2\">\n<div class=\"layoutArea\">\n<div class=\"column\">\n<div class=\"page\" title=\"Page 2\">\n<div class=\"layoutArea\">\n<div class=\"column\">\n<div class=\"page\" title=\"Page 3\">\n<div class=\"layoutArea\">\n<div class=\"column\">\n<div class=\"page\" title=\"Page 3\">\n<div class=\"layoutArea\">\n<div class=\"column\">\n<p>Uni\u00f3n del Barrio ha sido una de las pocas organizaciones que se ha mantenido activa atendiendo las condiciones locales, nacionales y mundiales y como \u00e9stas se relacionan a nuestras comunidades que viven dentro de las fronteras pol\u00edticas de los Estados Unidos (EEUU). Aunque hemos evolucionado, nos mantenemos comprometidos a la liberaci\u00f3n de nuestro pueblo (La Raza), desde Chile hasta Alaska y, en ese sentido, con la lucha por la libre determinaci\u00f3n de los pueblos y las naciones del mundo.<\/p>\n<p>Somos la Raza, el pueblo de esta tierra. Rechazamos todo tipo de expresi\u00f3n colonial, imperialista y neoliberal. Cuando utilizamos el t\u00e9rmino \u201cla Raza\u201d nos referimos al pueblo que incluye a todas las poblaciones de Nuestra Am\u00e9rica. Es un t\u00e9rmino progresista que une la diversidad cultural, \u00e9tnica, de g\u00e9nero y racial con aspiraciones liberatorias de los pueblos ind\u00edgenas y de las naciones de Am\u00e9rica Latina. Es por eso que <em>La Raza de Nuestra Am\u00e9rica<\/em> representa la unidad transcontinental de pueblos que comparten similares condiciones pol\u00edticas, culturales, hist\u00f3ricas y de intereses de clase obrera. La lucha de Uni\u00f3n del Barrio es una parte de la resistencia ind\u00edgena que se extiende por Am\u00e9rica del Norte y Am\u00e9rica del Sur, de Alaska a Tierra del Fuego, con fronteras impuestas que sirven los intereses de la elite internacional capitalista, actualmente encabezada por el imperialismo de los Estados Unidos.<\/p>\n<p>Uni\u00f3n del Barrio es una organizaci\u00f3n revolucionaria compuesta por individuos disciplinados y comprometidos a impulsar la estrategia, ciencia y estructuras organizativas necesarias para revertir nuestra opresi\u00f3n y buscar la liberaci\u00f3n de M\u00e9xico y Nuestra Am\u00e9rica. Nuestra tarea de largo plazo es construir un partido capaz de obtener el reconocimiento de la mayor\u00eda de <em>la Raza<\/em>, que acepte nuestros esfuerzos como un camino hacia un mejor futuro. Trabajamos sin descanso para unificar el poder de las y los trabajadores, educadores, estudiantes, comunidades ind\u00edgenas, j\u00f3venes, personas LGBTQ+, mujeres y presos, dentro de un movimiento social para buscar la autodeterminaci\u00f3n y liberaci\u00f3n.<\/p>\n<p>Uno de los limitantes del movimiento durante el periodo del \u201cPoder Chicano\u201d (1965 a 1975) fue la ausencia de una ideolog\u00eda coherente. Este limitante hizo que organizaciones e individuos fueran susceptibles a interpretaciones erradas e individualistas de nuestra lucha. Los debates de entonces, enmarcaban a nuestro movimiento como uno por los \u201cderechos civiles,\u201d como auxiliar a los trabajadores blancos, o bien, basado en desarrollar nuestra identidad dentro de la cultura pol\u00edtica de los Estados Unidos. Debates m\u00e1s profundos, as\u00ed como los retos que nuestro movimiento enfrentaba no fueron resueltos por los programas pol\u00edticos de entonces, y esta flaqueza ideol\u00f3gica no permiti\u00f3 la consolidaci\u00f3n organizativa, condujo al agotamiento de muchos activistas. Otros se vendieron\/traicionaron sus principios. Y, aun m\u00e1s grave, esta limitante permiti\u00f3 que nuestro movimiento fuera v\u00edctima de la infiltraci\u00f3n, desprestigio y la represi\u00f3n del estado.<\/p>\n<\/div>\n<div class=\"page\" title=\"Page 4\">\n<div class=\"layoutArea\">\n<div class=\"column\">\n<p>Vivimos en un momento en que el cambio es constante, la crisis permanente, y nada es est\u00e1tico. Los oportunistas argumentan que la lucha m\u00e1s apremiante es asimilarnos al cambio pol\u00edtico definido por el imperialismo de los Estados Unidos. Para Uni\u00f3n del Barrio, sobreviviendo y creciendo dentro de la las entra\u00f1as de la bestia imperialista no ha sido algo tan sencillo como \u201cadaptar\u201d nuestros principios a las condiciones actuales. M\u00e1s bien representa la lucha por mantenernos firmes a nuestro Programa Pol\u00edtico que enmarca principios fundamentales y m\u00e9todos de lucha revolucionaria que se han acumulado durante generaciones. Mientras que la explotaci\u00f3n, el neocolonialismo y la agresi\u00f3n imperialista contin\u00faen existiendo, la prioridad para nosotros es continuar nuestro trabajo, mejorar nuestra ideolog\u00eda y consolidar a Uni\u00f3n del Barrio como una organizaci\u00f3n revolucionaria. Esto es lo que hemos hecho desde nuestra formaci\u00f3n en 1981, y lo que continuaremos haciendo como parte de nuestra liberaci\u00f3n, tanto en M\u00e9xico como en Nuestra Am\u00e9rica. Hemos mantenido en alto la antorcha de la lucha organizada, y esta una de nuestras m\u00e1s importantes contribuciones a la lucha mundial para ponerle fin a la subyugaci\u00f3n y represi\u00f3n de los pueblos de la tierra.<\/p>\n<p>Desde nuestros inicios en 1981, Uni\u00f3n del Barrio ha identificado la necesidad de tener un Programa Pol\u00edtico que mejor gu\u00ede a un movimiento revolucionario. Por este motivo hemos expandido, refinado y enriquecido nuestro Programa Pol\u00edtico, haciendo que tomemos un paso m\u00e1s hacia la consolidaci\u00f3n de un partido revolucionario indispensable para tomar un papel de liderazgo en la lucha por la liberaci\u00f3n de M\u00e9xico y Nuestra Am\u00e9rica. Una de las contribuciones que Uni\u00f3n del Barrio ha aportado al Movimiento Chicano ha sido el desarrollo de una ideolog\u00eda que atienda las necesidades inmediatas de nuestras comunidades. Con este programa pol\u00edtico atendemos la realidad de <em>la Raza<\/em>, y proveemos una visi\u00f3n para defender nuestros derechos e intereses dentro de las fronteras de los Estados Unidos. De igual forma, este Programa Pol\u00edtico nos conecta con Nuestra Am\u00e9rica, y define nuestra relaci\u00f3n con los pueblos oprimidos y colonizados del planeta.<\/p>\n<p>En un partido revolucionario, la acci\u00f3n colectiva parte de una ideolog\u00eda unificada y por ende requiere de un Programa Pol\u00edtico con la capacidad de impulsar nuestros esfuerzos organizativos hacia la libertad y la libre determinaci\u00f3n. Este Programa Pol\u00edtico representa nuestros principios de unidad, la columna de nuestra teor\u00eda y pr\u00e1ctica, y una gu\u00eda para el liderazgo del la organizaci\u00f3n, estructuras y cuadros que est\u00e1n en la lucha diaria.<\/p>\n<\/div>\n<\/div>\n<\/div>\n<\/div>\n<\/div>\n<p>SIGUE\u00a0<em>Quienes Somos<\/em>: \u201c<a href=\"https:\/\/uniondelbarrio.org\/esp\/?page_id=63\">I. Desde Alaska Hasta Chile, Somos Un Pueblo Sin Fronteras<\/a>\u201d<\/p>\n<\/div>\n<\/div>\n<\/div>\n<\/div>\n<\/div>\n<\/div>\n<\/div>\n<\/div>\n<\/div>\n<\/div>\n<\/div>\n<\/div>\n","protected":false},"excerpt":{"rendered":"<p>Uni\u00f3n del Barrio ha sido una de las pocas organizaciones que se ha mantenido activa atendiendo las condiciones locales, nacionales y mundiales y como \u00e9stas se relacionan a nuestras comunidades que viven dentro de las fronteras pol\u00edticas de los Estados Unidos (EEUU). Aunque hemos evolucionado, nos mantenemos comprometidos a la liberaci\u00f3n de nuestro pueblo (La [&hellip;]<\/p>\n","protected":false},"author":1,"featured_media":0,"parent":38,"menu_order":1,"comment_status":"closed","ping_status":"closed","template":"","meta":{"footnotes":""},"class_list":["post-42","page","type-page","status-publish","hentry"],"yoast_head":"<!-- This site is optimized with the Yoast SEO plugin v27.4 - https:\/\/yoast.com\/product\/yoast-seo-wordpress\/ -->\n<title>Presentaci\u00f3n - UdB en espa\u00f1ol<\/title>\n<meta name=\"robots\" content=\"index, follow, max-snippet:-1, max-image-preview:large, max-video-preview:-1\" \/>\n<link rel=\"canonical\" href=\"https:\/\/uniondelbarrio.org\/esp\/sobre-udb\/un-programa-para-proveer-direccion-politica-concientizar-el-pueblo-y-crear-la-lucha-para-la-liberacion-nacional\/presentacion\/\" \/>\n<meta property=\"og:locale\" content=\"en_US\" \/>\n<meta property=\"og:type\" content=\"article\" \/>\n<meta property=\"og:title\" content=\"Presentaci\u00f3n - UdB en espa\u00f1ol\" \/>\n<meta property=\"og:description\" content=\"Uni\u00f3n del Barrio ha sido una de las pocas organizaciones que se ha mantenido activa atendiendo las condiciones locales, nacionales y mundiales y como \u00e9stas se relacionan a nuestras comunidades que viven dentro de las fronteras pol\u00edticas de los Estados Unidos (EEUU). Aunque hemos evolucionado, nos mantenemos comprometidos a la liberaci\u00f3n de nuestro pueblo (La [&hellip;]\" \/>\n<meta property=\"og:url\" content=\"https:\/\/uniondelbarrio.org\/esp\/sobre-udb\/un-programa-para-proveer-direccion-politica-concientizar-el-pueblo-y-crear-la-lucha-para-la-liberacion-nacional\/presentacion\/\" \/>\n<meta property=\"og:site_name\" content=\"UdB en espa\u00f1ol\" \/>\n<meta property=\"article:publisher\" content=\"https:\/\/www.facebook.com\/UniondelBarrio\" \/>\n<meta property=\"article:modified_time\" content=\"2019-07-07T19:44:44+00:00\" \/>\n<meta property=\"og:image\" content=\"https:\/\/uniondelbarrio.org\/esp\/wp-content\/uploads\/2021\/04\/ESP_UdB_FBDefaultWeb_1200x628.jpg\" \/>\n\t<meta property=\"og:image:width\" content=\"1200\" \/>\n\t<meta property=\"og:image:height\" content=\"628\" \/>\n\t<meta property=\"og:image:type\" content=\"image\/jpeg\" \/>\n<meta name=\"twitter:card\" content=\"summary_large_image\" \/>\n<meta name=\"twitter:site\" content=\"@UniondelBarrio\" \/>\n<meta name=\"twitter:label1\" content=\"Est. reading time\" \/>\n\t<meta name=\"twitter:data1\" content=\"5 minutes\" \/>\n<script type=\"application\/ld+json\" class=\"yoast-schema-graph\">{\"@context\":\"https:\\\/\\\/schema.org\",\"@graph\":[{\"@type\":\"WebPage\",\"@id\":\"https:\\\/\\\/uniondelbarrio.org\\\/esp\\\/sobre-udb\\\/un-programa-para-proveer-direccion-politica-concientizar-el-pueblo-y-crear-la-lucha-para-la-liberacion-nacional\\\/presentacion\\\/\",\"url\":\"https:\\\/\\\/uniondelbarrio.org\\\/esp\\\/sobre-udb\\\/un-programa-para-proveer-direccion-politica-concientizar-el-pueblo-y-crear-la-lucha-para-la-liberacion-nacional\\\/presentacion\\\/\",\"name\":\"Presentaci\u00f3n - UdB en espa\u00f1ol\",\"isPartOf\":{\"@id\":\"https:\\\/\\\/uniondelbarrio.org\\\/esp\\\/#website\"},\"datePublished\":\"2015-05-16T02:18:16+00:00\",\"dateModified\":\"2019-07-07T19:44:44+00:00\",\"breadcrumb\":{\"@id\":\"https:\\\/\\\/uniondelbarrio.org\\\/esp\\\/sobre-udb\\\/un-programa-para-proveer-direccion-politica-concientizar-el-pueblo-y-crear-la-lucha-para-la-liberacion-nacional\\\/presentacion\\\/#breadcrumb\"},\"inLanguage\":\"en-US\",\"potentialAction\":[{\"@type\":\"ReadAction\",\"target\":[\"https:\\\/\\\/uniondelbarrio.org\\\/esp\\\/sobre-udb\\\/un-programa-para-proveer-direccion-politica-concientizar-el-pueblo-y-crear-la-lucha-para-la-liberacion-nacional\\\/presentacion\\\/\"]}]},{\"@type\":\"BreadcrumbList\",\"@id\":\"https:\\\/\\\/uniondelbarrio.org\\\/esp\\\/sobre-udb\\\/un-programa-para-proveer-direccion-politica-concientizar-el-pueblo-y-crear-la-lucha-para-la-liberacion-nacional\\\/presentacion\\\/#breadcrumb\",\"itemListElement\":[{\"@type\":\"ListItem\",\"position\":1,\"name\":\"Home\",\"item\":\"https:\\\/\\\/uniondelbarrio.org\\\/esp\\\/\"},{\"@type\":\"ListItem\",\"position\":2,\"name\":\"\u00bfQui\u00e9n Es Uni\u00f3n del Barrio?\",\"item\":\"https:\\\/\\\/uniondelbarrio.org\\\/esp\\\/sobre-udb\\\/\"},{\"@type\":\"ListItem\",\"position\":3,\"name\":\"Un Programa Para Proveer Direcci\u00f3n Pol\u00edtica, Concientizar El Pueblo Y Crear La Lucha Para La Liberaci\u00f3n Nacional\",\"item\":\"https:\\\/\\\/uniondelbarrio.org\\\/esp\\\/sobre-udb\\\/un-programa-para-proveer-direccion-politica-concientizar-el-pueblo-y-crear-la-lucha-para-la-liberacion-nacional\\\/\"},{\"@type\":\"ListItem\",\"position\":4,\"name\":\"Presentaci\u00f3n\"}]},{\"@type\":\"WebSite\",\"@id\":\"https:\\\/\\\/uniondelbarrio.org\\\/esp\\\/#website\",\"url\":\"https:\\\/\\\/uniondelbarrio.org\\\/esp\\\/\",\"name\":\"UdB en espa\u00f1ol\",\"description\":\"Concientizaci\u00f3n, Organizaci\u00f3n, Acci\u00f3n y Liberaci\u00f3n\",\"potentialAction\":[{\"@type\":\"SearchAction\",\"target\":{\"@type\":\"EntryPoint\",\"urlTemplate\":\"https:\\\/\\\/uniondelbarrio.org\\\/esp\\\/?s={search_term_string}\"},\"query-input\":{\"@type\":\"PropertyValueSpecification\",\"valueRequired\":true,\"valueName\":\"search_term_string\"}}],\"inLanguage\":\"en-US\"}]}<\/script>\n<!-- \/ Yoast SEO plugin. -->","yoast_head_json":{"title":"Presentaci\u00f3n - UdB en espa\u00f1ol","robots":{"index":"index","follow":"follow","max-snippet":"max-snippet:-1","max-image-preview":"max-image-preview:large","max-video-preview":"max-video-preview:-1"},"canonical":"https:\/\/uniondelbarrio.org\/esp\/sobre-udb\/un-programa-para-proveer-direccion-politica-concientizar-el-pueblo-y-crear-la-lucha-para-la-liberacion-nacional\/presentacion\/","og_locale":"en_US","og_type":"article","og_title":"Presentaci\u00f3n - UdB en espa\u00f1ol","og_description":"Uni\u00f3n del Barrio ha sido una de las pocas organizaciones que se ha mantenido activa atendiendo las condiciones locales, nacionales y mundiales y como \u00e9stas se relacionan a nuestras comunidades que viven dentro de las fronteras pol\u00edticas de los Estados Unidos (EEUU). Aunque hemos evolucionado, nos mantenemos comprometidos a la liberaci\u00f3n de nuestro pueblo (La [&hellip;]","og_url":"https:\/\/uniondelbarrio.org\/esp\/sobre-udb\/un-programa-para-proveer-direccion-politica-concientizar-el-pueblo-y-crear-la-lucha-para-la-liberacion-nacional\/presentacion\/","og_site_name":"UdB en espa\u00f1ol","article_publisher":"https:\/\/www.facebook.com\/UniondelBarrio","article_modified_time":"2019-07-07T19:44:44+00:00","og_image":[{"width":1200,"height":628,"url":"https:\/\/uniondelbarrio.org\/esp\/wp-content\/uploads\/2021\/04\/ESP_UdB_FBDefaultWeb_1200x628.jpg","type":"image\/jpeg"}],"twitter_card":"summary_large_image","twitter_site":"@UniondelBarrio","twitter_misc":{"Est. reading time":"5 minutes"},"schema":{"@context":"https:\/\/schema.org","@graph":[{"@type":"WebPage","@id":"https:\/\/uniondelbarrio.org\/esp\/sobre-udb\/un-programa-para-proveer-direccion-politica-concientizar-el-pueblo-y-crear-la-lucha-para-la-liberacion-nacional\/presentacion\/","url":"https:\/\/uniondelbarrio.org\/esp\/sobre-udb\/un-programa-para-proveer-direccion-politica-concientizar-el-pueblo-y-crear-la-lucha-para-la-liberacion-nacional\/presentacion\/","name":"Presentaci\u00f3n - UdB en espa\u00f1ol","isPartOf":{"@id":"https:\/\/uniondelbarrio.org\/esp\/#website"},"datePublished":"2015-05-16T02:18:16+00:00","dateModified":"2019-07-07T19:44:44+00:00","breadcrumb":{"@id":"https:\/\/uniondelbarrio.org\/esp\/sobre-udb\/un-programa-para-proveer-direccion-politica-concientizar-el-pueblo-y-crear-la-lucha-para-la-liberacion-nacional\/presentacion\/#breadcrumb"},"inLanguage":"en-US","potentialAction":[{"@type":"ReadAction","target":["https:\/\/uniondelbarrio.org\/esp\/sobre-udb\/un-programa-para-proveer-direccion-politica-concientizar-el-pueblo-y-crear-la-lucha-para-la-liberacion-nacional\/presentacion\/"]}]},{"@type":"BreadcrumbList","@id":"https:\/\/uniondelbarrio.org\/esp\/sobre-udb\/un-programa-para-proveer-direccion-politica-concientizar-el-pueblo-y-crear-la-lucha-para-la-liberacion-nacional\/presentacion\/#breadcrumb","itemListElement":[{"@type":"ListItem","position":1,"name":"Home","item":"https:\/\/uniondelbarrio.org\/esp\/"},{"@type":"ListItem","position":2,"name":"\u00bfQui\u00e9n Es Uni\u00f3n del Barrio?","item":"https:\/\/uniondelbarrio.org\/esp\/sobre-udb\/"},{"@type":"ListItem","position":3,"name":"Un Programa Para Proveer Direcci\u00f3n Pol\u00edtica, Concientizar El Pueblo Y Crear La Lucha Para La Liberaci\u00f3n Nacional","item":"https:\/\/uniondelbarrio.org\/esp\/sobre-udb\/un-programa-para-proveer-direccion-politica-concientizar-el-pueblo-y-crear-la-lucha-para-la-liberacion-nacional\/"},{"@type":"ListItem","position":4,"name":"Presentaci\u00f3n"}]},{"@type":"WebSite","@id":"https:\/\/uniondelbarrio.org\/esp\/#website","url":"https:\/\/uniondelbarrio.org\/esp\/","name":"UdB en espa\u00f1ol","description":"Concientizaci\u00f3n, Organizaci\u00f3n, Acci\u00f3n y Liberaci\u00f3n","potentialAction":[{"@type":"SearchAction","target":{"@type":"EntryPoint","urlTemplate":"https:\/\/uniondelbarrio.org\/esp\/?s={search_term_string}"},"query-input":{"@type":"PropertyValueSpecification","valueRequired":true,"valueName":"search_term_string"}}],"inLanguage":"en-US"}]}},"_links":{"self":[{"href":"https:\/\/uniondelbarrio.org\/esp\/wp-json\/wp\/v2\/pages\/42","targetHints":{"allow":["GET"]}}],"collection":[{"href":"https:\/\/uniondelbarrio.org\/esp\/wp-json\/wp\/v2\/pages"}],"about":[{"href":"https:\/\/uniondelbarrio.org\/esp\/wp-json\/wp\/v2\/types\/page"}],"author":[{"embeddable":true,"href":"https:\/\/uniondelbarrio.org\/esp\/wp-json\/wp\/v2\/users\/1"}],"replies":[{"embeddable":true,"href":"https:\/\/uniondelbarrio.org\/esp\/wp-json\/wp\/v2\/comments?post=42"}],"version-history":[{"count":7,"href":"https:\/\/uniondelbarrio.org\/esp\/wp-json\/wp\/v2\/pages\/42\/revisions"}],"predecessor-version":[{"id":959,"href":"https:\/\/uniondelbarrio.org\/esp\/wp-json\/wp\/v2\/pages\/42\/revisions\/959"}],"up":[{"embeddable":true,"href":"https:\/\/uniondelbarrio.org\/esp\/wp-json\/wp\/v2\/pages\/38"}],"wp:attachment":[{"href":"https:\/\/uniondelbarrio.org\/esp\/wp-json\/wp\/v2\/media?parent=42"}],"curies":[{"name":"wp","href":"https:\/\/api.w.org\/{rel}","templated":true}]}}