{"id":6,"date":"2015-05-15T23:49:09","date_gmt":"2015-05-15T23:49:09","guid":{"rendered":"http:\/\/uniondelbarrio.org\/esp\/?page_id=6"},"modified":"2019-07-07T12:34:56","modified_gmt":"2019-07-07T19:34:56","slug":"sobre-udb","status":"publish","type":"page","link":"https:\/\/uniondelbarrio.org\/esp\/sobre-udb\/","title":{"rendered":"\u00bfQui\u00e9n Es Uni\u00f3n del Barrio?"},"content":{"rendered":"<p><img loading=\"lazy\" decoding=\"async\" class=\"alignright wp-image-950\" src=\"https:\/\/uniondelbarrio.org\/esp\/wp-content\/uploads\/2019\/07\/UdBwebpageMeme_AboutPage1_esp2-214x300.png\" alt=\"\" width=\"300\" height=\"421\" srcset=\"https:\/\/uniondelbarrio.org\/esp\/wp-content\/uploads\/2019\/07\/UdBwebpageMeme_AboutPage1_esp2-214x300.png 214w, https:\/\/uniondelbarrio.org\/esp\/wp-content\/uploads\/2019\/07\/UdBwebpageMeme_AboutPage1_esp2.png 535w\" sizes=\"auto, (max-width: 300px) 100vw, 300px\" \/>Uni\u00f3n del Barrio es una organizaci\u00f3n pol\u00edtica independiente que opera con una militancia compuesta de voluntarios y es totalmente auto-financiado a trav\u00e9s de las cuotas, aportes de la comunidad, y recaudaci\u00f3n de fondos locales. Nos hemos dedicado a la lucha por defender \u201cla raza\u201d que reside dentro de las fronteras pol\u00edticas de los Estados Unidos.<\/p>\n<p>Las y los unionistas tomamos la lucha pol\u00edtica en serio. Nuestras comunidades sufren de condiciones terribles, y el grado de odio y veneno pol\u00edtico nuestro pueblo personas se ve obligado a soportar no tiene precedentes. Cada a\u00f1o, cientos mueren tratando de encontrar una vida mejor al norte de la frontera, y cada mes miles son detenidos y deportados. Redadas de ICE destruyen familias. Los ni\u00f1os son detenidos en jaulas. Nuestro trabajo es explotado. Las escuelas nos niegan una educaci\u00f3n de calidad y pertinente. Decenas de miles de nuestros j\u00f3venes est\u00e1n acorralados en las prisiones, mientras que miles m\u00e1s son enviados a pelear en las guerras imperialistas. Casi todos nuestros derechos humanos y civiles est\u00e1n siendo despojados. Nuestro poder electoral est\u00e1 siendo agresivamente limitado. La realidad actual es tan terrible como es insostenible, y los gobiernos de EE.UU., M\u00e9xico y la payor parte de Centro y Sur Am\u00e9rica ofrecen nada m\u00e1s que corrupci\u00f3n, recortes, privatizaci\u00f3n, el aumento de la represi\u00f3n pol\u00edtica, la militarizaci\u00f3n e incluso la muerte.<\/p>\n<p>Uni\u00f3n del Barrio est\u00e1 convencido de que se necesita una revoluci\u00f3n pol\u00edtica. La \u00fanica posibilidad que tenemos para asegurar un futuro mejor es lograr nuestra autodeterminaci\u00f3n como pueblo.<\/p>\n<p>Desde 1981 Uni\u00f3n del Barrio ha llevado luchas para resistir la violencia policial y de la migra; defender los derechos de los trabajadores, los presos, mujeres y j\u00f3venes; e incluso lanzado numerosas campa\u00f1as electorales independientes. Nos hemos fijado la meta de construir una organizaci\u00f3n popular que sea capaz de promover y defender los derechos democr\u00e1ticos y los intereses de clase de nuestras comunidades dentro de las fronteras pol\u00edticas de los EE.UU. Apoyamos la lucha por la libertad de todos nuestros hermanos y hermanas de toda Am\u00e9rica Latina que consideramos parte de \u201cNuestra Am\u00e9rica.\u201d Defendemos sin condiciones el derecho a la libre determinaci\u00f3n de los pueblos ind\u00edgenas, y de todas las personas pobres y oprimidas del mundo.<\/p>\n<p><span style=\"color: #993300;\"><strong>\u00a1Ahora, m\u00e1s que nunca, necesitamos que te unas a Uni\u00f3n del Barrio para ayudar a construir este movimiento para la liberaci\u00f3n de la raza!<\/strong><\/span><\/p>\n<hr \/>\n<p><span style=\"color: #993300;\"><strong>Para unirse a Uni\u00f3n del Barrio (UdB):<\/strong><\/span><\/p>\n<ol>\n<li>Primero debe revisar y estar de acuerdo con el <a href=\"https:\/\/uniondelbarrio.org\/esp\/?page_id=38\">Programa Pol\u00edtico de Uni\u00f3n del Barrio<\/a>.<\/li>\n<li>Averig\u00fce si UdB est\u00e1 activo en su \u00e1rea, envi\u00e1ndonos un correo electr\u00f3nico a &lt;info@uniondelbarrio.org&gt;. Env\u00ede su nombre, ubicaci\u00f3n e informaci\u00f3n de contacto. Si vive en un \u00e1rea donde UdB est\u00e1 activa, alguien se comunicar\u00e1 con usted y le brindar\u00e1 m\u00e1s informaci\u00f3n sobre la membres\u00eda.<\/li>\n<li>Si vive en un \u00e1rea donde la UdB no est\u00e1 actualmente activa, requerimos que los posibles miembros re\u00fanan al menos a 6 personas adicionales que est\u00e9n interesadas en la UdB en su propia \u00e1rea para organizar una sesi\u00f3n informativa. Si ya tiene al menos 7 personas (en total) en su \u00e1rea interesadas en unirse a UdB, cont\u00e1ctenos en &lt;info@uniondelbarrio.org&gt; y le proporcionaremos informaci\u00f3n log\u00edstica sobre c\u00f3mo configurar una sesi\u00f3n informativa en su \u00e1rea.<\/li>\n<li>Mientras tanto, s\u00edganos en las redes sociales: @UniondelBarrio.<\/li>\n<\/ol>\n<hr \/>\n<p><span style=\"color: #993300;\"><strong>Para apoyar el trabajo de Uni\u00f3n del Barrio (UdB):<\/strong><\/span>\u00a0Puede hacer una donaci\u00f3n a La Verdad Publications (LVP). LVP es el proyecto de difusi\u00f3n y publicaci\u00f3n de Uni\u00f3n del Barrio. Todas las donaciones recolectadas se utilizar\u00e1n para avanzar en nuestros proyectos comunitarios para poder dual y contendiente. Haga clic en el enlace de donaci\u00f3n a continuaci\u00f3n para ir al sitio de PayPal de LVP:<\/p>\n<p style=\"text-align: center;\"><strong><a href=\"https:\/\/www.paypal.com\/cgi-bin\/webscr?cmd=_s-xclick&amp;hosted_button_id=LPR76JAQ832J2&amp;source=url\" target=\"_blank\" rel=\"noopener noreferrer\"><span style=\"font-size: x-large;\">Usted\u00a0Puede Hacer Una Donaci\u00f3n Para Apoyar <\/span><\/a><\/strong><\/p>\n<p style=\"text-align: center;\"><strong><a href=\"https:\/\/www.paypal.com\/cgi-bin\/webscr?cmd=_s-xclick&amp;hosted_button_id=LPR76JAQ832J2&amp;source=url\" target=\"_blank\" rel=\"noopener noreferrer\"><span style=\"font-size: x-large;\">El Trabajo De la UNION DEL BARRIO!<\/span><\/a><\/strong><\/p>\n<p style=\"text-align: center;\"><a href=\"https:\/\/www.paypal.com\/cgi-bin\/webscr?cmd=_s-xclick&amp;hosted_button_id=LPR76JAQ832J2&amp;source=url\">https:\/\/www.paypal.com\/cgi-bin\/webscr?cmd=_s-xclick&amp;hosted_button_id=LPR76JAQ832J2&amp;source=url<\/a><a href=\"https:\/\/www.paypal.com\/cgi-bin\/webscr?cmd=_s-xclick&amp;hosted_button_id=LPR76JAQ832J2&amp;source=url\" target=\"_blank\" rel=\"noopener noreferrer\"><img loading=\"lazy\" decoding=\"async\" class=\"aligncenter wp-image-4264\" src=\"http:\/\/uniondelbarrio.org\/main\/wp-content\/uploads\/2019\/05\/Screen-Shot-2019-05-13-at-8.03.59-PM-298x300.png\" alt=\"\" width=\"175\" height=\"176\" \/><\/a><\/p>\n<hr \/>\n<p><a href=\"http:\/\/uniondelbarrio.org\/main\/\"><img loading=\"lazy\" decoding=\"async\" class=\"aligncenter wp-image-4306\" src=\"http:\/\/uniondelbarrio.org\/main\/wp-content\/uploads\/2019\/07\/UdBSymbolRedBack_Transp_Small-300x293.png\" alt=\"\" width=\"200\" height=\"196\" \/><\/a><\/p>\n","protected":false},"excerpt":{"rendered":"<p>Uni\u00f3n del Barrio es una organizaci\u00f3n pol\u00edtica independiente que opera con una militancia compuesta de voluntarios y es totalmente auto-financiado a trav\u00e9s de las cuotas, aportes de la comunidad, y recaudaci\u00f3n de fondos locales. Nos hemos dedicado a la lucha por defender \u201cla raza\u201d que reside dentro de las fronteras pol\u00edticas de los Estados Unidos. [&hellip;]<\/p>\n","protected":false},"author":1,"featured_media":0,"parent":0,"menu_order":0,"comment_status":"closed","ping_status":"open","template":"","meta":{"footnotes":""},"class_list":["post-6","page","type-page","status-publish","hentry"],"yoast_head":"<!-- This site is optimized with the Yoast SEO plugin v27.4 - https:\/\/yoast.com\/product\/yoast-seo-wordpress\/ -->\n<title>\u00bfQui\u00e9n Es Uni\u00f3n del Barrio? - UdB en espa\u00f1ol<\/title>\n<meta name=\"robots\" content=\"index, follow, max-snippet:-1, max-image-preview:large, max-video-preview:-1\" \/>\n<link rel=\"canonical\" href=\"https:\/\/uniondelbarrio.org\/esp\/sobre-udb\/\" \/>\n<meta property=\"og:locale\" content=\"en_US\" \/>\n<meta property=\"og:type\" content=\"article\" \/>\n<meta property=\"og:title\" content=\"\u00bfQui\u00e9n Es Uni\u00f3n del Barrio? - UdB en espa\u00f1ol\" \/>\n<meta property=\"og:description\" content=\"Uni\u00f3n del Barrio es una organizaci\u00f3n pol\u00edtica independiente que opera con una militancia compuesta de voluntarios y es totalmente auto-financiado a trav\u00e9s de las cuotas, aportes de la comunidad, y recaudaci\u00f3n de fondos locales. Nos hemos dedicado a la lucha por defender \u201cla raza\u201d que reside dentro de las fronteras pol\u00edticas de los Estados Unidos. [&hellip;]\" \/>\n<meta property=\"og:url\" content=\"https:\/\/uniondelbarrio.org\/esp\/sobre-udb\/\" \/>\n<meta property=\"og:site_name\" content=\"UdB en espa\u00f1ol\" \/>\n<meta property=\"article:publisher\" content=\"https:\/\/www.facebook.com\/UniondelBarrio\" \/>\n<meta property=\"article:modified_time\" content=\"2019-07-07T19:34:56+00:00\" \/>\n<meta property=\"og:image\" content=\"http:\/\/uniondelbarrio.org\/esp\/wp-content\/uploads\/2019\/07\/UdBwebpageMeme_AboutPage1_esp2-214x300.png\" \/>\n<meta name=\"twitter:card\" content=\"summary_large_image\" \/>\n<meta name=\"twitter:site\" content=\"@UniondelBarrio\" \/>\n<meta name=\"twitter:label1\" content=\"Est. reading time\" \/>\n\t<meta name=\"twitter:data1\" content=\"4 minutes\" \/>\n<script type=\"application\/ld+json\" class=\"yoast-schema-graph\">{\"@context\":\"https:\\\/\\\/schema.org\",\"@graph\":[{\"@type\":\"WebPage\",\"@id\":\"https:\\\/\\\/uniondelbarrio.org\\\/esp\\\/sobre-udb\\\/\",\"url\":\"https:\\\/\\\/uniondelbarrio.org\\\/esp\\\/sobre-udb\\\/\",\"name\":\"\u00bfQui\u00e9n Es Uni\u00f3n del Barrio? - UdB en espa\u00f1ol\",\"isPartOf\":{\"@id\":\"https:\\\/\\\/uniondelbarrio.org\\\/esp\\\/#website\"},\"primaryImageOfPage\":{\"@id\":\"https:\\\/\\\/uniondelbarrio.org\\\/esp\\\/sobre-udb\\\/#primaryimage\"},\"image\":{\"@id\":\"https:\\\/\\\/uniondelbarrio.org\\\/esp\\\/sobre-udb\\\/#primaryimage\"},\"thumbnailUrl\":\"http:\\\/\\\/uniondelbarrio.org\\\/esp\\\/wp-content\\\/uploads\\\/2019\\\/07\\\/UdBwebpageMeme_AboutPage1_esp2-214x300.png\",\"datePublished\":\"2015-05-15T23:49:09+00:00\",\"dateModified\":\"2019-07-07T19:34:56+00:00\",\"breadcrumb\":{\"@id\":\"https:\\\/\\\/uniondelbarrio.org\\\/esp\\\/sobre-udb\\\/#breadcrumb\"},\"inLanguage\":\"en-US\",\"potentialAction\":[{\"@type\":\"ReadAction\",\"target\":[\"https:\\\/\\\/uniondelbarrio.org\\\/esp\\\/sobre-udb\\\/\"]}]},{\"@type\":\"ImageObject\",\"inLanguage\":\"en-US\",\"@id\":\"https:\\\/\\\/uniondelbarrio.org\\\/esp\\\/sobre-udb\\\/#primaryimage\",\"url\":\"http:\\\/\\\/uniondelbarrio.org\\\/esp\\\/wp-content\\\/uploads\\\/2019\\\/07\\\/UdBwebpageMeme_AboutPage1_esp2-214x300.png\",\"contentUrl\":\"http:\\\/\\\/uniondelbarrio.org\\\/esp\\\/wp-content\\\/uploads\\\/2019\\\/07\\\/UdBwebpageMeme_AboutPage1_esp2-214x300.png\"},{\"@type\":\"BreadcrumbList\",\"@id\":\"https:\\\/\\\/uniondelbarrio.org\\\/esp\\\/sobre-udb\\\/#breadcrumb\",\"itemListElement\":[{\"@type\":\"ListItem\",\"position\":1,\"name\":\"Home\",\"item\":\"https:\\\/\\\/uniondelbarrio.org\\\/esp\\\/\"},{\"@type\":\"ListItem\",\"position\":2,\"name\":\"\u00bfQui\u00e9n Es Uni\u00f3n del Barrio?\"}]},{\"@type\":\"WebSite\",\"@id\":\"https:\\\/\\\/uniondelbarrio.org\\\/esp\\\/#website\",\"url\":\"https:\\\/\\\/uniondelbarrio.org\\\/esp\\\/\",\"name\":\"UdB en espa\u00f1ol\",\"description\":\"Concientizaci\u00f3n, Organizaci\u00f3n, Acci\u00f3n y Liberaci\u00f3n\",\"potentialAction\":[{\"@type\":\"SearchAction\",\"target\":{\"@type\":\"EntryPoint\",\"urlTemplate\":\"https:\\\/\\\/uniondelbarrio.org\\\/esp\\\/?s={search_term_string}\"},\"query-input\":{\"@type\":\"PropertyValueSpecification\",\"valueRequired\":true,\"valueName\":\"search_term_string\"}}],\"inLanguage\":\"en-US\"}]}<\/script>\n<!-- \/ Yoast SEO plugin. -->","yoast_head_json":{"title":"\u00bfQui\u00e9n Es Uni\u00f3n del Barrio? - UdB en espa\u00f1ol","robots":{"index":"index","follow":"follow","max-snippet":"max-snippet:-1","max-image-preview":"max-image-preview:large","max-video-preview":"max-video-preview:-1"},"canonical":"https:\/\/uniondelbarrio.org\/esp\/sobre-udb\/","og_locale":"en_US","og_type":"article","og_title":"\u00bfQui\u00e9n Es Uni\u00f3n del Barrio? - UdB en espa\u00f1ol","og_description":"Uni\u00f3n del Barrio es una organizaci\u00f3n pol\u00edtica independiente que opera con una militancia compuesta de voluntarios y es totalmente auto-financiado a trav\u00e9s de las cuotas, aportes de la comunidad, y recaudaci\u00f3n de fondos locales. Nos hemos dedicado a la lucha por defender \u201cla raza\u201d que reside dentro de las fronteras pol\u00edticas de los Estados Unidos. [&hellip;]","og_url":"https:\/\/uniondelbarrio.org\/esp\/sobre-udb\/","og_site_name":"UdB en espa\u00f1ol","article_publisher":"https:\/\/www.facebook.com\/UniondelBarrio","article_modified_time":"2019-07-07T19:34:56+00:00","og_image":[{"url":"http:\/\/uniondelbarrio.org\/esp\/wp-content\/uploads\/2019\/07\/UdBwebpageMeme_AboutPage1_esp2-214x300.png","type":"","width":"","height":""}],"twitter_card":"summary_large_image","twitter_site":"@UniondelBarrio","twitter_misc":{"Est. reading time":"4 minutes"},"schema":{"@context":"https:\/\/schema.org","@graph":[{"@type":"WebPage","@id":"https:\/\/uniondelbarrio.org\/esp\/sobre-udb\/","url":"https:\/\/uniondelbarrio.org\/esp\/sobre-udb\/","name":"\u00bfQui\u00e9n Es Uni\u00f3n del Barrio? - UdB en espa\u00f1ol","isPartOf":{"@id":"https:\/\/uniondelbarrio.org\/esp\/#website"},"primaryImageOfPage":{"@id":"https:\/\/uniondelbarrio.org\/esp\/sobre-udb\/#primaryimage"},"image":{"@id":"https:\/\/uniondelbarrio.org\/esp\/sobre-udb\/#primaryimage"},"thumbnailUrl":"http:\/\/uniondelbarrio.org\/esp\/wp-content\/uploads\/2019\/07\/UdBwebpageMeme_AboutPage1_esp2-214x300.png","datePublished":"2015-05-15T23:49:09+00:00","dateModified":"2019-07-07T19:34:56+00:00","breadcrumb":{"@id":"https:\/\/uniondelbarrio.org\/esp\/sobre-udb\/#breadcrumb"},"inLanguage":"en-US","potentialAction":[{"@type":"ReadAction","target":["https:\/\/uniondelbarrio.org\/esp\/sobre-udb\/"]}]},{"@type":"ImageObject","inLanguage":"en-US","@id":"https:\/\/uniondelbarrio.org\/esp\/sobre-udb\/#primaryimage","url":"http:\/\/uniondelbarrio.org\/esp\/wp-content\/uploads\/2019\/07\/UdBwebpageMeme_AboutPage1_esp2-214x300.png","contentUrl":"http:\/\/uniondelbarrio.org\/esp\/wp-content\/uploads\/2019\/07\/UdBwebpageMeme_AboutPage1_esp2-214x300.png"},{"@type":"BreadcrumbList","@id":"https:\/\/uniondelbarrio.org\/esp\/sobre-udb\/#breadcrumb","itemListElement":[{"@type":"ListItem","position":1,"name":"Home","item":"https:\/\/uniondelbarrio.org\/esp\/"},{"@type":"ListItem","position":2,"name":"\u00bfQui\u00e9n Es Uni\u00f3n del Barrio?"}]},{"@type":"WebSite","@id":"https:\/\/uniondelbarrio.org\/esp\/#website","url":"https:\/\/uniondelbarrio.org\/esp\/","name":"UdB en espa\u00f1ol","description":"Concientizaci\u00f3n, Organizaci\u00f3n, Acci\u00f3n y Liberaci\u00f3n","potentialAction":[{"@type":"SearchAction","target":{"@type":"EntryPoint","urlTemplate":"https:\/\/uniondelbarrio.org\/esp\/?s={search_term_string}"},"query-input":{"@type":"PropertyValueSpecification","valueRequired":true,"valueName":"search_term_string"}}],"inLanguage":"en-US"}]}},"_links":{"self":[{"href":"https:\/\/uniondelbarrio.org\/esp\/wp-json\/wp\/v2\/pages\/6","targetHints":{"allow":["GET"]}}],"collection":[{"href":"https:\/\/uniondelbarrio.org\/esp\/wp-json\/wp\/v2\/pages"}],"about":[{"href":"https:\/\/uniondelbarrio.org\/esp\/wp-json\/wp\/v2\/types\/page"}],"author":[{"embeddable":true,"href":"https:\/\/uniondelbarrio.org\/esp\/wp-json\/wp\/v2\/users\/1"}],"replies":[{"embeddable":true,"href":"https:\/\/uniondelbarrio.org\/esp\/wp-json\/wp\/v2\/comments?post=6"}],"version-history":[{"count":18,"href":"https:\/\/uniondelbarrio.org\/esp\/wp-json\/wp\/v2\/pages\/6\/revisions"}],"predecessor-version":[{"id":954,"href":"https:\/\/uniondelbarrio.org\/esp\/wp-json\/wp\/v2\/pages\/6\/revisions\/954"}],"wp:attachment":[{"href":"https:\/\/uniondelbarrio.org\/esp\/wp-json\/wp\/v2\/media?parent=6"}],"curies":[{"name":"wp","href":"https:\/\/api.w.org\/{rel}","templated":true}]}}