{"id":63,"date":"2015-05-16T10:10:04","date_gmt":"2015-05-16T03:10:04","guid":{"rendered":"http:\/\/uniondelbarrio.org\/esp\/?page_id=63"},"modified":"2019-07-07T12:47:31","modified_gmt":"2019-07-07T19:47:31","slug":"i-desde-alaska-hasta-chile-somos-un-pueblo-sin-fronteras","status":"publish","type":"page","link":"https:\/\/uniondelbarrio.org\/esp\/sobre-udb\/un-programa-para-proveer-direccion-politica-concientizar-el-pueblo-y-crear-la-lucha-para-la-liberacion-nacional\/quienes-somos\/i-desde-alaska-hasta-chile-somos-un-pueblo-sin-fronteras\/","title":{"rendered":"I. Desde Alaska Hasta Chile, Somos Un Pueblo Sin Fronteras"},"content":{"rendered":"<div class=\"page\" title=\"Page 4\">\n<div class=\"layoutArea\">\n<div class=\"column\">\n<p><a href=\"http:\/\/uniondelbarrio.org\/main\/wp-content\/uploads\/2014\/07\/FrasedelChe.png\"><img loading=\"lazy\" decoding=\"async\" class=\"alignleft wp-image-942 size-medium\" src=\"http:\/\/uniondelbarrio.org\/main\/wp-content\/uploads\/2014\/07\/FrasedelChe-298x300.png\" alt=\"FrasedelChe\" width=\"298\" height=\"300\" \/><\/a>Reconocemos que somos descendientes de pueblos ind\u00edgenas, y herederos de una lucha ind\u00edgena contra la dominaci\u00f3n colonial. Buscamos unir todos los pueblos oprimidos de Aztlan\/M\u00e9xico Ocupado (suroeste de EEUU), sin importar origen nacional y ciudadan\u00eda, para que se unen al proceso de crear un M\u00e9xico revolucionario, reunificado y socialista, para avanzar hacia el sue\u00f1o de Sim\u00f3n Bol\u00edvar de un continente unificado.<\/p>\n<div class=\"page\" title=\"Page 5\">\n<div class=\"layoutArea\">\n<div class=\"column\">\n<p>Hist\u00f3ricamente, dentro de las fronteras de los Estados Unidos, hemos sufrido la opresi\u00f3n colonial, el aislamiento y condiciones infrahumanas. Como consecuencia, surgi\u00f3 la necesidad de luchar contra estas realidades intransigentes que nos llevaron a crear diferentes t\u00e9rminos usados para identif\u00edcanos. <em>M\u00e9xico- Americana\/o, Latinoamericana\/o, Latina\/o, Hispana\/o, Raza y Chicana\/o<\/em> son algunos ejemplos. T\u00e9rminos como la Raza y Chicana\/Chicano tienen connotaciones progresistas que fueron usados ampliamente durante el movimiento Chicano (1965-1975). En el presente estos t\u00e9rminos son usados por muchos, en una manera positiva y pol\u00edtica. Reconocemos el significado tanto hist\u00f3rico como pol\u00edtico de estos t\u00e9rminos, y los usaremos cuando sea apropiado o necesario. Sin embargo, como organizaci\u00f3n revolucionaria luchando dentro de las fronteras pol\u00edticas de los EEUU, creemos que identificadores nacionales como \u201cMexicana\/o\u201d, \u201cSalvadore\u00f1a\/o\u201d, \u201cChilena\/o\u201d, o \u201cLa Raza\u201d colectivamente, mejor cubren el alcance hist\u00f3rico, geogr\u00e1fico, y cultural de nuestro movimiento. Vemos nuestras diversas identidades nacionales como la fundaci\u00f3n de una identidad continental unificada cubriendo toda Nuestra Am\u00e9rica.<\/p>\n<p>Mantenemos que nuestra lucha como la Raza en Aztlan\/M\u00e9xico Ocupado es hist\u00f3rica y geogr\u00e1ficamente definida como una lucha anti-colonial, ind\u00edgena\/Mexicana, por la tierra y por el socialismo. Sin embargo, tambi\u00e9n reconocemos que las experiencias coloniales de mucha de nuestra gente en Aztlan\/M\u00e9xico Ocupado han impactado, a lo largo de nuestra historia, el car\u00e1cter social, pol\u00edtico, y econ\u00f3mico de la Raza. Como organizaci\u00f3n, nacimos del Movimiento Chicano, pero con un entendimiento claro que nuestra lucha no comenz\u00f3 en los 1960s. Desde 1492 cuando Crist\u00f3bal Col\u00f3n pisa estas tierras, los pueblos ind\u00edgenas han resistido los colonos extranjeros y luchado por la libre determinaci\u00f3n. Vemos esta resistencia como el comienzo de nuestro movimiento, y hoy en d\u00eda continuamos la lucha por la liberaci\u00f3n de Nuestra Am\u00e9rica. SomosInternacionalistas, y damos la bienvenida a toda gente que acepta este Programa Pol\u00edtico a unirse con Uni\u00f3n del Barrio, incluyendo esos que no son de descendencia Mexicana. Siguiendo el ejemplo de Ernesto \u201cChe\u201d Guevara, lo vemos como el deber revolucionario de todos los que aman la libertad, de luchar al lado de la Raza dentro de las actuales fronteras de los EEUU.<\/p>\n<\/div>\n<\/div>\n<\/div>\n<p>SIGUE <em>Quienes Somos<\/em>: &#8220;<a href=\"https:\/\/uniondelbarrio.org\/esp\/?page_id=71\">II. Esta Es &#8216;Nuestra Am\u00e9rica&#8217; &#8211; Somos Naciones Ind\u00edgenas<\/a>&#8221;<\/p>\n<\/div>\n<\/div>\n<\/div>\n","protected":false},"excerpt":{"rendered":"<p>Reconocemos que somos descendientes de pueblos ind\u00edgenas, y herederos de una lucha ind\u00edgena contra la dominaci\u00f3n colonial. Buscamos unir todos los pueblos oprimidos de Aztlan\/M\u00e9xico Ocupado (suroeste de EEUU), sin importar origen nacional y ciudadan\u00eda, para que se unen al proceso de crear un M\u00e9xico revolucionario, reunificado y socialista, para avanzar hacia el sue\u00f1o de [&hellip;]<\/p>\n","protected":false},"author":1,"featured_media":0,"parent":61,"menu_order":1,"comment_status":"closed","ping_status":"closed","template":"","meta":{"footnotes":""},"class_list":["post-63","page","type-page","status-publish","hentry"],"yoast_head":"<!-- This site is optimized with the Yoast SEO plugin v27.4 - https:\/\/yoast.com\/product\/yoast-seo-wordpress\/ -->\n<title>I. Desde Alaska Hasta Chile, Somos Un Pueblo Sin Fronteras - UdB en espa\u00f1ol<\/title>\n<meta name=\"robots\" content=\"index, follow, max-snippet:-1, max-image-preview:large, max-video-preview:-1\" \/>\n<link rel=\"canonical\" href=\"https:\/\/uniondelbarrio.org\/esp\/sobre-udb\/un-programa-para-proveer-direccion-politica-concientizar-el-pueblo-y-crear-la-lucha-para-la-liberacion-nacional\/quienes-somos\/i-desde-alaska-hasta-chile-somos-un-pueblo-sin-fronteras\/\" \/>\n<meta property=\"og:locale\" content=\"en_US\" \/>\n<meta property=\"og:type\" content=\"article\" \/>\n<meta property=\"og:title\" content=\"I. Desde Alaska Hasta Chile, Somos Un Pueblo Sin Fronteras - UdB en espa\u00f1ol\" \/>\n<meta property=\"og:description\" content=\"Reconocemos que somos descendientes de pueblos ind\u00edgenas, y herederos de una lucha ind\u00edgena contra la dominaci\u00f3n colonial. Buscamos unir todos los pueblos oprimidos de Aztlan\/M\u00e9xico Ocupado (suroeste de EEUU), sin importar origen nacional y ciudadan\u00eda, para que se unen al proceso de crear un M\u00e9xico revolucionario, reunificado y socialista, para avanzar hacia el sue\u00f1o de [&hellip;]\" \/>\n<meta property=\"og:url\" content=\"https:\/\/uniondelbarrio.org\/esp\/sobre-udb\/un-programa-para-proveer-direccion-politica-concientizar-el-pueblo-y-crear-la-lucha-para-la-liberacion-nacional\/quienes-somos\/i-desde-alaska-hasta-chile-somos-un-pueblo-sin-fronteras\/\" \/>\n<meta property=\"og:site_name\" content=\"UdB en espa\u00f1ol\" \/>\n<meta property=\"article:publisher\" content=\"https:\/\/www.facebook.com\/UniondelBarrio\" \/>\n<meta property=\"article:modified_time\" content=\"2019-07-07T19:47:31+00:00\" \/>\n<meta property=\"og:image\" content=\"https:\/\/uniondelbarrio.org\/esp\/wp-content\/uploads\/2021\/04\/ESP_UdB_FBDefaultWeb_1200x628.jpg\" \/>\n\t<meta property=\"og:image:width\" content=\"1200\" \/>\n\t<meta property=\"og:image:height\" content=\"628\" \/>\n\t<meta property=\"og:image:type\" content=\"image\/jpeg\" \/>\n<meta name=\"twitter:card\" content=\"summary_large_image\" \/>\n<meta name=\"twitter:site\" content=\"@UniondelBarrio\" \/>\n<meta name=\"twitter:label1\" content=\"Est. reading time\" \/>\n\t<meta name=\"twitter:data1\" content=\"2 minutes\" \/>\n<script type=\"application\/ld+json\" class=\"yoast-schema-graph\">{\"@context\":\"https:\\\/\\\/schema.org\",\"@graph\":[{\"@type\":\"WebPage\",\"@id\":\"https:\\\/\\\/uniondelbarrio.org\\\/esp\\\/sobre-udb\\\/un-programa-para-proveer-direccion-politica-concientizar-el-pueblo-y-crear-la-lucha-para-la-liberacion-nacional\\\/quienes-somos\\\/i-desde-alaska-hasta-chile-somos-un-pueblo-sin-fronteras\\\/\",\"url\":\"https:\\\/\\\/uniondelbarrio.org\\\/esp\\\/sobre-udb\\\/un-programa-para-proveer-direccion-politica-concientizar-el-pueblo-y-crear-la-lucha-para-la-liberacion-nacional\\\/quienes-somos\\\/i-desde-alaska-hasta-chile-somos-un-pueblo-sin-fronteras\\\/\",\"name\":\"I. Desde Alaska Hasta Chile, Somos Un Pueblo Sin Fronteras - UdB en espa\u00f1ol\",\"isPartOf\":{\"@id\":\"https:\\\/\\\/uniondelbarrio.org\\\/esp\\\/#website\"},\"primaryImageOfPage\":{\"@id\":\"https:\\\/\\\/uniondelbarrio.org\\\/esp\\\/sobre-udb\\\/un-programa-para-proveer-direccion-politica-concientizar-el-pueblo-y-crear-la-lucha-para-la-liberacion-nacional\\\/quienes-somos\\\/i-desde-alaska-hasta-chile-somos-un-pueblo-sin-fronteras\\\/#primaryimage\"},\"image\":{\"@id\":\"https:\\\/\\\/uniondelbarrio.org\\\/esp\\\/sobre-udb\\\/un-programa-para-proveer-direccion-politica-concientizar-el-pueblo-y-crear-la-lucha-para-la-liberacion-nacional\\\/quienes-somos\\\/i-desde-alaska-hasta-chile-somos-un-pueblo-sin-fronteras\\\/#primaryimage\"},\"thumbnailUrl\":\"http:\\\/\\\/uniondelbarrio.org\\\/main\\\/wp-content\\\/uploads\\\/2014\\\/07\\\/FrasedelChe-298x300.png\",\"datePublished\":\"2015-05-16T03:10:04+00:00\",\"dateModified\":\"2019-07-07T19:47:31+00:00\",\"breadcrumb\":{\"@id\":\"https:\\\/\\\/uniondelbarrio.org\\\/esp\\\/sobre-udb\\\/un-programa-para-proveer-direccion-politica-concientizar-el-pueblo-y-crear-la-lucha-para-la-liberacion-nacional\\\/quienes-somos\\\/i-desde-alaska-hasta-chile-somos-un-pueblo-sin-fronteras\\\/#breadcrumb\"},\"inLanguage\":\"en-US\",\"potentialAction\":[{\"@type\":\"ReadAction\",\"target\":[\"https:\\\/\\\/uniondelbarrio.org\\\/esp\\\/sobre-udb\\\/un-programa-para-proveer-direccion-politica-concientizar-el-pueblo-y-crear-la-lucha-para-la-liberacion-nacional\\\/quienes-somos\\\/i-desde-alaska-hasta-chile-somos-un-pueblo-sin-fronteras\\\/\"]}]},{\"@type\":\"ImageObject\",\"inLanguage\":\"en-US\",\"@id\":\"https:\\\/\\\/uniondelbarrio.org\\\/esp\\\/sobre-udb\\\/un-programa-para-proveer-direccion-politica-concientizar-el-pueblo-y-crear-la-lucha-para-la-liberacion-nacional\\\/quienes-somos\\\/i-desde-alaska-hasta-chile-somos-un-pueblo-sin-fronteras\\\/#primaryimage\",\"url\":\"http:\\\/\\\/uniondelbarrio.org\\\/main\\\/wp-content\\\/uploads\\\/2014\\\/07\\\/FrasedelChe-298x300.png\",\"contentUrl\":\"http:\\\/\\\/uniondelbarrio.org\\\/main\\\/wp-content\\\/uploads\\\/2014\\\/07\\\/FrasedelChe-298x300.png\"},{\"@type\":\"BreadcrumbList\",\"@id\":\"https:\\\/\\\/uniondelbarrio.org\\\/esp\\\/sobre-udb\\\/un-programa-para-proveer-direccion-politica-concientizar-el-pueblo-y-crear-la-lucha-para-la-liberacion-nacional\\\/quienes-somos\\\/i-desde-alaska-hasta-chile-somos-un-pueblo-sin-fronteras\\\/#breadcrumb\",\"itemListElement\":[{\"@type\":\"ListItem\",\"position\":1,\"name\":\"Home\",\"item\":\"https:\\\/\\\/uniondelbarrio.org\\\/esp\\\/\"},{\"@type\":\"ListItem\",\"position\":2,\"name\":\"\u00bfQui\u00e9n Es Uni\u00f3n del Barrio?\",\"item\":\"https:\\\/\\\/uniondelbarrio.org\\\/esp\\\/sobre-udb\\\/\"},{\"@type\":\"ListItem\",\"position\":3,\"name\":\"Un Programa Para Proveer Direcci\u00f3n Pol\u00edtica, Concientizar El Pueblo Y Crear La Lucha Para La Liberaci\u00f3n Nacional\",\"item\":\"https:\\\/\\\/uniondelbarrio.org\\\/esp\\\/sobre-udb\\\/un-programa-para-proveer-direccion-politica-concientizar-el-pueblo-y-crear-la-lucha-para-la-liberacion-nacional\\\/\"},{\"@type\":\"ListItem\",\"position\":4,\"name\":\"Quienes Somos\",\"item\":\"https:\\\/\\\/uniondelbarrio.org\\\/esp\\\/sobre-udb\\\/un-programa-para-proveer-direccion-politica-concientizar-el-pueblo-y-crear-la-lucha-para-la-liberacion-nacional\\\/quienes-somos\\\/\"},{\"@type\":\"ListItem\",\"position\":5,\"name\":\"I. Desde Alaska Hasta Chile, Somos Un Pueblo Sin Fronteras\"}]},{\"@type\":\"WebSite\",\"@id\":\"https:\\\/\\\/uniondelbarrio.org\\\/esp\\\/#website\",\"url\":\"https:\\\/\\\/uniondelbarrio.org\\\/esp\\\/\",\"name\":\"UdB en espa\u00f1ol\",\"description\":\"Concientizaci\u00f3n, Organizaci\u00f3n, Acci\u00f3n y Liberaci\u00f3n\",\"potentialAction\":[{\"@type\":\"SearchAction\",\"target\":{\"@type\":\"EntryPoint\",\"urlTemplate\":\"https:\\\/\\\/uniondelbarrio.org\\\/esp\\\/?s={search_term_string}\"},\"query-input\":{\"@type\":\"PropertyValueSpecification\",\"valueRequired\":true,\"valueName\":\"search_term_string\"}}],\"inLanguage\":\"en-US\"}]}<\/script>\n<!-- \/ Yoast SEO plugin. -->","yoast_head_json":{"title":"I. Desde Alaska Hasta Chile, Somos Un Pueblo Sin Fronteras - UdB en espa\u00f1ol","robots":{"index":"index","follow":"follow","max-snippet":"max-snippet:-1","max-image-preview":"max-image-preview:large","max-video-preview":"max-video-preview:-1"},"canonical":"https:\/\/uniondelbarrio.org\/esp\/sobre-udb\/un-programa-para-proveer-direccion-politica-concientizar-el-pueblo-y-crear-la-lucha-para-la-liberacion-nacional\/quienes-somos\/i-desde-alaska-hasta-chile-somos-un-pueblo-sin-fronteras\/","og_locale":"en_US","og_type":"article","og_title":"I. Desde Alaska Hasta Chile, Somos Un Pueblo Sin Fronteras - UdB en espa\u00f1ol","og_description":"Reconocemos que somos descendientes de pueblos ind\u00edgenas, y herederos de una lucha ind\u00edgena contra la dominaci\u00f3n colonial. Buscamos unir todos los pueblos oprimidos de Aztlan\/M\u00e9xico Ocupado (suroeste de EEUU), sin importar origen nacional y ciudadan\u00eda, para que se unen al proceso de crear un M\u00e9xico revolucionario, reunificado y socialista, para avanzar hacia el sue\u00f1o de [&hellip;]","og_url":"https:\/\/uniondelbarrio.org\/esp\/sobre-udb\/un-programa-para-proveer-direccion-politica-concientizar-el-pueblo-y-crear-la-lucha-para-la-liberacion-nacional\/quienes-somos\/i-desde-alaska-hasta-chile-somos-un-pueblo-sin-fronteras\/","og_site_name":"UdB en espa\u00f1ol","article_publisher":"https:\/\/www.facebook.com\/UniondelBarrio","article_modified_time":"2019-07-07T19:47:31+00:00","og_image":[{"width":1200,"height":628,"url":"https:\/\/uniondelbarrio.org\/esp\/wp-content\/uploads\/2021\/04\/ESP_UdB_FBDefaultWeb_1200x628.jpg","type":"image\/jpeg"}],"twitter_card":"summary_large_image","twitter_site":"@UniondelBarrio","twitter_misc":{"Est. reading time":"2 minutes"},"schema":{"@context":"https:\/\/schema.org","@graph":[{"@type":"WebPage","@id":"https:\/\/uniondelbarrio.org\/esp\/sobre-udb\/un-programa-para-proveer-direccion-politica-concientizar-el-pueblo-y-crear-la-lucha-para-la-liberacion-nacional\/quienes-somos\/i-desde-alaska-hasta-chile-somos-un-pueblo-sin-fronteras\/","url":"https:\/\/uniondelbarrio.org\/esp\/sobre-udb\/un-programa-para-proveer-direccion-politica-concientizar-el-pueblo-y-crear-la-lucha-para-la-liberacion-nacional\/quienes-somos\/i-desde-alaska-hasta-chile-somos-un-pueblo-sin-fronteras\/","name":"I. Desde Alaska Hasta Chile, Somos Un Pueblo Sin Fronteras - UdB en espa\u00f1ol","isPartOf":{"@id":"https:\/\/uniondelbarrio.org\/esp\/#website"},"primaryImageOfPage":{"@id":"https:\/\/uniondelbarrio.org\/esp\/sobre-udb\/un-programa-para-proveer-direccion-politica-concientizar-el-pueblo-y-crear-la-lucha-para-la-liberacion-nacional\/quienes-somos\/i-desde-alaska-hasta-chile-somos-un-pueblo-sin-fronteras\/#primaryimage"},"image":{"@id":"https:\/\/uniondelbarrio.org\/esp\/sobre-udb\/un-programa-para-proveer-direccion-politica-concientizar-el-pueblo-y-crear-la-lucha-para-la-liberacion-nacional\/quienes-somos\/i-desde-alaska-hasta-chile-somos-un-pueblo-sin-fronteras\/#primaryimage"},"thumbnailUrl":"http:\/\/uniondelbarrio.org\/main\/wp-content\/uploads\/2014\/07\/FrasedelChe-298x300.png","datePublished":"2015-05-16T03:10:04+00:00","dateModified":"2019-07-07T19:47:31+00:00","breadcrumb":{"@id":"https:\/\/uniondelbarrio.org\/esp\/sobre-udb\/un-programa-para-proveer-direccion-politica-concientizar-el-pueblo-y-crear-la-lucha-para-la-liberacion-nacional\/quienes-somos\/i-desde-alaska-hasta-chile-somos-un-pueblo-sin-fronteras\/#breadcrumb"},"inLanguage":"en-US","potentialAction":[{"@type":"ReadAction","target":["https:\/\/uniondelbarrio.org\/esp\/sobre-udb\/un-programa-para-proveer-direccion-politica-concientizar-el-pueblo-y-crear-la-lucha-para-la-liberacion-nacional\/quienes-somos\/i-desde-alaska-hasta-chile-somos-un-pueblo-sin-fronteras\/"]}]},{"@type":"ImageObject","inLanguage":"en-US","@id":"https:\/\/uniondelbarrio.org\/esp\/sobre-udb\/un-programa-para-proveer-direccion-politica-concientizar-el-pueblo-y-crear-la-lucha-para-la-liberacion-nacional\/quienes-somos\/i-desde-alaska-hasta-chile-somos-un-pueblo-sin-fronteras\/#primaryimage","url":"http:\/\/uniondelbarrio.org\/main\/wp-content\/uploads\/2014\/07\/FrasedelChe-298x300.png","contentUrl":"http:\/\/uniondelbarrio.org\/main\/wp-content\/uploads\/2014\/07\/FrasedelChe-298x300.png"},{"@type":"BreadcrumbList","@id":"https:\/\/uniondelbarrio.org\/esp\/sobre-udb\/un-programa-para-proveer-direccion-politica-concientizar-el-pueblo-y-crear-la-lucha-para-la-liberacion-nacional\/quienes-somos\/i-desde-alaska-hasta-chile-somos-un-pueblo-sin-fronteras\/#breadcrumb","itemListElement":[{"@type":"ListItem","position":1,"name":"Home","item":"https:\/\/uniondelbarrio.org\/esp\/"},{"@type":"ListItem","position":2,"name":"\u00bfQui\u00e9n Es Uni\u00f3n del Barrio?","item":"https:\/\/uniondelbarrio.org\/esp\/sobre-udb\/"},{"@type":"ListItem","position":3,"name":"Un Programa Para Proveer Direcci\u00f3n Pol\u00edtica, Concientizar El Pueblo Y Crear La Lucha Para La Liberaci\u00f3n Nacional","item":"https:\/\/uniondelbarrio.org\/esp\/sobre-udb\/un-programa-para-proveer-direccion-politica-concientizar-el-pueblo-y-crear-la-lucha-para-la-liberacion-nacional\/"},{"@type":"ListItem","position":4,"name":"Quienes Somos","item":"https:\/\/uniondelbarrio.org\/esp\/sobre-udb\/un-programa-para-proveer-direccion-politica-concientizar-el-pueblo-y-crear-la-lucha-para-la-liberacion-nacional\/quienes-somos\/"},{"@type":"ListItem","position":5,"name":"I. Desde Alaska Hasta Chile, Somos Un Pueblo Sin Fronteras"}]},{"@type":"WebSite","@id":"https:\/\/uniondelbarrio.org\/esp\/#website","url":"https:\/\/uniondelbarrio.org\/esp\/","name":"UdB en espa\u00f1ol","description":"Concientizaci\u00f3n, Organizaci\u00f3n, Acci\u00f3n y Liberaci\u00f3n","potentialAction":[{"@type":"SearchAction","target":{"@type":"EntryPoint","urlTemplate":"https:\/\/uniondelbarrio.org\/esp\/?s={search_term_string}"},"query-input":{"@type":"PropertyValueSpecification","valueRequired":true,"valueName":"search_term_string"}}],"inLanguage":"en-US"}]}},"_links":{"self":[{"href":"https:\/\/uniondelbarrio.org\/esp\/wp-json\/wp\/v2\/pages\/63","targetHints":{"allow":["GET"]}}],"collection":[{"href":"https:\/\/uniondelbarrio.org\/esp\/wp-json\/wp\/v2\/pages"}],"about":[{"href":"https:\/\/uniondelbarrio.org\/esp\/wp-json\/wp\/v2\/types\/page"}],"author":[{"embeddable":true,"href":"https:\/\/uniondelbarrio.org\/esp\/wp-json\/wp\/v2\/users\/1"}],"replies":[{"embeddable":true,"href":"https:\/\/uniondelbarrio.org\/esp\/wp-json\/wp\/v2\/comments?post=63"}],"version-history":[{"count":10,"href":"https:\/\/uniondelbarrio.org\/esp\/wp-json\/wp\/v2\/pages\/63\/revisions"}],"predecessor-version":[{"id":961,"href":"https:\/\/uniondelbarrio.org\/esp\/wp-json\/wp\/v2\/pages\/63\/revisions\/961"}],"up":[{"embeddable":true,"href":"https:\/\/uniondelbarrio.org\/esp\/wp-json\/wp\/v2\/pages\/61"}],"wp:attachment":[{"href":"https:\/\/uniondelbarrio.org\/esp\/wp-json\/wp\/v2\/media?parent=63"}],"curies":[{"name":"wp","href":"https:\/\/api.w.org\/{rel}","templated":true}]}}