{"id":69,"date":"2015-05-16T10:18:22","date_gmt":"2015-05-16T03:18:22","guid":{"rendered":"http:\/\/uniondelbarrio.org\/esp\/?page_id=69"},"modified":"2019-07-07T12:50:46","modified_gmt":"2019-07-07T19:50:46","slug":"iii-nuestra-lucha-es-por-la-liberacion-nacional-y-se-basa-en-la-lucha-de-clase-somos-internacionalistas","status":"publish","type":"page","link":"https:\/\/uniondelbarrio.org\/esp\/sobre-udb\/un-programa-para-proveer-direccion-politica-concientizar-el-pueblo-y-crear-la-lucha-para-la-liberacion-nacional\/quienes-somos\/iii-nuestra-lucha-es-por-la-liberacion-nacional-y-se-basa-en-la-lucha-de-clase-somos-internacionalistas\/","title":{"rendered":"III. Nuestra Lucha Es Por La Liberaci\u00f3n Nacional Y Se Basa En La Lucha De Clase &#8211; Somos Internacionalistas"},"content":{"rendered":"<div class=\"page\" title=\"Page 6\">\n<div class=\"layoutArea\">\n<div class=\"column\">\n<div class=\"page\" title=\"Page 8\">\n<div class=\"layoutArea\">\n<div class=\"column\">\n<p>La lucha de Uni\u00f3n del Barrio est\u00e1, primordialmente, enfocada en contra de la opresi\u00f3n nacional, por la independencia y la libertad completa de las naciones opresoras; la cual describe el \u00e9nfasis pol\u00edtico de nuestro movimiento. Hist\u00f3ricamente, el nacionalismo ha surgido como el factor trascendente, que une a los pueblos oprimidos para combatir los s\u00edntomas y la ra\u00edz de la opresi\u00f3n colonial. Como todos los movimientos pol\u00edticos, el nacionalismo mexicano ha pasado por un proceso de evoluci\u00f3n y cambio en respuesta a las condiciones de nuestra opresi\u00f3n.<\/p>\n<p>Por m\u00e1s de 150 a\u00f1os de imperialismo y colonialismo estadounidense, la pol\u00edtica del nacionalismo ha sido el factor que ha unido a los mexicanos y mexicanas como una naci\u00f3n en nuestra lucha en contra del terror, la pobreza, y otras manifestaciones de opresi\u00f3n. Las realidades culturales, econ\u00f3micas, geogr\u00e1ficas, historia de opresi\u00f3n y lucha, son elementos b\u00e1sicos e hist\u00f3ricos que nos ha mantenido unidos como un pueblo.<\/p>\n<p>Entendemos plenamente que el nacionalismo puede prestarse a posturas reaccionarias y pol\u00edticas racistas, particularmente el nacionalismo entre una naci\u00f3n opresora, como por ejemplo el nazismo y el fascismo. Asimismo, entendemos que generalmente el nacionalismo entre una naci\u00f3n oprimida es una caracter\u00edstica progresista y un arma efectiva en la lucha por la Liberaci\u00f3n Nacional. Son entonces los elementos m\u00e1s progresistas dentro del nacionalismo que Uni\u00f3n del Barrio promueve.<\/p>\n<p>A esto le llamamos Nacionalismo Revolucionario- una ideolog\u00eda que promueve el establecimiento de una sociedad socialista, donde el desarrollo econ\u00f3mico, social, y pol\u00edtico del pueblo mexicano se basa en las necesidades del ser humano. Una sociedad socialista esta en contradicci\u00f3n con el capitalismo, sistema econ\u00f3mico donde una minor\u00eda de la clase acomodada controla la riqueza y el poder de la naci\u00f3n. El Nacionalismo Revolucionario exige una transformaci\u00f3n fundamental de las instituciones sociales, econ\u00f3micas, y pol\u00edticas, que forma la base de nuestra opresi\u00f3n. Es esta definici\u00f3n del Nacionalismo Revolucionario la cual transformar\u00e1 nuestras vidas; de un pueblo colonizado y dependiente, a un pueblo con verdadera independencia y soberan\u00eda en la comunidad mundial.<\/p>\n<p>Reconocemos que nuestra lucha est\u00e1 intr\u00ednsecamente conectada a los movimientos pol\u00edticos de los pueblos oprimidos y colonizados de Nuestra Am\u00e9rica, tanto por nuestra historia como en la pr\u00e1ctica. Es por esto que creemos que el t\u00e9rmino Internacionalista mejor describe nuestra relaci\u00f3n pol\u00edtica con el resto de Nuestra Am\u00e9rica y el mundo. Nuestra obligaci\u00f3n como organizaci\u00f3n que aspira a construir un partido revolucionario es promover el derecho de todos los pueblos oprimidos a su auto-determinaci\u00f3n; de resguardar el principio com\u00fan de la emancipaci\u00f3n continental como lo proclama la Revoluci\u00f3n Bolivariana, y como lo ha identificado Cuauht\u00e9moc, T\u00fapac Amaru, Sim\u00f3n Bol\u00edvar, Fidel Castro, Hugo Ch\u00e1vez, Jos\u00e9 Mart\u00ed, Ricardo Flores Mag\u00f3n, Valentina Ram\u00edrez, Augusto Cesar Sandino, Farabundo Mart\u00ed, Luisa Moreno, Celia S\u00e1nchez, Ernesto Ch\u00e9 Guevara, Magdalena Mora, y otras\/os patriotas de la Raza. Seguiremos con la lucha en todos los frentes para lograr una Am\u00e9rica Ind\u00edgena; unificada, democr\u00e1tica y socialista.<\/p>\n<div class=\"page\" title=\"Page 9\">\n<div class=\"layoutArea\">\n<div class=\"column\">\n<p>La historia de nuestro continente se compara paralelamente e intercepta con la experiencia de lo que algunos llaman el tercer mundo, lo cual incluye Latinoam\u00e9rica, \u00c1frica, Asia, y Ocean\u00eda. Nuestras historias se comparan por nuestra experiencia en com\u00fan; abatidas por la conquista, la esclavitud, la explotaci\u00f3n, y el intervencionismo militar. Asimismo compartimos la esperanza de lucha y de resistencia para lograr nuestra libertad. Es nuestro deber de reconocer estos lazos, identificar a nuestros enemigos en com\u00fan, y apoyar a todos los pueblos que luchan por su auto determinaci\u00f3n y en contra del imperialismo.<\/p>\n<p>Advertimos a aquellos que est\u00e1n activos en nuestro movimiento de no caer en la trampa de optar por el camino liberal y la lucha abstracta en contra del imperialismo en otras partes del mundo, mientras se niegan a unirse en contra de sus manifestaciones aqu\u00ed dentro de Aztl\u00e1n\/ M\u00e9xico Ocupado. Aunque nuestra liberaci\u00f3n es la prioridad, debemos apoyar y comprometernos con recursos para ayudar aquellas naciones que luchan por la descolonizaci\u00f3n, en contra de todo tipo de agresi\u00f3n for\u00e1nea, y por el derecho a la no intervenci\u00f3n. La contribuci\u00f3n m\u00e1s poderosa que podemos hacer a la lucha de nuestros hermanos y hermanas del Tercer Mundo es la creaci\u00f3n de un M\u00e9xico reunificado socialista y revolucionaria en Nuestra Am\u00e9rica. Es por eso que Uni\u00f3n del Barrio reconoce los principios del Internacionalismo como la base de nuestra unidad ideol\u00f3gica.<\/p>\n<\/div>\n<\/div>\n<\/div>\n<\/div>\n<\/div>\n<\/div>\n<p>SIGUE <em>Quienes Somos<\/em>: &#8220;<a href=\"https:\/\/uniondelbarrio.org\/esp\/?page_id=75\">IV. El Materialismo Dial\u00e9ctico E Hist\u00f3rico Forma La Base De Nuestras T\u00e1cticas Y Estrategias<\/a>&#8221;<\/p>\n<\/div>\n<\/div>\n<\/div>\n","protected":false},"excerpt":{"rendered":"<p>La lucha de Uni\u00f3n del Barrio est\u00e1, primordialmente, enfocada en contra de la opresi\u00f3n nacional, por la independencia y la libertad completa de las naciones opresoras; la cual describe el \u00e9nfasis pol\u00edtico de nuestro movimiento. Hist\u00f3ricamente, el nacionalismo ha surgido como el factor trascendente, que une a los pueblos oprimidos para combatir los s\u00edntomas y [&hellip;]<\/p>\n","protected":false},"author":1,"featured_media":0,"parent":61,"menu_order":3,"comment_status":"closed","ping_status":"closed","template":"","meta":{"footnotes":""},"class_list":["post-69","page","type-page","status-publish","hentry"],"yoast_head":"<!-- This site is optimized with the Yoast SEO plugin v27.4 - https:\/\/yoast.com\/product\/yoast-seo-wordpress\/ -->\n<title>III. Nuestra Lucha Es Por La Liberaci\u00f3n Nacional Y Se Basa En La Lucha De Clase - Somos Internacionalistas - UdB en espa\u00f1ol<\/title>\n<meta name=\"robots\" content=\"index, follow, max-snippet:-1, max-image-preview:large, max-video-preview:-1\" \/>\n<link rel=\"canonical\" href=\"https:\/\/uniondelbarrio.org\/esp\/sobre-udb\/un-programa-para-proveer-direccion-politica-concientizar-el-pueblo-y-crear-la-lucha-para-la-liberacion-nacional\/quienes-somos\/iii-nuestra-lucha-es-por-la-liberacion-nacional-y-se-basa-en-la-lucha-de-clase-somos-internacionalistas\/\" \/>\n<meta property=\"og:locale\" content=\"en_US\" \/>\n<meta property=\"og:type\" content=\"article\" \/>\n<meta property=\"og:title\" content=\"III. Nuestra Lucha Es Por La Liberaci\u00f3n Nacional Y Se Basa En La Lucha De Clase - Somos Internacionalistas - UdB en espa\u00f1ol\" \/>\n<meta property=\"og:description\" content=\"La lucha de Uni\u00f3n del Barrio est\u00e1, primordialmente, enfocada en contra de la opresi\u00f3n nacional, por la independencia y la libertad completa de las naciones opresoras; la cual describe el \u00e9nfasis pol\u00edtico de nuestro movimiento. Hist\u00f3ricamente, el nacionalismo ha surgido como el factor trascendente, que une a los pueblos oprimidos para combatir los s\u00edntomas y [&hellip;]\" \/>\n<meta property=\"og:url\" content=\"https:\/\/uniondelbarrio.org\/esp\/sobre-udb\/un-programa-para-proveer-direccion-politica-concientizar-el-pueblo-y-crear-la-lucha-para-la-liberacion-nacional\/quienes-somos\/iii-nuestra-lucha-es-por-la-liberacion-nacional-y-se-basa-en-la-lucha-de-clase-somos-internacionalistas\/\" \/>\n<meta property=\"og:site_name\" content=\"UdB en espa\u00f1ol\" \/>\n<meta property=\"article:publisher\" content=\"https:\/\/www.facebook.com\/UniondelBarrio\" \/>\n<meta property=\"article:modified_time\" content=\"2019-07-07T19:50:46+00:00\" \/>\n<meta property=\"og:image\" content=\"https:\/\/uniondelbarrio.org\/esp\/wp-content\/uploads\/2021\/04\/ESP_UdB_FBDefaultWeb_1200x628.jpg\" \/>\n\t<meta property=\"og:image:width\" content=\"1200\" \/>\n\t<meta property=\"og:image:height\" content=\"628\" \/>\n\t<meta property=\"og:image:type\" content=\"image\/jpeg\" \/>\n<meta name=\"twitter:card\" content=\"summary_large_image\" \/>\n<meta name=\"twitter:site\" content=\"@UniondelBarrio\" \/>\n<meta name=\"twitter:label1\" content=\"Est. reading time\" \/>\n\t<meta name=\"twitter:data1\" content=\"4 minutes\" \/>\n<script type=\"application\/ld+json\" class=\"yoast-schema-graph\">{\"@context\":\"https:\\\/\\\/schema.org\",\"@graph\":[{\"@type\":\"WebPage\",\"@id\":\"https:\\\/\\\/uniondelbarrio.org\\\/esp\\\/sobre-udb\\\/un-programa-para-proveer-direccion-politica-concientizar-el-pueblo-y-crear-la-lucha-para-la-liberacion-nacional\\\/quienes-somos\\\/iii-nuestra-lucha-es-por-la-liberacion-nacional-y-se-basa-en-la-lucha-de-clase-somos-internacionalistas\\\/\",\"url\":\"https:\\\/\\\/uniondelbarrio.org\\\/esp\\\/sobre-udb\\\/un-programa-para-proveer-direccion-politica-concientizar-el-pueblo-y-crear-la-lucha-para-la-liberacion-nacional\\\/quienes-somos\\\/iii-nuestra-lucha-es-por-la-liberacion-nacional-y-se-basa-en-la-lucha-de-clase-somos-internacionalistas\\\/\",\"name\":\"III. Nuestra Lucha Es Por La Liberaci\u00f3n Nacional Y Se Basa En La Lucha De Clase - Somos Internacionalistas - UdB en espa\u00f1ol\",\"isPartOf\":{\"@id\":\"https:\\\/\\\/uniondelbarrio.org\\\/esp\\\/#website\"},\"datePublished\":\"2015-05-16T03:18:22+00:00\",\"dateModified\":\"2019-07-07T19:50:46+00:00\",\"breadcrumb\":{\"@id\":\"https:\\\/\\\/uniondelbarrio.org\\\/esp\\\/sobre-udb\\\/un-programa-para-proveer-direccion-politica-concientizar-el-pueblo-y-crear-la-lucha-para-la-liberacion-nacional\\\/quienes-somos\\\/iii-nuestra-lucha-es-por-la-liberacion-nacional-y-se-basa-en-la-lucha-de-clase-somos-internacionalistas\\\/#breadcrumb\"},\"inLanguage\":\"en-US\",\"potentialAction\":[{\"@type\":\"ReadAction\",\"target\":[\"https:\\\/\\\/uniondelbarrio.org\\\/esp\\\/sobre-udb\\\/un-programa-para-proveer-direccion-politica-concientizar-el-pueblo-y-crear-la-lucha-para-la-liberacion-nacional\\\/quienes-somos\\\/iii-nuestra-lucha-es-por-la-liberacion-nacional-y-se-basa-en-la-lucha-de-clase-somos-internacionalistas\\\/\"]}]},{\"@type\":\"BreadcrumbList\",\"@id\":\"https:\\\/\\\/uniondelbarrio.org\\\/esp\\\/sobre-udb\\\/un-programa-para-proveer-direccion-politica-concientizar-el-pueblo-y-crear-la-lucha-para-la-liberacion-nacional\\\/quienes-somos\\\/iii-nuestra-lucha-es-por-la-liberacion-nacional-y-se-basa-en-la-lucha-de-clase-somos-internacionalistas\\\/#breadcrumb\",\"itemListElement\":[{\"@type\":\"ListItem\",\"position\":1,\"name\":\"Home\",\"item\":\"https:\\\/\\\/uniondelbarrio.org\\\/esp\\\/\"},{\"@type\":\"ListItem\",\"position\":2,\"name\":\"\u00bfQui\u00e9n Es Uni\u00f3n del Barrio?\",\"item\":\"https:\\\/\\\/uniondelbarrio.org\\\/esp\\\/sobre-udb\\\/\"},{\"@type\":\"ListItem\",\"position\":3,\"name\":\"Un Programa Para Proveer Direcci\u00f3n Pol\u00edtica, Concientizar El Pueblo Y Crear La Lucha Para La Liberaci\u00f3n Nacional\",\"item\":\"https:\\\/\\\/uniondelbarrio.org\\\/esp\\\/sobre-udb\\\/un-programa-para-proveer-direccion-politica-concientizar-el-pueblo-y-crear-la-lucha-para-la-liberacion-nacional\\\/\"},{\"@type\":\"ListItem\",\"position\":4,\"name\":\"Quienes Somos\",\"item\":\"https:\\\/\\\/uniondelbarrio.org\\\/esp\\\/sobre-udb\\\/un-programa-para-proveer-direccion-politica-concientizar-el-pueblo-y-crear-la-lucha-para-la-liberacion-nacional\\\/quienes-somos\\\/\"},{\"@type\":\"ListItem\",\"position\":5,\"name\":\"III. Nuestra Lucha Es Por La Liberaci\u00f3n Nacional Y Se Basa En La Lucha De Clase &#8211; Somos Internacionalistas\"}]},{\"@type\":\"WebSite\",\"@id\":\"https:\\\/\\\/uniondelbarrio.org\\\/esp\\\/#website\",\"url\":\"https:\\\/\\\/uniondelbarrio.org\\\/esp\\\/\",\"name\":\"UdB en espa\u00f1ol\",\"description\":\"Concientizaci\u00f3n, Organizaci\u00f3n, Acci\u00f3n y Liberaci\u00f3n\",\"potentialAction\":[{\"@type\":\"SearchAction\",\"target\":{\"@type\":\"EntryPoint\",\"urlTemplate\":\"https:\\\/\\\/uniondelbarrio.org\\\/esp\\\/?s={search_term_string}\"},\"query-input\":{\"@type\":\"PropertyValueSpecification\",\"valueRequired\":true,\"valueName\":\"search_term_string\"}}],\"inLanguage\":\"en-US\"}]}<\/script>\n<!-- \/ Yoast SEO plugin. -->","yoast_head_json":{"title":"III. Nuestra Lucha Es Por La Liberaci\u00f3n Nacional Y Se Basa En La Lucha De Clase - Somos Internacionalistas - UdB en espa\u00f1ol","robots":{"index":"index","follow":"follow","max-snippet":"max-snippet:-1","max-image-preview":"max-image-preview:large","max-video-preview":"max-video-preview:-1"},"canonical":"https:\/\/uniondelbarrio.org\/esp\/sobre-udb\/un-programa-para-proveer-direccion-politica-concientizar-el-pueblo-y-crear-la-lucha-para-la-liberacion-nacional\/quienes-somos\/iii-nuestra-lucha-es-por-la-liberacion-nacional-y-se-basa-en-la-lucha-de-clase-somos-internacionalistas\/","og_locale":"en_US","og_type":"article","og_title":"III. Nuestra Lucha Es Por La Liberaci\u00f3n Nacional Y Se Basa En La Lucha De Clase - Somos Internacionalistas - UdB en espa\u00f1ol","og_description":"La lucha de Uni\u00f3n del Barrio est\u00e1, primordialmente, enfocada en contra de la opresi\u00f3n nacional, por la independencia y la libertad completa de las naciones opresoras; la cual describe el \u00e9nfasis pol\u00edtico de nuestro movimiento. Hist\u00f3ricamente, el nacionalismo ha surgido como el factor trascendente, que une a los pueblos oprimidos para combatir los s\u00edntomas y [&hellip;]","og_url":"https:\/\/uniondelbarrio.org\/esp\/sobre-udb\/un-programa-para-proveer-direccion-politica-concientizar-el-pueblo-y-crear-la-lucha-para-la-liberacion-nacional\/quienes-somos\/iii-nuestra-lucha-es-por-la-liberacion-nacional-y-se-basa-en-la-lucha-de-clase-somos-internacionalistas\/","og_site_name":"UdB en espa\u00f1ol","article_publisher":"https:\/\/www.facebook.com\/UniondelBarrio","article_modified_time":"2019-07-07T19:50:46+00:00","og_image":[{"width":1200,"height":628,"url":"https:\/\/uniondelbarrio.org\/esp\/wp-content\/uploads\/2021\/04\/ESP_UdB_FBDefaultWeb_1200x628.jpg","type":"image\/jpeg"}],"twitter_card":"summary_large_image","twitter_site":"@UniondelBarrio","twitter_misc":{"Est. reading time":"4 minutes"},"schema":{"@context":"https:\/\/schema.org","@graph":[{"@type":"WebPage","@id":"https:\/\/uniondelbarrio.org\/esp\/sobre-udb\/un-programa-para-proveer-direccion-politica-concientizar-el-pueblo-y-crear-la-lucha-para-la-liberacion-nacional\/quienes-somos\/iii-nuestra-lucha-es-por-la-liberacion-nacional-y-se-basa-en-la-lucha-de-clase-somos-internacionalistas\/","url":"https:\/\/uniondelbarrio.org\/esp\/sobre-udb\/un-programa-para-proveer-direccion-politica-concientizar-el-pueblo-y-crear-la-lucha-para-la-liberacion-nacional\/quienes-somos\/iii-nuestra-lucha-es-por-la-liberacion-nacional-y-se-basa-en-la-lucha-de-clase-somos-internacionalistas\/","name":"III. Nuestra Lucha Es Por La Liberaci\u00f3n Nacional Y Se Basa En La Lucha De Clase - Somos Internacionalistas - UdB en espa\u00f1ol","isPartOf":{"@id":"https:\/\/uniondelbarrio.org\/esp\/#website"},"datePublished":"2015-05-16T03:18:22+00:00","dateModified":"2019-07-07T19:50:46+00:00","breadcrumb":{"@id":"https:\/\/uniondelbarrio.org\/esp\/sobre-udb\/un-programa-para-proveer-direccion-politica-concientizar-el-pueblo-y-crear-la-lucha-para-la-liberacion-nacional\/quienes-somos\/iii-nuestra-lucha-es-por-la-liberacion-nacional-y-se-basa-en-la-lucha-de-clase-somos-internacionalistas\/#breadcrumb"},"inLanguage":"en-US","potentialAction":[{"@type":"ReadAction","target":["https:\/\/uniondelbarrio.org\/esp\/sobre-udb\/un-programa-para-proveer-direccion-politica-concientizar-el-pueblo-y-crear-la-lucha-para-la-liberacion-nacional\/quienes-somos\/iii-nuestra-lucha-es-por-la-liberacion-nacional-y-se-basa-en-la-lucha-de-clase-somos-internacionalistas\/"]}]},{"@type":"BreadcrumbList","@id":"https:\/\/uniondelbarrio.org\/esp\/sobre-udb\/un-programa-para-proveer-direccion-politica-concientizar-el-pueblo-y-crear-la-lucha-para-la-liberacion-nacional\/quienes-somos\/iii-nuestra-lucha-es-por-la-liberacion-nacional-y-se-basa-en-la-lucha-de-clase-somos-internacionalistas\/#breadcrumb","itemListElement":[{"@type":"ListItem","position":1,"name":"Home","item":"https:\/\/uniondelbarrio.org\/esp\/"},{"@type":"ListItem","position":2,"name":"\u00bfQui\u00e9n Es Uni\u00f3n del Barrio?","item":"https:\/\/uniondelbarrio.org\/esp\/sobre-udb\/"},{"@type":"ListItem","position":3,"name":"Un Programa Para Proveer Direcci\u00f3n Pol\u00edtica, Concientizar El Pueblo Y Crear La Lucha Para La Liberaci\u00f3n Nacional","item":"https:\/\/uniondelbarrio.org\/esp\/sobre-udb\/un-programa-para-proveer-direccion-politica-concientizar-el-pueblo-y-crear-la-lucha-para-la-liberacion-nacional\/"},{"@type":"ListItem","position":4,"name":"Quienes Somos","item":"https:\/\/uniondelbarrio.org\/esp\/sobre-udb\/un-programa-para-proveer-direccion-politica-concientizar-el-pueblo-y-crear-la-lucha-para-la-liberacion-nacional\/quienes-somos\/"},{"@type":"ListItem","position":5,"name":"III. Nuestra Lucha Es Por La Liberaci\u00f3n Nacional Y Se Basa En La Lucha De Clase &#8211; Somos Internacionalistas"}]},{"@type":"WebSite","@id":"https:\/\/uniondelbarrio.org\/esp\/#website","url":"https:\/\/uniondelbarrio.org\/esp\/","name":"UdB en espa\u00f1ol","description":"Concientizaci\u00f3n, Organizaci\u00f3n, Acci\u00f3n y Liberaci\u00f3n","potentialAction":[{"@type":"SearchAction","target":{"@type":"EntryPoint","urlTemplate":"https:\/\/uniondelbarrio.org\/esp\/?s={search_term_string}"},"query-input":{"@type":"PropertyValueSpecification","valueRequired":true,"valueName":"search_term_string"}}],"inLanguage":"en-US"}]}},"_links":{"self":[{"href":"https:\/\/uniondelbarrio.org\/esp\/wp-json\/wp\/v2\/pages\/69","targetHints":{"allow":["GET"]}}],"collection":[{"href":"https:\/\/uniondelbarrio.org\/esp\/wp-json\/wp\/v2\/pages"}],"about":[{"href":"https:\/\/uniondelbarrio.org\/esp\/wp-json\/wp\/v2\/types\/page"}],"author":[{"embeddable":true,"href":"https:\/\/uniondelbarrio.org\/esp\/wp-json\/wp\/v2\/users\/1"}],"replies":[{"embeddable":true,"href":"https:\/\/uniondelbarrio.org\/esp\/wp-json\/wp\/v2\/comments?post=69"}],"version-history":[{"count":7,"href":"https:\/\/uniondelbarrio.org\/esp\/wp-json\/wp\/v2\/pages\/69\/revisions"}],"predecessor-version":[{"id":963,"href":"https:\/\/uniondelbarrio.org\/esp\/wp-json\/wp\/v2\/pages\/69\/revisions\/963"}],"up":[{"embeddable":true,"href":"https:\/\/uniondelbarrio.org\/esp\/wp-json\/wp\/v2\/pages\/61"}],"wp:attachment":[{"href":"https:\/\/uniondelbarrio.org\/esp\/wp-json\/wp\/v2\/media?parent=69"}],"curies":[{"name":"wp","href":"https:\/\/api.w.org\/{rel}","templated":true}]}}