{"id":75,"date":"2015-05-20T22:15:19","date_gmt":"2015-05-20T15:15:19","guid":{"rendered":"http:\/\/uniondelbarrio.org\/esp\/?page_id=75"},"modified":"2019-07-07T12:51:48","modified_gmt":"2019-07-07T19:51:48","slug":"iv-el-materialismo-dialectico-e-historico-forma-la-base-de-nuestras-tacticas-y-estrategias","status":"publish","type":"page","link":"https:\/\/uniondelbarrio.org\/esp\/sobre-udb\/un-programa-para-proveer-direccion-politica-concientizar-el-pueblo-y-crear-la-lucha-para-la-liberacion-nacional\/quienes-somos\/iv-el-materialismo-dialectico-e-historico-forma-la-base-de-nuestras-tacticas-y-estrategias\/","title":{"rendered":"IV. El Materialismo Dial\u00e9ctico E Hist\u00f3rico Forma La Base De Nuestras T\u00e1cticas Y Estrategias"},"content":{"rendered":"<div class=\"page\" title=\"Page 7\">\n<div class=\"layoutArea\">\n<div class=\"column\">Somos un pueblo obrero\/a, y de nuestra mano de obra es donde se genera toda la riqueza. Basamos nuestra ideolog\u00eda y su proceso evolutivo en lo material e hist\u00f3rico de todas las cosas y situaciones, as\u00ed como en las condiciones reales en las que se encuentra nuestro pueblo. El Materialismo Dial\u00e9ctico e Hist\u00f3rico es esencial para entender nuestra realidad y para formar t\u00e1cticas y estrategias para nuestra liberaci\u00f3n.<\/div>\n<\/div>\n<div class=\"layoutArea\">\n<div class=\"column\">\n<div class=\"page\" title=\"Page 10\">\n<div class=\"layoutArea\">\n<div class=\"column\">\n<p>La capacidad del pueblo en poder crear y reproducir nuestros medios de existencia, desarrollando los medios de conocimiento, la tecnolog\u00eda, la cultura, la actividad econ\u00f3mica, y hasta gobiernos que sirva el inter\u00e9s colectivo es la fuerza del progreso humano y su dignidad. Todo el progreso social y el desarrollo significativo es el resultado directo de la lucha de la clase obrera. Como tal, en un mundo done las oposiciones y contradicciones est\u00e1n constantemente afect\u00e1ndose e influenci\u00e1ndose, creemos en el papel protag\u00f3nico de las y los obreros para cambiar nuestras condiciones de vida. Debemos ser dial\u00e9cticos en nuestra forma de hacer pol\u00edtica, debemos intentar de evolucionar constantemente y de balancear nuestra teor\u00eda con la pr\u00e1ctica, y de enfrentar los retos que nos impone el colonialismo, el capitalismo, y el imperialismo.<\/p>\n<\/div>\n<\/div>\n<\/div>\n<p>SIGUE\u00a0<em>Que Queremos<\/em>: &#8220;<a href=\"https:\/\/uniondelbarrio.org\/esp\/?page_id=80\">I. Auto-Determinaci\u00f3n, Liberaci\u00f3n Nacional Y Unidad Continental<\/a>&#8221;<\/p>\n<\/div>\n<\/div>\n<\/div>\n","protected":false},"excerpt":{"rendered":"<p>Somos un pueblo obrero\/a, y de nuestra mano de obra es donde se genera toda la riqueza. Basamos nuestra ideolog\u00eda y su proceso evolutivo en lo material e hist\u00f3rico de todas las cosas y situaciones, as\u00ed como en las condiciones reales en las que se encuentra nuestro pueblo. El Materialismo Dial\u00e9ctico e Hist\u00f3rico es esencial [&hellip;]<\/p>\n","protected":false},"author":1,"featured_media":0,"parent":61,"menu_order":4,"comment_status":"closed","ping_status":"closed","template":"","meta":{"footnotes":""},"class_list":["post-75","page","type-page","status-publish","hentry"],"yoast_head":"<!-- This site is optimized with the Yoast SEO plugin v27.4 - https:\/\/yoast.com\/product\/yoast-seo-wordpress\/ -->\n<title>IV. El Materialismo Dial\u00e9ctico E Hist\u00f3rico Forma La Base De Nuestras T\u00e1cticas Y Estrategias - UdB en espa\u00f1ol<\/title>\n<meta name=\"robots\" content=\"index, follow, max-snippet:-1, max-image-preview:large, max-video-preview:-1\" \/>\n<link rel=\"canonical\" href=\"https:\/\/uniondelbarrio.org\/esp\/sobre-udb\/un-programa-para-proveer-direccion-politica-concientizar-el-pueblo-y-crear-la-lucha-para-la-liberacion-nacional\/quienes-somos\/iv-el-materialismo-dialectico-e-historico-forma-la-base-de-nuestras-tacticas-y-estrategias\/\" \/>\n<meta property=\"og:locale\" content=\"en_US\" \/>\n<meta property=\"og:type\" content=\"article\" \/>\n<meta property=\"og:title\" content=\"IV. El Materialismo Dial\u00e9ctico E Hist\u00f3rico Forma La Base De Nuestras T\u00e1cticas Y Estrategias - UdB en espa\u00f1ol\" \/>\n<meta property=\"og:description\" content=\"Somos un pueblo obrero\/a, y de nuestra mano de obra es donde se genera toda la riqueza. Basamos nuestra ideolog\u00eda y su proceso evolutivo en lo material e hist\u00f3rico de todas las cosas y situaciones, as\u00ed como en las condiciones reales en las que se encuentra nuestro pueblo. El Materialismo Dial\u00e9ctico e Hist\u00f3rico es esencial [&hellip;]\" \/>\n<meta property=\"og:url\" content=\"https:\/\/uniondelbarrio.org\/esp\/sobre-udb\/un-programa-para-proveer-direccion-politica-concientizar-el-pueblo-y-crear-la-lucha-para-la-liberacion-nacional\/quienes-somos\/iv-el-materialismo-dialectico-e-historico-forma-la-base-de-nuestras-tacticas-y-estrategias\/\" \/>\n<meta property=\"og:site_name\" content=\"UdB en espa\u00f1ol\" \/>\n<meta property=\"article:publisher\" content=\"https:\/\/www.facebook.com\/UniondelBarrio\" \/>\n<meta property=\"article:modified_time\" content=\"2019-07-07T19:51:48+00:00\" \/>\n<meta property=\"og:image\" content=\"https:\/\/uniondelbarrio.org\/esp\/wp-content\/uploads\/2021\/04\/ESP_UdB_FBDefaultWeb_1200x628.jpg\" \/>\n\t<meta property=\"og:image:width\" content=\"1200\" \/>\n\t<meta property=\"og:image:height\" content=\"628\" \/>\n\t<meta property=\"og:image:type\" content=\"image\/jpeg\" \/>\n<meta name=\"twitter:card\" content=\"summary_large_image\" \/>\n<meta name=\"twitter:site\" content=\"@UniondelBarrio\" \/>\n<meta name=\"twitter:label1\" content=\"Est. reading time\" \/>\n\t<meta name=\"twitter:data1\" content=\"1 minute\" \/>\n<script type=\"application\/ld+json\" class=\"yoast-schema-graph\">{\"@context\":\"https:\\\/\\\/schema.org\",\"@graph\":[{\"@type\":\"WebPage\",\"@id\":\"https:\\\/\\\/uniondelbarrio.org\\\/esp\\\/sobre-udb\\\/un-programa-para-proveer-direccion-politica-concientizar-el-pueblo-y-crear-la-lucha-para-la-liberacion-nacional\\\/quienes-somos\\\/iv-el-materialismo-dialectico-e-historico-forma-la-base-de-nuestras-tacticas-y-estrategias\\\/\",\"url\":\"https:\\\/\\\/uniondelbarrio.org\\\/esp\\\/sobre-udb\\\/un-programa-para-proveer-direccion-politica-concientizar-el-pueblo-y-crear-la-lucha-para-la-liberacion-nacional\\\/quienes-somos\\\/iv-el-materialismo-dialectico-e-historico-forma-la-base-de-nuestras-tacticas-y-estrategias\\\/\",\"name\":\"IV. El Materialismo Dial\u00e9ctico E Hist\u00f3rico Forma La Base De Nuestras T\u00e1cticas Y Estrategias - UdB en espa\u00f1ol\",\"isPartOf\":{\"@id\":\"https:\\\/\\\/uniondelbarrio.org\\\/esp\\\/#website\"},\"datePublished\":\"2015-05-20T15:15:19+00:00\",\"dateModified\":\"2019-07-07T19:51:48+00:00\",\"breadcrumb\":{\"@id\":\"https:\\\/\\\/uniondelbarrio.org\\\/esp\\\/sobre-udb\\\/un-programa-para-proveer-direccion-politica-concientizar-el-pueblo-y-crear-la-lucha-para-la-liberacion-nacional\\\/quienes-somos\\\/iv-el-materialismo-dialectico-e-historico-forma-la-base-de-nuestras-tacticas-y-estrategias\\\/#breadcrumb\"},\"inLanguage\":\"en-US\",\"potentialAction\":[{\"@type\":\"ReadAction\",\"target\":[\"https:\\\/\\\/uniondelbarrio.org\\\/esp\\\/sobre-udb\\\/un-programa-para-proveer-direccion-politica-concientizar-el-pueblo-y-crear-la-lucha-para-la-liberacion-nacional\\\/quienes-somos\\\/iv-el-materialismo-dialectico-e-historico-forma-la-base-de-nuestras-tacticas-y-estrategias\\\/\"]}]},{\"@type\":\"BreadcrumbList\",\"@id\":\"https:\\\/\\\/uniondelbarrio.org\\\/esp\\\/sobre-udb\\\/un-programa-para-proveer-direccion-politica-concientizar-el-pueblo-y-crear-la-lucha-para-la-liberacion-nacional\\\/quienes-somos\\\/iv-el-materialismo-dialectico-e-historico-forma-la-base-de-nuestras-tacticas-y-estrategias\\\/#breadcrumb\",\"itemListElement\":[{\"@type\":\"ListItem\",\"position\":1,\"name\":\"Home\",\"item\":\"https:\\\/\\\/uniondelbarrio.org\\\/esp\\\/\"},{\"@type\":\"ListItem\",\"position\":2,\"name\":\"\u00bfQui\u00e9n Es Uni\u00f3n del Barrio?\",\"item\":\"https:\\\/\\\/uniondelbarrio.org\\\/esp\\\/sobre-udb\\\/\"},{\"@type\":\"ListItem\",\"position\":3,\"name\":\"Un Programa Para Proveer Direcci\u00f3n Pol\u00edtica, Concientizar El Pueblo Y Crear La Lucha Para La Liberaci\u00f3n Nacional\",\"item\":\"https:\\\/\\\/uniondelbarrio.org\\\/esp\\\/sobre-udb\\\/un-programa-para-proveer-direccion-politica-concientizar-el-pueblo-y-crear-la-lucha-para-la-liberacion-nacional\\\/\"},{\"@type\":\"ListItem\",\"position\":4,\"name\":\"Quienes Somos\",\"item\":\"https:\\\/\\\/uniondelbarrio.org\\\/esp\\\/sobre-udb\\\/un-programa-para-proveer-direccion-politica-concientizar-el-pueblo-y-crear-la-lucha-para-la-liberacion-nacional\\\/quienes-somos\\\/\"},{\"@type\":\"ListItem\",\"position\":5,\"name\":\"IV. El Materialismo Dial\u00e9ctico E Hist\u00f3rico Forma La Base De Nuestras T\u00e1cticas Y Estrategias\"}]},{\"@type\":\"WebSite\",\"@id\":\"https:\\\/\\\/uniondelbarrio.org\\\/esp\\\/#website\",\"url\":\"https:\\\/\\\/uniondelbarrio.org\\\/esp\\\/\",\"name\":\"UdB en espa\u00f1ol\",\"description\":\"Concientizaci\u00f3n, Organizaci\u00f3n, Acci\u00f3n y Liberaci\u00f3n\",\"potentialAction\":[{\"@type\":\"SearchAction\",\"target\":{\"@type\":\"EntryPoint\",\"urlTemplate\":\"https:\\\/\\\/uniondelbarrio.org\\\/esp\\\/?s={search_term_string}\"},\"query-input\":{\"@type\":\"PropertyValueSpecification\",\"valueRequired\":true,\"valueName\":\"search_term_string\"}}],\"inLanguage\":\"en-US\"}]}<\/script>\n<!-- \/ Yoast SEO plugin. -->","yoast_head_json":{"title":"IV. El Materialismo Dial\u00e9ctico E Hist\u00f3rico Forma La Base De Nuestras T\u00e1cticas Y Estrategias - UdB en espa\u00f1ol","robots":{"index":"index","follow":"follow","max-snippet":"max-snippet:-1","max-image-preview":"max-image-preview:large","max-video-preview":"max-video-preview:-1"},"canonical":"https:\/\/uniondelbarrio.org\/esp\/sobre-udb\/un-programa-para-proveer-direccion-politica-concientizar-el-pueblo-y-crear-la-lucha-para-la-liberacion-nacional\/quienes-somos\/iv-el-materialismo-dialectico-e-historico-forma-la-base-de-nuestras-tacticas-y-estrategias\/","og_locale":"en_US","og_type":"article","og_title":"IV. El Materialismo Dial\u00e9ctico E Hist\u00f3rico Forma La Base De Nuestras T\u00e1cticas Y Estrategias - UdB en espa\u00f1ol","og_description":"Somos un pueblo obrero\/a, y de nuestra mano de obra es donde se genera toda la riqueza. Basamos nuestra ideolog\u00eda y su proceso evolutivo en lo material e hist\u00f3rico de todas las cosas y situaciones, as\u00ed como en las condiciones reales en las que se encuentra nuestro pueblo. El Materialismo Dial\u00e9ctico e Hist\u00f3rico es esencial [&hellip;]","og_url":"https:\/\/uniondelbarrio.org\/esp\/sobre-udb\/un-programa-para-proveer-direccion-politica-concientizar-el-pueblo-y-crear-la-lucha-para-la-liberacion-nacional\/quienes-somos\/iv-el-materialismo-dialectico-e-historico-forma-la-base-de-nuestras-tacticas-y-estrategias\/","og_site_name":"UdB en espa\u00f1ol","article_publisher":"https:\/\/www.facebook.com\/UniondelBarrio","article_modified_time":"2019-07-07T19:51:48+00:00","og_image":[{"width":1200,"height":628,"url":"https:\/\/uniondelbarrio.org\/esp\/wp-content\/uploads\/2021\/04\/ESP_UdB_FBDefaultWeb_1200x628.jpg","type":"image\/jpeg"}],"twitter_card":"summary_large_image","twitter_site":"@UniondelBarrio","twitter_misc":{"Est. reading time":"1 minute"},"schema":{"@context":"https:\/\/schema.org","@graph":[{"@type":"WebPage","@id":"https:\/\/uniondelbarrio.org\/esp\/sobre-udb\/un-programa-para-proveer-direccion-politica-concientizar-el-pueblo-y-crear-la-lucha-para-la-liberacion-nacional\/quienes-somos\/iv-el-materialismo-dialectico-e-historico-forma-la-base-de-nuestras-tacticas-y-estrategias\/","url":"https:\/\/uniondelbarrio.org\/esp\/sobre-udb\/un-programa-para-proveer-direccion-politica-concientizar-el-pueblo-y-crear-la-lucha-para-la-liberacion-nacional\/quienes-somos\/iv-el-materialismo-dialectico-e-historico-forma-la-base-de-nuestras-tacticas-y-estrategias\/","name":"IV. El Materialismo Dial\u00e9ctico E Hist\u00f3rico Forma La Base De Nuestras T\u00e1cticas Y Estrategias - UdB en espa\u00f1ol","isPartOf":{"@id":"https:\/\/uniondelbarrio.org\/esp\/#website"},"datePublished":"2015-05-20T15:15:19+00:00","dateModified":"2019-07-07T19:51:48+00:00","breadcrumb":{"@id":"https:\/\/uniondelbarrio.org\/esp\/sobre-udb\/un-programa-para-proveer-direccion-politica-concientizar-el-pueblo-y-crear-la-lucha-para-la-liberacion-nacional\/quienes-somos\/iv-el-materialismo-dialectico-e-historico-forma-la-base-de-nuestras-tacticas-y-estrategias\/#breadcrumb"},"inLanguage":"en-US","potentialAction":[{"@type":"ReadAction","target":["https:\/\/uniondelbarrio.org\/esp\/sobre-udb\/un-programa-para-proveer-direccion-politica-concientizar-el-pueblo-y-crear-la-lucha-para-la-liberacion-nacional\/quienes-somos\/iv-el-materialismo-dialectico-e-historico-forma-la-base-de-nuestras-tacticas-y-estrategias\/"]}]},{"@type":"BreadcrumbList","@id":"https:\/\/uniondelbarrio.org\/esp\/sobre-udb\/un-programa-para-proveer-direccion-politica-concientizar-el-pueblo-y-crear-la-lucha-para-la-liberacion-nacional\/quienes-somos\/iv-el-materialismo-dialectico-e-historico-forma-la-base-de-nuestras-tacticas-y-estrategias\/#breadcrumb","itemListElement":[{"@type":"ListItem","position":1,"name":"Home","item":"https:\/\/uniondelbarrio.org\/esp\/"},{"@type":"ListItem","position":2,"name":"\u00bfQui\u00e9n Es Uni\u00f3n del Barrio?","item":"https:\/\/uniondelbarrio.org\/esp\/sobre-udb\/"},{"@type":"ListItem","position":3,"name":"Un Programa Para Proveer Direcci\u00f3n Pol\u00edtica, Concientizar El Pueblo Y Crear La Lucha Para La Liberaci\u00f3n Nacional","item":"https:\/\/uniondelbarrio.org\/esp\/sobre-udb\/un-programa-para-proveer-direccion-politica-concientizar-el-pueblo-y-crear-la-lucha-para-la-liberacion-nacional\/"},{"@type":"ListItem","position":4,"name":"Quienes Somos","item":"https:\/\/uniondelbarrio.org\/esp\/sobre-udb\/un-programa-para-proveer-direccion-politica-concientizar-el-pueblo-y-crear-la-lucha-para-la-liberacion-nacional\/quienes-somos\/"},{"@type":"ListItem","position":5,"name":"IV. El Materialismo Dial\u00e9ctico E Hist\u00f3rico Forma La Base De Nuestras T\u00e1cticas Y Estrategias"}]},{"@type":"WebSite","@id":"https:\/\/uniondelbarrio.org\/esp\/#website","url":"https:\/\/uniondelbarrio.org\/esp\/","name":"UdB en espa\u00f1ol","description":"Concientizaci\u00f3n, Organizaci\u00f3n, Acci\u00f3n y Liberaci\u00f3n","potentialAction":[{"@type":"SearchAction","target":{"@type":"EntryPoint","urlTemplate":"https:\/\/uniondelbarrio.org\/esp\/?s={search_term_string}"},"query-input":{"@type":"PropertyValueSpecification","valueRequired":true,"valueName":"search_term_string"}}],"inLanguage":"en-US"}]}},"_links":{"self":[{"href":"https:\/\/uniondelbarrio.org\/esp\/wp-json\/wp\/v2\/pages\/75","targetHints":{"allow":["GET"]}}],"collection":[{"href":"https:\/\/uniondelbarrio.org\/esp\/wp-json\/wp\/v2\/pages"}],"about":[{"href":"https:\/\/uniondelbarrio.org\/esp\/wp-json\/wp\/v2\/types\/page"}],"author":[{"embeddable":true,"href":"https:\/\/uniondelbarrio.org\/esp\/wp-json\/wp\/v2\/users\/1"}],"replies":[{"embeddable":true,"href":"https:\/\/uniondelbarrio.org\/esp\/wp-json\/wp\/v2\/comments?post=75"}],"version-history":[{"count":5,"href":"https:\/\/uniondelbarrio.org\/esp\/wp-json\/wp\/v2\/pages\/75\/revisions"}],"predecessor-version":[{"id":964,"href":"https:\/\/uniondelbarrio.org\/esp\/wp-json\/wp\/v2\/pages\/75\/revisions\/964"}],"up":[{"embeddable":true,"href":"https:\/\/uniondelbarrio.org\/esp\/wp-json\/wp\/v2\/pages\/61"}],"wp:attachment":[{"href":"https:\/\/uniondelbarrio.org\/esp\/wp-json\/wp\/v2\/media?parent=75"}],"curies":[{"name":"wp","href":"https:\/\/api.w.org\/{rel}","templated":true}]}}