{"id":80,"date":"2015-05-20T22:23:58","date_gmt":"2015-05-20T15:23:58","guid":{"rendered":"http:\/\/uniondelbarrio.org\/esp\/?page_id=80"},"modified":"2019-07-07T12:52:45","modified_gmt":"2019-07-07T19:52:45","slug":"i-auto-determinacion-liberacion-nacional-y-unidad-continental","status":"publish","type":"page","link":"https:\/\/uniondelbarrio.org\/esp\/sobre-udb\/un-programa-para-proveer-direccion-politica-concientizar-el-pueblo-y-crear-la-lucha-para-la-liberacion-nacional\/lo-que-queremos\/i-auto-determinacion-liberacion-nacional-y-unidad-continental\/","title":{"rendered":"I. Auto-Determinaci\u00f3n, Liberaci\u00f3n Nacional Y Unidad Continental"},"content":{"rendered":"<div class=\"page\" title=\"Page 8\">\n<div class=\"layoutArea\">\n<div class=\"column\">\n<div class=\"page\" title=\"Page 8\">\n<div class=\"layoutArea\">\n<div class=\"column\">\n<div class=\"page\" title=\"Page 11\">\n<div class=\"layoutArea\">\n<div class=\"column\">\n<p>Estamos determinados a liberar a nuestro pueblo. El medio a este fin es avanzar la lucha por la auto determinaci\u00f3n, cual mejor se define como la habilidad de dirigir colectivamente nuestra historia; controlando econ\u00f3micamente nuestro destino; control de nuestro desarrollo social en ramas de la cultura, la educaci\u00f3n e idioma; desarrollar independientemente el car\u00e1cter y la direcci\u00f3n de nuestra orientaci\u00f3n pol\u00edtica; y controlando las instituciones pol\u00edticas que producen las leyes que nos gobiernan.<\/p>\n<p>Reconocemos los pueblos ind\u00edgenas de Nuestra Am\u00e9rica como actores sociales y sujetos hist\u00f3ricos. Exigimos la auto determinaci\u00f3n de las identidades ind\u00edgenas, culturas, espiritualidad, costumbres, e idioma en par con las entidades e intereses nacionales. A precisar, estos derechos incluyen lo siguiente: auto afirmaci\u00f3n como el derecho de proclamar existencia y ser reconocido como tal; auto definici\u00f3n como el derecho de determinar quienes pertenecen al grupo y definir l\u00edmites territoriales; auto organizaci\u00f3n como el derecho de desarrollar y aplicar leyes en conjunto con la aplicaci\u00f3n de las leyes generales de la naci\u00f3n; y auto gobernaci\u00f3n como el derecho de definir y administrar asuntos pol\u00edticos en conjunto con los procedimientos de la naci\u00f3n o estado.<\/p>\n<p>Acudimos el avance de la liberaci\u00f3n y reunificaci\u00f3n de M\u00e9xico bajo un gobierno revolucionario, responsable al pueblo. Es m\u00e1s, este gobierno debe ser comprometido a la liberaci\u00f3n y unificaci\u00f3n de Nuestra Am\u00e9rica, y en solidaridad con todos los pueblos oprimidos del mundo. Lucharemos para que jam\u00e1s permitamos que el imperialismo norteamericano usurpe nuestros recursos; y lucharemos para integrarnos en acuerdos econ\u00f3micos regionales, continentales e internacionales que van a beneficiar a las masas de la Raza.<\/p>\n<\/div>\n<\/div>\n<\/div>\n<p>SIGUE\u00a0<em>Que Queremos<\/em>: &#8220;<a href=\"https:\/\/uniondelbarrio.org\/esp\/?page_id=82\">II. Democracia Participativa Y Socialismo<\/a>&#8221;<\/p>\n<\/div>\n<\/div>\n<\/div>\n<\/div>\n<\/div>\n<\/div>\n","protected":false},"excerpt":{"rendered":"<p>Estamos determinados a liberar a nuestro pueblo. El medio a este fin es avanzar la lucha por la auto determinaci\u00f3n, cual mejor se define como la habilidad de dirigir colectivamente nuestra historia; controlando econ\u00f3micamente nuestro destino; control de nuestro desarrollo social en ramas de la cultura, la educaci\u00f3n e idioma; desarrollar independientemente el car\u00e1cter y [&hellip;]<\/p>\n","protected":false},"author":1,"featured_media":0,"parent":78,"menu_order":1,"comment_status":"closed","ping_status":"closed","template":"","meta":{"footnotes":""},"class_list":["post-80","page","type-page","status-publish","hentry"],"yoast_head":"<!-- This site is optimized with the Yoast SEO plugin v27.4 - https:\/\/yoast.com\/product\/yoast-seo-wordpress\/ -->\n<title>I. Auto-Determinaci\u00f3n, Liberaci\u00f3n Nacional Y Unidad Continental - UdB en espa\u00f1ol<\/title>\n<meta name=\"robots\" content=\"index, follow, max-snippet:-1, max-image-preview:large, max-video-preview:-1\" \/>\n<link rel=\"canonical\" href=\"https:\/\/uniondelbarrio.org\/esp\/sobre-udb\/un-programa-para-proveer-direccion-politica-concientizar-el-pueblo-y-crear-la-lucha-para-la-liberacion-nacional\/lo-que-queremos\/i-auto-determinacion-liberacion-nacional-y-unidad-continental\/\" \/>\n<meta property=\"og:locale\" content=\"en_US\" \/>\n<meta property=\"og:type\" content=\"article\" \/>\n<meta property=\"og:title\" content=\"I. Auto-Determinaci\u00f3n, Liberaci\u00f3n Nacional Y Unidad Continental - UdB en espa\u00f1ol\" \/>\n<meta property=\"og:description\" content=\"Estamos determinados a liberar a nuestro pueblo. El medio a este fin es avanzar la lucha por la auto determinaci\u00f3n, cual mejor se define como la habilidad de dirigir colectivamente nuestra historia; controlando econ\u00f3micamente nuestro destino; control de nuestro desarrollo social en ramas de la cultura, la educaci\u00f3n e idioma; desarrollar independientemente el car\u00e1cter y [&hellip;]\" \/>\n<meta property=\"og:url\" content=\"https:\/\/uniondelbarrio.org\/esp\/sobre-udb\/un-programa-para-proveer-direccion-politica-concientizar-el-pueblo-y-crear-la-lucha-para-la-liberacion-nacional\/lo-que-queremos\/i-auto-determinacion-liberacion-nacional-y-unidad-continental\/\" \/>\n<meta property=\"og:site_name\" content=\"UdB en espa\u00f1ol\" \/>\n<meta property=\"article:publisher\" content=\"https:\/\/www.facebook.com\/UniondelBarrio\" \/>\n<meta property=\"article:modified_time\" content=\"2019-07-07T19:52:45+00:00\" \/>\n<meta property=\"og:image\" content=\"https:\/\/uniondelbarrio.org\/esp\/wp-content\/uploads\/2021\/04\/ESP_UdB_FBDefaultWeb_1200x628.jpg\" \/>\n\t<meta property=\"og:image:width\" content=\"1200\" \/>\n\t<meta property=\"og:image:height\" content=\"628\" \/>\n\t<meta property=\"og:image:type\" content=\"image\/jpeg\" \/>\n<meta name=\"twitter:card\" content=\"summary_large_image\" \/>\n<meta name=\"twitter:site\" content=\"@UniondelBarrio\" \/>\n<meta name=\"twitter:label1\" content=\"Est. reading time\" \/>\n\t<meta name=\"twitter:data1\" content=\"2 minutes\" \/>\n<script type=\"application\/ld+json\" class=\"yoast-schema-graph\">{\"@context\":\"https:\\\/\\\/schema.org\",\"@graph\":[{\"@type\":\"WebPage\",\"@id\":\"https:\\\/\\\/uniondelbarrio.org\\\/esp\\\/sobre-udb\\\/un-programa-para-proveer-direccion-politica-concientizar-el-pueblo-y-crear-la-lucha-para-la-liberacion-nacional\\\/lo-que-queremos\\\/i-auto-determinacion-liberacion-nacional-y-unidad-continental\\\/\",\"url\":\"https:\\\/\\\/uniondelbarrio.org\\\/esp\\\/sobre-udb\\\/un-programa-para-proveer-direccion-politica-concientizar-el-pueblo-y-crear-la-lucha-para-la-liberacion-nacional\\\/lo-que-queremos\\\/i-auto-determinacion-liberacion-nacional-y-unidad-continental\\\/\",\"name\":\"I. Auto-Determinaci\u00f3n, Liberaci\u00f3n Nacional Y Unidad Continental - UdB en espa\u00f1ol\",\"isPartOf\":{\"@id\":\"https:\\\/\\\/uniondelbarrio.org\\\/esp\\\/#website\"},\"datePublished\":\"2015-05-20T15:23:58+00:00\",\"dateModified\":\"2019-07-07T19:52:45+00:00\",\"breadcrumb\":{\"@id\":\"https:\\\/\\\/uniondelbarrio.org\\\/esp\\\/sobre-udb\\\/un-programa-para-proveer-direccion-politica-concientizar-el-pueblo-y-crear-la-lucha-para-la-liberacion-nacional\\\/lo-que-queremos\\\/i-auto-determinacion-liberacion-nacional-y-unidad-continental\\\/#breadcrumb\"},\"inLanguage\":\"en-US\",\"potentialAction\":[{\"@type\":\"ReadAction\",\"target\":[\"https:\\\/\\\/uniondelbarrio.org\\\/esp\\\/sobre-udb\\\/un-programa-para-proveer-direccion-politica-concientizar-el-pueblo-y-crear-la-lucha-para-la-liberacion-nacional\\\/lo-que-queremos\\\/i-auto-determinacion-liberacion-nacional-y-unidad-continental\\\/\"]}]},{\"@type\":\"BreadcrumbList\",\"@id\":\"https:\\\/\\\/uniondelbarrio.org\\\/esp\\\/sobre-udb\\\/un-programa-para-proveer-direccion-politica-concientizar-el-pueblo-y-crear-la-lucha-para-la-liberacion-nacional\\\/lo-que-queremos\\\/i-auto-determinacion-liberacion-nacional-y-unidad-continental\\\/#breadcrumb\",\"itemListElement\":[{\"@type\":\"ListItem\",\"position\":1,\"name\":\"Home\",\"item\":\"https:\\\/\\\/uniondelbarrio.org\\\/esp\\\/\"},{\"@type\":\"ListItem\",\"position\":2,\"name\":\"\u00bfQui\u00e9n Es Uni\u00f3n del Barrio?\",\"item\":\"https:\\\/\\\/uniondelbarrio.org\\\/esp\\\/sobre-udb\\\/\"},{\"@type\":\"ListItem\",\"position\":3,\"name\":\"Un Programa Para Proveer Direcci\u00f3n Pol\u00edtica, Concientizar El Pueblo Y Crear La Lucha Para La Liberaci\u00f3n Nacional\",\"item\":\"https:\\\/\\\/uniondelbarrio.org\\\/esp\\\/sobre-udb\\\/un-programa-para-proveer-direccion-politica-concientizar-el-pueblo-y-crear-la-lucha-para-la-liberacion-nacional\\\/\"},{\"@type\":\"ListItem\",\"position\":4,\"name\":\"Lo Que Queremos\",\"item\":\"https:\\\/\\\/uniondelbarrio.org\\\/esp\\\/sobre-udb\\\/un-programa-para-proveer-direccion-politica-concientizar-el-pueblo-y-crear-la-lucha-para-la-liberacion-nacional\\\/lo-que-queremos\\\/\"},{\"@type\":\"ListItem\",\"position\":5,\"name\":\"I. Auto-Determinaci\u00f3n, Liberaci\u00f3n Nacional Y Unidad Continental\"}]},{\"@type\":\"WebSite\",\"@id\":\"https:\\\/\\\/uniondelbarrio.org\\\/esp\\\/#website\",\"url\":\"https:\\\/\\\/uniondelbarrio.org\\\/esp\\\/\",\"name\":\"UdB en espa\u00f1ol\",\"description\":\"Concientizaci\u00f3n, Organizaci\u00f3n, Acci\u00f3n y Liberaci\u00f3n\",\"potentialAction\":[{\"@type\":\"SearchAction\",\"target\":{\"@type\":\"EntryPoint\",\"urlTemplate\":\"https:\\\/\\\/uniondelbarrio.org\\\/esp\\\/?s={search_term_string}\"},\"query-input\":{\"@type\":\"PropertyValueSpecification\",\"valueRequired\":true,\"valueName\":\"search_term_string\"}}],\"inLanguage\":\"en-US\"}]}<\/script>\n<!-- \/ Yoast SEO plugin. -->","yoast_head_json":{"title":"I. Auto-Determinaci\u00f3n, Liberaci\u00f3n Nacional Y Unidad Continental - UdB en espa\u00f1ol","robots":{"index":"index","follow":"follow","max-snippet":"max-snippet:-1","max-image-preview":"max-image-preview:large","max-video-preview":"max-video-preview:-1"},"canonical":"https:\/\/uniondelbarrio.org\/esp\/sobre-udb\/un-programa-para-proveer-direccion-politica-concientizar-el-pueblo-y-crear-la-lucha-para-la-liberacion-nacional\/lo-que-queremos\/i-auto-determinacion-liberacion-nacional-y-unidad-continental\/","og_locale":"en_US","og_type":"article","og_title":"I. Auto-Determinaci\u00f3n, Liberaci\u00f3n Nacional Y Unidad Continental - UdB en espa\u00f1ol","og_description":"Estamos determinados a liberar a nuestro pueblo. El medio a este fin es avanzar la lucha por la auto determinaci\u00f3n, cual mejor se define como la habilidad de dirigir colectivamente nuestra historia; controlando econ\u00f3micamente nuestro destino; control de nuestro desarrollo social en ramas de la cultura, la educaci\u00f3n e idioma; desarrollar independientemente el car\u00e1cter y [&hellip;]","og_url":"https:\/\/uniondelbarrio.org\/esp\/sobre-udb\/un-programa-para-proveer-direccion-politica-concientizar-el-pueblo-y-crear-la-lucha-para-la-liberacion-nacional\/lo-que-queremos\/i-auto-determinacion-liberacion-nacional-y-unidad-continental\/","og_site_name":"UdB en espa\u00f1ol","article_publisher":"https:\/\/www.facebook.com\/UniondelBarrio","article_modified_time":"2019-07-07T19:52:45+00:00","og_image":[{"width":1200,"height":628,"url":"https:\/\/uniondelbarrio.org\/esp\/wp-content\/uploads\/2021\/04\/ESP_UdB_FBDefaultWeb_1200x628.jpg","type":"image\/jpeg"}],"twitter_card":"summary_large_image","twitter_site":"@UniondelBarrio","twitter_misc":{"Est. reading time":"2 minutes"},"schema":{"@context":"https:\/\/schema.org","@graph":[{"@type":"WebPage","@id":"https:\/\/uniondelbarrio.org\/esp\/sobre-udb\/un-programa-para-proveer-direccion-politica-concientizar-el-pueblo-y-crear-la-lucha-para-la-liberacion-nacional\/lo-que-queremos\/i-auto-determinacion-liberacion-nacional-y-unidad-continental\/","url":"https:\/\/uniondelbarrio.org\/esp\/sobre-udb\/un-programa-para-proveer-direccion-politica-concientizar-el-pueblo-y-crear-la-lucha-para-la-liberacion-nacional\/lo-que-queremos\/i-auto-determinacion-liberacion-nacional-y-unidad-continental\/","name":"I. Auto-Determinaci\u00f3n, Liberaci\u00f3n Nacional Y Unidad Continental - UdB en espa\u00f1ol","isPartOf":{"@id":"https:\/\/uniondelbarrio.org\/esp\/#website"},"datePublished":"2015-05-20T15:23:58+00:00","dateModified":"2019-07-07T19:52:45+00:00","breadcrumb":{"@id":"https:\/\/uniondelbarrio.org\/esp\/sobre-udb\/un-programa-para-proveer-direccion-politica-concientizar-el-pueblo-y-crear-la-lucha-para-la-liberacion-nacional\/lo-que-queremos\/i-auto-determinacion-liberacion-nacional-y-unidad-continental\/#breadcrumb"},"inLanguage":"en-US","potentialAction":[{"@type":"ReadAction","target":["https:\/\/uniondelbarrio.org\/esp\/sobre-udb\/un-programa-para-proveer-direccion-politica-concientizar-el-pueblo-y-crear-la-lucha-para-la-liberacion-nacional\/lo-que-queremos\/i-auto-determinacion-liberacion-nacional-y-unidad-continental\/"]}]},{"@type":"BreadcrumbList","@id":"https:\/\/uniondelbarrio.org\/esp\/sobre-udb\/un-programa-para-proveer-direccion-politica-concientizar-el-pueblo-y-crear-la-lucha-para-la-liberacion-nacional\/lo-que-queremos\/i-auto-determinacion-liberacion-nacional-y-unidad-continental\/#breadcrumb","itemListElement":[{"@type":"ListItem","position":1,"name":"Home","item":"https:\/\/uniondelbarrio.org\/esp\/"},{"@type":"ListItem","position":2,"name":"\u00bfQui\u00e9n Es Uni\u00f3n del Barrio?","item":"https:\/\/uniondelbarrio.org\/esp\/sobre-udb\/"},{"@type":"ListItem","position":3,"name":"Un Programa Para Proveer Direcci\u00f3n Pol\u00edtica, Concientizar El Pueblo Y Crear La Lucha Para La Liberaci\u00f3n Nacional","item":"https:\/\/uniondelbarrio.org\/esp\/sobre-udb\/un-programa-para-proveer-direccion-politica-concientizar-el-pueblo-y-crear-la-lucha-para-la-liberacion-nacional\/"},{"@type":"ListItem","position":4,"name":"Lo Que Queremos","item":"https:\/\/uniondelbarrio.org\/esp\/sobre-udb\/un-programa-para-proveer-direccion-politica-concientizar-el-pueblo-y-crear-la-lucha-para-la-liberacion-nacional\/lo-que-queremos\/"},{"@type":"ListItem","position":5,"name":"I. Auto-Determinaci\u00f3n, Liberaci\u00f3n Nacional Y Unidad Continental"}]},{"@type":"WebSite","@id":"https:\/\/uniondelbarrio.org\/esp\/#website","url":"https:\/\/uniondelbarrio.org\/esp\/","name":"UdB en espa\u00f1ol","description":"Concientizaci\u00f3n, Organizaci\u00f3n, Acci\u00f3n y Liberaci\u00f3n","potentialAction":[{"@type":"SearchAction","target":{"@type":"EntryPoint","urlTemplate":"https:\/\/uniondelbarrio.org\/esp\/?s={search_term_string}"},"query-input":{"@type":"PropertyValueSpecification","valueRequired":true,"valueName":"search_term_string"}}],"inLanguage":"en-US"}]}},"_links":{"self":[{"href":"https:\/\/uniondelbarrio.org\/esp\/wp-json\/wp\/v2\/pages\/80","targetHints":{"allow":["GET"]}}],"collection":[{"href":"https:\/\/uniondelbarrio.org\/esp\/wp-json\/wp\/v2\/pages"}],"about":[{"href":"https:\/\/uniondelbarrio.org\/esp\/wp-json\/wp\/v2\/types\/page"}],"author":[{"embeddable":true,"href":"https:\/\/uniondelbarrio.org\/esp\/wp-json\/wp\/v2\/users\/1"}],"replies":[{"embeddable":true,"href":"https:\/\/uniondelbarrio.org\/esp\/wp-json\/wp\/v2\/comments?post=80"}],"version-history":[{"count":4,"href":"https:\/\/uniondelbarrio.org\/esp\/wp-json\/wp\/v2\/pages\/80\/revisions"}],"predecessor-version":[{"id":965,"href":"https:\/\/uniondelbarrio.org\/esp\/wp-json\/wp\/v2\/pages\/80\/revisions\/965"}],"up":[{"embeddable":true,"href":"https:\/\/uniondelbarrio.org\/esp\/wp-json\/wp\/v2\/pages\/78"}],"wp:attachment":[{"href":"https:\/\/uniondelbarrio.org\/esp\/wp-json\/wp\/v2\/media?parent=80"}],"curies":[{"name":"wp","href":"https:\/\/api.w.org\/{rel}","templated":true}]}}