{"id":82,"date":"2015-05-20T22:30:07","date_gmt":"2015-05-20T15:30:07","guid":{"rendered":"http:\/\/uniondelbarrio.org\/esp\/?page_id=82"},"modified":"2019-07-07T12:53:31","modified_gmt":"2019-07-07T19:53:31","slug":"ii-democracia-participativa-y-socialismo","status":"publish","type":"page","link":"https:\/\/uniondelbarrio.org\/esp\/sobre-udb\/un-programa-para-proveer-direccion-politica-concientizar-el-pueblo-y-crear-la-lucha-para-la-liberacion-nacional\/lo-que-queremos\/ii-democracia-participativa-y-socialismo\/","title":{"rendered":"II. Democracia Participativa Y Socialismo"},"content":{"rendered":"<div class=\"page\" title=\"Page 8\">\n<div class=\"layoutArea\">\n<div class=\"column\">\n<div class=\"layoutArea\">\n<div class=\"column\">\n<div class=\"page\" title=\"Page 9\">\n<div class=\"layoutArea\">\n<div class=\"column\">\n<div class=\"page\" title=\"Page 12\">\n<div class=\"layoutArea\">\n<div class=\"column\">\n<p>Nuestra meta es cambiar la actual definici\u00f3n burguesa de la democracia que actualmente se limita a procedimientos electorales. Nuestra democracia ser\u00e1 participativa y transcender\u00e1 los conceptos de ciudadan\u00eda y de fronteras pol\u00edticas. Nosotros activamente rechazamos todas la leyes y todos los gobiernos, fronteras nacionales, y definiciones de ciudadan\u00eda que nos niegue el pleno disfrute de nuestros derechos democr\u00e1ticos y humanos. Dentro de una Democracia Participativa se reconoce y se respeta el derecho de elegir libremente su orientaci\u00f3n sexual.<\/p>\n<p>Queremos libertad de comunicaci\u00f3n e informaci\u00f3n, con un fin a la brecha digital y acceso a la ciencia y tecnolog\u00eda. Control de la informaci\u00f3n y del conocimiento es un instrumento clave que usan para mantener el control sobre un pueblo colonizado. Por medio de la dominaci\u00f3n de todos los medios de transmisi\u00f3n de informaci\u00f3n e ideas como las escuelas, peri\u00f3dicos, televisi\u00f3n, la radio, el internet, etc. instituciones colonizadoras dictan y manipulan la forma de pensar y actuar de nuestra Raza. Sin entender nuestra verdadera historia, cultura e identidad como Raza, alcanzar la auto-determinaci\u00f3n es imposible. Por eso Uni\u00f3n del Barrio considera que una de las tareas m\u00e1s urgentes que enfrenta nuestro movimiento es asegurar que el pueblo est\u00e9 informado y consciente de la base de nuestra opresi\u00f3n, para as\u00ed desarrollar una conciencia nacional, continental e internacional para poder concretizar un proceso revolucionario para las masas.<\/p>\n<p>Buscamos la justicia social y econ\u00f3mica, y defendemos los intereses colectivos de los pobres y de la clase trabajadora de Nuestra Am\u00e9rica. Fundamental a nuestra independencia es el desarrollo de un orden econ\u00f3mico y social donde las masas de nuestro pueblo sean due\u00f1os del producto de nuestro trabajo y la habilidad de ejercer el control colectivo de la econom\u00eda. Nosotros somos v\u00edctimas del enemigo com\u00fan de todos los pueblos oprimidos del mundo- el imperialismo y el capitalismo. Es por esta raz\u00f3n que Uni\u00f3n del Barrio se reconoce a si miso como un organizaci\u00f3n socialista, que lucha por la liberaci\u00f3n de nuestras tierras, nuestros intereses de clase y estamos al lado de todos los pueblos oprimidos. Bajo una Nuestra Am\u00e9rica unida y socialista compartiremos nuestros recursos humanos, intelectuales, cient\u00edficos, militares, m\u00e9dicos y naturales de las naciones de nuestro continente para mejorar la calidad de vida por y para todos\/as. Buscamos avanzar la unidad entre la clase obrera\/trabajadora internacional y nunca nos uniremos con los burgueses capitalistas y los neo-colonialistas, aquellos quienes se unen con el imperialismo y explotan a su propia gente y escogen avanzar sus intereses individuales al costo de los dem\u00e1s.<\/p>\n<\/div>\n<\/div>\n<\/div>\n<p>SIGUE <em>Que Queremos<\/em>: &#8220;<a href=\"https:\/\/uniondelbarrio.org\/esp\/?page_id=84\">III. La Liberaci\u00f3n Absoluta E Inequ\u00edvoca De Las Mujeres<\/a>&#8221;<\/p>\n<\/div>\n<\/div>\n<\/div>\n<\/div>\n<\/div>\n<\/div>\n<\/div>\n<\/div>\n","protected":false},"excerpt":{"rendered":"<p>Nuestra meta es cambiar la actual definici\u00f3n burguesa de la democracia que actualmente se limita a procedimientos electorales. Nuestra democracia ser\u00e1 participativa y transcender\u00e1 los conceptos de ciudadan\u00eda y de fronteras pol\u00edticas. Nosotros activamente rechazamos todas la leyes y todos los gobiernos, fronteras nacionales, y definiciones de ciudadan\u00eda que nos niegue el pleno disfrute de [&hellip;]<\/p>\n","protected":false},"author":1,"featured_media":0,"parent":78,"menu_order":2,"comment_status":"closed","ping_status":"closed","template":"","meta":{"footnotes":""},"class_list":["post-82","page","type-page","status-publish","hentry"],"yoast_head":"<!-- This site is optimized with the Yoast SEO plugin v27.4 - https:\/\/yoast.com\/product\/yoast-seo-wordpress\/ -->\n<title>II. Democracia Participativa Y Socialismo - UdB en espa\u00f1ol<\/title>\n<meta name=\"robots\" content=\"index, follow, max-snippet:-1, max-image-preview:large, max-video-preview:-1\" \/>\n<link rel=\"canonical\" href=\"https:\/\/uniondelbarrio.org\/esp\/sobre-udb\/un-programa-para-proveer-direccion-politica-concientizar-el-pueblo-y-crear-la-lucha-para-la-liberacion-nacional\/lo-que-queremos\/ii-democracia-participativa-y-socialismo\/\" \/>\n<meta property=\"og:locale\" content=\"en_US\" \/>\n<meta property=\"og:type\" content=\"article\" \/>\n<meta property=\"og:title\" content=\"II. Democracia Participativa Y Socialismo - UdB en espa\u00f1ol\" \/>\n<meta property=\"og:description\" content=\"Nuestra meta es cambiar la actual definici\u00f3n burguesa de la democracia que actualmente se limita a procedimientos electorales. Nuestra democracia ser\u00e1 participativa y transcender\u00e1 los conceptos de ciudadan\u00eda y de fronteras pol\u00edticas. Nosotros activamente rechazamos todas la leyes y todos los gobiernos, fronteras nacionales, y definiciones de ciudadan\u00eda que nos niegue el pleno disfrute de [&hellip;]\" \/>\n<meta property=\"og:url\" content=\"https:\/\/uniondelbarrio.org\/esp\/sobre-udb\/un-programa-para-proveer-direccion-politica-concientizar-el-pueblo-y-crear-la-lucha-para-la-liberacion-nacional\/lo-que-queremos\/ii-democracia-participativa-y-socialismo\/\" \/>\n<meta property=\"og:site_name\" content=\"UdB en espa\u00f1ol\" \/>\n<meta property=\"article:publisher\" content=\"https:\/\/www.facebook.com\/UniondelBarrio\" \/>\n<meta property=\"article:modified_time\" content=\"2019-07-07T19:53:31+00:00\" \/>\n<meta property=\"og:image\" content=\"https:\/\/uniondelbarrio.org\/esp\/wp-content\/uploads\/2021\/04\/ESP_UdB_FBDefaultWeb_1200x628.jpg\" \/>\n\t<meta property=\"og:image:width\" content=\"1200\" \/>\n\t<meta property=\"og:image:height\" content=\"628\" \/>\n\t<meta property=\"og:image:type\" content=\"image\/jpeg\" \/>\n<meta name=\"twitter:card\" content=\"summary_large_image\" \/>\n<meta name=\"twitter:site\" content=\"@UniondelBarrio\" \/>\n<meta name=\"twitter:label1\" content=\"Est. reading time\" \/>\n\t<meta name=\"twitter:data1\" content=\"2 minutes\" \/>\n<script type=\"application\/ld+json\" class=\"yoast-schema-graph\">{\"@context\":\"https:\\\/\\\/schema.org\",\"@graph\":[{\"@type\":\"WebPage\",\"@id\":\"https:\\\/\\\/uniondelbarrio.org\\\/esp\\\/sobre-udb\\\/un-programa-para-proveer-direccion-politica-concientizar-el-pueblo-y-crear-la-lucha-para-la-liberacion-nacional\\\/lo-que-queremos\\\/ii-democracia-participativa-y-socialismo\\\/\",\"url\":\"https:\\\/\\\/uniondelbarrio.org\\\/esp\\\/sobre-udb\\\/un-programa-para-proveer-direccion-politica-concientizar-el-pueblo-y-crear-la-lucha-para-la-liberacion-nacional\\\/lo-que-queremos\\\/ii-democracia-participativa-y-socialismo\\\/\",\"name\":\"II. Democracia Participativa Y Socialismo - UdB en espa\u00f1ol\",\"isPartOf\":{\"@id\":\"https:\\\/\\\/uniondelbarrio.org\\\/esp\\\/#website\"},\"datePublished\":\"2015-05-20T15:30:07+00:00\",\"dateModified\":\"2019-07-07T19:53:31+00:00\",\"breadcrumb\":{\"@id\":\"https:\\\/\\\/uniondelbarrio.org\\\/esp\\\/sobre-udb\\\/un-programa-para-proveer-direccion-politica-concientizar-el-pueblo-y-crear-la-lucha-para-la-liberacion-nacional\\\/lo-que-queremos\\\/ii-democracia-participativa-y-socialismo\\\/#breadcrumb\"},\"inLanguage\":\"en-US\",\"potentialAction\":[{\"@type\":\"ReadAction\",\"target\":[\"https:\\\/\\\/uniondelbarrio.org\\\/esp\\\/sobre-udb\\\/un-programa-para-proveer-direccion-politica-concientizar-el-pueblo-y-crear-la-lucha-para-la-liberacion-nacional\\\/lo-que-queremos\\\/ii-democracia-participativa-y-socialismo\\\/\"]}]},{\"@type\":\"BreadcrumbList\",\"@id\":\"https:\\\/\\\/uniondelbarrio.org\\\/esp\\\/sobre-udb\\\/un-programa-para-proveer-direccion-politica-concientizar-el-pueblo-y-crear-la-lucha-para-la-liberacion-nacional\\\/lo-que-queremos\\\/ii-democracia-participativa-y-socialismo\\\/#breadcrumb\",\"itemListElement\":[{\"@type\":\"ListItem\",\"position\":1,\"name\":\"Home\",\"item\":\"https:\\\/\\\/uniondelbarrio.org\\\/esp\\\/\"},{\"@type\":\"ListItem\",\"position\":2,\"name\":\"\u00bfQui\u00e9n Es Uni\u00f3n del Barrio?\",\"item\":\"https:\\\/\\\/uniondelbarrio.org\\\/esp\\\/sobre-udb\\\/\"},{\"@type\":\"ListItem\",\"position\":3,\"name\":\"Un Programa Para Proveer Direcci\u00f3n Pol\u00edtica, Concientizar El Pueblo Y Crear La Lucha Para La Liberaci\u00f3n Nacional\",\"item\":\"https:\\\/\\\/uniondelbarrio.org\\\/esp\\\/sobre-udb\\\/un-programa-para-proveer-direccion-politica-concientizar-el-pueblo-y-crear-la-lucha-para-la-liberacion-nacional\\\/\"},{\"@type\":\"ListItem\",\"position\":4,\"name\":\"Lo Que Queremos\",\"item\":\"https:\\\/\\\/uniondelbarrio.org\\\/esp\\\/sobre-udb\\\/un-programa-para-proveer-direccion-politica-concientizar-el-pueblo-y-crear-la-lucha-para-la-liberacion-nacional\\\/lo-que-queremos\\\/\"},{\"@type\":\"ListItem\",\"position\":5,\"name\":\"II. Democracia Participativa Y Socialismo\"}]},{\"@type\":\"WebSite\",\"@id\":\"https:\\\/\\\/uniondelbarrio.org\\\/esp\\\/#website\",\"url\":\"https:\\\/\\\/uniondelbarrio.org\\\/esp\\\/\",\"name\":\"UdB en espa\u00f1ol\",\"description\":\"Concientizaci\u00f3n, Organizaci\u00f3n, Acci\u00f3n y Liberaci\u00f3n\",\"potentialAction\":[{\"@type\":\"SearchAction\",\"target\":{\"@type\":\"EntryPoint\",\"urlTemplate\":\"https:\\\/\\\/uniondelbarrio.org\\\/esp\\\/?s={search_term_string}\"},\"query-input\":{\"@type\":\"PropertyValueSpecification\",\"valueRequired\":true,\"valueName\":\"search_term_string\"}}],\"inLanguage\":\"en-US\"}]}<\/script>\n<!-- \/ Yoast SEO plugin. -->","yoast_head_json":{"title":"II. Democracia Participativa Y Socialismo - UdB en espa\u00f1ol","robots":{"index":"index","follow":"follow","max-snippet":"max-snippet:-1","max-image-preview":"max-image-preview:large","max-video-preview":"max-video-preview:-1"},"canonical":"https:\/\/uniondelbarrio.org\/esp\/sobre-udb\/un-programa-para-proveer-direccion-politica-concientizar-el-pueblo-y-crear-la-lucha-para-la-liberacion-nacional\/lo-que-queremos\/ii-democracia-participativa-y-socialismo\/","og_locale":"en_US","og_type":"article","og_title":"II. Democracia Participativa Y Socialismo - UdB en espa\u00f1ol","og_description":"Nuestra meta es cambiar la actual definici\u00f3n burguesa de la democracia que actualmente se limita a procedimientos electorales. Nuestra democracia ser\u00e1 participativa y transcender\u00e1 los conceptos de ciudadan\u00eda y de fronteras pol\u00edticas. Nosotros activamente rechazamos todas la leyes y todos los gobiernos, fronteras nacionales, y definiciones de ciudadan\u00eda que nos niegue el pleno disfrute de [&hellip;]","og_url":"https:\/\/uniondelbarrio.org\/esp\/sobre-udb\/un-programa-para-proveer-direccion-politica-concientizar-el-pueblo-y-crear-la-lucha-para-la-liberacion-nacional\/lo-que-queremos\/ii-democracia-participativa-y-socialismo\/","og_site_name":"UdB en espa\u00f1ol","article_publisher":"https:\/\/www.facebook.com\/UniondelBarrio","article_modified_time":"2019-07-07T19:53:31+00:00","og_image":[{"width":1200,"height":628,"url":"https:\/\/uniondelbarrio.org\/esp\/wp-content\/uploads\/2021\/04\/ESP_UdB_FBDefaultWeb_1200x628.jpg","type":"image\/jpeg"}],"twitter_card":"summary_large_image","twitter_site":"@UniondelBarrio","twitter_misc":{"Est. reading time":"2 minutes"},"schema":{"@context":"https:\/\/schema.org","@graph":[{"@type":"WebPage","@id":"https:\/\/uniondelbarrio.org\/esp\/sobre-udb\/un-programa-para-proveer-direccion-politica-concientizar-el-pueblo-y-crear-la-lucha-para-la-liberacion-nacional\/lo-que-queremos\/ii-democracia-participativa-y-socialismo\/","url":"https:\/\/uniondelbarrio.org\/esp\/sobre-udb\/un-programa-para-proveer-direccion-politica-concientizar-el-pueblo-y-crear-la-lucha-para-la-liberacion-nacional\/lo-que-queremos\/ii-democracia-participativa-y-socialismo\/","name":"II. Democracia Participativa Y Socialismo - UdB en espa\u00f1ol","isPartOf":{"@id":"https:\/\/uniondelbarrio.org\/esp\/#website"},"datePublished":"2015-05-20T15:30:07+00:00","dateModified":"2019-07-07T19:53:31+00:00","breadcrumb":{"@id":"https:\/\/uniondelbarrio.org\/esp\/sobre-udb\/un-programa-para-proveer-direccion-politica-concientizar-el-pueblo-y-crear-la-lucha-para-la-liberacion-nacional\/lo-que-queremos\/ii-democracia-participativa-y-socialismo\/#breadcrumb"},"inLanguage":"en-US","potentialAction":[{"@type":"ReadAction","target":["https:\/\/uniondelbarrio.org\/esp\/sobre-udb\/un-programa-para-proveer-direccion-politica-concientizar-el-pueblo-y-crear-la-lucha-para-la-liberacion-nacional\/lo-que-queremos\/ii-democracia-participativa-y-socialismo\/"]}]},{"@type":"BreadcrumbList","@id":"https:\/\/uniondelbarrio.org\/esp\/sobre-udb\/un-programa-para-proveer-direccion-politica-concientizar-el-pueblo-y-crear-la-lucha-para-la-liberacion-nacional\/lo-que-queremos\/ii-democracia-participativa-y-socialismo\/#breadcrumb","itemListElement":[{"@type":"ListItem","position":1,"name":"Home","item":"https:\/\/uniondelbarrio.org\/esp\/"},{"@type":"ListItem","position":2,"name":"\u00bfQui\u00e9n Es Uni\u00f3n del Barrio?","item":"https:\/\/uniondelbarrio.org\/esp\/sobre-udb\/"},{"@type":"ListItem","position":3,"name":"Un Programa Para Proveer Direcci\u00f3n Pol\u00edtica, Concientizar El Pueblo Y Crear La Lucha Para La Liberaci\u00f3n Nacional","item":"https:\/\/uniondelbarrio.org\/esp\/sobre-udb\/un-programa-para-proveer-direccion-politica-concientizar-el-pueblo-y-crear-la-lucha-para-la-liberacion-nacional\/"},{"@type":"ListItem","position":4,"name":"Lo Que Queremos","item":"https:\/\/uniondelbarrio.org\/esp\/sobre-udb\/un-programa-para-proveer-direccion-politica-concientizar-el-pueblo-y-crear-la-lucha-para-la-liberacion-nacional\/lo-que-queremos\/"},{"@type":"ListItem","position":5,"name":"II. Democracia Participativa Y Socialismo"}]},{"@type":"WebSite","@id":"https:\/\/uniondelbarrio.org\/esp\/#website","url":"https:\/\/uniondelbarrio.org\/esp\/","name":"UdB en espa\u00f1ol","description":"Concientizaci\u00f3n, Organizaci\u00f3n, Acci\u00f3n y Liberaci\u00f3n","potentialAction":[{"@type":"SearchAction","target":{"@type":"EntryPoint","urlTemplate":"https:\/\/uniondelbarrio.org\/esp\/?s={search_term_string}"},"query-input":{"@type":"PropertyValueSpecification","valueRequired":true,"valueName":"search_term_string"}}],"inLanguage":"en-US"}]}},"_links":{"self":[{"href":"https:\/\/uniondelbarrio.org\/esp\/wp-json\/wp\/v2\/pages\/82","targetHints":{"allow":["GET"]}}],"collection":[{"href":"https:\/\/uniondelbarrio.org\/esp\/wp-json\/wp\/v2\/pages"}],"about":[{"href":"https:\/\/uniondelbarrio.org\/esp\/wp-json\/wp\/v2\/types\/page"}],"author":[{"embeddable":true,"href":"https:\/\/uniondelbarrio.org\/esp\/wp-json\/wp\/v2\/users\/1"}],"replies":[{"embeddable":true,"href":"https:\/\/uniondelbarrio.org\/esp\/wp-json\/wp\/v2\/comments?post=82"}],"version-history":[{"count":5,"href":"https:\/\/uniondelbarrio.org\/esp\/wp-json\/wp\/v2\/pages\/82\/revisions"}],"predecessor-version":[{"id":966,"href":"https:\/\/uniondelbarrio.org\/esp\/wp-json\/wp\/v2\/pages\/82\/revisions\/966"}],"up":[{"embeddable":true,"href":"https:\/\/uniondelbarrio.org\/esp\/wp-json\/wp\/v2\/pages\/78"}],"wp:attachment":[{"href":"https:\/\/uniondelbarrio.org\/esp\/wp-json\/wp\/v2\/media?parent=82"}],"curies":[{"name":"wp","href":"https:\/\/api.w.org\/{rel}","templated":true}]}}