{"id":84,"date":"2015-05-20T22:32:23","date_gmt":"2015-05-20T15:32:23","guid":{"rendered":"http:\/\/uniondelbarrio.org\/esp\/?page_id=84"},"modified":"2019-07-07T12:59:51","modified_gmt":"2019-07-07T19:59:51","slug":"iii-la-liberacion-absoluta-e-inequivoca-de-las-mujeres","status":"publish","type":"page","link":"https:\/\/uniondelbarrio.org\/esp\/sobre-udb\/un-programa-para-proveer-direccion-politica-concientizar-el-pueblo-y-crear-la-lucha-para-la-liberacion-nacional\/lo-que-queremos\/iii-la-liberacion-absoluta-e-inequivoca-de-las-mujeres\/","title":{"rendered":"III. La Liberaci\u00f3n Absoluta E Inequ\u00edvoca De Las Mujeres"},"content":{"rendered":"<div class=\"page\" title=\"Page 9\">\n<div class=\"layoutArea\">\n<div class=\"column\">\n<div class=\"page\" title=\"Page 13\">\n<div class=\"layoutArea\">\n<div class=\"column\">\n<p>Fundamental para cualquier organizaci\u00f3n revolucionaria y movimiento social consciente es la absoluta autodeterminaci\u00f3n econ\u00f3mica, pol\u00edtica y social de las mujeres. Los ejemplos revolucionarios de las luchas populares en Chile, Cuba, El Salvador, M\u00e9xico, Nicaragua y Vietnam nos ense\u00f1an que la liberaci\u00f3n de la mujer es una parte esencial de la liberaci\u00f3n nacional y de clase. Uni\u00f3n del Barrio insiste en que sin la participaci\u00f3n y el liderazgo de las mujeres revolucionarias, no habr\u00e1 victoria en la lucha revolucionaria.<\/p>\n<p>En su forma actual, el orden global capitalista e imperialista-colonial sobrevive en un pedestal de patriarcado desenfrenado y misoginia. Como resultado, las mujeres de todo el mundo experimentan la represi\u00f3n m\u00e1s terrible que se pueda imaginar. La violaci\u00f3n y otras formas de violencia de g\u00e9nero se utilizan como armas y productos para imponer el control psicol\u00f3gico de las comunidades a trav\u00e9s del terror, el miedo y el trauma. En una escala global sin precedentes, las trabajadoras de las industrias de la hosteler\u00eda, la limpieza, la agricultura y la manufactura experimentan algunos de los niveles m\u00e1s altos de acoso sexual, agresiones y explotaci\u00f3n laboral. Dentro de los Estados Unidos, la represi\u00f3n de g\u00e9nero de las mujeres se ve m\u00e1s claramente cuando los empleadores aterrorizan a las mujeres indocumentadas con amenazas de deportaci\u00f3n cuando estas mujeres se resisten a su explotaci\u00f3n.<\/p>\n<p>Debemos trabajar para aplastar todas las formas de opresi\u00f3n y tendencias reaccionarias. Debemos defendernos y defender a nuestras comunidades de los ataques de la supremac\u00eda blanca. No permitiremos que nadie inflija m\u00e1s trauma sobre nuestra comunidad. Desafiaremos las tendencias patriarcales generalizadas en nuestras comunidades que est\u00e1n arraigadas en tradiciones culturales y religiosas atrasadas. El sexismo y el chovinismo masculino son rasgos burgueses que deben ser rechazados por completo y anulados para que cualquiera de nosotros pueda ganar la libertad. Debemos combatir activamente el sexismo en todas sus formas y manifestaciones, tanto dentro de nuestro movimiento como a trav\u00e9s de nuestras comunidades.<\/p>\n<p>Nuestra lucha es parte de una lucha global de mujeres audaces y valientes que lideran el mandato de desmantelar y destruir la fuente de nuestra subyugaci\u00f3n colectiva: la supremac\u00eda capitalista-imperialista blanca y la explotaci\u00f3n de nuestros cuerpos y de nuestra tierra. Como militantes de Uni\u00f3n del Barrio, estamos trabajando para construir un partido revolucionario que promueva nuestros intereses de justicia, autodeterminaci\u00f3n y libertad. Afirmamos que todas las personas merecen el derecho de tomar decisiones dignas sobre el cuerpo, la sexualidad y la salud de nuestras familias y comunidades. Exigimos una absoluta igualdad econ\u00f3mica, pol\u00edtica, cultural y social porque la verdadera liberaci\u00f3n no puede tener lugar hasta que todos los sectores de La Raza sean libres. En el centro de nuestra lucha por la autodeterminaci\u00f3n est\u00e1 la capacidad de las mujeres para auto determinar su propio futuro, y medimos nuestro \u00e9xito hacia el logro de la liberaci\u00f3n por la cantidad de mujeres que pueden tomar decisiones aut\u00f3nomas sobre sus cuerpos.<\/p>\n<\/div>\n<\/div>\n<\/div>\n<p>SIGUE <em>Que Queremos<\/em>: &#8220;<a href=\"https:\/\/uniondelbarrio.org\/esp\/?page_id=968\">IV. La Lucha Por La Camarader\u00eda De Los Sectores LGBTQ+<\/a>&#8221;<\/p>\n<\/div>\n<\/div>\n<\/div>\n","protected":false},"excerpt":{"rendered":"<p>Fundamental para cualquier organizaci\u00f3n revolucionaria y movimiento social consciente es la absoluta autodeterminaci\u00f3n econ\u00f3mica, pol\u00edtica y social de las mujeres. Los ejemplos revolucionarios de las luchas populares en Chile, Cuba, El Salvador, M\u00e9xico, Nicaragua y Vietnam nos ense\u00f1an que la liberaci\u00f3n de la mujer es una parte esencial de la liberaci\u00f3n nacional y de clase. [&hellip;]<\/p>\n","protected":false},"author":1,"featured_media":0,"parent":78,"menu_order":3,"comment_status":"closed","ping_status":"closed","template":"","meta":{"footnotes":""},"class_list":["post-84","page","type-page","status-publish","hentry"],"yoast_head":"<!-- This site is optimized with the Yoast SEO plugin v27.4 - https:\/\/yoast.com\/product\/yoast-seo-wordpress\/ -->\n<title>III. La Liberaci\u00f3n Absoluta E Inequ\u00edvoca De Las Mujeres - UdB en espa\u00f1ol<\/title>\n<meta name=\"robots\" content=\"index, follow, max-snippet:-1, max-image-preview:large, max-video-preview:-1\" \/>\n<link rel=\"canonical\" href=\"https:\/\/uniondelbarrio.org\/esp\/sobre-udb\/un-programa-para-proveer-direccion-politica-concientizar-el-pueblo-y-crear-la-lucha-para-la-liberacion-nacional\/lo-que-queremos\/iii-la-liberacion-absoluta-e-inequivoca-de-las-mujeres\/\" \/>\n<meta property=\"og:locale\" content=\"en_US\" \/>\n<meta property=\"og:type\" content=\"article\" \/>\n<meta property=\"og:title\" content=\"III. La Liberaci\u00f3n Absoluta E Inequ\u00edvoca De Las Mujeres - UdB en espa\u00f1ol\" \/>\n<meta property=\"og:description\" content=\"Fundamental para cualquier organizaci\u00f3n revolucionaria y movimiento social consciente es la absoluta autodeterminaci\u00f3n econ\u00f3mica, pol\u00edtica y social de las mujeres. Los ejemplos revolucionarios de las luchas populares en Chile, Cuba, El Salvador, M\u00e9xico, Nicaragua y Vietnam nos ense\u00f1an que la liberaci\u00f3n de la mujer es una parte esencial de la liberaci\u00f3n nacional y de clase. [&hellip;]\" \/>\n<meta property=\"og:url\" content=\"https:\/\/uniondelbarrio.org\/esp\/sobre-udb\/un-programa-para-proveer-direccion-politica-concientizar-el-pueblo-y-crear-la-lucha-para-la-liberacion-nacional\/lo-que-queremos\/iii-la-liberacion-absoluta-e-inequivoca-de-las-mujeres\/\" \/>\n<meta property=\"og:site_name\" content=\"UdB en espa\u00f1ol\" \/>\n<meta property=\"article:publisher\" content=\"https:\/\/www.facebook.com\/UniondelBarrio\" \/>\n<meta property=\"article:modified_time\" content=\"2019-07-07T19:59:51+00:00\" \/>\n<meta property=\"og:image\" content=\"https:\/\/uniondelbarrio.org\/esp\/wp-content\/uploads\/2021\/04\/ESP_UdB_FBDefaultWeb_1200x628.jpg\" \/>\n\t<meta property=\"og:image:width\" content=\"1200\" \/>\n\t<meta property=\"og:image:height\" content=\"628\" \/>\n\t<meta property=\"og:image:type\" content=\"image\/jpeg\" \/>\n<meta name=\"twitter:card\" content=\"summary_large_image\" \/>\n<meta name=\"twitter:site\" content=\"@UniondelBarrio\" \/>\n<meta name=\"twitter:label1\" content=\"Est. reading time\" \/>\n\t<meta name=\"twitter:data1\" content=\"3 minutes\" \/>\n<script type=\"application\/ld+json\" class=\"yoast-schema-graph\">{\"@context\":\"https:\\\/\\\/schema.org\",\"@graph\":[{\"@type\":\"WebPage\",\"@id\":\"https:\\\/\\\/uniondelbarrio.org\\\/esp\\\/sobre-udb\\\/un-programa-para-proveer-direccion-politica-concientizar-el-pueblo-y-crear-la-lucha-para-la-liberacion-nacional\\\/lo-que-queremos\\\/iii-la-liberacion-absoluta-e-inequivoca-de-las-mujeres\\\/\",\"url\":\"https:\\\/\\\/uniondelbarrio.org\\\/esp\\\/sobre-udb\\\/un-programa-para-proveer-direccion-politica-concientizar-el-pueblo-y-crear-la-lucha-para-la-liberacion-nacional\\\/lo-que-queremos\\\/iii-la-liberacion-absoluta-e-inequivoca-de-las-mujeres\\\/\",\"name\":\"III. La Liberaci\u00f3n Absoluta E Inequ\u00edvoca De Las Mujeres - UdB en espa\u00f1ol\",\"isPartOf\":{\"@id\":\"https:\\\/\\\/uniondelbarrio.org\\\/esp\\\/#website\"},\"datePublished\":\"2015-05-20T15:32:23+00:00\",\"dateModified\":\"2019-07-07T19:59:51+00:00\",\"breadcrumb\":{\"@id\":\"https:\\\/\\\/uniondelbarrio.org\\\/esp\\\/sobre-udb\\\/un-programa-para-proveer-direccion-politica-concientizar-el-pueblo-y-crear-la-lucha-para-la-liberacion-nacional\\\/lo-que-queremos\\\/iii-la-liberacion-absoluta-e-inequivoca-de-las-mujeres\\\/#breadcrumb\"},\"inLanguage\":\"en-US\",\"potentialAction\":[{\"@type\":\"ReadAction\",\"target\":[\"https:\\\/\\\/uniondelbarrio.org\\\/esp\\\/sobre-udb\\\/un-programa-para-proveer-direccion-politica-concientizar-el-pueblo-y-crear-la-lucha-para-la-liberacion-nacional\\\/lo-que-queremos\\\/iii-la-liberacion-absoluta-e-inequivoca-de-las-mujeres\\\/\"]}]},{\"@type\":\"BreadcrumbList\",\"@id\":\"https:\\\/\\\/uniondelbarrio.org\\\/esp\\\/sobre-udb\\\/un-programa-para-proveer-direccion-politica-concientizar-el-pueblo-y-crear-la-lucha-para-la-liberacion-nacional\\\/lo-que-queremos\\\/iii-la-liberacion-absoluta-e-inequivoca-de-las-mujeres\\\/#breadcrumb\",\"itemListElement\":[{\"@type\":\"ListItem\",\"position\":1,\"name\":\"Home\",\"item\":\"https:\\\/\\\/uniondelbarrio.org\\\/esp\\\/\"},{\"@type\":\"ListItem\",\"position\":2,\"name\":\"\u00bfQui\u00e9n Es Uni\u00f3n del Barrio?\",\"item\":\"https:\\\/\\\/uniondelbarrio.org\\\/esp\\\/sobre-udb\\\/\"},{\"@type\":\"ListItem\",\"position\":3,\"name\":\"Un Programa Para Proveer Direcci\u00f3n Pol\u00edtica, Concientizar El Pueblo Y Crear La Lucha Para La Liberaci\u00f3n Nacional\",\"item\":\"https:\\\/\\\/uniondelbarrio.org\\\/esp\\\/sobre-udb\\\/un-programa-para-proveer-direccion-politica-concientizar-el-pueblo-y-crear-la-lucha-para-la-liberacion-nacional\\\/\"},{\"@type\":\"ListItem\",\"position\":4,\"name\":\"Lo Que Queremos\",\"item\":\"https:\\\/\\\/uniondelbarrio.org\\\/esp\\\/sobre-udb\\\/un-programa-para-proveer-direccion-politica-concientizar-el-pueblo-y-crear-la-lucha-para-la-liberacion-nacional\\\/lo-que-queremos\\\/\"},{\"@type\":\"ListItem\",\"position\":5,\"name\":\"III. La Liberaci\u00f3n Absoluta E Inequ\u00edvoca De Las Mujeres\"}]},{\"@type\":\"WebSite\",\"@id\":\"https:\\\/\\\/uniondelbarrio.org\\\/esp\\\/#website\",\"url\":\"https:\\\/\\\/uniondelbarrio.org\\\/esp\\\/\",\"name\":\"UdB en espa\u00f1ol\",\"description\":\"Concientizaci\u00f3n, Organizaci\u00f3n, Acci\u00f3n y Liberaci\u00f3n\",\"potentialAction\":[{\"@type\":\"SearchAction\",\"target\":{\"@type\":\"EntryPoint\",\"urlTemplate\":\"https:\\\/\\\/uniondelbarrio.org\\\/esp\\\/?s={search_term_string}\"},\"query-input\":{\"@type\":\"PropertyValueSpecification\",\"valueRequired\":true,\"valueName\":\"search_term_string\"}}],\"inLanguage\":\"en-US\"}]}<\/script>\n<!-- \/ Yoast SEO plugin. -->","yoast_head_json":{"title":"III. La Liberaci\u00f3n Absoluta E Inequ\u00edvoca De Las Mujeres - UdB en espa\u00f1ol","robots":{"index":"index","follow":"follow","max-snippet":"max-snippet:-1","max-image-preview":"max-image-preview:large","max-video-preview":"max-video-preview:-1"},"canonical":"https:\/\/uniondelbarrio.org\/esp\/sobre-udb\/un-programa-para-proveer-direccion-politica-concientizar-el-pueblo-y-crear-la-lucha-para-la-liberacion-nacional\/lo-que-queremos\/iii-la-liberacion-absoluta-e-inequivoca-de-las-mujeres\/","og_locale":"en_US","og_type":"article","og_title":"III. La Liberaci\u00f3n Absoluta E Inequ\u00edvoca De Las Mujeres - UdB en espa\u00f1ol","og_description":"Fundamental para cualquier organizaci\u00f3n revolucionaria y movimiento social consciente es la absoluta autodeterminaci\u00f3n econ\u00f3mica, pol\u00edtica y social de las mujeres. Los ejemplos revolucionarios de las luchas populares en Chile, Cuba, El Salvador, M\u00e9xico, Nicaragua y Vietnam nos ense\u00f1an que la liberaci\u00f3n de la mujer es una parte esencial de la liberaci\u00f3n nacional y de clase. [&hellip;]","og_url":"https:\/\/uniondelbarrio.org\/esp\/sobre-udb\/un-programa-para-proveer-direccion-politica-concientizar-el-pueblo-y-crear-la-lucha-para-la-liberacion-nacional\/lo-que-queremos\/iii-la-liberacion-absoluta-e-inequivoca-de-las-mujeres\/","og_site_name":"UdB en espa\u00f1ol","article_publisher":"https:\/\/www.facebook.com\/UniondelBarrio","article_modified_time":"2019-07-07T19:59:51+00:00","og_image":[{"width":1200,"height":628,"url":"https:\/\/uniondelbarrio.org\/esp\/wp-content\/uploads\/2021\/04\/ESP_UdB_FBDefaultWeb_1200x628.jpg","type":"image\/jpeg"}],"twitter_card":"summary_large_image","twitter_site":"@UniondelBarrio","twitter_misc":{"Est. reading time":"3 minutes"},"schema":{"@context":"https:\/\/schema.org","@graph":[{"@type":"WebPage","@id":"https:\/\/uniondelbarrio.org\/esp\/sobre-udb\/un-programa-para-proveer-direccion-politica-concientizar-el-pueblo-y-crear-la-lucha-para-la-liberacion-nacional\/lo-que-queremos\/iii-la-liberacion-absoluta-e-inequivoca-de-las-mujeres\/","url":"https:\/\/uniondelbarrio.org\/esp\/sobre-udb\/un-programa-para-proveer-direccion-politica-concientizar-el-pueblo-y-crear-la-lucha-para-la-liberacion-nacional\/lo-que-queremos\/iii-la-liberacion-absoluta-e-inequivoca-de-las-mujeres\/","name":"III. La Liberaci\u00f3n Absoluta E Inequ\u00edvoca De Las Mujeres - UdB en espa\u00f1ol","isPartOf":{"@id":"https:\/\/uniondelbarrio.org\/esp\/#website"},"datePublished":"2015-05-20T15:32:23+00:00","dateModified":"2019-07-07T19:59:51+00:00","breadcrumb":{"@id":"https:\/\/uniondelbarrio.org\/esp\/sobre-udb\/un-programa-para-proveer-direccion-politica-concientizar-el-pueblo-y-crear-la-lucha-para-la-liberacion-nacional\/lo-que-queremos\/iii-la-liberacion-absoluta-e-inequivoca-de-las-mujeres\/#breadcrumb"},"inLanguage":"en-US","potentialAction":[{"@type":"ReadAction","target":["https:\/\/uniondelbarrio.org\/esp\/sobre-udb\/un-programa-para-proveer-direccion-politica-concientizar-el-pueblo-y-crear-la-lucha-para-la-liberacion-nacional\/lo-que-queremos\/iii-la-liberacion-absoluta-e-inequivoca-de-las-mujeres\/"]}]},{"@type":"BreadcrumbList","@id":"https:\/\/uniondelbarrio.org\/esp\/sobre-udb\/un-programa-para-proveer-direccion-politica-concientizar-el-pueblo-y-crear-la-lucha-para-la-liberacion-nacional\/lo-que-queremos\/iii-la-liberacion-absoluta-e-inequivoca-de-las-mujeres\/#breadcrumb","itemListElement":[{"@type":"ListItem","position":1,"name":"Home","item":"https:\/\/uniondelbarrio.org\/esp\/"},{"@type":"ListItem","position":2,"name":"\u00bfQui\u00e9n Es Uni\u00f3n del Barrio?","item":"https:\/\/uniondelbarrio.org\/esp\/sobre-udb\/"},{"@type":"ListItem","position":3,"name":"Un Programa Para Proveer Direcci\u00f3n Pol\u00edtica, Concientizar El Pueblo Y Crear La Lucha Para La Liberaci\u00f3n Nacional","item":"https:\/\/uniondelbarrio.org\/esp\/sobre-udb\/un-programa-para-proveer-direccion-politica-concientizar-el-pueblo-y-crear-la-lucha-para-la-liberacion-nacional\/"},{"@type":"ListItem","position":4,"name":"Lo Que Queremos","item":"https:\/\/uniondelbarrio.org\/esp\/sobre-udb\/un-programa-para-proveer-direccion-politica-concientizar-el-pueblo-y-crear-la-lucha-para-la-liberacion-nacional\/lo-que-queremos\/"},{"@type":"ListItem","position":5,"name":"III. La Liberaci\u00f3n Absoluta E Inequ\u00edvoca De Las Mujeres"}]},{"@type":"WebSite","@id":"https:\/\/uniondelbarrio.org\/esp\/#website","url":"https:\/\/uniondelbarrio.org\/esp\/","name":"UdB en espa\u00f1ol","description":"Concientizaci\u00f3n, Organizaci\u00f3n, Acci\u00f3n y Liberaci\u00f3n","potentialAction":[{"@type":"SearchAction","target":{"@type":"EntryPoint","urlTemplate":"https:\/\/uniondelbarrio.org\/esp\/?s={search_term_string}"},"query-input":{"@type":"PropertyValueSpecification","valueRequired":true,"valueName":"search_term_string"}}],"inLanguage":"en-US"}]}},"_links":{"self":[{"href":"https:\/\/uniondelbarrio.org\/esp\/wp-json\/wp\/v2\/pages\/84","targetHints":{"allow":["GET"]}}],"collection":[{"href":"https:\/\/uniondelbarrio.org\/esp\/wp-json\/wp\/v2\/pages"}],"about":[{"href":"https:\/\/uniondelbarrio.org\/esp\/wp-json\/wp\/v2\/types\/page"}],"author":[{"embeddable":true,"href":"https:\/\/uniondelbarrio.org\/esp\/wp-json\/wp\/v2\/users\/1"}],"replies":[{"embeddable":true,"href":"https:\/\/uniondelbarrio.org\/esp\/wp-json\/wp\/v2\/comments?post=84"}],"version-history":[{"count":7,"href":"https:\/\/uniondelbarrio.org\/esp\/wp-json\/wp\/v2\/pages\/84\/revisions"}],"predecessor-version":[{"id":973,"href":"https:\/\/uniondelbarrio.org\/esp\/wp-json\/wp\/v2\/pages\/84\/revisions\/973"}],"up":[{"embeddable":true,"href":"https:\/\/uniondelbarrio.org\/esp\/wp-json\/wp\/v2\/pages\/78"}],"wp:attachment":[{"href":"https:\/\/uniondelbarrio.org\/esp\/wp-json\/wp\/v2\/media?parent=84"}],"curies":[{"name":"wp","href":"https:\/\/api.w.org\/{rel}","templated":true}]}}