{"id":86,"date":"2015-05-20T22:33:57","date_gmt":"2015-05-20T15:33:57","guid":{"rendered":"http:\/\/uniondelbarrio.org\/esp\/?page_id=86"},"modified":"2019-07-07T13:01:29","modified_gmt":"2019-07-07T20:01:29","slug":"iv-emancipacion-ambiental","status":"publish","type":"page","link":"https:\/\/uniondelbarrio.org\/esp\/sobre-udb\/un-programa-para-proveer-direccion-politica-concientizar-el-pueblo-y-crear-la-lucha-para-la-liberacion-nacional\/lo-que-queremos\/iv-emancipacion-ambiental\/","title":{"rendered":"V. Emancipaci\u00f3n Ambiental"},"content":{"rendered":"<div class=\"page\" title=\"Page 10\">\n<div class=\"layoutArea\">\n<div class=\"column\">\n<div class=\"page\" title=\"Page 10\">\n<div class=\"layoutArea\">\n<div class=\"column\">\n<div class=\"page\" title=\"Page 10\">\n<div class=\"layoutArea\">\n<div class=\"column\">\n<div class=\"page\" title=\"Page 16\">\n<div class=\"layoutArea\">\n<div class=\"column\">\n<p>Debemos defender el aire, la tierra, y el agua de Nuestra Am\u00e9rica. Creemos que para abordar el tema de la degradaci\u00f3n ambiental tenemos que acercarnos al lema del movimiento Chicano que dice- \u201cLa Soluci\u00f3n a la Contaminaci\u00f3n es hacer Revoluci\u00f3n,\u201d manifestado dentro del concepto del Buen Vivir donde nuestros antepasados ind\u00edgenas entend\u00edan la importancia de un equilibrio entre los seres humanos y nuestro medio ambiente. La justicia ambiental es parte de nuestra lucha contra el colonialismo, el capitalismo, y el imperialismo.<\/p>\n<p>La conquista europea, la colonizaci\u00f3n, y el imperialismo han impulsado la explotaci\u00f3n masiva de nuestros recursos naturales y forman la base hist\u00f3rica del desequilibrio actual entre los seres humanos y la naturaleza; transformando el ambiente en bienes para ser explotado para el lucro individual. El neoliberalismo es solamente capaz de promover los intereses de las corporaciones transnacionales y se han probado capaces de destruir el planeta en su b\u00fasqueda insaciable por la ganancia econ\u00f3mica. Como con cada otra crisis impuesta por el imperialismo, los capitalistas cosechan ganancias como resultado de la degradaci\u00f3n ambiental, y la gente pobre sufre por las grandes p\u00e9rdidas catastr\u00f3ficas.<\/p>\n<p>Solamente una lucha revolucionaria continental puede traer un alto inmediato al envenenamiento de la atm\u00f3sfera de la tierra, el agotamiento y privatizaci\u00f3n del agua potable, el uso de Organismos Modificado Gen\u00e9ticamente (GMO), la deforestaci\u00f3n, de la contaminaci\u00f3n de los oc\u00e9anos, y de las causas del cambio del clima. Solamente una econom\u00eda socialista en escala mundial nos dar\u00e1 una vida con dignidad y con justicia; y no un sistema socioecon\u00f3mico donde la acumulaci\u00f3n de la riqueza de unos pocos a costa de la gran mayor\u00eda de la humanidad. A trav\u00e9s de la construcci\u00f3n de una sociedad que valore todo tipo de vida, podemos dar vuelta atr\u00e1s al da\u00f1o ambiental y prevenir la destrucci\u00f3n adicional de nuestro planeta.<\/p>\n<\/div>\n<\/div>\n<\/div>\n<p>SIGUE <em>Que Queremos<\/em>: &#8220;<a href=\"https:\/\/uniondelbarrio.org\/esp\/?page_id=88\">VI. Un Partido Revolucionario Para La Liberaci\u00f3n Del Pueblo<\/a>&#8221;<\/p>\n<\/div>\n<\/div>\n<\/div>\n<\/div>\n<\/div>\n<\/div>\n<\/div>\n<\/div>\n<\/div>\n","protected":false},"excerpt":{"rendered":"<p>Debemos defender el aire, la tierra, y el agua de Nuestra Am\u00e9rica. Creemos que para abordar el tema de la degradaci\u00f3n ambiental tenemos que acercarnos al lema del movimiento Chicano que dice- \u201cLa Soluci\u00f3n a la Contaminaci\u00f3n es hacer Revoluci\u00f3n,\u201d manifestado dentro del concepto del Buen Vivir donde nuestros antepasados ind\u00edgenas entend\u00edan la importancia de [&hellip;]<\/p>\n","protected":false},"author":1,"featured_media":0,"parent":78,"menu_order":5,"comment_status":"closed","ping_status":"closed","template":"","meta":{"footnotes":""},"class_list":["post-86","page","type-page","status-publish","hentry"],"yoast_head":"<!-- This site is optimized with the Yoast SEO plugin v27.4 - https:\/\/yoast.com\/product\/yoast-seo-wordpress\/ -->\n<title>V. Emancipaci\u00f3n Ambiental - UdB en espa\u00f1ol<\/title>\n<meta name=\"robots\" content=\"index, follow, max-snippet:-1, max-image-preview:large, max-video-preview:-1\" \/>\n<link rel=\"canonical\" href=\"https:\/\/uniondelbarrio.org\/esp\/sobre-udb\/un-programa-para-proveer-direccion-politica-concientizar-el-pueblo-y-crear-la-lucha-para-la-liberacion-nacional\/lo-que-queremos\/iv-emancipacion-ambiental\/\" \/>\n<meta property=\"og:locale\" content=\"en_US\" \/>\n<meta property=\"og:type\" content=\"article\" \/>\n<meta property=\"og:title\" content=\"V. Emancipaci\u00f3n Ambiental - UdB en espa\u00f1ol\" \/>\n<meta property=\"og:description\" content=\"Debemos defender el aire, la tierra, y el agua de Nuestra Am\u00e9rica. Creemos que para abordar el tema de la degradaci\u00f3n ambiental tenemos que acercarnos al lema del movimiento Chicano que dice- \u201cLa Soluci\u00f3n a la Contaminaci\u00f3n es hacer Revoluci\u00f3n,\u201d manifestado dentro del concepto del Buen Vivir donde nuestros antepasados ind\u00edgenas entend\u00edan la importancia de [&hellip;]\" \/>\n<meta property=\"og:url\" content=\"https:\/\/uniondelbarrio.org\/esp\/sobre-udb\/un-programa-para-proveer-direccion-politica-concientizar-el-pueblo-y-crear-la-lucha-para-la-liberacion-nacional\/lo-que-queremos\/iv-emancipacion-ambiental\/\" \/>\n<meta property=\"og:site_name\" content=\"UdB en espa\u00f1ol\" \/>\n<meta property=\"article:publisher\" content=\"https:\/\/www.facebook.com\/UniondelBarrio\" \/>\n<meta property=\"article:modified_time\" content=\"2019-07-07T20:01:29+00:00\" \/>\n<meta property=\"og:image\" content=\"https:\/\/uniondelbarrio.org\/esp\/wp-content\/uploads\/2021\/04\/ESP_UdB_FBDefaultWeb_1200x628.jpg\" \/>\n\t<meta property=\"og:image:width\" content=\"1200\" \/>\n\t<meta property=\"og:image:height\" content=\"628\" \/>\n\t<meta property=\"og:image:type\" content=\"image\/jpeg\" \/>\n<meta name=\"twitter:card\" content=\"summary_large_image\" \/>\n<meta name=\"twitter:site\" content=\"@UniondelBarrio\" \/>\n<meta name=\"twitter:label1\" content=\"Est. reading time\" \/>\n\t<meta name=\"twitter:data1\" content=\"2 minutes\" \/>\n<script type=\"application\/ld+json\" class=\"yoast-schema-graph\">{\"@context\":\"https:\\\/\\\/schema.org\",\"@graph\":[{\"@type\":\"WebPage\",\"@id\":\"https:\\\/\\\/uniondelbarrio.org\\\/esp\\\/sobre-udb\\\/un-programa-para-proveer-direccion-politica-concientizar-el-pueblo-y-crear-la-lucha-para-la-liberacion-nacional\\\/lo-que-queremos\\\/iv-emancipacion-ambiental\\\/\",\"url\":\"https:\\\/\\\/uniondelbarrio.org\\\/esp\\\/sobre-udb\\\/un-programa-para-proveer-direccion-politica-concientizar-el-pueblo-y-crear-la-lucha-para-la-liberacion-nacional\\\/lo-que-queremos\\\/iv-emancipacion-ambiental\\\/\",\"name\":\"V. Emancipaci\u00f3n Ambiental - UdB en espa\u00f1ol\",\"isPartOf\":{\"@id\":\"https:\\\/\\\/uniondelbarrio.org\\\/esp\\\/#website\"},\"datePublished\":\"2015-05-20T15:33:57+00:00\",\"dateModified\":\"2019-07-07T20:01:29+00:00\",\"breadcrumb\":{\"@id\":\"https:\\\/\\\/uniondelbarrio.org\\\/esp\\\/sobre-udb\\\/un-programa-para-proveer-direccion-politica-concientizar-el-pueblo-y-crear-la-lucha-para-la-liberacion-nacional\\\/lo-que-queremos\\\/iv-emancipacion-ambiental\\\/#breadcrumb\"},\"inLanguage\":\"en-US\",\"potentialAction\":[{\"@type\":\"ReadAction\",\"target\":[\"https:\\\/\\\/uniondelbarrio.org\\\/esp\\\/sobre-udb\\\/un-programa-para-proveer-direccion-politica-concientizar-el-pueblo-y-crear-la-lucha-para-la-liberacion-nacional\\\/lo-que-queremos\\\/iv-emancipacion-ambiental\\\/\"]}]},{\"@type\":\"BreadcrumbList\",\"@id\":\"https:\\\/\\\/uniondelbarrio.org\\\/esp\\\/sobre-udb\\\/un-programa-para-proveer-direccion-politica-concientizar-el-pueblo-y-crear-la-lucha-para-la-liberacion-nacional\\\/lo-que-queremos\\\/iv-emancipacion-ambiental\\\/#breadcrumb\",\"itemListElement\":[{\"@type\":\"ListItem\",\"position\":1,\"name\":\"Home\",\"item\":\"https:\\\/\\\/uniondelbarrio.org\\\/esp\\\/\"},{\"@type\":\"ListItem\",\"position\":2,\"name\":\"\u00bfQui\u00e9n Es Uni\u00f3n del Barrio?\",\"item\":\"https:\\\/\\\/uniondelbarrio.org\\\/esp\\\/sobre-udb\\\/\"},{\"@type\":\"ListItem\",\"position\":3,\"name\":\"Un Programa Para Proveer Direcci\u00f3n Pol\u00edtica, Concientizar El Pueblo Y Crear La Lucha Para La Liberaci\u00f3n Nacional\",\"item\":\"https:\\\/\\\/uniondelbarrio.org\\\/esp\\\/sobre-udb\\\/un-programa-para-proveer-direccion-politica-concientizar-el-pueblo-y-crear-la-lucha-para-la-liberacion-nacional\\\/\"},{\"@type\":\"ListItem\",\"position\":4,\"name\":\"Lo Que Queremos\",\"item\":\"https:\\\/\\\/uniondelbarrio.org\\\/esp\\\/sobre-udb\\\/un-programa-para-proveer-direccion-politica-concientizar-el-pueblo-y-crear-la-lucha-para-la-liberacion-nacional\\\/lo-que-queremos\\\/\"},{\"@type\":\"ListItem\",\"position\":5,\"name\":\"V. Emancipaci\u00f3n Ambiental\"}]},{\"@type\":\"WebSite\",\"@id\":\"https:\\\/\\\/uniondelbarrio.org\\\/esp\\\/#website\",\"url\":\"https:\\\/\\\/uniondelbarrio.org\\\/esp\\\/\",\"name\":\"UdB en espa\u00f1ol\",\"description\":\"Concientizaci\u00f3n, Organizaci\u00f3n, Acci\u00f3n y Liberaci\u00f3n\",\"potentialAction\":[{\"@type\":\"SearchAction\",\"target\":{\"@type\":\"EntryPoint\",\"urlTemplate\":\"https:\\\/\\\/uniondelbarrio.org\\\/esp\\\/?s={search_term_string}\"},\"query-input\":{\"@type\":\"PropertyValueSpecification\",\"valueRequired\":true,\"valueName\":\"search_term_string\"}}],\"inLanguage\":\"en-US\"}]}<\/script>\n<!-- \/ Yoast SEO plugin. -->","yoast_head_json":{"title":"V. Emancipaci\u00f3n Ambiental - UdB en espa\u00f1ol","robots":{"index":"index","follow":"follow","max-snippet":"max-snippet:-1","max-image-preview":"max-image-preview:large","max-video-preview":"max-video-preview:-1"},"canonical":"https:\/\/uniondelbarrio.org\/esp\/sobre-udb\/un-programa-para-proveer-direccion-politica-concientizar-el-pueblo-y-crear-la-lucha-para-la-liberacion-nacional\/lo-que-queremos\/iv-emancipacion-ambiental\/","og_locale":"en_US","og_type":"article","og_title":"V. Emancipaci\u00f3n Ambiental - UdB en espa\u00f1ol","og_description":"Debemos defender el aire, la tierra, y el agua de Nuestra Am\u00e9rica. Creemos que para abordar el tema de la degradaci\u00f3n ambiental tenemos que acercarnos al lema del movimiento Chicano que dice- \u201cLa Soluci\u00f3n a la Contaminaci\u00f3n es hacer Revoluci\u00f3n,\u201d manifestado dentro del concepto del Buen Vivir donde nuestros antepasados ind\u00edgenas entend\u00edan la importancia de [&hellip;]","og_url":"https:\/\/uniondelbarrio.org\/esp\/sobre-udb\/un-programa-para-proveer-direccion-politica-concientizar-el-pueblo-y-crear-la-lucha-para-la-liberacion-nacional\/lo-que-queremos\/iv-emancipacion-ambiental\/","og_site_name":"UdB en espa\u00f1ol","article_publisher":"https:\/\/www.facebook.com\/UniondelBarrio","article_modified_time":"2019-07-07T20:01:29+00:00","og_image":[{"width":1200,"height":628,"url":"https:\/\/uniondelbarrio.org\/esp\/wp-content\/uploads\/2021\/04\/ESP_UdB_FBDefaultWeb_1200x628.jpg","type":"image\/jpeg"}],"twitter_card":"summary_large_image","twitter_site":"@UniondelBarrio","twitter_misc":{"Est. reading time":"2 minutes"},"schema":{"@context":"https:\/\/schema.org","@graph":[{"@type":"WebPage","@id":"https:\/\/uniondelbarrio.org\/esp\/sobre-udb\/un-programa-para-proveer-direccion-politica-concientizar-el-pueblo-y-crear-la-lucha-para-la-liberacion-nacional\/lo-que-queremos\/iv-emancipacion-ambiental\/","url":"https:\/\/uniondelbarrio.org\/esp\/sobre-udb\/un-programa-para-proveer-direccion-politica-concientizar-el-pueblo-y-crear-la-lucha-para-la-liberacion-nacional\/lo-que-queremos\/iv-emancipacion-ambiental\/","name":"V. Emancipaci\u00f3n Ambiental - UdB en espa\u00f1ol","isPartOf":{"@id":"https:\/\/uniondelbarrio.org\/esp\/#website"},"datePublished":"2015-05-20T15:33:57+00:00","dateModified":"2019-07-07T20:01:29+00:00","breadcrumb":{"@id":"https:\/\/uniondelbarrio.org\/esp\/sobre-udb\/un-programa-para-proveer-direccion-politica-concientizar-el-pueblo-y-crear-la-lucha-para-la-liberacion-nacional\/lo-que-queremos\/iv-emancipacion-ambiental\/#breadcrumb"},"inLanguage":"en-US","potentialAction":[{"@type":"ReadAction","target":["https:\/\/uniondelbarrio.org\/esp\/sobre-udb\/un-programa-para-proveer-direccion-politica-concientizar-el-pueblo-y-crear-la-lucha-para-la-liberacion-nacional\/lo-que-queremos\/iv-emancipacion-ambiental\/"]}]},{"@type":"BreadcrumbList","@id":"https:\/\/uniondelbarrio.org\/esp\/sobre-udb\/un-programa-para-proveer-direccion-politica-concientizar-el-pueblo-y-crear-la-lucha-para-la-liberacion-nacional\/lo-que-queremos\/iv-emancipacion-ambiental\/#breadcrumb","itemListElement":[{"@type":"ListItem","position":1,"name":"Home","item":"https:\/\/uniondelbarrio.org\/esp\/"},{"@type":"ListItem","position":2,"name":"\u00bfQui\u00e9n Es Uni\u00f3n del Barrio?","item":"https:\/\/uniondelbarrio.org\/esp\/sobre-udb\/"},{"@type":"ListItem","position":3,"name":"Un Programa Para Proveer Direcci\u00f3n Pol\u00edtica, Concientizar El Pueblo Y Crear La Lucha Para La Liberaci\u00f3n Nacional","item":"https:\/\/uniondelbarrio.org\/esp\/sobre-udb\/un-programa-para-proveer-direccion-politica-concientizar-el-pueblo-y-crear-la-lucha-para-la-liberacion-nacional\/"},{"@type":"ListItem","position":4,"name":"Lo Que Queremos","item":"https:\/\/uniondelbarrio.org\/esp\/sobre-udb\/un-programa-para-proveer-direccion-politica-concientizar-el-pueblo-y-crear-la-lucha-para-la-liberacion-nacional\/lo-que-queremos\/"},{"@type":"ListItem","position":5,"name":"V. Emancipaci\u00f3n Ambiental"}]},{"@type":"WebSite","@id":"https:\/\/uniondelbarrio.org\/esp\/#website","url":"https:\/\/uniondelbarrio.org\/esp\/","name":"UdB en espa\u00f1ol","description":"Concientizaci\u00f3n, Organizaci\u00f3n, Acci\u00f3n y Liberaci\u00f3n","potentialAction":[{"@type":"SearchAction","target":{"@type":"EntryPoint","urlTemplate":"https:\/\/uniondelbarrio.org\/esp\/?s={search_term_string}"},"query-input":{"@type":"PropertyValueSpecification","valueRequired":true,"valueName":"search_term_string"}}],"inLanguage":"en-US"}]}},"_links":{"self":[{"href":"https:\/\/uniondelbarrio.org\/esp\/wp-json\/wp\/v2\/pages\/86","targetHints":{"allow":["GET"]}}],"collection":[{"href":"https:\/\/uniondelbarrio.org\/esp\/wp-json\/wp\/v2\/pages"}],"about":[{"href":"https:\/\/uniondelbarrio.org\/esp\/wp-json\/wp\/v2\/types\/page"}],"author":[{"embeddable":true,"href":"https:\/\/uniondelbarrio.org\/esp\/wp-json\/wp\/v2\/users\/1"}],"replies":[{"embeddable":true,"href":"https:\/\/uniondelbarrio.org\/esp\/wp-json\/wp\/v2\/comments?post=86"}],"version-history":[{"count":5,"href":"https:\/\/uniondelbarrio.org\/esp\/wp-json\/wp\/v2\/pages\/86\/revisions"}],"predecessor-version":[{"id":974,"href":"https:\/\/uniondelbarrio.org\/esp\/wp-json\/wp\/v2\/pages\/86\/revisions\/974"}],"up":[{"embeddable":true,"href":"https:\/\/uniondelbarrio.org\/esp\/wp-json\/wp\/v2\/pages\/78"}],"wp:attachment":[{"href":"https:\/\/uniondelbarrio.org\/esp\/wp-json\/wp\/v2\/media?parent=86"}],"curies":[{"name":"wp","href":"https:\/\/api.w.org\/{rel}","templated":true}]}}