{"id":88,"date":"2015-05-20T22:37:05","date_gmt":"2015-05-20T15:37:05","guid":{"rendered":"http:\/\/uniondelbarrio.org\/esp\/?page_id=88"},"modified":"2019-07-07T13:03:04","modified_gmt":"2019-07-07T20:03:04","slug":"v-un-partido-revolucionario-para-la-liberacion-del-pueblo","status":"publish","type":"page","link":"https:\/\/uniondelbarrio.org\/esp\/sobre-udb\/un-programa-para-proveer-direccion-politica-concientizar-el-pueblo-y-crear-la-lucha-para-la-liberacion-nacional\/lo-que-queremos\/v-un-partido-revolucionario-para-la-liberacion-del-pueblo\/","title":{"rendered":"VI. Un Partido Revolucionario Para La Liberaci\u00f3n Del Pueblo"},"content":{"rendered":"<div class=\"page\" title=\"Page 10\">\n<div class=\"layoutArea\">\n<div class=\"column\">\n<div class=\"page\" title=\"Page 10\">\n<div class=\"layoutArea\">\n<div class=\"column\">\n<div class=\"page\" title=\"Page 17\">\n<div class=\"layoutArea\">\n<div class=\"column\">\n<p>En la lucha pol\u00edtica, el individualismo es un rasgo ego\u00edsta burgu\u00e9s. Debemos hacer conocer los defectos y las contradicciones a los que proclaman ser activos en la lucha pol\u00edtica sin tener que responder a una organizaci\u00f3n. Luchamos contra el liberalismo, que en nuestro movimiento se manifiesta en lucha sin principios y por ende es la pol\u00edtica del oportunismo. El liberalismo proviene del ego\u00edsmo, y sobrepone los intereses personales sobre los intereses del colectivo del movimiento. Uni\u00f3n del Barrio reconoce y empe\u00f1a el uso de la cr\u00edtica y la auto-cr\u00edtica constructiva, como instrumento para identificar nuestras debilidades y defectos. Debemos unirnos al principio de la toma de decisi\u00f3n colectiva dentro de nuestra organizaci\u00f3n, y en nuestro trabajo cotidiano, es por esta raz\u00f3n nos organizamos bajo el principio del Centralismo Democr\u00e1tico como instrumento por construir un partido obrero por la Liberaci\u00f3n Nacional y el Socialismo. Solamente a trav\u00e9s del Centralismo Democr\u00e1tico podemos obtener la unidad pr\u00e1ctica, organizativa, e ideol\u00f3gica.<\/p>\n<p>Es de suma importancia que todas las fuerzas de liberaci\u00f3n del pueblo establezcan l\u00edneas de comunicaci\u00f3n y relaciones de trabajo con principios. Sin \u00e9ste tipo de establecimiento de una red y de coaliciones estamos perdiendo recursos, duplicando trabajo, y perdiendo oportunidades para tratar con eficacia las cuestiones apremiantes en una manera colectiva, o desde una posici\u00f3n de fuerza. Mientras que las organizaciones del pueblo mantienen diversas estrategias y t\u00e1cticas, es esencial que nos presentemos con la madurez pol\u00edtica para hacer a un lado las contradicciones de menor importancia y trabajar juntos, especialmente cuando los ataques son de tal intensidad que nuestra falta de respuesta colectiva significa m\u00e1s victorias para nuestros enemigos que resulta en m\u00e1s opresi\u00f3n de nuestra gente. Dentro del trabajo de coalici\u00f3n, es sumamente importante que se establezcan principios de unidad. Cuando es necesario trabajar con organizaciones que representan otros movimientos, el resultado del trabajo de la coalici\u00f3n debe basarse en objetivos concretos, respeto mutuo, asociaci\u00f3n de principios, y el reconocimiento de la autonom\u00eda de cada uno y el derecho de determinar el car\u00e1cter y el contenido de nuestras propias luchas.<\/p>\n<p>Ya que para alcanzar la unidad requiere de compromisos, es necesario para nosotros y otras fuerzas revolucionarias de acercarse a cualquier relaci\u00f3n con un entendimiento claro y cient\u00edfico basado en el hecho de que nuestra meta fundamental no es por los derechos civiles o reformas, pero para el fin del imperialismo, y e l avance de la auto-determinaci\u00f3n del pueblo.<\/p>\n<p>Por muchos a\u00f1os los mexicanos y las mexicanas han sido una mayor\u00eda de la poblaci\u00f3n en numerosas \u00e1reas de Aztl\u00e1n\/M\u00e9xico Ocupado. Incluyendo a La Raza de Centro y Suram\u00e9rica; actualmente sumamos m\u00e1s de 50 millones de personas dentro de las fronteras pol\u00edticas actuales de los Estados Unidos. Aun con estos n\u00fameros, nuestra condici\u00f3n pol\u00edtica actual nos obliga a existir en un estado de impotencia. Como Revolucionarios\/as Nacionalistas e Internacionalistas, es nuestra intenci\u00f3n de liberar a nuestro pueblo del terror y de la opresi\u00f3n, y por lo tanto debemos integrar a cada sector progresista de nuestra comunidad en la lucha por la auto determinaci\u00f3n. Solamente con un pueblo organizado, movilizado, y consciente podremos desarrollar el poder necesario para lograr nuestra liberaci\u00f3n. Un aspecto cr\u00edtico sobre este punto es la necesidad de dirigir la energ\u00eda y los recursos de nuestro pueblo hacia un partido pol\u00edtico disciplinado y revolucionario.<\/p>\n<\/div>\n<\/div>\n<\/div>\n<div class=\"page\" title=\"Page 11\">\n<div class=\"layoutArea\">\n<div class=\"column\">\n<p style=\"text-align: center;\"><span style=\"color: #993300;\"><strong>\u00a1Concientizaci\u00f3n, Organizaci\u00f3n, Acci\u00f3n, Liberaci\u00f3n!<\/strong><\/span><\/p>\n<\/div>\n<\/div>\n<\/div>\n<\/div>\n<\/div>\n<\/div>\n<\/div>\n<\/div>\n<\/div>\n","protected":false},"excerpt":{"rendered":"<p>En la lucha pol\u00edtica, el individualismo es un rasgo ego\u00edsta burgu\u00e9s. Debemos hacer conocer los defectos y las contradicciones a los que proclaman ser activos en la lucha pol\u00edtica sin tener que responder a una organizaci\u00f3n. Luchamos contra el liberalismo, que en nuestro movimiento se manifiesta en lucha sin principios y por ende es la [&hellip;]<\/p>\n","protected":false},"author":1,"featured_media":0,"parent":78,"menu_order":6,"comment_status":"closed","ping_status":"closed","template":"","meta":{"footnotes":""},"class_list":["post-88","page","type-page","status-publish","hentry"],"yoast_head":"<!-- This site is optimized with the Yoast SEO plugin v27.4 - https:\/\/yoast.com\/product\/yoast-seo-wordpress\/ -->\n<title>VI. Un Partido Revolucionario Para La Liberaci\u00f3n Del Pueblo - UdB en espa\u00f1ol<\/title>\n<meta name=\"robots\" content=\"index, follow, max-snippet:-1, max-image-preview:large, max-video-preview:-1\" \/>\n<link rel=\"canonical\" href=\"https:\/\/uniondelbarrio.org\/esp\/sobre-udb\/un-programa-para-proveer-direccion-politica-concientizar-el-pueblo-y-crear-la-lucha-para-la-liberacion-nacional\/lo-que-queremos\/v-un-partido-revolucionario-para-la-liberacion-del-pueblo\/\" \/>\n<meta property=\"og:locale\" content=\"en_US\" \/>\n<meta property=\"og:type\" content=\"article\" \/>\n<meta property=\"og:title\" content=\"VI. Un Partido Revolucionario Para La Liberaci\u00f3n Del Pueblo - UdB en espa\u00f1ol\" \/>\n<meta property=\"og:description\" content=\"En la lucha pol\u00edtica, el individualismo es un rasgo ego\u00edsta burgu\u00e9s. Debemos hacer conocer los defectos y las contradicciones a los que proclaman ser activos en la lucha pol\u00edtica sin tener que responder a una organizaci\u00f3n. Luchamos contra el liberalismo, que en nuestro movimiento se manifiesta en lucha sin principios y por ende es la [&hellip;]\" \/>\n<meta property=\"og:url\" content=\"https:\/\/uniondelbarrio.org\/esp\/sobre-udb\/un-programa-para-proveer-direccion-politica-concientizar-el-pueblo-y-crear-la-lucha-para-la-liberacion-nacional\/lo-que-queremos\/v-un-partido-revolucionario-para-la-liberacion-del-pueblo\/\" \/>\n<meta property=\"og:site_name\" content=\"UdB en espa\u00f1ol\" \/>\n<meta property=\"article:publisher\" content=\"https:\/\/www.facebook.com\/UniondelBarrio\" \/>\n<meta property=\"article:modified_time\" content=\"2019-07-07T20:03:04+00:00\" \/>\n<meta property=\"og:image\" content=\"https:\/\/uniondelbarrio.org\/esp\/wp-content\/uploads\/2021\/04\/ESP_UdB_FBDefaultWeb_1200x628.jpg\" \/>\n\t<meta property=\"og:image:width\" content=\"1200\" \/>\n\t<meta property=\"og:image:height\" content=\"628\" \/>\n\t<meta property=\"og:image:type\" content=\"image\/jpeg\" \/>\n<meta name=\"twitter:card\" content=\"summary_large_image\" \/>\n<meta name=\"twitter:site\" content=\"@UniondelBarrio\" \/>\n<meta name=\"twitter:label1\" content=\"Est. reading time\" \/>\n\t<meta name=\"twitter:data1\" content=\"3 minutes\" \/>\n<script type=\"application\/ld+json\" class=\"yoast-schema-graph\">{\"@context\":\"https:\\\/\\\/schema.org\",\"@graph\":[{\"@type\":\"WebPage\",\"@id\":\"https:\\\/\\\/uniondelbarrio.org\\\/esp\\\/sobre-udb\\\/un-programa-para-proveer-direccion-politica-concientizar-el-pueblo-y-crear-la-lucha-para-la-liberacion-nacional\\\/lo-que-queremos\\\/v-un-partido-revolucionario-para-la-liberacion-del-pueblo\\\/\",\"url\":\"https:\\\/\\\/uniondelbarrio.org\\\/esp\\\/sobre-udb\\\/un-programa-para-proveer-direccion-politica-concientizar-el-pueblo-y-crear-la-lucha-para-la-liberacion-nacional\\\/lo-que-queremos\\\/v-un-partido-revolucionario-para-la-liberacion-del-pueblo\\\/\",\"name\":\"VI. Un Partido Revolucionario Para La Liberaci\u00f3n Del Pueblo - UdB en espa\u00f1ol\",\"isPartOf\":{\"@id\":\"https:\\\/\\\/uniondelbarrio.org\\\/esp\\\/#website\"},\"datePublished\":\"2015-05-20T15:37:05+00:00\",\"dateModified\":\"2019-07-07T20:03:04+00:00\",\"breadcrumb\":{\"@id\":\"https:\\\/\\\/uniondelbarrio.org\\\/esp\\\/sobre-udb\\\/un-programa-para-proveer-direccion-politica-concientizar-el-pueblo-y-crear-la-lucha-para-la-liberacion-nacional\\\/lo-que-queremos\\\/v-un-partido-revolucionario-para-la-liberacion-del-pueblo\\\/#breadcrumb\"},\"inLanguage\":\"en-US\",\"potentialAction\":[{\"@type\":\"ReadAction\",\"target\":[\"https:\\\/\\\/uniondelbarrio.org\\\/esp\\\/sobre-udb\\\/un-programa-para-proveer-direccion-politica-concientizar-el-pueblo-y-crear-la-lucha-para-la-liberacion-nacional\\\/lo-que-queremos\\\/v-un-partido-revolucionario-para-la-liberacion-del-pueblo\\\/\"]}]},{\"@type\":\"BreadcrumbList\",\"@id\":\"https:\\\/\\\/uniondelbarrio.org\\\/esp\\\/sobre-udb\\\/un-programa-para-proveer-direccion-politica-concientizar-el-pueblo-y-crear-la-lucha-para-la-liberacion-nacional\\\/lo-que-queremos\\\/v-un-partido-revolucionario-para-la-liberacion-del-pueblo\\\/#breadcrumb\",\"itemListElement\":[{\"@type\":\"ListItem\",\"position\":1,\"name\":\"Home\",\"item\":\"https:\\\/\\\/uniondelbarrio.org\\\/esp\\\/\"},{\"@type\":\"ListItem\",\"position\":2,\"name\":\"\u00bfQui\u00e9n Es Uni\u00f3n del Barrio?\",\"item\":\"https:\\\/\\\/uniondelbarrio.org\\\/esp\\\/sobre-udb\\\/\"},{\"@type\":\"ListItem\",\"position\":3,\"name\":\"Un Programa Para Proveer Direcci\u00f3n Pol\u00edtica, Concientizar El Pueblo Y Crear La Lucha Para La Liberaci\u00f3n Nacional\",\"item\":\"https:\\\/\\\/uniondelbarrio.org\\\/esp\\\/sobre-udb\\\/un-programa-para-proveer-direccion-politica-concientizar-el-pueblo-y-crear-la-lucha-para-la-liberacion-nacional\\\/\"},{\"@type\":\"ListItem\",\"position\":4,\"name\":\"Lo Que Queremos\",\"item\":\"https:\\\/\\\/uniondelbarrio.org\\\/esp\\\/sobre-udb\\\/un-programa-para-proveer-direccion-politica-concientizar-el-pueblo-y-crear-la-lucha-para-la-liberacion-nacional\\\/lo-que-queremos\\\/\"},{\"@type\":\"ListItem\",\"position\":5,\"name\":\"VI. Un Partido Revolucionario Para La Liberaci\u00f3n Del Pueblo\"}]},{\"@type\":\"WebSite\",\"@id\":\"https:\\\/\\\/uniondelbarrio.org\\\/esp\\\/#website\",\"url\":\"https:\\\/\\\/uniondelbarrio.org\\\/esp\\\/\",\"name\":\"UdB en espa\u00f1ol\",\"description\":\"Concientizaci\u00f3n, Organizaci\u00f3n, Acci\u00f3n y Liberaci\u00f3n\",\"potentialAction\":[{\"@type\":\"SearchAction\",\"target\":{\"@type\":\"EntryPoint\",\"urlTemplate\":\"https:\\\/\\\/uniondelbarrio.org\\\/esp\\\/?s={search_term_string}\"},\"query-input\":{\"@type\":\"PropertyValueSpecification\",\"valueRequired\":true,\"valueName\":\"search_term_string\"}}],\"inLanguage\":\"en-US\"}]}<\/script>\n<!-- \/ Yoast SEO plugin. -->","yoast_head_json":{"title":"VI. Un Partido Revolucionario Para La Liberaci\u00f3n Del Pueblo - UdB en espa\u00f1ol","robots":{"index":"index","follow":"follow","max-snippet":"max-snippet:-1","max-image-preview":"max-image-preview:large","max-video-preview":"max-video-preview:-1"},"canonical":"https:\/\/uniondelbarrio.org\/esp\/sobre-udb\/un-programa-para-proveer-direccion-politica-concientizar-el-pueblo-y-crear-la-lucha-para-la-liberacion-nacional\/lo-que-queremos\/v-un-partido-revolucionario-para-la-liberacion-del-pueblo\/","og_locale":"en_US","og_type":"article","og_title":"VI. Un Partido Revolucionario Para La Liberaci\u00f3n Del Pueblo - UdB en espa\u00f1ol","og_description":"En la lucha pol\u00edtica, el individualismo es un rasgo ego\u00edsta burgu\u00e9s. Debemos hacer conocer los defectos y las contradicciones a los que proclaman ser activos en la lucha pol\u00edtica sin tener que responder a una organizaci\u00f3n. Luchamos contra el liberalismo, que en nuestro movimiento se manifiesta en lucha sin principios y por ende es la [&hellip;]","og_url":"https:\/\/uniondelbarrio.org\/esp\/sobre-udb\/un-programa-para-proveer-direccion-politica-concientizar-el-pueblo-y-crear-la-lucha-para-la-liberacion-nacional\/lo-que-queremos\/v-un-partido-revolucionario-para-la-liberacion-del-pueblo\/","og_site_name":"UdB en espa\u00f1ol","article_publisher":"https:\/\/www.facebook.com\/UniondelBarrio","article_modified_time":"2019-07-07T20:03:04+00:00","og_image":[{"width":1200,"height":628,"url":"https:\/\/uniondelbarrio.org\/esp\/wp-content\/uploads\/2021\/04\/ESP_UdB_FBDefaultWeb_1200x628.jpg","type":"image\/jpeg"}],"twitter_card":"summary_large_image","twitter_site":"@UniondelBarrio","twitter_misc":{"Est. reading time":"3 minutes"},"schema":{"@context":"https:\/\/schema.org","@graph":[{"@type":"WebPage","@id":"https:\/\/uniondelbarrio.org\/esp\/sobre-udb\/un-programa-para-proveer-direccion-politica-concientizar-el-pueblo-y-crear-la-lucha-para-la-liberacion-nacional\/lo-que-queremos\/v-un-partido-revolucionario-para-la-liberacion-del-pueblo\/","url":"https:\/\/uniondelbarrio.org\/esp\/sobre-udb\/un-programa-para-proveer-direccion-politica-concientizar-el-pueblo-y-crear-la-lucha-para-la-liberacion-nacional\/lo-que-queremos\/v-un-partido-revolucionario-para-la-liberacion-del-pueblo\/","name":"VI. Un Partido Revolucionario Para La Liberaci\u00f3n Del Pueblo - UdB en espa\u00f1ol","isPartOf":{"@id":"https:\/\/uniondelbarrio.org\/esp\/#website"},"datePublished":"2015-05-20T15:37:05+00:00","dateModified":"2019-07-07T20:03:04+00:00","breadcrumb":{"@id":"https:\/\/uniondelbarrio.org\/esp\/sobre-udb\/un-programa-para-proveer-direccion-politica-concientizar-el-pueblo-y-crear-la-lucha-para-la-liberacion-nacional\/lo-que-queremos\/v-un-partido-revolucionario-para-la-liberacion-del-pueblo\/#breadcrumb"},"inLanguage":"en-US","potentialAction":[{"@type":"ReadAction","target":["https:\/\/uniondelbarrio.org\/esp\/sobre-udb\/un-programa-para-proveer-direccion-politica-concientizar-el-pueblo-y-crear-la-lucha-para-la-liberacion-nacional\/lo-que-queremos\/v-un-partido-revolucionario-para-la-liberacion-del-pueblo\/"]}]},{"@type":"BreadcrumbList","@id":"https:\/\/uniondelbarrio.org\/esp\/sobre-udb\/un-programa-para-proveer-direccion-politica-concientizar-el-pueblo-y-crear-la-lucha-para-la-liberacion-nacional\/lo-que-queremos\/v-un-partido-revolucionario-para-la-liberacion-del-pueblo\/#breadcrumb","itemListElement":[{"@type":"ListItem","position":1,"name":"Home","item":"https:\/\/uniondelbarrio.org\/esp\/"},{"@type":"ListItem","position":2,"name":"\u00bfQui\u00e9n Es Uni\u00f3n del Barrio?","item":"https:\/\/uniondelbarrio.org\/esp\/sobre-udb\/"},{"@type":"ListItem","position":3,"name":"Un Programa Para Proveer Direcci\u00f3n Pol\u00edtica, Concientizar El Pueblo Y Crear La Lucha Para La Liberaci\u00f3n Nacional","item":"https:\/\/uniondelbarrio.org\/esp\/sobre-udb\/un-programa-para-proveer-direccion-politica-concientizar-el-pueblo-y-crear-la-lucha-para-la-liberacion-nacional\/"},{"@type":"ListItem","position":4,"name":"Lo Que Queremos","item":"https:\/\/uniondelbarrio.org\/esp\/sobre-udb\/un-programa-para-proveer-direccion-politica-concientizar-el-pueblo-y-crear-la-lucha-para-la-liberacion-nacional\/lo-que-queremos\/"},{"@type":"ListItem","position":5,"name":"VI. Un Partido Revolucionario Para La Liberaci\u00f3n Del Pueblo"}]},{"@type":"WebSite","@id":"https:\/\/uniondelbarrio.org\/esp\/#website","url":"https:\/\/uniondelbarrio.org\/esp\/","name":"UdB en espa\u00f1ol","description":"Concientizaci\u00f3n, Organizaci\u00f3n, Acci\u00f3n y Liberaci\u00f3n","potentialAction":[{"@type":"SearchAction","target":{"@type":"EntryPoint","urlTemplate":"https:\/\/uniondelbarrio.org\/esp\/?s={search_term_string}"},"query-input":{"@type":"PropertyValueSpecification","valueRequired":true,"valueName":"search_term_string"}}],"inLanguage":"en-US"}]}},"_links":{"self":[{"href":"https:\/\/uniondelbarrio.org\/esp\/wp-json\/wp\/v2\/pages\/88","targetHints":{"allow":["GET"]}}],"collection":[{"href":"https:\/\/uniondelbarrio.org\/esp\/wp-json\/wp\/v2\/pages"}],"about":[{"href":"https:\/\/uniondelbarrio.org\/esp\/wp-json\/wp\/v2\/types\/page"}],"author":[{"embeddable":true,"href":"https:\/\/uniondelbarrio.org\/esp\/wp-json\/wp\/v2\/users\/1"}],"replies":[{"embeddable":true,"href":"https:\/\/uniondelbarrio.org\/esp\/wp-json\/wp\/v2\/comments?post=88"}],"version-history":[{"count":4,"href":"https:\/\/uniondelbarrio.org\/esp\/wp-json\/wp\/v2\/pages\/88\/revisions"}],"predecessor-version":[{"id":975,"href":"https:\/\/uniondelbarrio.org\/esp\/wp-json\/wp\/v2\/pages\/88\/revisions\/975"}],"up":[{"embeddable":true,"href":"https:\/\/uniondelbarrio.org\/esp\/wp-json\/wp\/v2\/pages\/78"}],"wp:attachment":[{"href":"https:\/\/uniondelbarrio.org\/esp\/wp-json\/wp\/v2\/media?parent=88"}],"curies":[{"name":"wp","href":"https:\/\/api.w.org\/{rel}","templated":true}]}}