{"id":968,"date":"2019-07-07T12:56:59","date_gmt":"2019-07-07T19:56:59","guid":{"rendered":"http:\/\/uniondelbarrio.org\/esp\/?page_id=968"},"modified":"2019-07-07T12:56:59","modified_gmt":"2019-07-07T19:56:59","slug":"iv-la-lucha-por-la-camaraderia-de-los-sectores-lgbtq","status":"publish","type":"page","link":"https:\/\/uniondelbarrio.org\/esp\/sobre-udb\/un-programa-para-proveer-direccion-politica-concientizar-el-pueblo-y-crear-la-lucha-para-la-liberacion-nacional\/lo-que-queremos\/iv-la-lucha-por-la-camaraderia-de-los-sectores-lgbtq\/","title":{"rendered":"IV. La Lucha Por La Camarader\u00eda De Los Sectores LGBTQ+"},"content":{"rendered":"<div class=\"page\" title=\"Page 9\">\n<div class=\"layoutArea\">\n<div class=\"column\">\n<div class=\"page\" title=\"Page 13\">\n<div class=\"layoutArea\">\n<div class=\"column\">\n<div class=\"page\" title=\"Page 14\">\n<div class=\"layoutArea\">\n<div class=\"column\">\n<p>Uni\u00f3n del Barrio reconoce que la lucha por la camarader\u00eda LGBTQ+ ya no se pospondr\u00e1, ni la membres\u00eda de Uni\u00f3n del Barrio estar\u00e1 sujeta al odio, el patriarcado y la religiosidad colonial del estado burgu\u00e9s imperial, ni est\u00e1 definida por las ideas m\u00e1s atrasadas de nuestra comunidad. Esta afirmaci\u00f3n est\u00e1 arraigada en la idea de que cualquier persona que lucha como camarada, es un camarada, independientemente de su identidad sexual y de g\u00e9nero.<\/p>\n<p>La homofobia y la transfobia son dogmas parasitarios que da\u00f1an a nuestras comunidades y dividen a nuestra gente. Debemos combatir estos dogmas a trav\u00e9s de la lucha organizada y el rechazo de todas las manifestaciones de opresi\u00f3n dentro de nuestros hogares, nuestras comunidades y nuestra organizaci\u00f3n. Como unionistas luchamos constantemente por la liberaci\u00f3n de nuestra pueblo, pero no por esto debemos idealizar a nuestra gente. Entendemos que dentro de nuestras comunidades tenemos que luchar continuamente contra las tradiciones atrasadas y profundamente arraigadas que se mantienen vivas por el odio, el odio a s\u00ed mismo y el patriarcado. Vemos que los temas de diversidad sexual y de g\u00e9nero a menudo son reprimidos dentro de nuestras propias comunidades porque todav\u00eda somos esclavos del auto-odio burgu\u00e9s y contrarrevolucionario y de la religiosidad colonial. Uni\u00f3n del Barrio debe luchar para aclarar esta cuesti\u00f3n para que los camaradas LGBTQ+ puedan unirse a nuestras filas y ayudar a avanzar en el proceso revolucionario que hemos establecido para nosotros mismos.<\/p>\n<p>Los unionistas no deben caer en la trampa de pensar que la \u201cliberaci\u00f3n\u201d LGBTQ+ es lo mismo que los \u201cderechos\u201d LGBTQ+ otorgados por el estado burgu\u00e9s imperialista. Vemos esto como otra contradicci\u00f3n fundamental, y no queremos ninguna parte de ella. Debe quedar claro que, como miembros de Uni\u00f3n del Barrio, no somos parte del estado burgu\u00e9s imperialista y, por lo tanto, no estamos en el negocio de negar derechos a nadie. Tambi\u00e9n rechazamos enf\u00e1ticamente la idea de que el hecho de pertenecer a la comunidad LGBTQ+ autom\u00e1ticamente hace que una persona sea progresista. Creemos que los &#8220;derechos&#8221; LGBTQ+ otorgados en un contexto de violencia capitalista\/imperialista son principalmente desviaciones reformistas para alejar a las personas de los m\u00faltiples problemas masivos y cada vez m\u00e1s complejos que todos tenemos que enfrentar aqu\u00ed y alrededor de todo el mundo.<\/p>\n<p>Uni\u00f3n del Barrio no busca reproducir reformas LGBTQ+ que se nutran y est\u00e9n sujetas al nacionalismo blanco, la cultura de consumo neoliberal y el imperialismo estadounidense. Debemos reconsiderar la lucha LGBTQ+ a trav\u00e9s de nuestra propia cosmovisi\u00f3n unionista, como parte del cambio revolucionario fundamental que buscamos establecer dentro de nuestras comunidades. Esta transformaci\u00f3n de nuestras comunidades supone una transformaci\u00f3n que comienza dentro de Uni\u00f3n del Barrio y est\u00e1 guiada por nuestra lucha colectiva diaria que es responsable ante los intereses de nuestra gente. Por lo tanto, nos comprometemos con la idea de que la liberaci\u00f3n LGBTQ+ es parte de una lucha de liberaci\u00f3n m\u00e1s amplia, y s\u00f3lo se puede lograr a trav\u00e9s del trabajo colectivo basado en la solidaridad, el apoyo de la clase trabajadora y el internacionalismo de los pueblos. Creemos que una identidad liberada tambi\u00e9n debe ser una identidad liberadora, es decir, una identidad basada en la lucha comunitaria organizada y la responsabilidad colectiva.<\/p>\n<\/div>\n<\/div>\n<\/div>\n<\/div>\n<\/div>\n<\/div>\n<p>SIGUE <em>Que Queremos<\/em>: &#8220;<a href=\"https:\/\/uniondelbarrio.org\/esp\/?page_id=86\">IV. Emancipaci\u00f3n Ambiental<\/a>&#8221;<\/p>\n<\/div>\n<\/div>\n<\/div>\n","protected":false},"excerpt":{"rendered":"<p>Uni\u00f3n del Barrio reconoce que la lucha por la camarader\u00eda LGBTQ+ ya no se pospondr\u00e1, ni la membres\u00eda de Uni\u00f3n del Barrio estar\u00e1 sujeta al odio, el patriarcado y la religiosidad colonial del estado burgu\u00e9s imperial, ni est\u00e1 definida por las ideas m\u00e1s atrasadas de nuestra comunidad. Esta afirmaci\u00f3n est\u00e1 arraigada en la idea de [&hellip;]<\/p>\n","protected":false},"author":1,"featured_media":0,"parent":78,"menu_order":4,"comment_status":"closed","ping_status":"closed","template":"","meta":{"footnotes":""},"class_list":["post-968","page","type-page","status-publish","hentry"],"yoast_head":"<!-- This site is optimized with the Yoast SEO plugin v27.4 - https:\/\/yoast.com\/product\/yoast-seo-wordpress\/ -->\n<title>IV. La Lucha Por La Camarader\u00eda De Los Sectores LGBTQ+ - UdB en espa\u00f1ol<\/title>\n<meta name=\"robots\" content=\"index, follow, max-snippet:-1, max-image-preview:large, max-video-preview:-1\" \/>\n<link rel=\"canonical\" href=\"https:\/\/uniondelbarrio.org\/esp\/sobre-udb\/un-programa-para-proveer-direccion-politica-concientizar-el-pueblo-y-crear-la-lucha-para-la-liberacion-nacional\/lo-que-queremos\/iv-la-lucha-por-la-camaraderia-de-los-sectores-lgbtq\/\" \/>\n<meta property=\"og:locale\" content=\"en_US\" \/>\n<meta property=\"og:type\" content=\"article\" \/>\n<meta property=\"og:title\" content=\"IV. La Lucha Por La Camarader\u00eda De Los Sectores LGBTQ+ - UdB en espa\u00f1ol\" \/>\n<meta property=\"og:description\" content=\"Uni\u00f3n del Barrio reconoce que la lucha por la camarader\u00eda LGBTQ+ ya no se pospondr\u00e1, ni la membres\u00eda de Uni\u00f3n del Barrio estar\u00e1 sujeta al odio, el patriarcado y la religiosidad colonial del estado burgu\u00e9s imperial, ni est\u00e1 definida por las ideas m\u00e1s atrasadas de nuestra comunidad. Esta afirmaci\u00f3n est\u00e1 arraigada en la idea de [&hellip;]\" \/>\n<meta property=\"og:url\" content=\"https:\/\/uniondelbarrio.org\/esp\/sobre-udb\/un-programa-para-proveer-direccion-politica-concientizar-el-pueblo-y-crear-la-lucha-para-la-liberacion-nacional\/lo-que-queremos\/iv-la-lucha-por-la-camaraderia-de-los-sectores-lgbtq\/\" \/>\n<meta property=\"og:site_name\" content=\"UdB en espa\u00f1ol\" \/>\n<meta property=\"article:publisher\" content=\"https:\/\/www.facebook.com\/UniondelBarrio\" \/>\n<meta property=\"og:image\" content=\"https:\/\/uniondelbarrio.org\/esp\/wp-content\/uploads\/2021\/04\/ESP_UdB_FBDefaultWeb_1200x628.jpg\" \/>\n\t<meta property=\"og:image:width\" content=\"1200\" \/>\n\t<meta property=\"og:image:height\" content=\"628\" \/>\n\t<meta property=\"og:image:type\" content=\"image\/jpeg\" \/>\n<meta name=\"twitter:card\" content=\"summary_large_image\" \/>\n<meta name=\"twitter:site\" content=\"@UniondelBarrio\" \/>\n<meta name=\"twitter:label1\" content=\"Est. reading time\" \/>\n\t<meta name=\"twitter:data1\" content=\"3 minutes\" \/>\n<script type=\"application\/ld+json\" class=\"yoast-schema-graph\">{\"@context\":\"https:\\\/\\\/schema.org\",\"@graph\":[{\"@type\":\"WebPage\",\"@id\":\"https:\\\/\\\/uniondelbarrio.org\\\/esp\\\/sobre-udb\\\/un-programa-para-proveer-direccion-politica-concientizar-el-pueblo-y-crear-la-lucha-para-la-liberacion-nacional\\\/lo-que-queremos\\\/iv-la-lucha-por-la-camaraderia-de-los-sectores-lgbtq\\\/\",\"url\":\"https:\\\/\\\/uniondelbarrio.org\\\/esp\\\/sobre-udb\\\/un-programa-para-proveer-direccion-politica-concientizar-el-pueblo-y-crear-la-lucha-para-la-liberacion-nacional\\\/lo-que-queremos\\\/iv-la-lucha-por-la-camaraderia-de-los-sectores-lgbtq\\\/\",\"name\":\"IV. La Lucha Por La Camarader\u00eda De Los Sectores LGBTQ+ - UdB en espa\u00f1ol\",\"isPartOf\":{\"@id\":\"https:\\\/\\\/uniondelbarrio.org\\\/esp\\\/#website\"},\"datePublished\":\"2019-07-07T19:56:59+00:00\",\"breadcrumb\":{\"@id\":\"https:\\\/\\\/uniondelbarrio.org\\\/esp\\\/sobre-udb\\\/un-programa-para-proveer-direccion-politica-concientizar-el-pueblo-y-crear-la-lucha-para-la-liberacion-nacional\\\/lo-que-queremos\\\/iv-la-lucha-por-la-camaraderia-de-los-sectores-lgbtq\\\/#breadcrumb\"},\"inLanguage\":\"en-US\",\"potentialAction\":[{\"@type\":\"ReadAction\",\"target\":[\"https:\\\/\\\/uniondelbarrio.org\\\/esp\\\/sobre-udb\\\/un-programa-para-proveer-direccion-politica-concientizar-el-pueblo-y-crear-la-lucha-para-la-liberacion-nacional\\\/lo-que-queremos\\\/iv-la-lucha-por-la-camaraderia-de-los-sectores-lgbtq\\\/\"]}]},{\"@type\":\"BreadcrumbList\",\"@id\":\"https:\\\/\\\/uniondelbarrio.org\\\/esp\\\/sobre-udb\\\/un-programa-para-proveer-direccion-politica-concientizar-el-pueblo-y-crear-la-lucha-para-la-liberacion-nacional\\\/lo-que-queremos\\\/iv-la-lucha-por-la-camaraderia-de-los-sectores-lgbtq\\\/#breadcrumb\",\"itemListElement\":[{\"@type\":\"ListItem\",\"position\":1,\"name\":\"Home\",\"item\":\"https:\\\/\\\/uniondelbarrio.org\\\/esp\\\/\"},{\"@type\":\"ListItem\",\"position\":2,\"name\":\"\u00bfQui\u00e9n Es Uni\u00f3n del Barrio?\",\"item\":\"https:\\\/\\\/uniondelbarrio.org\\\/esp\\\/sobre-udb\\\/\"},{\"@type\":\"ListItem\",\"position\":3,\"name\":\"Un Programa Para Proveer Direcci\u00f3n Pol\u00edtica, Concientizar El Pueblo Y Crear La Lucha Para La Liberaci\u00f3n Nacional\",\"item\":\"https:\\\/\\\/uniondelbarrio.org\\\/esp\\\/sobre-udb\\\/un-programa-para-proveer-direccion-politica-concientizar-el-pueblo-y-crear-la-lucha-para-la-liberacion-nacional\\\/\"},{\"@type\":\"ListItem\",\"position\":4,\"name\":\"Lo Que Queremos\",\"item\":\"https:\\\/\\\/uniondelbarrio.org\\\/esp\\\/sobre-udb\\\/un-programa-para-proveer-direccion-politica-concientizar-el-pueblo-y-crear-la-lucha-para-la-liberacion-nacional\\\/lo-que-queremos\\\/\"},{\"@type\":\"ListItem\",\"position\":5,\"name\":\"IV. La Lucha Por La Camarader\u00eda De Los Sectores LGBTQ+\"}]},{\"@type\":\"WebSite\",\"@id\":\"https:\\\/\\\/uniondelbarrio.org\\\/esp\\\/#website\",\"url\":\"https:\\\/\\\/uniondelbarrio.org\\\/esp\\\/\",\"name\":\"UdB en espa\u00f1ol\",\"description\":\"Concientizaci\u00f3n, Organizaci\u00f3n, Acci\u00f3n y Liberaci\u00f3n\",\"potentialAction\":[{\"@type\":\"SearchAction\",\"target\":{\"@type\":\"EntryPoint\",\"urlTemplate\":\"https:\\\/\\\/uniondelbarrio.org\\\/esp\\\/?s={search_term_string}\"},\"query-input\":{\"@type\":\"PropertyValueSpecification\",\"valueRequired\":true,\"valueName\":\"search_term_string\"}}],\"inLanguage\":\"en-US\"}]}<\/script>\n<!-- \/ Yoast SEO plugin. -->","yoast_head_json":{"title":"IV. La Lucha Por La Camarader\u00eda De Los Sectores LGBTQ+ - UdB en espa\u00f1ol","robots":{"index":"index","follow":"follow","max-snippet":"max-snippet:-1","max-image-preview":"max-image-preview:large","max-video-preview":"max-video-preview:-1"},"canonical":"https:\/\/uniondelbarrio.org\/esp\/sobre-udb\/un-programa-para-proveer-direccion-politica-concientizar-el-pueblo-y-crear-la-lucha-para-la-liberacion-nacional\/lo-que-queremos\/iv-la-lucha-por-la-camaraderia-de-los-sectores-lgbtq\/","og_locale":"en_US","og_type":"article","og_title":"IV. La Lucha Por La Camarader\u00eda De Los Sectores LGBTQ+ - UdB en espa\u00f1ol","og_description":"Uni\u00f3n del Barrio reconoce que la lucha por la camarader\u00eda LGBTQ+ ya no se pospondr\u00e1, ni la membres\u00eda de Uni\u00f3n del Barrio estar\u00e1 sujeta al odio, el patriarcado y la religiosidad colonial del estado burgu\u00e9s imperial, ni est\u00e1 definida por las ideas m\u00e1s atrasadas de nuestra comunidad. Esta afirmaci\u00f3n est\u00e1 arraigada en la idea de [&hellip;]","og_url":"https:\/\/uniondelbarrio.org\/esp\/sobre-udb\/un-programa-para-proveer-direccion-politica-concientizar-el-pueblo-y-crear-la-lucha-para-la-liberacion-nacional\/lo-que-queremos\/iv-la-lucha-por-la-camaraderia-de-los-sectores-lgbtq\/","og_site_name":"UdB en espa\u00f1ol","article_publisher":"https:\/\/www.facebook.com\/UniondelBarrio","og_image":[{"width":1200,"height":628,"url":"https:\/\/uniondelbarrio.org\/esp\/wp-content\/uploads\/2021\/04\/ESP_UdB_FBDefaultWeb_1200x628.jpg","type":"image\/jpeg"}],"twitter_card":"summary_large_image","twitter_site":"@UniondelBarrio","twitter_misc":{"Est. reading time":"3 minutes"},"schema":{"@context":"https:\/\/schema.org","@graph":[{"@type":"WebPage","@id":"https:\/\/uniondelbarrio.org\/esp\/sobre-udb\/un-programa-para-proveer-direccion-politica-concientizar-el-pueblo-y-crear-la-lucha-para-la-liberacion-nacional\/lo-que-queremos\/iv-la-lucha-por-la-camaraderia-de-los-sectores-lgbtq\/","url":"https:\/\/uniondelbarrio.org\/esp\/sobre-udb\/un-programa-para-proveer-direccion-politica-concientizar-el-pueblo-y-crear-la-lucha-para-la-liberacion-nacional\/lo-que-queremos\/iv-la-lucha-por-la-camaraderia-de-los-sectores-lgbtq\/","name":"IV. La Lucha Por La Camarader\u00eda De Los Sectores LGBTQ+ - UdB en espa\u00f1ol","isPartOf":{"@id":"https:\/\/uniondelbarrio.org\/esp\/#website"},"datePublished":"2019-07-07T19:56:59+00:00","breadcrumb":{"@id":"https:\/\/uniondelbarrio.org\/esp\/sobre-udb\/un-programa-para-proveer-direccion-politica-concientizar-el-pueblo-y-crear-la-lucha-para-la-liberacion-nacional\/lo-que-queremos\/iv-la-lucha-por-la-camaraderia-de-los-sectores-lgbtq\/#breadcrumb"},"inLanguage":"en-US","potentialAction":[{"@type":"ReadAction","target":["https:\/\/uniondelbarrio.org\/esp\/sobre-udb\/un-programa-para-proveer-direccion-politica-concientizar-el-pueblo-y-crear-la-lucha-para-la-liberacion-nacional\/lo-que-queremos\/iv-la-lucha-por-la-camaraderia-de-los-sectores-lgbtq\/"]}]},{"@type":"BreadcrumbList","@id":"https:\/\/uniondelbarrio.org\/esp\/sobre-udb\/un-programa-para-proveer-direccion-politica-concientizar-el-pueblo-y-crear-la-lucha-para-la-liberacion-nacional\/lo-que-queremos\/iv-la-lucha-por-la-camaraderia-de-los-sectores-lgbtq\/#breadcrumb","itemListElement":[{"@type":"ListItem","position":1,"name":"Home","item":"https:\/\/uniondelbarrio.org\/esp\/"},{"@type":"ListItem","position":2,"name":"\u00bfQui\u00e9n Es Uni\u00f3n del Barrio?","item":"https:\/\/uniondelbarrio.org\/esp\/sobre-udb\/"},{"@type":"ListItem","position":3,"name":"Un Programa Para Proveer Direcci\u00f3n Pol\u00edtica, Concientizar El Pueblo Y Crear La Lucha Para La Liberaci\u00f3n Nacional","item":"https:\/\/uniondelbarrio.org\/esp\/sobre-udb\/un-programa-para-proveer-direccion-politica-concientizar-el-pueblo-y-crear-la-lucha-para-la-liberacion-nacional\/"},{"@type":"ListItem","position":4,"name":"Lo Que Queremos","item":"https:\/\/uniondelbarrio.org\/esp\/sobre-udb\/un-programa-para-proveer-direccion-politica-concientizar-el-pueblo-y-crear-la-lucha-para-la-liberacion-nacional\/lo-que-queremos\/"},{"@type":"ListItem","position":5,"name":"IV. La Lucha Por La Camarader\u00eda De Los Sectores LGBTQ+"}]},{"@type":"WebSite","@id":"https:\/\/uniondelbarrio.org\/esp\/#website","url":"https:\/\/uniondelbarrio.org\/esp\/","name":"UdB en espa\u00f1ol","description":"Concientizaci\u00f3n, Organizaci\u00f3n, Acci\u00f3n y Liberaci\u00f3n","potentialAction":[{"@type":"SearchAction","target":{"@type":"EntryPoint","urlTemplate":"https:\/\/uniondelbarrio.org\/esp\/?s={search_term_string}"},"query-input":{"@type":"PropertyValueSpecification","valueRequired":true,"valueName":"search_term_string"}}],"inLanguage":"en-US"}]}},"_links":{"self":[{"href":"https:\/\/uniondelbarrio.org\/esp\/wp-json\/wp\/v2\/pages\/968","targetHints":{"allow":["GET"]}}],"collection":[{"href":"https:\/\/uniondelbarrio.org\/esp\/wp-json\/wp\/v2\/pages"}],"about":[{"href":"https:\/\/uniondelbarrio.org\/esp\/wp-json\/wp\/v2\/types\/page"}],"author":[{"embeddable":true,"href":"https:\/\/uniondelbarrio.org\/esp\/wp-json\/wp\/v2\/users\/1"}],"replies":[{"embeddable":true,"href":"https:\/\/uniondelbarrio.org\/esp\/wp-json\/wp\/v2\/comments?post=968"}],"version-history":[{"count":2,"href":"https:\/\/uniondelbarrio.org\/esp\/wp-json\/wp\/v2\/pages\/968\/revisions"}],"predecessor-version":[{"id":970,"href":"https:\/\/uniondelbarrio.org\/esp\/wp-json\/wp\/v2\/pages\/968\/revisions\/970"}],"up":[{"embeddable":true,"href":"https:\/\/uniondelbarrio.org\/esp\/wp-json\/wp\/v2\/pages\/78"}],"wp:attachment":[{"href":"https:\/\/uniondelbarrio.org\/esp\/wp-json\/wp\/v2\/media?parent=968"}],"curies":[{"name":"wp","href":"https:\/\/api.w.org\/{rel}","templated":true}]}}