{"id":3307,"date":"2017-11-20T19:34:37","date_gmt":"2017-11-21T02:34:37","guid":{"rendered":"https:\/\/uniondelbarrio.org\/main\/?page_id=3307"},"modified":"2017-11-22T15:22:45","modified_gmt":"2017-11-22T22:22:45","slug":"schafik-jorge-handal-presente","status":"publish","type":"page","link":"https:\/\/uniondelbarrio.org\/main\/4-2\/pe\/nuestra-america-roll-call\/schafik-jorge-handal-presente\/","title":{"rendered":"Schafik Jorge H\u00e1ndal &#8211; \u00a1Presente!"},"content":{"rendered":"<p><img loading=\"lazy\" decoding=\"async\" class=\"size-medium wp-image-3311 alignnone\" src=\"https:\/\/uniondelbarrio.org\/main\/wp-content\/uploads\/2017\/11\/1_schafikPresente-1-236x300.jpg\" alt=\"\" width=\"236\" height=\"300\" srcset=\"https:\/\/uniondelbarrio.org\/main\/wp-content\/uploads\/2017\/11\/1_schafikPresente-1-236x300.jpg 236w, https:\/\/uniondelbarrio.org\/main\/wp-content\/uploads\/2017\/11\/1_schafikPresente-1.jpg 504w\" sizes=\"auto, (max-width: 236px) 100vw, 236px\" \/><\/p>\n<p><strong>October 14, 1930 &#8211; January 24, 2006<\/strong><\/p>\n<p>Schafik Jorge H\u00e1ndal was a Salvadoran revolutionary. He was born in Usulut\u00e1n, El Salvador, the son of Palestinian Arab immigrants. Between 1973 and 1994, he was the general secretary of the Communist Party of El Salvador. As a guerrilla leader in the late 1970s and early 1980s, he was a member of the group that brought five opposition forces together to create the Farabundo Mart\u00ed National Liberation Front (FMLN).<\/p>\n<hr \/>\n<div id=\"attachment_3315\" style=\"width: 220px\" class=\"wp-caption alignright\"><a href=\"https:\/\/uniondelbarrio.org\/main\/wp-content\/uploads\/2017\/11\/2_schafik.png\"><img loading=\"lazy\" decoding=\"async\" aria-describedby=\"caption-attachment-3315\" class=\"wp-image-3315\" src=\"https:\/\/uniondelbarrio.org\/main\/wp-content\/uploads\/2017\/11\/2_schafik-193x300.png\" alt=\"\" width=\"210\" height=\"327\" srcset=\"https:\/\/uniondelbarrio.org\/main\/wp-content\/uploads\/2017\/11\/2_schafik-193x300.png 193w, https:\/\/uniondelbarrio.org\/main\/wp-content\/uploads\/2017\/11\/2_schafik-768x1197.png 768w, https:\/\/uniondelbarrio.org\/main\/wp-content\/uploads\/2017\/11\/2_schafik-657x1024.png 657w, https:\/\/uniondelbarrio.org\/main\/wp-content\/uploads\/2017\/11\/2_schafik.png 1168w\" sizes=\"auto, (max-width: 210px) 100vw, 210px\" \/><\/a><p id=\"caption-attachment-3315\" class=\"wp-caption-text\">The cover of the March &#8211; May 2009 issue of \u00a1La Verdad!, the newspaper of Uni\u00f3n del Barrio.<\/p><\/div>\n<p>Nota del Editor: El siguiente mensaje fue publicado y difundido el 26 de enero de 2006 como respuesta al fallecimiento de Schafik Hand\u00e1l. Lo reproducimos aqu\u00ed en su totalidad:<\/p>\n<p><em>26 de enero de 2006<\/em><\/p>\n<p><em>Al Comit\u00e9 Central del FMLN, Al FMLN,\u00a0A la Juventud del FMLN,<\/em><\/p>\n<p><em>Al pueblo de El Salvador,\u00a0A los Pueblos del Mundo<\/em><\/p>\n<p><em>En nombre del Comit\u00e9 Central de Uni\u00f3n\u00a0del Barrio y de la organizaci\u00f3n en su totalidad, mandamos\u00a0nuestras m\u00e1s fervientes condolencias a Tania de Handal e hijos, al Frente Farabundo Mart\u00ed por la Liberaci\u00f3n Nacional y al pueblo\u00a0salvadore\u00f1o, por la p\u00e9rdida del Comandante Shafik H\u00e1ndal \u2013 jefe m\u00e1ximo del Frente Farabundo Mar por la Liberaci\u00f3n Nacional, y dirigente hist\u00f3rico del pueblo salvadore\u00f1o y de todos los pueblos de Am\u00e9rica Latina.<\/em><\/p>\n<p><em>Mandamos nuestro pesar por esta lamentable y terrible p\u00e9rdida desde la frontera de Estados Unidos-M\u00e9xico, herida abierta de Am\u00e9rica Latina. Sabemos perfectamente bien que lo que trasciende del Comandante Shafik H\u00e1ndal son las semillas libertarias que \u00e9l, junto a muchos otros, sembraron para que los vientos libertarios comiencen a soplar en nuestra amada Am\u00e9rica Latina. Sabemos perfectamente que estos vientos libertarios anuncian el final de esta larga noche imperialista. Sabemos perfectamente que estos vientos libertarios pronto vencer\u00e1n al enemigo com\u00fan de nuestros pueblos latinoamericanos: el imperialismo yanqui. Sabemos que estos vientos que anuncian el alba de un mundo justo y digno es el resultado de la lucha a la que se dedic\u00f3 el Comandante Shafik H\u00e1ndal. \u00a1Las victorias de Am\u00e9rica Latina de hoy y de ma\u00f1ana son las victorias de Shafik Handal! Por esto decimos desde la herida abierta de Am\u00e9rica Latina<\/em><\/p>\n<p><em>Comandante Shafik H\u00e1ndal &#8211; \u00a1PRESENTE!<\/em><\/p>\n<p><em>desde San Diego, California, M\u00e9xico Ocupado<\/em><\/p>\n<p><em>Comit\u00e9 Central,\u00a0Uni\u00f3n del Barrio<\/em><\/p>\n<p><em>\u00a1Concientizaci\u00f3n! \u00a1Organizaci\u00f3n! \u00a1Acci\u00f3n! \u00a1Liberaci\u00f3n!<\/em><\/p>\n","protected":false},"excerpt":{"rendered":"<p>October 14, 1930 &#8211; January 24, 2006 Schafik Jorge H\u00e1ndal was a Salvadoran revolutionary. He was born in Usulut\u00e1n, El Salvador, the son of Palestinian Arab immigrants. Between 1973 and 1994, he was the general secretary of the Communist Party of El Salvador. As a guerrilla leader in the late 1970s and early 1980s, he [&hellip;]<\/p>\n","protected":false},"author":1,"featured_media":0,"parent":1322,"menu_order":4,"comment_status":"closed","ping_status":"closed","template":"page-templates\/page-politicaledu.php","meta":{"footnotes":""},"class_list":["post-3307","page","type-page","status-publish","hentry"],"yoast_head":"<!-- This site is optimized with the Yoast SEO plugin v27.3 - https:\/\/yoast.com\/product\/yoast-seo-wordpress\/ -->\n<title>Schafik Jorge H\u00e1ndal - \u00a1Presente! - Uni&oacute;n del Barrio<\/title>\n<meta name=\"robots\" content=\"index, follow, max-snippet:-1, max-image-preview:large, max-video-preview:-1\" \/>\n<link rel=\"canonical\" href=\"https:\/\/uniondelbarrio.org\/main\/4-2\/pe\/nuestra-america-roll-call\/schafik-jorge-handal-presente\/\" \/>\n<meta property=\"og:locale\" content=\"en_US\" \/>\n<meta property=\"og:type\" content=\"article\" \/>\n<meta property=\"og:title\" content=\"Schafik Jorge H\u00e1ndal - \u00a1Presente! - Uni&oacute;n del Barrio\" \/>\n<meta property=\"og:description\" content=\"October 14, 1930 &#8211; January 24, 2006 Schafik Jorge H\u00e1ndal was a Salvadoran revolutionary. He was born in Usulut\u00e1n, El Salvador, the son of Palestinian Arab immigrants. Between 1973 and 1994, he was the general secretary of the Communist Party of El Salvador. As a guerrilla leader in the late 1970s and early 1980s, he [&hellip;]\" \/>\n<meta property=\"og:url\" content=\"https:\/\/uniondelbarrio.org\/main\/4-2\/pe\/nuestra-america-roll-call\/schafik-jorge-handal-presente\/\" \/>\n<meta property=\"og:site_name\" content=\"Uni&oacute;n del Barrio\" \/>\n<meta property=\"article:publisher\" content=\"https:\/\/www.facebook.com\/UniondelBarrio\/\" \/>\n<meta property=\"article:modified_time\" content=\"2017-11-22T22:22:45+00:00\" \/>\n<meta property=\"og:image\" content=\"https:\/\/uniondelbarrio.org\/main\/wp-content\/uploads\/2017\/11\/1_schafikPresente-1-236x300.jpg\" \/>\n<meta name=\"twitter:card\" content=\"summary_large_image\" \/>\n<meta name=\"twitter:site\" content=\"@UniondelBarrio\" \/>\n<meta name=\"twitter:label1\" content=\"Est. reading time\" \/>\n\t<meta name=\"twitter:data1\" content=\"2 minutes\" \/>\n<script type=\"application\/ld+json\" class=\"yoast-schema-graph\">{\"@context\":\"https:\\\/\\\/schema.org\",\"@graph\":[{\"@type\":\"WebPage\",\"@id\":\"https:\\\/\\\/uniondelbarrio.org\\\/main\\\/4-2\\\/pe\\\/nuestra-america-roll-call\\\/schafik-jorge-handal-presente\\\/\",\"url\":\"https:\\\/\\\/uniondelbarrio.org\\\/main\\\/4-2\\\/pe\\\/nuestra-america-roll-call\\\/schafik-jorge-handal-presente\\\/\",\"name\":\"Schafik Jorge H\u00e1ndal - \u00a1Presente! - Uni&oacute;n del Barrio\",\"isPartOf\":{\"@id\":\"https:\\\/\\\/uniondelbarrio.org\\\/main\\\/#website\"},\"primaryImageOfPage\":{\"@id\":\"https:\\\/\\\/uniondelbarrio.org\\\/main\\\/4-2\\\/pe\\\/nuestra-america-roll-call\\\/schafik-jorge-handal-presente\\\/#primaryimage\"},\"image\":{\"@id\":\"https:\\\/\\\/uniondelbarrio.org\\\/main\\\/4-2\\\/pe\\\/nuestra-america-roll-call\\\/schafik-jorge-handal-presente\\\/#primaryimage\"},\"thumbnailUrl\":\"https:\\\/\\\/uniondelbarrio.org\\\/main\\\/wp-content\\\/uploads\\\/2017\\\/11\\\/1_schafikPresente-1-236x300.jpg\",\"datePublished\":\"2017-11-21T02:34:37+00:00\",\"dateModified\":\"2017-11-22T22:22:45+00:00\",\"breadcrumb\":{\"@id\":\"https:\\\/\\\/uniondelbarrio.org\\\/main\\\/4-2\\\/pe\\\/nuestra-america-roll-call\\\/schafik-jorge-handal-presente\\\/#breadcrumb\"},\"inLanguage\":\"en\",\"potentialAction\":[{\"@type\":\"ReadAction\",\"target\":[\"https:\\\/\\\/uniondelbarrio.org\\\/main\\\/4-2\\\/pe\\\/nuestra-america-roll-call\\\/schafik-jorge-handal-presente\\\/\"]}]},{\"@type\":\"ImageObject\",\"inLanguage\":\"en\",\"@id\":\"https:\\\/\\\/uniondelbarrio.org\\\/main\\\/4-2\\\/pe\\\/nuestra-america-roll-call\\\/schafik-jorge-handal-presente\\\/#primaryimage\",\"url\":\"https:\\\/\\\/uniondelbarrio.org\\\/main\\\/wp-content\\\/uploads\\\/2017\\\/11\\\/1_schafikPresente-1.jpg\",\"contentUrl\":\"https:\\\/\\\/uniondelbarrio.org\\\/main\\\/wp-content\\\/uploads\\\/2017\\\/11\\\/1_schafikPresente-1.jpg\",\"width\":504,\"height\":642},{\"@type\":\"BreadcrumbList\",\"@id\":\"https:\\\/\\\/uniondelbarrio.org\\\/main\\\/4-2\\\/pe\\\/nuestra-america-roll-call\\\/schafik-jorge-handal-presente\\\/#breadcrumb\",\"itemListElement\":[{\"@type\":\"ListItem\",\"position\":1,\"name\":\"Home\",\"item\":\"https:\\\/\\\/uniondelbarrio.org\\\/main\\\/\"},{\"@type\":\"ListItem\",\"position\":2,\"name\":\"Political Education\",\"item\":\"https:\\\/\\\/uniondelbarrio.org\\\/main\\\/4-2\\\/pe\\\/\"},{\"@type\":\"ListItem\",\"position\":3,\"name\":\"Nuestra Am\u00e9rica Roll Call\",\"item\":\"https:\\\/\\\/uniondelbarrio.org\\\/main\\\/4-2\\\/pe\\\/nuestra-america-roll-call\\\/\"},{\"@type\":\"ListItem\",\"position\":4,\"name\":\"Schafik Jorge H\u00e1ndal &#8211; \u00a1Presente!\"}]},{\"@type\":\"WebSite\",\"@id\":\"https:\\\/\\\/uniondelbarrio.org\\\/main\\\/#website\",\"url\":\"https:\\\/\\\/uniondelbarrio.org\\\/main\\\/\",\"name\":\"Uni&oacute;n del Barrio\",\"description\":\"Concientizaci&oacute;n, Organizaci&oacute;n, Acci&oacute;n, y Liberaci&oacute;n\",\"potentialAction\":[{\"@type\":\"SearchAction\",\"target\":{\"@type\":\"EntryPoint\",\"urlTemplate\":\"https:\\\/\\\/uniondelbarrio.org\\\/main\\\/?s={search_term_string}\"},\"query-input\":{\"@type\":\"PropertyValueSpecification\",\"valueRequired\":true,\"valueName\":\"search_term_string\"}}],\"inLanguage\":\"en\"}]}<\/script>\n<!-- \/ Yoast SEO plugin. -->","yoast_head_json":{"title":"Schafik Jorge H\u00e1ndal - \u00a1Presente! - Uni&oacute;n del Barrio","robots":{"index":"index","follow":"follow","max-snippet":"max-snippet:-1","max-image-preview":"max-image-preview:large","max-video-preview":"max-video-preview:-1"},"canonical":"https:\/\/uniondelbarrio.org\/main\/4-2\/pe\/nuestra-america-roll-call\/schafik-jorge-handal-presente\/","og_locale":"en_US","og_type":"article","og_title":"Schafik Jorge H\u00e1ndal - \u00a1Presente! - Uni&oacute;n del Barrio","og_description":"October 14, 1930 &#8211; January 24, 2006 Schafik Jorge H\u00e1ndal was a Salvadoran revolutionary. He was born in Usulut\u00e1n, El Salvador, the son of Palestinian Arab immigrants. Between 1973 and 1994, he was the general secretary of the Communist Party of El Salvador. As a guerrilla leader in the late 1970s and early 1980s, he [&hellip;]","og_url":"https:\/\/uniondelbarrio.org\/main\/4-2\/pe\/nuestra-america-roll-call\/schafik-jorge-handal-presente\/","og_site_name":"Uni&oacute;n del Barrio","article_publisher":"https:\/\/www.facebook.com\/UniondelBarrio\/","article_modified_time":"2017-11-22T22:22:45+00:00","og_image":[{"url":"https:\/\/uniondelbarrio.org\/main\/wp-content\/uploads\/2017\/11\/1_schafikPresente-1-236x300.jpg","type":"","width":"","height":""}],"twitter_card":"summary_large_image","twitter_site":"@UniondelBarrio","twitter_misc":{"Est. reading time":"2 minutes"},"schema":{"@context":"https:\/\/schema.org","@graph":[{"@type":"WebPage","@id":"https:\/\/uniondelbarrio.org\/main\/4-2\/pe\/nuestra-america-roll-call\/schafik-jorge-handal-presente\/","url":"https:\/\/uniondelbarrio.org\/main\/4-2\/pe\/nuestra-america-roll-call\/schafik-jorge-handal-presente\/","name":"Schafik Jorge H\u00e1ndal - \u00a1Presente! - Uni&oacute;n del Barrio","isPartOf":{"@id":"https:\/\/uniondelbarrio.org\/main\/#website"},"primaryImageOfPage":{"@id":"https:\/\/uniondelbarrio.org\/main\/4-2\/pe\/nuestra-america-roll-call\/schafik-jorge-handal-presente\/#primaryimage"},"image":{"@id":"https:\/\/uniondelbarrio.org\/main\/4-2\/pe\/nuestra-america-roll-call\/schafik-jorge-handal-presente\/#primaryimage"},"thumbnailUrl":"https:\/\/uniondelbarrio.org\/main\/wp-content\/uploads\/2017\/11\/1_schafikPresente-1-236x300.jpg","datePublished":"2017-11-21T02:34:37+00:00","dateModified":"2017-11-22T22:22:45+00:00","breadcrumb":{"@id":"https:\/\/uniondelbarrio.org\/main\/4-2\/pe\/nuestra-america-roll-call\/schafik-jorge-handal-presente\/#breadcrumb"},"inLanguage":"en","potentialAction":[{"@type":"ReadAction","target":["https:\/\/uniondelbarrio.org\/main\/4-2\/pe\/nuestra-america-roll-call\/schafik-jorge-handal-presente\/"]}]},{"@type":"ImageObject","inLanguage":"en","@id":"https:\/\/uniondelbarrio.org\/main\/4-2\/pe\/nuestra-america-roll-call\/schafik-jorge-handal-presente\/#primaryimage","url":"https:\/\/uniondelbarrio.org\/main\/wp-content\/uploads\/2017\/11\/1_schafikPresente-1.jpg","contentUrl":"https:\/\/uniondelbarrio.org\/main\/wp-content\/uploads\/2017\/11\/1_schafikPresente-1.jpg","width":504,"height":642},{"@type":"BreadcrumbList","@id":"https:\/\/uniondelbarrio.org\/main\/4-2\/pe\/nuestra-america-roll-call\/schafik-jorge-handal-presente\/#breadcrumb","itemListElement":[{"@type":"ListItem","position":1,"name":"Home","item":"https:\/\/uniondelbarrio.org\/main\/"},{"@type":"ListItem","position":2,"name":"Political Education","item":"https:\/\/uniondelbarrio.org\/main\/4-2\/pe\/"},{"@type":"ListItem","position":3,"name":"Nuestra Am\u00e9rica Roll Call","item":"https:\/\/uniondelbarrio.org\/main\/4-2\/pe\/nuestra-america-roll-call\/"},{"@type":"ListItem","position":4,"name":"Schafik Jorge H\u00e1ndal &#8211; \u00a1Presente!"}]},{"@type":"WebSite","@id":"https:\/\/uniondelbarrio.org\/main\/#website","url":"https:\/\/uniondelbarrio.org\/main\/","name":"Uni&oacute;n del Barrio","description":"Concientizaci&oacute;n, Organizaci&oacute;n, Acci&oacute;n, y Liberaci&oacute;n","potentialAction":[{"@type":"SearchAction","target":{"@type":"EntryPoint","urlTemplate":"https:\/\/uniondelbarrio.org\/main\/?s={search_term_string}"},"query-input":{"@type":"PropertyValueSpecification","valueRequired":true,"valueName":"search_term_string"}}],"inLanguage":"en"}]}},"_links":{"self":[{"href":"https:\/\/uniondelbarrio.org\/main\/wp-json\/wp\/v2\/pages\/3307","targetHints":{"allow":["GET"]}}],"collection":[{"href":"https:\/\/uniondelbarrio.org\/main\/wp-json\/wp\/v2\/pages"}],"about":[{"href":"https:\/\/uniondelbarrio.org\/main\/wp-json\/wp\/v2\/types\/page"}],"author":[{"embeddable":true,"href":"https:\/\/uniondelbarrio.org\/main\/wp-json\/wp\/v2\/users\/1"}],"replies":[{"embeddable":true,"href":"https:\/\/uniondelbarrio.org\/main\/wp-json\/wp\/v2\/comments?post=3307"}],"version-history":[{"count":6,"href":"https:\/\/uniondelbarrio.org\/main\/wp-json\/wp\/v2\/pages\/3307\/revisions"}],"predecessor-version":[{"id":3316,"href":"https:\/\/uniondelbarrio.org\/main\/wp-json\/wp\/v2\/pages\/3307\/revisions\/3316"}],"up":[{"embeddable":true,"href":"https:\/\/uniondelbarrio.org\/main\/wp-json\/wp\/v2\/pages\/1322"}],"wp:attachment":[{"href":"https:\/\/uniondelbarrio.org\/main\/wp-json\/wp\/v2\/media?parent=3307"}],"curies":[{"name":"wp","href":"https:\/\/api.w.org\/{rel}","templated":true}]}}