{"id":488,"date":"2014-08-03T09:35:05","date_gmt":"2014-08-03T16:35:05","guid":{"rendered":"https:\/\/uniondelbarrio.org\/main\/?page_id=488"},"modified":"2014-08-12T09:59:41","modified_gmt":"2014-08-12T16:59:41","slug":"links-to-political-news","status":"publish","type":"page","link":"https:\/\/uniondelbarrio.org\/main\/4-2\/la-verdad\/links-to-political-news\/","title":{"rendered":""},"content":{"rendered":"<p><img loading=\"lazy\" decoding=\"async\" class=\"aligncenter wp-image-467\" src=\"https:\/\/uniondelbarrio.org\/main\/wp-content\/uploads\/2014\/08\/LVMasthead_072014-1024x282.png\" alt=\"LVMasthead_072014\" width=\"700\" height=\"193\" srcset=\"https:\/\/uniondelbarrio.org\/main\/wp-content\/uploads\/2014\/08\/LVMasthead_072014-1024x282.png 1024w, https:\/\/uniondelbarrio.org\/main\/wp-content\/uploads\/2014\/08\/LVMasthead_072014-300x82.png 300w\" sizes=\"auto, (max-width: 700px) 100vw, 700px\" \/><\/p>\n<h3>Links to Recommended Sources of Political News<\/h3>\n<ol>\n<li><a href=\"http:\/\/www.cubadebate.cu\/\" target=\"_blank\">Cubadebate<\/a>: (Completely in Spanish but links to pages in English)\u00a0Fidel Castro\u2019s Reflections, El Paso Diary of Jos\u00e9 Pertierra, exclusive materials from Cuba\u2019s Reasons series and news articles about various national and international themes.<\/li>\n<li><a href=\"http:\/\/www.rebelion.org\/\" target=\"_blank\">Rebelion.org<\/a>: (Completely in Spanish) Rebeli\u00f3n pretende ser un medio de informaci\u00f3n alternativa que publique las noticias que no son consideradas importantes por los medios de comunicaci\u00f3n tradicionales. Tambi\u00e9n, dar a las noticias un tratamiento diferente en la l\u00ednea de mostrar los intereses que los poderes econ\u00f3micos y pol\u00edticos del mundo capitalista ocultan para mantener sus privilegios y el status actual.<\/li>\n<li><a href=\"http:\/\/www.telesurtv.net\/\" target=\"_blank\">teleSUR<\/a>:\u00a0(Completely in Spanish but links to pages in English) teleSUR is a Latin American multimedia platform oriented to lead and promote the unification of the peoples of the SOUTH*. We are a space and a voice for the construction of a new communications order. (*) SOUTH:\u00a0Geopolitical concept that promotes the struggle of peoples for peace, self-determination, respect for Human Rights and Social Justice.<\/li>\n<\/ol>\n","protected":false},"excerpt":{"rendered":"<p>Links to Recommended Sources of Political News Cubadebate: (Completely in Spanish but links to pages in English)\u00a0Fidel Castro\u2019s Reflections, El Paso Diary of Jos\u00e9 Pertierra, exclusive materials from Cuba\u2019s Reasons series and news articles about various national and international themes. Rebelion.org: (Completely in Spanish) Rebeli\u00f3n pretende ser un medio de informaci\u00f3n alternativa que publique las [&hellip;]<\/p>\n","protected":false},"author":1,"featured_media":0,"parent":465,"menu_order":4,"comment_status":"closed","ping_status":"closed","template":"page-templates\/page-laverdad.php","meta":{"footnotes":""},"class_list":["post-488","page","type-page","status-publish","hentry"],"yoast_head":"<!-- This site is optimized with the Yoast SEO plugin v27.3 - https:\/\/yoast.com\/product\/yoast-seo-wordpress\/ -->\n<title>- Uni&oacute;n del Barrio<\/title>\n<meta name=\"robots\" content=\"index, follow, max-snippet:-1, max-image-preview:large, max-video-preview:-1\" \/>\n<link rel=\"canonical\" href=\"https:\/\/uniondelbarrio.org\/main\/4-2\/la-verdad\/links-to-political-news\/\" \/>\n<meta property=\"og:locale\" content=\"en_US\" \/>\n<meta property=\"og:type\" content=\"article\" \/>\n<meta property=\"og:title\" content=\"- Uni&oacute;n del Barrio\" \/>\n<meta property=\"og:description\" content=\"Links to Recommended Sources of Political News Cubadebate: (Completely in Spanish but links to pages in English)\u00a0Fidel Castro\u2019s Reflections, El Paso Diary of Jos\u00e9 Pertierra, exclusive materials from Cuba\u2019s Reasons series and news articles about various national and international themes. Rebelion.org: (Completely in Spanish) Rebeli\u00f3n pretende ser un medio de informaci\u00f3n alternativa que publique las [&hellip;]\" \/>\n<meta property=\"og:url\" content=\"https:\/\/uniondelbarrio.org\/main\/4-2\/la-verdad\/links-to-political-news\/\" \/>\n<meta property=\"og:site_name\" content=\"Uni&oacute;n del Barrio\" \/>\n<meta property=\"article:publisher\" content=\"https:\/\/www.facebook.com\/UniondelBarrio\/\" \/>\n<meta property=\"article:modified_time\" content=\"2014-08-12T16:59:41+00:00\" \/>\n<meta property=\"og:image\" content=\"https:\/\/uniondelbarrio.org\/main\/wp-content\/uploads\/2014\/08\/LVMasthead_072014-1024x282.png\" \/>\n<meta name=\"twitter:card\" content=\"summary_large_image\" \/>\n<meta name=\"twitter:site\" content=\"@UniondelBarrio\" \/>\n<meta name=\"twitter:label1\" content=\"Est. reading time\" \/>\n\t<meta name=\"twitter:data1\" content=\"1 minute\" \/>\n<script type=\"application\/ld+json\" class=\"yoast-schema-graph\">{\"@context\":\"https:\\\/\\\/schema.org\",\"@graph\":[{\"@type\":\"WebPage\",\"@id\":\"https:\\\/\\\/uniondelbarrio.org\\\/main\\\/4-2\\\/la-verdad\\\/links-to-political-news\\\/\",\"url\":\"https:\\\/\\\/uniondelbarrio.org\\\/main\\\/4-2\\\/la-verdad\\\/links-to-political-news\\\/\",\"name\":\"- Uni&oacute;n del Barrio\",\"isPartOf\":{\"@id\":\"https:\\\/\\\/uniondelbarrio.org\\\/main\\\/#website\"},\"primaryImageOfPage\":{\"@id\":\"https:\\\/\\\/uniondelbarrio.org\\\/main\\\/4-2\\\/la-verdad\\\/links-to-political-news\\\/#primaryimage\"},\"image\":{\"@id\":\"https:\\\/\\\/uniondelbarrio.org\\\/main\\\/4-2\\\/la-verdad\\\/links-to-political-news\\\/#primaryimage\"},\"thumbnailUrl\":\"https:\\\/\\\/uniondelbarrio.org\\\/main\\\/wp-content\\\/uploads\\\/2014\\\/08\\\/LVMasthead_072014-1024x282.png\",\"datePublished\":\"2014-08-03T16:35:05+00:00\",\"dateModified\":\"2014-08-12T16:59:41+00:00\",\"inLanguage\":\"en\",\"potentialAction\":[{\"@type\":\"ReadAction\",\"target\":[\"https:\\\/\\\/uniondelbarrio.org\\\/main\\\/4-2\\\/la-verdad\\\/links-to-political-news\\\/\"]}]},{\"@type\":\"ImageObject\",\"inLanguage\":\"en\",\"@id\":\"https:\\\/\\\/uniondelbarrio.org\\\/main\\\/4-2\\\/la-verdad\\\/links-to-political-news\\\/#primaryimage\",\"url\":\"https:\\\/\\\/uniondelbarrio.org\\\/main\\\/wp-content\\\/uploads\\\/2014\\\/08\\\/LVMasthead_072014.png\",\"contentUrl\":\"https:\\\/\\\/uniondelbarrio.org\\\/main\\\/wp-content\\\/uploads\\\/2014\\\/08\\\/LVMasthead_072014.png\",\"width\":3000,\"height\":827},{\"@type\":\"WebSite\",\"@id\":\"https:\\\/\\\/uniondelbarrio.org\\\/main\\\/#website\",\"url\":\"https:\\\/\\\/uniondelbarrio.org\\\/main\\\/\",\"name\":\"Uni&oacute;n del Barrio\",\"description\":\"Concientizaci&oacute;n, Organizaci&oacute;n, Acci&oacute;n, y Liberaci&oacute;n\",\"potentialAction\":[{\"@type\":\"SearchAction\",\"target\":{\"@type\":\"EntryPoint\",\"urlTemplate\":\"https:\\\/\\\/uniondelbarrio.org\\\/main\\\/?s={search_term_string}\"},\"query-input\":{\"@type\":\"PropertyValueSpecification\",\"valueRequired\":true,\"valueName\":\"search_term_string\"}}],\"inLanguage\":\"en\"}]}<\/script>\n<!-- \/ Yoast SEO plugin. -->","yoast_head_json":{"title":"- Uni&oacute;n del Barrio","robots":{"index":"index","follow":"follow","max-snippet":"max-snippet:-1","max-image-preview":"max-image-preview:large","max-video-preview":"max-video-preview:-1"},"canonical":"https:\/\/uniondelbarrio.org\/main\/4-2\/la-verdad\/links-to-political-news\/","og_locale":"en_US","og_type":"article","og_title":"- Uni&oacute;n del Barrio","og_description":"Links to Recommended Sources of Political News Cubadebate: (Completely in Spanish but links to pages in English)\u00a0Fidel Castro\u2019s Reflections, El Paso Diary of Jos\u00e9 Pertierra, exclusive materials from Cuba\u2019s Reasons series and news articles about various national and international themes. Rebelion.org: (Completely in Spanish) Rebeli\u00f3n pretende ser un medio de informaci\u00f3n alternativa que publique las [&hellip;]","og_url":"https:\/\/uniondelbarrio.org\/main\/4-2\/la-verdad\/links-to-political-news\/","og_site_name":"Uni&oacute;n del Barrio","article_publisher":"https:\/\/www.facebook.com\/UniondelBarrio\/","article_modified_time":"2014-08-12T16:59:41+00:00","og_image":[{"url":"https:\/\/uniondelbarrio.org\/main\/wp-content\/uploads\/2014\/08\/LVMasthead_072014-1024x282.png","type":"","width":"","height":""}],"twitter_card":"summary_large_image","twitter_site":"@UniondelBarrio","twitter_misc":{"Est. reading time":"1 minute"},"schema":{"@context":"https:\/\/schema.org","@graph":[{"@type":"WebPage","@id":"https:\/\/uniondelbarrio.org\/main\/4-2\/la-verdad\/links-to-political-news\/","url":"https:\/\/uniondelbarrio.org\/main\/4-2\/la-verdad\/links-to-political-news\/","name":"- Uni&oacute;n del Barrio","isPartOf":{"@id":"https:\/\/uniondelbarrio.org\/main\/#website"},"primaryImageOfPage":{"@id":"https:\/\/uniondelbarrio.org\/main\/4-2\/la-verdad\/links-to-political-news\/#primaryimage"},"image":{"@id":"https:\/\/uniondelbarrio.org\/main\/4-2\/la-verdad\/links-to-political-news\/#primaryimage"},"thumbnailUrl":"https:\/\/uniondelbarrio.org\/main\/wp-content\/uploads\/2014\/08\/LVMasthead_072014-1024x282.png","datePublished":"2014-08-03T16:35:05+00:00","dateModified":"2014-08-12T16:59:41+00:00","inLanguage":"en","potentialAction":[{"@type":"ReadAction","target":["https:\/\/uniondelbarrio.org\/main\/4-2\/la-verdad\/links-to-political-news\/"]}]},{"@type":"ImageObject","inLanguage":"en","@id":"https:\/\/uniondelbarrio.org\/main\/4-2\/la-verdad\/links-to-political-news\/#primaryimage","url":"https:\/\/uniondelbarrio.org\/main\/wp-content\/uploads\/2014\/08\/LVMasthead_072014.png","contentUrl":"https:\/\/uniondelbarrio.org\/main\/wp-content\/uploads\/2014\/08\/LVMasthead_072014.png","width":3000,"height":827},{"@type":"WebSite","@id":"https:\/\/uniondelbarrio.org\/main\/#website","url":"https:\/\/uniondelbarrio.org\/main\/","name":"Uni&oacute;n del Barrio","description":"Concientizaci&oacute;n, Organizaci&oacute;n, Acci&oacute;n, y Liberaci&oacute;n","potentialAction":[{"@type":"SearchAction","target":{"@type":"EntryPoint","urlTemplate":"https:\/\/uniondelbarrio.org\/main\/?s={search_term_string}"},"query-input":{"@type":"PropertyValueSpecification","valueRequired":true,"valueName":"search_term_string"}}],"inLanguage":"en"}]}},"_links":{"self":[{"href":"https:\/\/uniondelbarrio.org\/main\/wp-json\/wp\/v2\/pages\/488","targetHints":{"allow":["GET"]}}],"collection":[{"href":"https:\/\/uniondelbarrio.org\/main\/wp-json\/wp\/v2\/pages"}],"about":[{"href":"https:\/\/uniondelbarrio.org\/main\/wp-json\/wp\/v2\/types\/page"}],"author":[{"embeddable":true,"href":"https:\/\/uniondelbarrio.org\/main\/wp-json\/wp\/v2\/users\/1"}],"replies":[{"embeddable":true,"href":"https:\/\/uniondelbarrio.org\/main\/wp-json\/wp\/v2\/comments?post=488"}],"version-history":[{"count":8,"href":"https:\/\/uniondelbarrio.org\/main\/wp-json\/wp\/v2\/pages\/488\/revisions"}],"predecessor-version":[{"id":629,"href":"https:\/\/uniondelbarrio.org\/main\/wp-json\/wp\/v2\/pages\/488\/revisions\/629"}],"up":[{"embeddable":true,"href":"https:\/\/uniondelbarrio.org\/main\/wp-json\/wp\/v2\/pages\/465"}],"wp:attachment":[{"href":"https:\/\/uniondelbarrio.org\/main\/wp-json\/wp\/v2\/media?parent=488"}],"curies":[{"name":"wp","href":"https:\/\/api.w.org\/{rel}","templated":true}]}}