{"id":541,"date":"2014-08-08T13:06:43","date_gmt":"2014-08-08T20:06:43","guid":{"rendered":"https:\/\/uniondelbarrio.org\/main\/?page_id=541"},"modified":"2017-01-31T10:30:42","modified_gmt":"2017-01-31T17:30:42","slug":"the-struggle-of-barrio-youth","status":"publish","type":"page","link":"https:\/\/uniondelbarrio.org\/main\/4-2\/struggle\/the-struggle-of-barrio-youth\/","title":{"rendered":"The Struggle of Barrio Youth"},"content":{"rendered":"<h3 style=\"text-align: center;\"><em><span style=\"color: #993300;\">Uni\u00f3n del Barrio Strategic Vision: <\/span><\/em><\/h3>\n<h3 style=\"text-align: center;\"><span style=\"color: #993300;\">&#8220;Ser Joven Y\u00a0No Ser Revolucionario Es Una Contradicci\u00f3n Hasta Biol\u00f3gica.&#8221;<\/span><\/h3>\n<p><a href=\"https:\/\/uniondelbarrio.org\/esp\/?page_id=298\"><img loading=\"lazy\" decoding=\"async\" class=\"alignright size-full wp-image-1997\" src=\"https:\/\/uniondelbarrio.org\/main\/wp-content\/uploads\/2016\/05\/spanishversionbutton.png\" alt=\"\" width=\"184\" height=\"64\" \/><\/a><\/p>\n<p>The above quote comes from Chilean President Salvador Allende, drawn from <a href=\"https:\/\/youtu.be\/K1dUBDWoyes\" target=\"_blank\">a speech given in M\u00e9xico in 1972<\/a>.<\/p>\n<p>Guiding the barrio youth work of Uni\u00f3n del Barrio will be our strategy of raising conciencia towards the development of a culture of organized struggle, commitment, leadership, and discipline for raza liberation. We must focus our work to defend the combative spirit of young people, and bring barrio youth back from what is now the dominant culture of consumerism, individualism, violence, greed, and ignorance \u2013 what has become a raza youth \u201canti-culture.\u201d<\/p>\n<p><img loading=\"lazy\" decoding=\"async\" class=\"alignleft size-medium wp-image-2789\" src=\"https:\/\/uniondelbarrio.org\/main\/wp-content\/uploads\/2014\/08\/CampAz2012_grphk2-300x250.jpg\" alt=\"\" width=\"300\" height=\"250\" srcset=\"https:\/\/uniondelbarrio.org\/main\/wp-content\/uploads\/2014\/08\/CampAz2012_grphk2-300x250.jpg 300w, https:\/\/uniondelbarrio.org\/main\/wp-content\/uploads\/2014\/08\/CampAz2012_grphk2.jpg 535w\" sizes=\"auto, (max-width: 300px) 100vw, 300px\" \/>We have seen how this system invests huge amounts of time and resources into the expansion of its consumerist anti-culture, and we must respond by building community work and our own institutions that pull barrio youth away from alienation, self-hate, violence, and substance abuse.<\/p>\n<p><em>Revised and accepted at UdB 1st Conferencia Regional Sobre la Lucha de J\u00f3venes, 06\/23\/2012.<\/em><\/p>\n<p>The majority of our community work that focuses on youth is done through our youth project <a href=\"https:\/\/uniondelbarrio.org\/main\/?page_id=2525\">Somos Raza<\/a>.<\/p>\n<hr \/>\n<p style=\"text-align: center;\"><a href=\"https:\/\/uniondelbarrio.org\/main\/?cat=19\" target=\"_blank\">NEWS &amp; EVENTS<\/a>\u00a0&#8212;\u00a0<a title=\"Contact\" href=\"https:\/\/uniondelbarrio.org\/main\/?page_id=2525\" target=\"_blank\">GET INVOLVED IN YOUTH WORK<\/a> &#8212;\u00a0<a href=\"http:\/\/aguilaycondor.net\/struggle.html\" target=\"_blank\">POLITICAL EDUCATION<\/a><\/p>\n","protected":false},"excerpt":{"rendered":"<p>Uni\u00f3n del Barrio Strategic Vision: &#8220;Ser Joven Y\u00a0No Ser Revolucionario Es Una Contradicci\u00f3n Hasta Biol\u00f3gica.&#8221; The above quote comes from Chilean President Salvador Allende, drawn from a speech given in M\u00e9xico in 1972. Guiding the barrio youth work of Uni\u00f3n del Barrio will be our strategy of raising conciencia towards the development of a culture [&hellip;]<\/p>\n","protected":false},"author":1,"featured_media":0,"parent":14,"menu_order":1,"comment_status":"closed","ping_status":"closed","template":"page-templates\/page-struggle.php","meta":{"footnotes":""},"class_list":["post-541","page","type-page","status-publish","hentry"],"yoast_head":"<!-- This site is optimized with the Yoast SEO plugin v27.3 - https:\/\/yoast.com\/product\/yoast-seo-wordpress\/ -->\n<title>The Struggle of Barrio Youth - Uni&oacute;n del Barrio<\/title>\n<meta name=\"robots\" content=\"index, follow, max-snippet:-1, max-image-preview:large, max-video-preview:-1\" \/>\n<link rel=\"canonical\" href=\"https:\/\/uniondelbarrio.org\/main\/4-2\/struggle\/the-struggle-of-barrio-youth\/\" \/>\n<meta property=\"og:locale\" content=\"en_US\" \/>\n<meta property=\"og:type\" content=\"article\" \/>\n<meta property=\"og:title\" content=\"The Struggle of Barrio Youth - Uni&oacute;n del Barrio\" \/>\n<meta property=\"og:description\" content=\"Uni\u00f3n del Barrio Strategic Vision: &#8220;Ser Joven Y\u00a0No Ser Revolucionario Es Una Contradicci\u00f3n Hasta Biol\u00f3gica.&#8221; The above quote comes from Chilean President Salvador Allende, drawn from a speech given in M\u00e9xico in 1972. Guiding the barrio youth work of Uni\u00f3n del Barrio will be our strategy of raising conciencia towards the development of a culture [&hellip;]\" \/>\n<meta property=\"og:url\" content=\"https:\/\/uniondelbarrio.org\/main\/4-2\/struggle\/the-struggle-of-barrio-youth\/\" \/>\n<meta property=\"og:site_name\" content=\"Uni&oacute;n del Barrio\" \/>\n<meta property=\"article:publisher\" content=\"https:\/\/www.facebook.com\/UniondelBarrio\/\" \/>\n<meta property=\"article:modified_time\" content=\"2017-01-31T17:30:42+00:00\" \/>\n<meta property=\"og:image\" content=\"https:\/\/uniondelbarrio.org\/main\/wp-content\/uploads\/2016\/05\/spanishversionbutton.png\" \/>\n<meta name=\"twitter:card\" content=\"summary_large_image\" \/>\n<meta name=\"twitter:site\" content=\"@UniondelBarrio\" \/>\n<meta name=\"twitter:label1\" content=\"Est. reading time\" \/>\n\t<meta name=\"twitter:data1\" content=\"1 minute\" \/>\n<script type=\"application\/ld+json\" class=\"yoast-schema-graph\">{\"@context\":\"https:\\\/\\\/schema.org\",\"@graph\":[{\"@type\":\"WebPage\",\"@id\":\"https:\\\/\\\/uniondelbarrio.org\\\/main\\\/4-2\\\/struggle\\\/the-struggle-of-barrio-youth\\\/\",\"url\":\"https:\\\/\\\/uniondelbarrio.org\\\/main\\\/4-2\\\/struggle\\\/the-struggle-of-barrio-youth\\\/\",\"name\":\"The Struggle of Barrio Youth - Uni&oacute;n del Barrio\",\"isPartOf\":{\"@id\":\"https:\\\/\\\/uniondelbarrio.org\\\/main\\\/#website\"},\"primaryImageOfPage\":{\"@id\":\"https:\\\/\\\/uniondelbarrio.org\\\/main\\\/4-2\\\/struggle\\\/the-struggle-of-barrio-youth\\\/#primaryimage\"},\"image\":{\"@id\":\"https:\\\/\\\/uniondelbarrio.org\\\/main\\\/4-2\\\/struggle\\\/the-struggle-of-barrio-youth\\\/#primaryimage\"},\"thumbnailUrl\":\"https:\\\/\\\/uniondelbarrio.org\\\/main\\\/wp-content\\\/uploads\\\/2016\\\/05\\\/spanishversionbutton.png\",\"datePublished\":\"2014-08-08T20:06:43+00:00\",\"dateModified\":\"2017-01-31T17:30:42+00:00\",\"breadcrumb\":{\"@id\":\"https:\\\/\\\/uniondelbarrio.org\\\/main\\\/4-2\\\/struggle\\\/the-struggle-of-barrio-youth\\\/#breadcrumb\"},\"inLanguage\":\"en\",\"potentialAction\":[{\"@type\":\"ReadAction\",\"target\":[\"https:\\\/\\\/uniondelbarrio.org\\\/main\\\/4-2\\\/struggle\\\/the-struggle-of-barrio-youth\\\/\"]}]},{\"@type\":\"ImageObject\",\"inLanguage\":\"en\",\"@id\":\"https:\\\/\\\/uniondelbarrio.org\\\/main\\\/4-2\\\/struggle\\\/the-struggle-of-barrio-youth\\\/#primaryimage\",\"url\":\"https:\\\/\\\/uniondelbarrio.org\\\/main\\\/wp-content\\\/uploads\\\/2016\\\/05\\\/spanishversionbutton.png\",\"contentUrl\":\"https:\\\/\\\/uniondelbarrio.org\\\/main\\\/wp-content\\\/uploads\\\/2016\\\/05\\\/spanishversionbutton.png\",\"width\":184,\"height\":64},{\"@type\":\"BreadcrumbList\",\"@id\":\"https:\\\/\\\/uniondelbarrio.org\\\/main\\\/4-2\\\/struggle\\\/the-struggle-of-barrio-youth\\\/#breadcrumb\",\"itemListElement\":[{\"@type\":\"ListItem\",\"position\":1,\"name\":\"Home\",\"item\":\"https:\\\/\\\/uniondelbarrio.org\\\/main\\\/\"},{\"@type\":\"ListItem\",\"position\":2,\"name\":\"The Science of Organized Liberation Struggle\",\"item\":\"https:\\\/\\\/uniondelbarrio.org\\\/main\\\/4-2\\\/struggle\\\/\"},{\"@type\":\"ListItem\",\"position\":3,\"name\":\"The Struggle of Barrio Youth\"}]},{\"@type\":\"WebSite\",\"@id\":\"https:\\\/\\\/uniondelbarrio.org\\\/main\\\/#website\",\"url\":\"https:\\\/\\\/uniondelbarrio.org\\\/main\\\/\",\"name\":\"Uni&oacute;n del Barrio\",\"description\":\"Concientizaci&oacute;n, Organizaci&oacute;n, Acci&oacute;n, y Liberaci&oacute;n\",\"potentialAction\":[{\"@type\":\"SearchAction\",\"target\":{\"@type\":\"EntryPoint\",\"urlTemplate\":\"https:\\\/\\\/uniondelbarrio.org\\\/main\\\/?s={search_term_string}\"},\"query-input\":{\"@type\":\"PropertyValueSpecification\",\"valueRequired\":true,\"valueName\":\"search_term_string\"}}],\"inLanguage\":\"en\"}]}<\/script>\n<!-- \/ Yoast SEO plugin. -->","yoast_head_json":{"title":"The Struggle of Barrio Youth - Uni&oacute;n del Barrio","robots":{"index":"index","follow":"follow","max-snippet":"max-snippet:-1","max-image-preview":"max-image-preview:large","max-video-preview":"max-video-preview:-1"},"canonical":"https:\/\/uniondelbarrio.org\/main\/4-2\/struggle\/the-struggle-of-barrio-youth\/","og_locale":"en_US","og_type":"article","og_title":"The Struggle of Barrio Youth - Uni&oacute;n del Barrio","og_description":"Uni\u00f3n del Barrio Strategic Vision: &#8220;Ser Joven Y\u00a0No Ser Revolucionario Es Una Contradicci\u00f3n Hasta Biol\u00f3gica.&#8221; The above quote comes from Chilean President Salvador Allende, drawn from a speech given in M\u00e9xico in 1972. Guiding the barrio youth work of Uni\u00f3n del Barrio will be our strategy of raising conciencia towards the development of a culture [&hellip;]","og_url":"https:\/\/uniondelbarrio.org\/main\/4-2\/struggle\/the-struggle-of-barrio-youth\/","og_site_name":"Uni&oacute;n del Barrio","article_publisher":"https:\/\/www.facebook.com\/UniondelBarrio\/","article_modified_time":"2017-01-31T17:30:42+00:00","og_image":[{"url":"https:\/\/uniondelbarrio.org\/main\/wp-content\/uploads\/2016\/05\/spanishversionbutton.png","type":"","width":"","height":""}],"twitter_card":"summary_large_image","twitter_site":"@UniondelBarrio","twitter_misc":{"Est. reading time":"1 minute"},"schema":{"@context":"https:\/\/schema.org","@graph":[{"@type":"WebPage","@id":"https:\/\/uniondelbarrio.org\/main\/4-2\/struggle\/the-struggle-of-barrio-youth\/","url":"https:\/\/uniondelbarrio.org\/main\/4-2\/struggle\/the-struggle-of-barrio-youth\/","name":"The Struggle of Barrio Youth - Uni&oacute;n del Barrio","isPartOf":{"@id":"https:\/\/uniondelbarrio.org\/main\/#website"},"primaryImageOfPage":{"@id":"https:\/\/uniondelbarrio.org\/main\/4-2\/struggle\/the-struggle-of-barrio-youth\/#primaryimage"},"image":{"@id":"https:\/\/uniondelbarrio.org\/main\/4-2\/struggle\/the-struggle-of-barrio-youth\/#primaryimage"},"thumbnailUrl":"https:\/\/uniondelbarrio.org\/main\/wp-content\/uploads\/2016\/05\/spanishversionbutton.png","datePublished":"2014-08-08T20:06:43+00:00","dateModified":"2017-01-31T17:30:42+00:00","breadcrumb":{"@id":"https:\/\/uniondelbarrio.org\/main\/4-2\/struggle\/the-struggle-of-barrio-youth\/#breadcrumb"},"inLanguage":"en","potentialAction":[{"@type":"ReadAction","target":["https:\/\/uniondelbarrio.org\/main\/4-2\/struggle\/the-struggle-of-barrio-youth\/"]}]},{"@type":"ImageObject","inLanguage":"en","@id":"https:\/\/uniondelbarrio.org\/main\/4-2\/struggle\/the-struggle-of-barrio-youth\/#primaryimage","url":"https:\/\/uniondelbarrio.org\/main\/wp-content\/uploads\/2016\/05\/spanishversionbutton.png","contentUrl":"https:\/\/uniondelbarrio.org\/main\/wp-content\/uploads\/2016\/05\/spanishversionbutton.png","width":184,"height":64},{"@type":"BreadcrumbList","@id":"https:\/\/uniondelbarrio.org\/main\/4-2\/struggle\/the-struggle-of-barrio-youth\/#breadcrumb","itemListElement":[{"@type":"ListItem","position":1,"name":"Home","item":"https:\/\/uniondelbarrio.org\/main\/"},{"@type":"ListItem","position":2,"name":"The Science of Organized Liberation Struggle","item":"https:\/\/uniondelbarrio.org\/main\/4-2\/struggle\/"},{"@type":"ListItem","position":3,"name":"The Struggle of Barrio Youth"}]},{"@type":"WebSite","@id":"https:\/\/uniondelbarrio.org\/main\/#website","url":"https:\/\/uniondelbarrio.org\/main\/","name":"Uni&oacute;n del Barrio","description":"Concientizaci&oacute;n, Organizaci&oacute;n, Acci&oacute;n, y Liberaci&oacute;n","potentialAction":[{"@type":"SearchAction","target":{"@type":"EntryPoint","urlTemplate":"https:\/\/uniondelbarrio.org\/main\/?s={search_term_string}"},"query-input":{"@type":"PropertyValueSpecification","valueRequired":true,"valueName":"search_term_string"}}],"inLanguage":"en"}]}},"_links":{"self":[{"href":"https:\/\/uniondelbarrio.org\/main\/wp-json\/wp\/v2\/pages\/541","targetHints":{"allow":["GET"]}}],"collection":[{"href":"https:\/\/uniondelbarrio.org\/main\/wp-json\/wp\/v2\/pages"}],"about":[{"href":"https:\/\/uniondelbarrio.org\/main\/wp-json\/wp\/v2\/types\/page"}],"author":[{"embeddable":true,"href":"https:\/\/uniondelbarrio.org\/main\/wp-json\/wp\/v2\/users\/1"}],"replies":[{"embeddable":true,"href":"https:\/\/uniondelbarrio.org\/main\/wp-json\/wp\/v2\/comments?post=541"}],"version-history":[{"count":38,"href":"https:\/\/uniondelbarrio.org\/main\/wp-json\/wp\/v2\/pages\/541\/revisions"}],"predecessor-version":[{"id":2796,"href":"https:\/\/uniondelbarrio.org\/main\/wp-json\/wp\/v2\/pages\/541\/revisions\/2796"}],"up":[{"embeddable":true,"href":"https:\/\/uniondelbarrio.org\/main\/wp-json\/wp\/v2\/pages\/14"}],"wp:attachment":[{"href":"https:\/\/uniondelbarrio.org\/main\/wp-json\/wp\/v2\/media?parent=541"}],"curies":[{"name":"wp","href":"https:\/\/api.w.org\/{rel}","templated":true}]}}