{"id":547,"date":"2014-08-08T13:09:43","date_gmt":"2014-08-08T20:09:43","guid":{"rendered":"https:\/\/uniondelbarrio.org\/main\/?page_id=547"},"modified":"2014-08-20T10:44:31","modified_gmt":"2014-08-20T17:44:31","slug":"culture","status":"publish","type":"page","link":"https:\/\/uniondelbarrio.org\/main\/4-2\/struggle\/culture\/","title":{"rendered":"Culture"},"content":{"rendered":"<p style=\"text-align: center;\">NEWS &amp; EVENTS\u00a0&#8212;\u00a0<a title=\"Contact\" href=\"https:\/\/uniondelbarrio.org\/main\/?page_id=48\">GET INVOLVED<\/a>\u00a0&#8212;\u00a0<a href=\"http:\/\/aguilaycondor.net\/struggle.html\" target=\"_blank\">POLITICAL EDUCATION<\/a><\/p>\n<hr \/>\n<p class=\"p1\" style=\"text-align: center;\"><span style=\"color: #993300;\"><strong>Uni\u00f3n del Barrio Strategic Vision on Culture:<\/strong><\/span><\/p>\n<p style=\"text-align: center;\"><span style=\"color: #993300;\"><strong>&#8220;Ser Culto Es Ser Libre.&#8221;<\/strong><\/span><\/p>\n<p style=\"text-align: center;\">&#8211; Jos\u00e9 Mart\u00ed<\/p>\n<p>Liberation struggle is political and economic, but it is also a cultural. We must actively\u00a0resist the current crisis created by the mass cultural devastation of our \u201cMexicanidad\u201d imposed on our communities here and in M\u00e9xico, and develop a cultural foundation for continental\u00a0unity throughout Nuestra Am\u00e9rica. We should be culturally creative in overturning neoliberal individualism that has\u00a0rapidly expanded during the last 20 years. Neoliberal individualism is a cultural sickness that is grounded in\u00a0consumerism and thrives on historical\/cultural ignorance. The\u00a0cultural work of Uni\u00f3n del Barrio should contribute to a popular culture that rejects consumerism and overturns historical\/cultural ignorance. Our work in this sector should\u00a0include support for\u00a0the development\u00a0of independent liberation focused cultural production within music, visual and performing arts, literature, etc. advancing, defending, and promoting the people&#8217;s cultural heritage of Nuestra Am\u00e9rica.<\/p>\n","protected":false},"excerpt":{"rendered":"<p>NEWS &amp; EVENTS\u00a0&#8212;\u00a0GET INVOLVED\u00a0&#8212;\u00a0POLITICAL EDUCATION Uni\u00f3n del Barrio Strategic Vision on Culture: &#8220;Ser Culto Es Ser Libre.&#8221; &#8211; Jos\u00e9 Mart\u00ed Liberation struggle is political and economic, but it is also a cultural. We must actively\u00a0resist the current crisis created by the mass cultural devastation of our \u201cMexicanidad\u201d imposed on our communities here and in M\u00e9xico, [&hellip;]<\/p>\n","protected":false},"author":1,"featured_media":0,"parent":14,"menu_order":4,"comment_status":"closed","ping_status":"closed","template":"page-templates\/page-struggle.php","meta":{"footnotes":""},"class_list":["post-547","page","type-page","status-publish","hentry"],"yoast_head":"<!-- This site is optimized with the Yoast SEO plugin v27.3 - https:\/\/yoast.com\/product\/yoast-seo-wordpress\/ -->\n<title>Culture - Uni&oacute;n del Barrio<\/title>\n<meta name=\"robots\" content=\"index, follow, max-snippet:-1, max-image-preview:large, max-video-preview:-1\" \/>\n<link rel=\"canonical\" href=\"https:\/\/uniondelbarrio.org\/main\/4-2\/struggle\/culture\/\" \/>\n<meta property=\"og:locale\" content=\"en_US\" \/>\n<meta property=\"og:type\" content=\"article\" \/>\n<meta property=\"og:title\" content=\"Culture - Uni&oacute;n del Barrio\" \/>\n<meta property=\"og:description\" content=\"NEWS &amp; EVENTS\u00a0&#8212;\u00a0GET INVOLVED\u00a0&#8212;\u00a0POLITICAL EDUCATION Uni\u00f3n del Barrio Strategic Vision on Culture: &#8220;Ser Culto Es Ser Libre.&#8221; &#8211; Jos\u00e9 Mart\u00ed Liberation struggle is political and economic, but it is also a cultural. We must actively\u00a0resist the current crisis created by the mass cultural devastation of our \u201cMexicanidad\u201d imposed on our communities here and in M\u00e9xico, [&hellip;]\" \/>\n<meta property=\"og:url\" content=\"https:\/\/uniondelbarrio.org\/main\/4-2\/struggle\/culture\/\" \/>\n<meta property=\"og:site_name\" content=\"Uni&oacute;n del Barrio\" \/>\n<meta property=\"article:publisher\" content=\"https:\/\/www.facebook.com\/UniondelBarrio\/\" \/>\n<meta property=\"article:modified_time\" content=\"2014-08-20T17:44:31+00:00\" \/>\n<meta property=\"og:image\" content=\"https:\/\/uniondelbarrio.org\/main\/wp-content\/uploads\/2021\/04\/UdB_FBDefault_1200x628.jpg\" \/>\n\t<meta property=\"og:image:width\" content=\"1200\" \/>\n\t<meta property=\"og:image:height\" content=\"628\" \/>\n\t<meta property=\"og:image:type\" content=\"image\/jpeg\" \/>\n<meta name=\"twitter:card\" content=\"summary_large_image\" \/>\n<meta name=\"twitter:site\" content=\"@UniondelBarrio\" \/>\n<meta name=\"twitter:label1\" content=\"Est. reading time\" \/>\n\t<meta name=\"twitter:data1\" content=\"1 minute\" \/>\n<script type=\"application\/ld+json\" class=\"yoast-schema-graph\">{\"@context\":\"https:\\\/\\\/schema.org\",\"@graph\":[{\"@type\":\"WebPage\",\"@id\":\"https:\\\/\\\/uniondelbarrio.org\\\/main\\\/4-2\\\/struggle\\\/culture\\\/\",\"url\":\"https:\\\/\\\/uniondelbarrio.org\\\/main\\\/4-2\\\/struggle\\\/culture\\\/\",\"name\":\"Culture - Uni&oacute;n del Barrio\",\"isPartOf\":{\"@id\":\"https:\\\/\\\/uniondelbarrio.org\\\/main\\\/#website\"},\"datePublished\":\"2014-08-08T20:09:43+00:00\",\"dateModified\":\"2014-08-20T17:44:31+00:00\",\"breadcrumb\":{\"@id\":\"https:\\\/\\\/uniondelbarrio.org\\\/main\\\/4-2\\\/struggle\\\/culture\\\/#breadcrumb\"},\"inLanguage\":\"en\",\"potentialAction\":[{\"@type\":\"ReadAction\",\"target\":[\"https:\\\/\\\/uniondelbarrio.org\\\/main\\\/4-2\\\/struggle\\\/culture\\\/\"]}]},{\"@type\":\"BreadcrumbList\",\"@id\":\"https:\\\/\\\/uniondelbarrio.org\\\/main\\\/4-2\\\/struggle\\\/culture\\\/#breadcrumb\",\"itemListElement\":[{\"@type\":\"ListItem\",\"position\":1,\"name\":\"Home\",\"item\":\"https:\\\/\\\/uniondelbarrio.org\\\/main\\\/\"},{\"@type\":\"ListItem\",\"position\":2,\"name\":\"The Science of Organized Liberation Struggle\",\"item\":\"https:\\\/\\\/uniondelbarrio.org\\\/main\\\/4-2\\\/struggle\\\/\"},{\"@type\":\"ListItem\",\"position\":3,\"name\":\"Culture\"}]},{\"@type\":\"WebSite\",\"@id\":\"https:\\\/\\\/uniondelbarrio.org\\\/main\\\/#website\",\"url\":\"https:\\\/\\\/uniondelbarrio.org\\\/main\\\/\",\"name\":\"Uni&oacute;n del Barrio\",\"description\":\"Concientizaci&oacute;n, Organizaci&oacute;n, Acci&oacute;n, y Liberaci&oacute;n\",\"potentialAction\":[{\"@type\":\"SearchAction\",\"target\":{\"@type\":\"EntryPoint\",\"urlTemplate\":\"https:\\\/\\\/uniondelbarrio.org\\\/main\\\/?s={search_term_string}\"},\"query-input\":{\"@type\":\"PropertyValueSpecification\",\"valueRequired\":true,\"valueName\":\"search_term_string\"}}],\"inLanguage\":\"en\"}]}<\/script>\n<!-- \/ Yoast SEO plugin. -->","yoast_head_json":{"title":"Culture - Uni&oacute;n del Barrio","robots":{"index":"index","follow":"follow","max-snippet":"max-snippet:-1","max-image-preview":"max-image-preview:large","max-video-preview":"max-video-preview:-1"},"canonical":"https:\/\/uniondelbarrio.org\/main\/4-2\/struggle\/culture\/","og_locale":"en_US","og_type":"article","og_title":"Culture - Uni&oacute;n del Barrio","og_description":"NEWS &amp; EVENTS\u00a0&#8212;\u00a0GET INVOLVED\u00a0&#8212;\u00a0POLITICAL EDUCATION Uni\u00f3n del Barrio Strategic Vision on Culture: &#8220;Ser Culto Es Ser Libre.&#8221; &#8211; Jos\u00e9 Mart\u00ed Liberation struggle is political and economic, but it is also a cultural. We must actively\u00a0resist the current crisis created by the mass cultural devastation of our \u201cMexicanidad\u201d imposed on our communities here and in M\u00e9xico, [&hellip;]","og_url":"https:\/\/uniondelbarrio.org\/main\/4-2\/struggle\/culture\/","og_site_name":"Uni&oacute;n del Barrio","article_publisher":"https:\/\/www.facebook.com\/UniondelBarrio\/","article_modified_time":"2014-08-20T17:44:31+00:00","og_image":[{"width":1200,"height":628,"url":"https:\/\/uniondelbarrio.org\/main\/wp-content\/uploads\/2021\/04\/UdB_FBDefault_1200x628.jpg","type":"image\/jpeg"}],"twitter_card":"summary_large_image","twitter_site":"@UniondelBarrio","twitter_misc":{"Est. reading time":"1 minute"},"schema":{"@context":"https:\/\/schema.org","@graph":[{"@type":"WebPage","@id":"https:\/\/uniondelbarrio.org\/main\/4-2\/struggle\/culture\/","url":"https:\/\/uniondelbarrio.org\/main\/4-2\/struggle\/culture\/","name":"Culture - Uni&oacute;n del Barrio","isPartOf":{"@id":"https:\/\/uniondelbarrio.org\/main\/#website"},"datePublished":"2014-08-08T20:09:43+00:00","dateModified":"2014-08-20T17:44:31+00:00","breadcrumb":{"@id":"https:\/\/uniondelbarrio.org\/main\/4-2\/struggle\/culture\/#breadcrumb"},"inLanguage":"en","potentialAction":[{"@type":"ReadAction","target":["https:\/\/uniondelbarrio.org\/main\/4-2\/struggle\/culture\/"]}]},{"@type":"BreadcrumbList","@id":"https:\/\/uniondelbarrio.org\/main\/4-2\/struggle\/culture\/#breadcrumb","itemListElement":[{"@type":"ListItem","position":1,"name":"Home","item":"https:\/\/uniondelbarrio.org\/main\/"},{"@type":"ListItem","position":2,"name":"The Science of Organized Liberation Struggle","item":"https:\/\/uniondelbarrio.org\/main\/4-2\/struggle\/"},{"@type":"ListItem","position":3,"name":"Culture"}]},{"@type":"WebSite","@id":"https:\/\/uniondelbarrio.org\/main\/#website","url":"https:\/\/uniondelbarrio.org\/main\/","name":"Uni&oacute;n del Barrio","description":"Concientizaci&oacute;n, Organizaci&oacute;n, Acci&oacute;n, y Liberaci&oacute;n","potentialAction":[{"@type":"SearchAction","target":{"@type":"EntryPoint","urlTemplate":"https:\/\/uniondelbarrio.org\/main\/?s={search_term_string}"},"query-input":{"@type":"PropertyValueSpecification","valueRequired":true,"valueName":"search_term_string"}}],"inLanguage":"en"}]}},"_links":{"self":[{"href":"https:\/\/uniondelbarrio.org\/main\/wp-json\/wp\/v2\/pages\/547","targetHints":{"allow":["GET"]}}],"collection":[{"href":"https:\/\/uniondelbarrio.org\/main\/wp-json\/wp\/v2\/pages"}],"about":[{"href":"https:\/\/uniondelbarrio.org\/main\/wp-json\/wp\/v2\/types\/page"}],"author":[{"embeddable":true,"href":"https:\/\/uniondelbarrio.org\/main\/wp-json\/wp\/v2\/users\/1"}],"replies":[{"embeddable":true,"href":"https:\/\/uniondelbarrio.org\/main\/wp-json\/wp\/v2\/comments?post=547"}],"version-history":[{"count":10,"href":"https:\/\/uniondelbarrio.org\/main\/wp-json\/wp\/v2\/pages\/547\/revisions"}],"predecessor-version":[{"id":770,"href":"https:\/\/uniondelbarrio.org\/main\/wp-json\/wp\/v2\/pages\/547\/revisions\/770"}],"up":[{"embeddable":true,"href":"https:\/\/uniondelbarrio.org\/main\/wp-json\/wp\/v2\/pages\/14"}],"wp:attachment":[{"href":"https:\/\/uniondelbarrio.org\/main\/wp-json\/wp\/v2\/media?parent=547"}],"curies":[{"name":"wp","href":"https:\/\/api.w.org\/{rel}","templated":true}]}}