{"id":552,"date":"2014-08-08T13:11:43","date_gmt":"2014-08-08T20:11:43","guid":{"rendered":"https:\/\/uniondelbarrio.org\/main\/?page_id=552"},"modified":"2017-02-07T17:07:58","modified_gmt":"2017-02-08T00:07:58","slug":"k-12-education","status":"publish","type":"page","link":"https:\/\/uniondelbarrio.org\/main\/4-2\/struggle\/k-12-education\/","title":{"rendered":"K-12 Education"},"content":{"rendered":"<h3 style=\"text-align: center;\"><span style=\"color: #993300;\"><em>Uni\u00f3n del Barrio Strategic Vision:<\/em><\/span><\/h3>\n<h3 style=\"text-align: center;\"><span style=\"color: #993300;\">Maestra\/o Que Lucha Tambi\u00e9n Esta Ense\u00f1ando.<\/span><\/h3>\n<p><a href=\"https:\/\/uniondelbarrio.org\/esp\/?page_id=321\"><img loading=\"lazy\" decoding=\"async\" class=\"alignright wp-image-1997 size-full\" src=\"https:\/\/uniondelbarrio.org\/main\/wp-content\/uploads\/2016\/05\/spanishversionbutton.png\" width=\"184\" height=\"64\" \/><\/a><\/p>\n<p>The work of Uni\u00f3n del Barrio\u00a0that deals with K-12 Education and related issues involving &#8220;el\u00a0Magisterio&#8221; will focus\u00a0on the urgent issues that relate to budget cuts, the privatization of public education, the busting up of teachers unions, and reduced access to quality and relevant education for raza youth.<\/p>\n<p><img loading=\"lazy\" decoding=\"async\" class=\"alignleft size-medium wp-image-2802\" src=\"https:\/\/uniondelbarrio.org\/main\/wp-content\/uploads\/2014\/08\/81_83_UdB_educationImage-copy-300x245.jpg\" alt=\"\" width=\"300\" height=\"245\" srcset=\"https:\/\/uniondelbarrio.org\/main\/wp-content\/uploads\/2014\/08\/81_83_UdB_educationImage-copy-300x245.jpg 300w, https:\/\/uniondelbarrio.org\/main\/wp-content\/uploads\/2014\/08\/81_83_UdB_educationImage-copy-768x628.jpg 768w, https:\/\/uniondelbarrio.org\/main\/wp-content\/uploads\/2014\/08\/81_83_UdB_educationImage-copy-1024x837.jpg 1024w\" sizes=\"auto, (max-width: 300px) 100vw, 300px\" \/>We must build and maintain organized raza liberation struggle within\u00a0every school campus were our numbers are significant, and our work should involve all sectors of the school community &#8211; parents, faculty, staff, etc. We must channel the energy and commitment of progressive educators in order to create\u00a0the conditions necessary to support access to decolonizing and liberating education for our young people. Equally important to our work should be the defense of progressive\u00a0educators from institutional repression that is\u00a0inevitable when teachers decide to align their teaching to the interests of their students.<\/p>\n<p>Neighborhood schools should serve as\u00a0a practical and ideological link to provide support and resources to local raza communities in struggle. This includes the building, support, and consolidation of independent \u201craza liberation schools\u201d to prepare our youth to become\u00a0subjects and authors of their own liberation. Raza liberation schools will serve the educational needs of our youth and our community in general, independent from the colonial and reactionary educational system as it is too often\u00a0imposed on our communities.<\/p>\n<div class=\"\" data-block=\"true\" data-editor=\"f7ij9\" data-offset-key=\"8p3r3-0-0\">\n<div class=\"_1mf _1mj\" data-offset-key=\"8p3r3-0-0\"><span data-offset-key=\"8p3r3-0-0\">The education of our youth &#8220;&#8230;must be in the trenches of struggle with the community, with the students, with the workers&#8230; It must be in the service of the people. We believe it must be the science of the people&#8230; a liberating science. It must be a science that actually competes with and struggles against the sciences of the oppressor&#8230;&#8221; Excerpt f<\/span>rom &#8220;Education, Chicano Studies, and Raza Liberation&#8221; by Ernesto Bustillos, 1992.<\/div>\n<\/div>\n<hr \/>\n<p style=\"text-align: center;\"><a href=\"https:\/\/uniondelbarrio.org\/main\/?cat=25\" target=\"_blank\">NEWS &amp; EVENTS<\/a>\u00a0&#8212;\u00a0<a title=\"Contact\" href=\"https:\/\/uniondelbarrio.org\/main\/?page_id=48\">GET INVOLVED<\/a>\u00a0&#8212;\u00a0<a href=\"http:\/\/aguilaycondor.net\/struggle.html\" target=\"_blank\">POLITICAL EDUCATION<\/a><\/p>\n","protected":false},"excerpt":{"rendered":"<p>Uni\u00f3n del Barrio Strategic Vision: Maestra\/o Que Lucha Tambi\u00e9n Esta Ense\u00f1ando. The work of Uni\u00f3n del Barrio\u00a0that deals with K-12 Education and related issues involving &#8220;el\u00a0Magisterio&#8221; will focus\u00a0on the urgent issues that relate to budget cuts, the privatization of public education, the busting up of teachers unions, and reduced access to quality and relevant education [&hellip;]<\/p>\n","protected":false},"author":1,"featured_media":0,"parent":14,"menu_order":6,"comment_status":"closed","ping_status":"closed","template":"page-templates\/page-struggle.php","meta":{"footnotes":""},"class_list":["post-552","page","type-page","status-publish","hentry"],"yoast_head":"<!-- This site is optimized with the Yoast SEO plugin v27.3 - https:\/\/yoast.com\/product\/yoast-seo-wordpress\/ -->\n<title>K-12 Education - Uni&oacute;n del Barrio<\/title>\n<meta name=\"robots\" content=\"index, follow, max-snippet:-1, max-image-preview:large, max-video-preview:-1\" \/>\n<link rel=\"canonical\" href=\"https:\/\/uniondelbarrio.org\/main\/4-2\/struggle\/k-12-education\/\" \/>\n<meta property=\"og:locale\" content=\"en_US\" \/>\n<meta property=\"og:type\" content=\"article\" \/>\n<meta property=\"og:title\" content=\"K-12 Education - Uni&oacute;n del Barrio\" \/>\n<meta property=\"og:description\" content=\"Uni\u00f3n del Barrio Strategic Vision: Maestra\/o Que Lucha Tambi\u00e9n Esta Ense\u00f1ando. The work of Uni\u00f3n del Barrio\u00a0that deals with K-12 Education and related issues involving &#8220;el\u00a0Magisterio&#8221; will focus\u00a0on the urgent issues that relate to budget cuts, the privatization of public education, the busting up of teachers unions, and reduced access to quality and relevant education [&hellip;]\" \/>\n<meta property=\"og:url\" content=\"https:\/\/uniondelbarrio.org\/main\/4-2\/struggle\/k-12-education\/\" \/>\n<meta property=\"og:site_name\" content=\"Uni&oacute;n del Barrio\" \/>\n<meta property=\"article:publisher\" content=\"https:\/\/www.facebook.com\/UniondelBarrio\/\" \/>\n<meta property=\"article:modified_time\" content=\"2017-02-08T00:07:58+00:00\" \/>\n<meta property=\"og:image\" content=\"https:\/\/uniondelbarrio.org\/main\/wp-content\/uploads\/2016\/05\/spanishversionbutton.png\" \/>\n<meta name=\"twitter:card\" content=\"summary_large_image\" \/>\n<meta name=\"twitter:site\" content=\"@UniondelBarrio\" \/>\n<meta name=\"twitter:label1\" content=\"Est. reading time\" \/>\n\t<meta name=\"twitter:data1\" content=\"2 minutes\" \/>\n<script type=\"application\/ld+json\" class=\"yoast-schema-graph\">{\"@context\":\"https:\\\/\\\/schema.org\",\"@graph\":[{\"@type\":\"WebPage\",\"@id\":\"https:\\\/\\\/uniondelbarrio.org\\\/main\\\/4-2\\\/struggle\\\/k-12-education\\\/\",\"url\":\"https:\\\/\\\/uniondelbarrio.org\\\/main\\\/4-2\\\/struggle\\\/k-12-education\\\/\",\"name\":\"K-12 Education - Uni&oacute;n del Barrio\",\"isPartOf\":{\"@id\":\"https:\\\/\\\/uniondelbarrio.org\\\/main\\\/#website\"},\"primaryImageOfPage\":{\"@id\":\"https:\\\/\\\/uniondelbarrio.org\\\/main\\\/4-2\\\/struggle\\\/k-12-education\\\/#primaryimage\"},\"image\":{\"@id\":\"https:\\\/\\\/uniondelbarrio.org\\\/main\\\/4-2\\\/struggle\\\/k-12-education\\\/#primaryimage\"},\"thumbnailUrl\":\"https:\\\/\\\/uniondelbarrio.org\\\/main\\\/wp-content\\\/uploads\\\/2016\\\/05\\\/spanishversionbutton.png\",\"datePublished\":\"2014-08-08T20:11:43+00:00\",\"dateModified\":\"2017-02-08T00:07:58+00:00\",\"breadcrumb\":{\"@id\":\"https:\\\/\\\/uniondelbarrio.org\\\/main\\\/4-2\\\/struggle\\\/k-12-education\\\/#breadcrumb\"},\"inLanguage\":\"en\",\"potentialAction\":[{\"@type\":\"ReadAction\",\"target\":[\"https:\\\/\\\/uniondelbarrio.org\\\/main\\\/4-2\\\/struggle\\\/k-12-education\\\/\"]}]},{\"@type\":\"ImageObject\",\"inLanguage\":\"en\",\"@id\":\"https:\\\/\\\/uniondelbarrio.org\\\/main\\\/4-2\\\/struggle\\\/k-12-education\\\/#primaryimage\",\"url\":\"https:\\\/\\\/uniondelbarrio.org\\\/main\\\/wp-content\\\/uploads\\\/2016\\\/05\\\/spanishversionbutton.png\",\"contentUrl\":\"https:\\\/\\\/uniondelbarrio.org\\\/main\\\/wp-content\\\/uploads\\\/2016\\\/05\\\/spanishversionbutton.png\",\"width\":184,\"height\":64},{\"@type\":\"BreadcrumbList\",\"@id\":\"https:\\\/\\\/uniondelbarrio.org\\\/main\\\/4-2\\\/struggle\\\/k-12-education\\\/#breadcrumb\",\"itemListElement\":[{\"@type\":\"ListItem\",\"position\":1,\"name\":\"Home\",\"item\":\"https:\\\/\\\/uniondelbarrio.org\\\/main\\\/\"},{\"@type\":\"ListItem\",\"position\":2,\"name\":\"The Science of Organized Liberation Struggle\",\"item\":\"https:\\\/\\\/uniondelbarrio.org\\\/main\\\/4-2\\\/struggle\\\/\"},{\"@type\":\"ListItem\",\"position\":3,\"name\":\"K-12 Education\"}]},{\"@type\":\"WebSite\",\"@id\":\"https:\\\/\\\/uniondelbarrio.org\\\/main\\\/#website\",\"url\":\"https:\\\/\\\/uniondelbarrio.org\\\/main\\\/\",\"name\":\"Uni&oacute;n del Barrio\",\"description\":\"Concientizaci&oacute;n, Organizaci&oacute;n, Acci&oacute;n, y Liberaci&oacute;n\",\"potentialAction\":[{\"@type\":\"SearchAction\",\"target\":{\"@type\":\"EntryPoint\",\"urlTemplate\":\"https:\\\/\\\/uniondelbarrio.org\\\/main\\\/?s={search_term_string}\"},\"query-input\":{\"@type\":\"PropertyValueSpecification\",\"valueRequired\":true,\"valueName\":\"search_term_string\"}}],\"inLanguage\":\"en\"}]}<\/script>\n<!-- \/ Yoast SEO plugin. -->","yoast_head_json":{"title":"K-12 Education - Uni&oacute;n del Barrio","robots":{"index":"index","follow":"follow","max-snippet":"max-snippet:-1","max-image-preview":"max-image-preview:large","max-video-preview":"max-video-preview:-1"},"canonical":"https:\/\/uniondelbarrio.org\/main\/4-2\/struggle\/k-12-education\/","og_locale":"en_US","og_type":"article","og_title":"K-12 Education - Uni&oacute;n del Barrio","og_description":"Uni\u00f3n del Barrio Strategic Vision: Maestra\/o Que Lucha Tambi\u00e9n Esta Ense\u00f1ando. The work of Uni\u00f3n del Barrio\u00a0that deals with K-12 Education and related issues involving &#8220;el\u00a0Magisterio&#8221; will focus\u00a0on the urgent issues that relate to budget cuts, the privatization of public education, the busting up of teachers unions, and reduced access to quality and relevant education [&hellip;]","og_url":"https:\/\/uniondelbarrio.org\/main\/4-2\/struggle\/k-12-education\/","og_site_name":"Uni&oacute;n del Barrio","article_publisher":"https:\/\/www.facebook.com\/UniondelBarrio\/","article_modified_time":"2017-02-08T00:07:58+00:00","og_image":[{"url":"https:\/\/uniondelbarrio.org\/main\/wp-content\/uploads\/2016\/05\/spanishversionbutton.png","type":"","width":"","height":""}],"twitter_card":"summary_large_image","twitter_site":"@UniondelBarrio","twitter_misc":{"Est. reading time":"2 minutes"},"schema":{"@context":"https:\/\/schema.org","@graph":[{"@type":"WebPage","@id":"https:\/\/uniondelbarrio.org\/main\/4-2\/struggle\/k-12-education\/","url":"https:\/\/uniondelbarrio.org\/main\/4-2\/struggle\/k-12-education\/","name":"K-12 Education - Uni&oacute;n del Barrio","isPartOf":{"@id":"https:\/\/uniondelbarrio.org\/main\/#website"},"primaryImageOfPage":{"@id":"https:\/\/uniondelbarrio.org\/main\/4-2\/struggle\/k-12-education\/#primaryimage"},"image":{"@id":"https:\/\/uniondelbarrio.org\/main\/4-2\/struggle\/k-12-education\/#primaryimage"},"thumbnailUrl":"https:\/\/uniondelbarrio.org\/main\/wp-content\/uploads\/2016\/05\/spanishversionbutton.png","datePublished":"2014-08-08T20:11:43+00:00","dateModified":"2017-02-08T00:07:58+00:00","breadcrumb":{"@id":"https:\/\/uniondelbarrio.org\/main\/4-2\/struggle\/k-12-education\/#breadcrumb"},"inLanguage":"en","potentialAction":[{"@type":"ReadAction","target":["https:\/\/uniondelbarrio.org\/main\/4-2\/struggle\/k-12-education\/"]}]},{"@type":"ImageObject","inLanguage":"en","@id":"https:\/\/uniondelbarrio.org\/main\/4-2\/struggle\/k-12-education\/#primaryimage","url":"https:\/\/uniondelbarrio.org\/main\/wp-content\/uploads\/2016\/05\/spanishversionbutton.png","contentUrl":"https:\/\/uniondelbarrio.org\/main\/wp-content\/uploads\/2016\/05\/spanishversionbutton.png","width":184,"height":64},{"@type":"BreadcrumbList","@id":"https:\/\/uniondelbarrio.org\/main\/4-2\/struggle\/k-12-education\/#breadcrumb","itemListElement":[{"@type":"ListItem","position":1,"name":"Home","item":"https:\/\/uniondelbarrio.org\/main\/"},{"@type":"ListItem","position":2,"name":"The Science of Organized Liberation Struggle","item":"https:\/\/uniondelbarrio.org\/main\/4-2\/struggle\/"},{"@type":"ListItem","position":3,"name":"K-12 Education"}]},{"@type":"WebSite","@id":"https:\/\/uniondelbarrio.org\/main\/#website","url":"https:\/\/uniondelbarrio.org\/main\/","name":"Uni&oacute;n del Barrio","description":"Concientizaci&oacute;n, Organizaci&oacute;n, Acci&oacute;n, y Liberaci&oacute;n","potentialAction":[{"@type":"SearchAction","target":{"@type":"EntryPoint","urlTemplate":"https:\/\/uniondelbarrio.org\/main\/?s={search_term_string}"},"query-input":{"@type":"PropertyValueSpecification","valueRequired":true,"valueName":"search_term_string"}}],"inLanguage":"en"}]}},"_links":{"self":[{"href":"https:\/\/uniondelbarrio.org\/main\/wp-json\/wp\/v2\/pages\/552","targetHints":{"allow":["GET"]}}],"collection":[{"href":"https:\/\/uniondelbarrio.org\/main\/wp-json\/wp\/v2\/pages"}],"about":[{"href":"https:\/\/uniondelbarrio.org\/main\/wp-json\/wp\/v2\/types\/page"}],"author":[{"embeddable":true,"href":"https:\/\/uniondelbarrio.org\/main\/wp-json\/wp\/v2\/users\/1"}],"replies":[{"embeddable":true,"href":"https:\/\/uniondelbarrio.org\/main\/wp-json\/wp\/v2\/comments?post=552"}],"version-history":[{"count":19,"href":"https:\/\/uniondelbarrio.org\/main\/wp-json\/wp\/v2\/pages\/552\/revisions"}],"predecessor-version":[{"id":2808,"href":"https:\/\/uniondelbarrio.org\/main\/wp-json\/wp\/v2\/pages\/552\/revisions\/2808"}],"up":[{"embeddable":true,"href":"https:\/\/uniondelbarrio.org\/main\/wp-json\/wp\/v2\/pages\/14"}],"wp:attachment":[{"href":"https:\/\/uniondelbarrio.org\/main\/wp-json\/wp\/v2\/media?parent=552"}],"curies":[{"name":"wp","href":"https:\/\/api.w.org\/{rel}","templated":true}]}}