{"id":559,"date":"2014-08-08T13:13:27","date_gmt":"2014-08-08T20:13:27","guid":{"rendered":"https:\/\/uniondelbarrio.org\/main\/?page_id=559"},"modified":"2014-08-20T10:13:04","modified_gmt":"2014-08-20T17:13:04","slug":"media-power","status":"publish","type":"page","link":"https:\/\/uniondelbarrio.org\/main\/4-2\/struggle\/media-power\/","title":{"rendered":"Media Power"},"content":{"rendered":"<p style=\"text-align: center;\"><a href=\"https:\/\/uniondelbarrio.org\/main\/?cat=31\">NEWS &amp; EVENTS<\/a>\u00a0&#8212;\u00a0<a title=\"Contact\" href=\"https:\/\/uniondelbarrio.org\/main\/?page_id=48\">GET INVOLVED<\/a>\u00a0&#8212;\u00a0<a href=\"http:\/\/aguilaycondor.net\/struggle.html\" target=\"_blank\">POLITICAL EDUCATION<\/a><\/p>\n<hr \/>\n<p class=\"p1\" style=\"text-align: center;\"><span style=\"color: #993300;\"><strong>Uni\u00f3n del Barrio Strategic Vision on Media Power:<\/strong><\/span><\/p>\n<p style=\"text-align: center;\"><em><span style=\"color: #993300;\"><strong>Concientizaci\u00f3n, Organizaci\u00f3n, Acci\u00f3n, Liberaci\u00f3n<\/strong><\/span><\/em><\/p>\n<p>We must advance the work of liberation-focused media production by writing articles, essays, taking photos, creating images, flyers, brochures, radio shows, films\/movies, murals, songs, theatrical plays, etc., and use these to promote alternative and independent communication within our barrios. With our own media production we become more capable of resisting the influence of reactionary media forces that are currently dominant throughout all of our communities. If we want freedom of communication and information, then we must understand that control of knowledge and information is one of the keys to maintaining effective control over an oppressed people. Through the private ownership and domination of all means of transferring knowledge and ideas such as schools, newspapers, television, radio, etc., capitalist and imperialist\u00a0institutions frame\u00a0and manipulate the limits of thinking among raza.<\/p>\n<p>Without understanding our true people&#8217;s history, culture, and identity as La Raza from Nuestra Am\u00e9rica, self-determination is impossible. Uni\u00f3n del Barrio considers one of the most pressing tasks confronting our movement is making people aware of the foundations\u00a0of our oppression, to develop national, continental and international class consciousness, and through this consciousness concretize a revolutionary process to the masses. This can only be done through the building of our own forms of media production.<\/p>\n","protected":false},"excerpt":{"rendered":"<p>NEWS &amp; EVENTS\u00a0&#8212;\u00a0GET INVOLVED\u00a0&#8212;\u00a0POLITICAL EDUCATION Uni\u00f3n del Barrio Strategic Vision on Media Power: Concientizaci\u00f3n, Organizaci\u00f3n, Acci\u00f3n, Liberaci\u00f3n We must advance the work of liberation-focused media production by writing articles, essays, taking photos, creating images, flyers, brochures, radio shows, films\/movies, murals, songs, theatrical plays, etc., and use these to promote alternative and independent communication within our [&hellip;]<\/p>\n","protected":false},"author":1,"featured_media":0,"parent":14,"menu_order":9,"comment_status":"closed","ping_status":"closed","template":"page-templates\/page-struggle.php","meta":{"footnotes":""},"class_list":["post-559","page","type-page","status-publish","hentry"],"yoast_head":"<!-- This site is optimized with the Yoast SEO plugin v27.3 - https:\/\/yoast.com\/product\/yoast-seo-wordpress\/ -->\n<title>Media Power - Uni&oacute;n del Barrio<\/title>\n<meta name=\"robots\" content=\"index, follow, max-snippet:-1, max-image-preview:large, max-video-preview:-1\" \/>\n<link rel=\"canonical\" href=\"https:\/\/uniondelbarrio.org\/main\/4-2\/struggle\/media-power\/\" \/>\n<meta property=\"og:locale\" content=\"en_US\" \/>\n<meta property=\"og:type\" content=\"article\" \/>\n<meta property=\"og:title\" content=\"Media Power - Uni&oacute;n del Barrio\" \/>\n<meta property=\"og:description\" content=\"NEWS &amp; EVENTS\u00a0&#8212;\u00a0GET INVOLVED\u00a0&#8212;\u00a0POLITICAL EDUCATION Uni\u00f3n del Barrio Strategic Vision on Media Power: Concientizaci\u00f3n, Organizaci\u00f3n, Acci\u00f3n, Liberaci\u00f3n We must advance the work of liberation-focused media production by writing articles, essays, taking photos, creating images, flyers, brochures, radio shows, films\/movies, murals, songs, theatrical plays, etc., and use these to promote alternative and independent communication within our [&hellip;]\" \/>\n<meta property=\"og:url\" content=\"https:\/\/uniondelbarrio.org\/main\/4-2\/struggle\/media-power\/\" \/>\n<meta property=\"og:site_name\" content=\"Uni&oacute;n del Barrio\" \/>\n<meta property=\"article:publisher\" content=\"https:\/\/www.facebook.com\/UniondelBarrio\/\" \/>\n<meta property=\"article:modified_time\" content=\"2014-08-20T17:13:04+00:00\" \/>\n<meta property=\"og:image\" content=\"https:\/\/uniondelbarrio.org\/main\/wp-content\/uploads\/2021\/04\/UdB_FBDefault_1200x628.jpg\" \/>\n\t<meta property=\"og:image:width\" content=\"1200\" \/>\n\t<meta property=\"og:image:height\" content=\"628\" \/>\n\t<meta property=\"og:image:type\" content=\"image\/jpeg\" \/>\n<meta name=\"twitter:card\" content=\"summary_large_image\" \/>\n<meta name=\"twitter:site\" content=\"@UniondelBarrio\" \/>\n<meta name=\"twitter:label1\" content=\"Est. reading time\" \/>\n\t<meta name=\"twitter:data1\" content=\"1 minute\" \/>\n<script type=\"application\/ld+json\" class=\"yoast-schema-graph\">{\"@context\":\"https:\\\/\\\/schema.org\",\"@graph\":[{\"@type\":\"WebPage\",\"@id\":\"https:\\\/\\\/uniondelbarrio.org\\\/main\\\/4-2\\\/struggle\\\/media-power\\\/\",\"url\":\"https:\\\/\\\/uniondelbarrio.org\\\/main\\\/4-2\\\/struggle\\\/media-power\\\/\",\"name\":\"Media Power - Uni&oacute;n del Barrio\",\"isPartOf\":{\"@id\":\"https:\\\/\\\/uniondelbarrio.org\\\/main\\\/#website\"},\"datePublished\":\"2014-08-08T20:13:27+00:00\",\"dateModified\":\"2014-08-20T17:13:04+00:00\",\"breadcrumb\":{\"@id\":\"https:\\\/\\\/uniondelbarrio.org\\\/main\\\/4-2\\\/struggle\\\/media-power\\\/#breadcrumb\"},\"inLanguage\":\"en\",\"potentialAction\":[{\"@type\":\"ReadAction\",\"target\":[\"https:\\\/\\\/uniondelbarrio.org\\\/main\\\/4-2\\\/struggle\\\/media-power\\\/\"]}]},{\"@type\":\"BreadcrumbList\",\"@id\":\"https:\\\/\\\/uniondelbarrio.org\\\/main\\\/4-2\\\/struggle\\\/media-power\\\/#breadcrumb\",\"itemListElement\":[{\"@type\":\"ListItem\",\"position\":1,\"name\":\"Home\",\"item\":\"https:\\\/\\\/uniondelbarrio.org\\\/main\\\/\"},{\"@type\":\"ListItem\",\"position\":2,\"name\":\"The Science of Organized Liberation Struggle\",\"item\":\"https:\\\/\\\/uniondelbarrio.org\\\/main\\\/4-2\\\/struggle\\\/\"},{\"@type\":\"ListItem\",\"position\":3,\"name\":\"Media Power\"}]},{\"@type\":\"WebSite\",\"@id\":\"https:\\\/\\\/uniondelbarrio.org\\\/main\\\/#website\",\"url\":\"https:\\\/\\\/uniondelbarrio.org\\\/main\\\/\",\"name\":\"Uni&oacute;n del Barrio\",\"description\":\"Concientizaci&oacute;n, Organizaci&oacute;n, Acci&oacute;n, y Liberaci&oacute;n\",\"potentialAction\":[{\"@type\":\"SearchAction\",\"target\":{\"@type\":\"EntryPoint\",\"urlTemplate\":\"https:\\\/\\\/uniondelbarrio.org\\\/main\\\/?s={search_term_string}\"},\"query-input\":{\"@type\":\"PropertyValueSpecification\",\"valueRequired\":true,\"valueName\":\"search_term_string\"}}],\"inLanguage\":\"en\"}]}<\/script>\n<!-- \/ Yoast SEO plugin. -->","yoast_head_json":{"title":"Media Power - Uni&oacute;n del Barrio","robots":{"index":"index","follow":"follow","max-snippet":"max-snippet:-1","max-image-preview":"max-image-preview:large","max-video-preview":"max-video-preview:-1"},"canonical":"https:\/\/uniondelbarrio.org\/main\/4-2\/struggle\/media-power\/","og_locale":"en_US","og_type":"article","og_title":"Media Power - Uni&oacute;n del Barrio","og_description":"NEWS &amp; EVENTS\u00a0&#8212;\u00a0GET INVOLVED\u00a0&#8212;\u00a0POLITICAL EDUCATION Uni\u00f3n del Barrio Strategic Vision on Media Power: Concientizaci\u00f3n, Organizaci\u00f3n, Acci\u00f3n, Liberaci\u00f3n We must advance the work of liberation-focused media production by writing articles, essays, taking photos, creating images, flyers, brochures, radio shows, films\/movies, murals, songs, theatrical plays, etc., and use these to promote alternative and independent communication within our [&hellip;]","og_url":"https:\/\/uniondelbarrio.org\/main\/4-2\/struggle\/media-power\/","og_site_name":"Uni&oacute;n del Barrio","article_publisher":"https:\/\/www.facebook.com\/UniondelBarrio\/","article_modified_time":"2014-08-20T17:13:04+00:00","og_image":[{"width":1200,"height":628,"url":"https:\/\/uniondelbarrio.org\/main\/wp-content\/uploads\/2021\/04\/UdB_FBDefault_1200x628.jpg","type":"image\/jpeg"}],"twitter_card":"summary_large_image","twitter_site":"@UniondelBarrio","twitter_misc":{"Est. reading time":"1 minute"},"schema":{"@context":"https:\/\/schema.org","@graph":[{"@type":"WebPage","@id":"https:\/\/uniondelbarrio.org\/main\/4-2\/struggle\/media-power\/","url":"https:\/\/uniondelbarrio.org\/main\/4-2\/struggle\/media-power\/","name":"Media Power - Uni&oacute;n del Barrio","isPartOf":{"@id":"https:\/\/uniondelbarrio.org\/main\/#website"},"datePublished":"2014-08-08T20:13:27+00:00","dateModified":"2014-08-20T17:13:04+00:00","breadcrumb":{"@id":"https:\/\/uniondelbarrio.org\/main\/4-2\/struggle\/media-power\/#breadcrumb"},"inLanguage":"en","potentialAction":[{"@type":"ReadAction","target":["https:\/\/uniondelbarrio.org\/main\/4-2\/struggle\/media-power\/"]}]},{"@type":"BreadcrumbList","@id":"https:\/\/uniondelbarrio.org\/main\/4-2\/struggle\/media-power\/#breadcrumb","itemListElement":[{"@type":"ListItem","position":1,"name":"Home","item":"https:\/\/uniondelbarrio.org\/main\/"},{"@type":"ListItem","position":2,"name":"The Science of Organized Liberation Struggle","item":"https:\/\/uniondelbarrio.org\/main\/4-2\/struggle\/"},{"@type":"ListItem","position":3,"name":"Media Power"}]},{"@type":"WebSite","@id":"https:\/\/uniondelbarrio.org\/main\/#website","url":"https:\/\/uniondelbarrio.org\/main\/","name":"Uni&oacute;n del Barrio","description":"Concientizaci&oacute;n, Organizaci&oacute;n, Acci&oacute;n, y Liberaci&oacute;n","potentialAction":[{"@type":"SearchAction","target":{"@type":"EntryPoint","urlTemplate":"https:\/\/uniondelbarrio.org\/main\/?s={search_term_string}"},"query-input":{"@type":"PropertyValueSpecification","valueRequired":true,"valueName":"search_term_string"}}],"inLanguage":"en"}]}},"_links":{"self":[{"href":"https:\/\/uniondelbarrio.org\/main\/wp-json\/wp\/v2\/pages\/559","targetHints":{"allow":["GET"]}}],"collection":[{"href":"https:\/\/uniondelbarrio.org\/main\/wp-json\/wp\/v2\/pages"}],"about":[{"href":"https:\/\/uniondelbarrio.org\/main\/wp-json\/wp\/v2\/types\/page"}],"author":[{"embeddable":true,"href":"https:\/\/uniondelbarrio.org\/main\/wp-json\/wp\/v2\/users\/1"}],"replies":[{"embeddable":true,"href":"https:\/\/uniondelbarrio.org\/main\/wp-json\/wp\/v2\/comments?post=559"}],"version-history":[{"count":9,"href":"https:\/\/uniondelbarrio.org\/main\/wp-json\/wp\/v2\/pages\/559\/revisions"}],"predecessor-version":[{"id":765,"href":"https:\/\/uniondelbarrio.org\/main\/wp-json\/wp\/v2\/pages\/559\/revisions\/765"}],"up":[{"embeddable":true,"href":"https:\/\/uniondelbarrio.org\/main\/wp-json\/wp\/v2\/pages\/14"}],"wp:attachment":[{"href":"https:\/\/uniondelbarrio.org\/main\/wp-json\/wp\/v2\/media?parent=559"}],"curies":[{"name":"wp","href":"https:\/\/api.w.org\/{rel}","templated":true}]}}