{"id":567,"date":"2014-08-08T13:16:33","date_gmt":"2014-08-08T20:16:33","guid":{"rendered":"https:\/\/uniondelbarrio.org\/main\/?page_id=567"},"modified":"2025-12-14T11:02:14","modified_gmt":"2025-12-14T18:02:14","slug":"comite-local-patricia-marin-los-angeles-califas","status":"publish","type":"page","link":"https:\/\/uniondelbarrio.org\/main\/4-2\/struggle\/comite-local-patricia-marin-los-angeles-califas\/","title":{"rendered":"Comit\u00e9 Local Patricia Mar\u00edn &#8211; Los Angeles, Califas"},"content":{"rendered":"<hr \/>\n<p class=\"p1\" style=\"text-align: center;\"><a title=\"Obama Deportations Surpass 2 Million\" href=\"https:\/\/uniondelbarrio.org\/main\/?p=729\" target=\"_blank\" rel=\"noopener\">LOS ANGELES AREA\u00a0NEWS &amp; EVENTS<\/a> \u2014 <a title=\"Obama Deportations Surpass 2 Million\" href=\"https:\/\/uniondelbarrio.org\/main\/?p=729\" target=\"_blank\" rel=\"noopener\">LOCAL CALENDAR<\/a><\/p>\n<hr \/>\n<p class=\"p3\" style=\"text-align: center;\">Email: &lt;<a href=\"mailto:info_la@uniondelbarrio.org\"><span class=\"s2\">info_la at uniondelbarrio dot org<\/span><\/a>&gt;<\/p>\n<hr \/>\n<p class=\"p5\">The Los Angeles based work of Uni\u00f3n del Barrio is led by the Comit\u00e9 Local Patricia Mar\u00edn, a local organizational body composed of \u201cBases\u201d responsible for different sectors of community struggle: \u201cBarrio Youth,\u201d \u201cMagisterio,\u201d &amp; \u201cPobladores\/ Migraci\u00f3n.\u201d The ongoing work of UdB in Los Angeles is summarized below, and the most current information is accessible through the &#8220;News &amp; Events\u201d link and our social media accounts that are linked from the top right of this page.<\/p>\n<ul class=\"ul1\">\n<li class=\"li6\"><span class=\"s3\" style=\"color: #993300;\"><b>Magisterio<\/b><\/span>:\u00a0Education workers &amp; pedagogy &#8211; our members in this area of work actively participate within the local labor unions seeking to\u00a0change educational policy. This Base has successfully advocated for the implementation of Ethnic Studies in local schools and has worked to get one of it\u2019s members elected to a local school board. At this juncture the base is hoping to establish pedagogical work by helping to rebuild the Association of Raza Educators in Los Angeles and soon creating an Escuelita Aztl\u00e1n in Los Angeles.<\/li>\n<li class=\"li6\"><span class=\"s3\" style=\"color: #993300;\"><b>Pobladores\/Local Community<\/b><\/span>: <span style=\"color: #222222;\">This work is usually organized within the efforts to form a broad alliance of organizations. This Base primarily\u00a0assists with\u00a0coordinating the work of Southern California Immigration Coalition <\/span><span style=\"color: #222222;\">&#8211; an independent coalition of forces committed to fighting for legalization for all, an end to deportations, no on the guest worker programs, and the peoples&#8217; right to organize and a call for an end the wars abroad and here. This work also includes the organizing of &#8220;Know Your Rights&#8221; forums and related leafleting, actions at police checkpoints, and the fight against police brutality.<\/span><\/li>\n<li class=\"li6\"><span class=\"s3\" style=\"color: #993300;\"><b>Ongoing\u00a0Events<\/b><\/span>: UdB in LA plays a leading role in organizing the following events:\n<ul class=\"ul2\">\n<li class=\"li6\">Primero de Mayo \u2013 International Worker\u2019s Day.<\/li>\n<li class=\"li6\">The Chicano Moratorium Commemoration of August 29, 1970.<\/li>\n<li class=\"li6\">Periodic Anti-Checkpoint Protests throughout the community.<\/li>\n<\/ul>\n<\/li>\n<li class=\"li7\"><b><span style=\"color: #993300;\">Coalitions (within which we participate) &amp; Other Areas of Los Angeles\u00a0Based Struggle<\/span>.<\/b>\n<ul class=\"ul2\">\n<li class=\"li6\">Members of the CLPM are also engaged in several media projects, as well as video and photography projects to document our work and inform the community as to the critical issues facing our gente.<\/li>\n<\/ul>\n<\/li>\n<\/ul>\n","protected":false},"excerpt":{"rendered":"<p>LOS ANGELES AREA\u00a0NEWS &amp; EVENTS \u2014 LOCAL CALENDAR Email: &lt;info_la at uniondelbarrio dot org&gt; The Los Angeles based work of Uni\u00f3n del Barrio is led by the Comit\u00e9 Local Patricia Mar\u00edn, a local organizational body composed of \u201cBases\u201d responsible for different sectors of community struggle: \u201cBarrio Youth,\u201d \u201cMagisterio,\u201d &amp; \u201cPobladores\/ Migraci\u00f3n.\u201d The ongoing work of [&hellip;]<\/p>\n","protected":false},"author":1,"featured_media":0,"parent":14,"menu_order":0,"comment_status":"closed","ping_status":"closed","template":"page-templates\/page-struggle.php","meta":{"footnotes":""},"class_list":["post-567","page","type-page","status-publish","hentry"],"yoast_head":"<!-- This site is optimized with the Yoast SEO plugin v27.3 - https:\/\/yoast.com\/product\/yoast-seo-wordpress\/ -->\n<title>Comit\u00e9 Local Patricia Mar\u00edn - Los Angeles, Califas - Uni&oacute;n del Barrio<\/title>\n<meta name=\"robots\" content=\"index, follow, max-snippet:-1, max-image-preview:large, max-video-preview:-1\" \/>\n<link rel=\"canonical\" href=\"https:\/\/uniondelbarrio.org\/main\/4-2\/struggle\/comite-local-patricia-marin-los-angeles-califas\/\" \/>\n<meta property=\"og:locale\" content=\"en_US\" \/>\n<meta property=\"og:type\" content=\"article\" \/>\n<meta property=\"og:title\" content=\"Comit\u00e9 Local Patricia Mar\u00edn - Los Angeles, Califas - Uni&oacute;n del Barrio\" \/>\n<meta property=\"og:description\" content=\"LOS ANGELES AREA\u00a0NEWS &amp; EVENTS \u2014 LOCAL CALENDAR Email: &lt;info_la at uniondelbarrio dot org&gt; The Los Angeles based work of Uni\u00f3n del Barrio is led by the Comit\u00e9 Local Patricia Mar\u00edn, a local organizational body composed of \u201cBases\u201d responsible for different sectors of community struggle: \u201cBarrio Youth,\u201d \u201cMagisterio,\u201d &amp; \u201cPobladores\/ Migraci\u00f3n.\u201d The ongoing work of [&hellip;]\" \/>\n<meta property=\"og:url\" content=\"https:\/\/uniondelbarrio.org\/main\/4-2\/struggle\/comite-local-patricia-marin-los-angeles-califas\/\" \/>\n<meta property=\"og:site_name\" content=\"Uni&oacute;n del Barrio\" \/>\n<meta property=\"article:publisher\" content=\"https:\/\/www.facebook.com\/UniondelBarrio\/\" \/>\n<meta property=\"article:modified_time\" content=\"2025-12-14T18:02:14+00:00\" \/>\n<meta property=\"og:image\" content=\"https:\/\/uniondelbarrio.org\/main\/wp-content\/uploads\/2021\/04\/UdB_FBDefault_1200x628.jpg\" \/>\n\t<meta property=\"og:image:width\" content=\"1200\" \/>\n\t<meta property=\"og:image:height\" content=\"628\" \/>\n\t<meta property=\"og:image:type\" content=\"image\/jpeg\" \/>\n<meta name=\"twitter:card\" content=\"summary_large_image\" \/>\n<meta name=\"twitter:site\" content=\"@UniondelBarrio\" \/>\n<meta name=\"twitter:label1\" content=\"Est. reading time\" \/>\n\t<meta name=\"twitter:data1\" content=\"2 minutes\" \/>\n<script type=\"application\/ld+json\" class=\"yoast-schema-graph\">{\"@context\":\"https:\\\/\\\/schema.org\",\"@graph\":[{\"@type\":\"WebPage\",\"@id\":\"https:\\\/\\\/uniondelbarrio.org\\\/main\\\/4-2\\\/struggle\\\/comite-local-patricia-marin-los-angeles-califas\\\/\",\"url\":\"https:\\\/\\\/uniondelbarrio.org\\\/main\\\/4-2\\\/struggle\\\/comite-local-patricia-marin-los-angeles-califas\\\/\",\"name\":\"Comit\u00e9 Local Patricia Mar\u00edn - Los Angeles, Califas - Uni&oacute;n del Barrio\",\"isPartOf\":{\"@id\":\"https:\\\/\\\/uniondelbarrio.org\\\/main\\\/#website\"},\"datePublished\":\"2014-08-08T20:16:33+00:00\",\"dateModified\":\"2025-12-14T18:02:14+00:00\",\"breadcrumb\":{\"@id\":\"https:\\\/\\\/uniondelbarrio.org\\\/main\\\/4-2\\\/struggle\\\/comite-local-patricia-marin-los-angeles-califas\\\/#breadcrumb\"},\"inLanguage\":\"en\",\"potentialAction\":[{\"@type\":\"ReadAction\",\"target\":[\"https:\\\/\\\/uniondelbarrio.org\\\/main\\\/4-2\\\/struggle\\\/comite-local-patricia-marin-los-angeles-califas\\\/\"]}]},{\"@type\":\"BreadcrumbList\",\"@id\":\"https:\\\/\\\/uniondelbarrio.org\\\/main\\\/4-2\\\/struggle\\\/comite-local-patricia-marin-los-angeles-califas\\\/#breadcrumb\",\"itemListElement\":[{\"@type\":\"ListItem\",\"position\":1,\"name\":\"Home\",\"item\":\"https:\\\/\\\/uniondelbarrio.org\\\/main\\\/\"},{\"@type\":\"ListItem\",\"position\":2,\"name\":\"The Science of Organized Liberation Struggle\",\"item\":\"https:\\\/\\\/uniondelbarrio.org\\\/main\\\/4-2\\\/struggle\\\/\"},{\"@type\":\"ListItem\",\"position\":3,\"name\":\"Comit\u00e9 Local Patricia Mar\u00edn &#8211; Los Angeles, Califas\"}]},{\"@type\":\"WebSite\",\"@id\":\"https:\\\/\\\/uniondelbarrio.org\\\/main\\\/#website\",\"url\":\"https:\\\/\\\/uniondelbarrio.org\\\/main\\\/\",\"name\":\"Uni&oacute;n del Barrio\",\"description\":\"Concientizaci&oacute;n, Organizaci&oacute;n, Acci&oacute;n, y Liberaci&oacute;n\",\"potentialAction\":[{\"@type\":\"SearchAction\",\"target\":{\"@type\":\"EntryPoint\",\"urlTemplate\":\"https:\\\/\\\/uniondelbarrio.org\\\/main\\\/?s={search_term_string}\"},\"query-input\":{\"@type\":\"PropertyValueSpecification\",\"valueRequired\":true,\"valueName\":\"search_term_string\"}}],\"inLanguage\":\"en\"}]}<\/script>\n<!-- \/ Yoast SEO plugin. -->","yoast_head_json":{"title":"Comit\u00e9 Local Patricia Mar\u00edn - Los Angeles, Califas - Uni&oacute;n del Barrio","robots":{"index":"index","follow":"follow","max-snippet":"max-snippet:-1","max-image-preview":"max-image-preview:large","max-video-preview":"max-video-preview:-1"},"canonical":"https:\/\/uniondelbarrio.org\/main\/4-2\/struggle\/comite-local-patricia-marin-los-angeles-califas\/","og_locale":"en_US","og_type":"article","og_title":"Comit\u00e9 Local Patricia Mar\u00edn - Los Angeles, Califas - Uni&oacute;n del Barrio","og_description":"LOS ANGELES AREA\u00a0NEWS &amp; EVENTS \u2014 LOCAL CALENDAR Email: &lt;info_la at uniondelbarrio dot org&gt; The Los Angeles based work of Uni\u00f3n del Barrio is led by the Comit\u00e9 Local Patricia Mar\u00edn, a local organizational body composed of \u201cBases\u201d responsible for different sectors of community struggle: \u201cBarrio Youth,\u201d \u201cMagisterio,\u201d &amp; \u201cPobladores\/ Migraci\u00f3n.\u201d The ongoing work of [&hellip;]","og_url":"https:\/\/uniondelbarrio.org\/main\/4-2\/struggle\/comite-local-patricia-marin-los-angeles-califas\/","og_site_name":"Uni&oacute;n del Barrio","article_publisher":"https:\/\/www.facebook.com\/UniondelBarrio\/","article_modified_time":"2025-12-14T18:02:14+00:00","og_image":[{"width":1200,"height":628,"url":"https:\/\/uniondelbarrio.org\/main\/wp-content\/uploads\/2021\/04\/UdB_FBDefault_1200x628.jpg","type":"image\/jpeg"}],"twitter_card":"summary_large_image","twitter_site":"@UniondelBarrio","twitter_misc":{"Est. reading time":"2 minutes"},"schema":{"@context":"https:\/\/schema.org","@graph":[{"@type":"WebPage","@id":"https:\/\/uniondelbarrio.org\/main\/4-2\/struggle\/comite-local-patricia-marin-los-angeles-califas\/","url":"https:\/\/uniondelbarrio.org\/main\/4-2\/struggle\/comite-local-patricia-marin-los-angeles-califas\/","name":"Comit\u00e9 Local Patricia Mar\u00edn - Los Angeles, Califas - Uni&oacute;n del Barrio","isPartOf":{"@id":"https:\/\/uniondelbarrio.org\/main\/#website"},"datePublished":"2014-08-08T20:16:33+00:00","dateModified":"2025-12-14T18:02:14+00:00","breadcrumb":{"@id":"https:\/\/uniondelbarrio.org\/main\/4-2\/struggle\/comite-local-patricia-marin-los-angeles-califas\/#breadcrumb"},"inLanguage":"en","potentialAction":[{"@type":"ReadAction","target":["https:\/\/uniondelbarrio.org\/main\/4-2\/struggle\/comite-local-patricia-marin-los-angeles-califas\/"]}]},{"@type":"BreadcrumbList","@id":"https:\/\/uniondelbarrio.org\/main\/4-2\/struggle\/comite-local-patricia-marin-los-angeles-califas\/#breadcrumb","itemListElement":[{"@type":"ListItem","position":1,"name":"Home","item":"https:\/\/uniondelbarrio.org\/main\/"},{"@type":"ListItem","position":2,"name":"The Science of Organized Liberation Struggle","item":"https:\/\/uniondelbarrio.org\/main\/4-2\/struggle\/"},{"@type":"ListItem","position":3,"name":"Comit\u00e9 Local Patricia Mar\u00edn &#8211; Los Angeles, Califas"}]},{"@type":"WebSite","@id":"https:\/\/uniondelbarrio.org\/main\/#website","url":"https:\/\/uniondelbarrio.org\/main\/","name":"Uni&oacute;n del Barrio","description":"Concientizaci&oacute;n, Organizaci&oacute;n, Acci&oacute;n, y Liberaci&oacute;n","potentialAction":[{"@type":"SearchAction","target":{"@type":"EntryPoint","urlTemplate":"https:\/\/uniondelbarrio.org\/main\/?s={search_term_string}"},"query-input":{"@type":"PropertyValueSpecification","valueRequired":true,"valueName":"search_term_string"}}],"inLanguage":"en"}]}},"_links":{"self":[{"href":"https:\/\/uniondelbarrio.org\/main\/wp-json\/wp\/v2\/pages\/567","targetHints":{"allow":["GET"]}}],"collection":[{"href":"https:\/\/uniondelbarrio.org\/main\/wp-json\/wp\/v2\/pages"}],"about":[{"href":"https:\/\/uniondelbarrio.org\/main\/wp-json\/wp\/v2\/types\/page"}],"author":[{"embeddable":true,"href":"https:\/\/uniondelbarrio.org\/main\/wp-json\/wp\/v2\/users\/1"}],"replies":[{"embeddable":true,"href":"https:\/\/uniondelbarrio.org\/main\/wp-json\/wp\/v2\/comments?post=567"}],"version-history":[{"count":26,"href":"https:\/\/uniondelbarrio.org\/main\/wp-json\/wp\/v2\/pages\/567\/revisions"}],"predecessor-version":[{"id":5298,"href":"https:\/\/uniondelbarrio.org\/main\/wp-json\/wp\/v2\/pages\/567\/revisions\/5298"}],"up":[{"embeddable":true,"href":"https:\/\/uniondelbarrio.org\/main\/wp-json\/wp\/v2\/pages\/14"}],"wp:attachment":[{"href":"https:\/\/uniondelbarrio.org\/main\/wp-json\/wp\/v2\/media?parent=567"}],"curies":[{"name":"wp","href":"https:\/\/api.w.org\/{rel}","templated":true}]}}