{"id":82,"date":"2014-07-28T22:19:53","date_gmt":"2014-07-29T05:19:53","guid":{"rendered":"https:\/\/uniondelbarrio.org\/main\/?page_id=82"},"modified":"2018-08-28T21:00:58","modified_gmt":"2018-08-29T04:00:58","slug":"ii-this-is-nuestra-america-we-are-indigenous-nations","status":"publish","type":"page","link":"https:\/\/uniondelbarrio.org\/main\/4-2\/about-udb\/political-program\/who-we-are\/ii-this-is-nuestra-america-we-are-indigenous-nations\/","title":{"rendered":"II. This is &#8220;Nuestra Am\u00e9rica&#8221; &#8211; We Are Indigenous Nations"},"content":{"rendered":"<p>We recognize and uphold the right to self-determination of all indigenous nations of the Americas. Nuestra Am\u00e9rica has been subject to the genocidal violence, theft, and slavery imposed on us by European colonialism, United States imperialism, and global neoliberalism. We are bound by a common history, struggle, and destiny. The principled unification of our forces throughout Nuestra Am\u00e9rica will be necessary to overturn all manifestations of colonial, imperialist, and neoliberal oppression. We understand that the liberation of La Raza within the current borders of the United States will, and must, be tied to the liberation of all indigenous people and Latin American nations.<\/p>\n<p>The Mexicano people, as indigenous inhabitants of this continent and of what is presently called the Southwest United States, constitute a colony of an illegal settler state that is an extension of European colonialism. The United States funded and directed the Anglo settler rebellion in Texas in 1836, which set the stage for a United States war of aggression in 1846 to 1848. This war resulted in the occupation of the northern half of M\u00e9xico. This war imposed on us the position of a conquered nation, and since then millions of our people have fallen victim to racist Anglo settlers who exercise their individual, state, and economic power hoping to maintain our servile status. This is why within the United States the political system itself was founded on this principle &#8211; designed to exploit our labor, keep a disproportionate number of our people in prisons, stereotype us through the media, falsify our history, deny us a relevant\/productive education, and militarize the border in order to keep out the very same people from which Aztlan\/M\u00e9xico Ocupado was stolen. This historical relationship is sustained through an ongoing campaign of state terrorism (migra, police, etc.) and the ever-increasing overt and violent expression of racism by reactionaries of the United States white nationalist population.<\/p>\n<p>These are all direct manifestations of colonialism, but we must also understand that we are also subject to the contradictions of neocolonialism. Uni\u00f3n del Barrio is cognizant of current neocolonialist tactics of the oppressor, which include the use of our own people against us. Neocolonialists are puppet lackeys, appointed or self-appointed, who usually win financial support from the colonial system. The primary role of the neocolonialist is to confuse the large numbers of La Raza into thinking that we are making progress within the current political system, and that we can actually achieve individual success if only we buy into United States imperialism. This is a ploy that is central to the classic colonizer tactic of divide and conquer. Instead of focusing our energy on overturning imperialism, this tactic pits us against opportunists of our own kind and\/or redirects our attention to distrust other oppressed nationalities. The existing political and economic system then continues relatively unchallenged, while oppressed people within the United States perpetually struggle against each other for beggar\u2019s crumbs, petty concessions, and token positions of neocolonial power.<\/p>\n<p>Strategically, we must turn away from this futile cycle, to instead help create the conditions to bring about the liberation of Nuestra Am\u00e9rica. Our collective power\u00a0within the United States will be a leading force overturning United States interventionism in Latin America. We understand that not a single neocolonial government could survive without funding and military training from the United States. Therefore, Uni\u00f3n del Barrio promotes the unity and involvement of our organization in efforts to democratize M\u00e9xico and Nuestra Am\u00e9rica. The politics of La Raza living in the occupied territories should concentrate on organizing towards achieving independent political power inside the belly of the beast, while uniting with progressive forces in M\u00e9xico and Nuestra Am\u00e9rica.<\/p>\n<p class=\"p1\"><span class=\"s1\">GO TO WHO WE ARE, POINT III: \u201c<\/span><a title=\"III. Ours is a National Liberation Movement Rooted in Class Struggle \u2013 We Are Raza Internationalists\" href=\"https:\/\/uniondelbarrio.org\/main\/?page_id=84\">Ours is a National Liberation Movement Rooted in Class Struggle; We Are Raza Internationalists.<\/a>\u201c<\/p>\n","protected":false},"excerpt":{"rendered":"<p>We recognize and uphold the right to self-determination of all indigenous nations of the Americas. Nuestra Am\u00e9rica has been subject to the genocidal violence, theft, and slavery imposed on us by European colonialism, United States imperialism, and global neoliberalism. We are bound by a common history, struggle, and destiny. The principled unification of our forces [&hellip;]<\/p>\n","protected":false},"author":1,"featured_media":0,"parent":76,"menu_order":2,"comment_status":"closed","ping_status":"closed","template":"page-templates\/page-program.php","meta":{"footnotes":""},"class_list":["post-82","page","type-page","status-publish","hentry"],"yoast_head":"<!-- This site is optimized with the Yoast SEO plugin v27.4 - https:\/\/yoast.com\/product\/yoast-seo-wordpress\/ -->\n<title>II. This is &quot;Nuestra Am\u00e9rica&quot; - We Are Indigenous Nations - Uni&oacute;n del Barrio<\/title>\n<meta name=\"robots\" content=\"index, follow, max-snippet:-1, max-image-preview:large, max-video-preview:-1\" \/>\n<link rel=\"canonical\" href=\"https:\/\/uniondelbarrio.org\/main\/4-2\/about-udb\/political-program\/who-we-are\/ii-this-is-nuestra-america-we-are-indigenous-nations\/\" \/>\n<meta property=\"og:locale\" content=\"en_US\" \/>\n<meta property=\"og:type\" content=\"article\" \/>\n<meta property=\"og:title\" content=\"II. This is &quot;Nuestra Am\u00e9rica&quot; - We Are Indigenous Nations - Uni&oacute;n del Barrio\" \/>\n<meta property=\"og:description\" content=\"We recognize and uphold the right to self-determination of all indigenous nations of the Americas. Nuestra Am\u00e9rica has been subject to the genocidal violence, theft, and slavery imposed on us by European colonialism, United States imperialism, and global neoliberalism. We are bound by a common history, struggle, and destiny. The principled unification of our forces [&hellip;]\" \/>\n<meta property=\"og:url\" content=\"https:\/\/uniondelbarrio.org\/main\/4-2\/about-udb\/political-program\/who-we-are\/ii-this-is-nuestra-america-we-are-indigenous-nations\/\" \/>\n<meta property=\"og:site_name\" content=\"Uni&oacute;n del Barrio\" \/>\n<meta property=\"article:publisher\" content=\"https:\/\/www.facebook.com\/UniondelBarrio\/\" \/>\n<meta property=\"article:modified_time\" content=\"2018-08-29T04:00:58+00:00\" \/>\n<meta property=\"og:image\" content=\"https:\/\/uniondelbarrio.org\/main\/wp-content\/uploads\/2021\/04\/UdB_FBDefault_1200x628.jpg\" \/>\n\t<meta property=\"og:image:width\" content=\"1200\" \/>\n\t<meta property=\"og:image:height\" content=\"628\" \/>\n\t<meta property=\"og:image:type\" content=\"image\/jpeg\" \/>\n<meta name=\"twitter:card\" content=\"summary_large_image\" \/>\n<meta name=\"twitter:site\" content=\"@UniondelBarrio\" \/>\n<meta name=\"twitter:label1\" content=\"Est. reading time\" \/>\n\t<meta name=\"twitter:data1\" content=\"3 minutes\" \/>\n<script type=\"application\/ld+json\" class=\"yoast-schema-graph\">{\"@context\":\"https:\\\/\\\/schema.org\",\"@graph\":[{\"@type\":\"WebPage\",\"@id\":\"https:\\\/\\\/uniondelbarrio.org\\\/main\\\/4-2\\\/about-udb\\\/political-program\\\/who-we-are\\\/ii-this-is-nuestra-america-we-are-indigenous-nations\\\/\",\"url\":\"https:\\\/\\\/uniondelbarrio.org\\\/main\\\/4-2\\\/about-udb\\\/political-program\\\/who-we-are\\\/ii-this-is-nuestra-america-we-are-indigenous-nations\\\/\",\"name\":\"II. This is \\\"Nuestra Am\u00e9rica\\\" - We Are Indigenous Nations - Uni&oacute;n del Barrio\",\"isPartOf\":{\"@id\":\"https:\\\/\\\/uniondelbarrio.org\\\/main\\\/#website\"},\"datePublished\":\"2014-07-29T05:19:53+00:00\",\"dateModified\":\"2018-08-29T04:00:58+00:00\",\"breadcrumb\":{\"@id\":\"https:\\\/\\\/uniondelbarrio.org\\\/main\\\/4-2\\\/about-udb\\\/political-program\\\/who-we-are\\\/ii-this-is-nuestra-america-we-are-indigenous-nations\\\/#breadcrumb\"},\"inLanguage\":\"en\",\"potentialAction\":[{\"@type\":\"ReadAction\",\"target\":[\"https:\\\/\\\/uniondelbarrio.org\\\/main\\\/4-2\\\/about-udb\\\/political-program\\\/who-we-are\\\/ii-this-is-nuestra-america-we-are-indigenous-nations\\\/\"]}]},{\"@type\":\"BreadcrumbList\",\"@id\":\"https:\\\/\\\/uniondelbarrio.org\\\/main\\\/4-2\\\/about-udb\\\/political-program\\\/who-we-are\\\/ii-this-is-nuestra-america-we-are-indigenous-nations\\\/#breadcrumb\",\"itemListElement\":[{\"@type\":\"ListItem\",\"position\":1,\"name\":\"Home\",\"item\":\"https:\\\/\\\/uniondelbarrio.org\\\/main\\\/\"},{\"@type\":\"ListItem\",\"position\":2,\"name\":\"What is Uni\u00f3n del Barrio?\",\"item\":\"https:\\\/\\\/uniondelbarrio.org\\\/main\\\/4-2\\\/about-udb\\\/\"},{\"@type\":\"ListItem\",\"position\":3,\"name\":\"A Program For Political Direction, Consciousness Raising &#038; Liberation Struggle\",\"item\":\"https:\\\/\\\/uniondelbarrio.org\\\/main\\\/4-2\\\/about-udb\\\/political-program\\\/\"},{\"@type\":\"ListItem\",\"position\":4,\"name\":\"Who We Are\",\"item\":\"https:\\\/\\\/uniondelbarrio.org\\\/main\\\/4-2\\\/about-udb\\\/political-program\\\/who-we-are\\\/\"},{\"@type\":\"ListItem\",\"position\":5,\"name\":\"II. This is &#8220;Nuestra Am\u00e9rica&#8221; &#8211; We Are Indigenous Nations\"}]},{\"@type\":\"WebSite\",\"@id\":\"https:\\\/\\\/uniondelbarrio.org\\\/main\\\/#website\",\"url\":\"https:\\\/\\\/uniondelbarrio.org\\\/main\\\/\",\"name\":\"Uni&oacute;n del Barrio\",\"description\":\"Concientizaci&oacute;n, Organizaci&oacute;n, Acci&oacute;n, y Liberaci&oacute;n\",\"potentialAction\":[{\"@type\":\"SearchAction\",\"target\":{\"@type\":\"EntryPoint\",\"urlTemplate\":\"https:\\\/\\\/uniondelbarrio.org\\\/main\\\/?s={search_term_string}\"},\"query-input\":{\"@type\":\"PropertyValueSpecification\",\"valueRequired\":true,\"valueName\":\"search_term_string\"}}],\"inLanguage\":\"en\"}]}<\/script>\n<!-- \/ Yoast SEO plugin. -->","yoast_head_json":{"title":"II. This is \"Nuestra Am\u00e9rica\" - We Are Indigenous Nations - Uni&oacute;n del Barrio","robots":{"index":"index","follow":"follow","max-snippet":"max-snippet:-1","max-image-preview":"max-image-preview:large","max-video-preview":"max-video-preview:-1"},"canonical":"https:\/\/uniondelbarrio.org\/main\/4-2\/about-udb\/political-program\/who-we-are\/ii-this-is-nuestra-america-we-are-indigenous-nations\/","og_locale":"en_US","og_type":"article","og_title":"II. This is \"Nuestra Am\u00e9rica\" - We Are Indigenous Nations - Uni&oacute;n del Barrio","og_description":"We recognize and uphold the right to self-determination of all indigenous nations of the Americas. Nuestra Am\u00e9rica has been subject to the genocidal violence, theft, and slavery imposed on us by European colonialism, United States imperialism, and global neoliberalism. We are bound by a common history, struggle, and destiny. The principled unification of our forces [&hellip;]","og_url":"https:\/\/uniondelbarrio.org\/main\/4-2\/about-udb\/political-program\/who-we-are\/ii-this-is-nuestra-america-we-are-indigenous-nations\/","og_site_name":"Uni&oacute;n del Barrio","article_publisher":"https:\/\/www.facebook.com\/UniondelBarrio\/","article_modified_time":"2018-08-29T04:00:58+00:00","og_image":[{"width":1200,"height":628,"url":"https:\/\/uniondelbarrio.org\/main\/wp-content\/uploads\/2021\/04\/UdB_FBDefault_1200x628.jpg","type":"image\/jpeg"}],"twitter_card":"summary_large_image","twitter_site":"@UniondelBarrio","twitter_misc":{"Est. reading time":"3 minutes"},"schema":{"@context":"https:\/\/schema.org","@graph":[{"@type":"WebPage","@id":"https:\/\/uniondelbarrio.org\/main\/4-2\/about-udb\/political-program\/who-we-are\/ii-this-is-nuestra-america-we-are-indigenous-nations\/","url":"https:\/\/uniondelbarrio.org\/main\/4-2\/about-udb\/political-program\/who-we-are\/ii-this-is-nuestra-america-we-are-indigenous-nations\/","name":"II. This is \"Nuestra Am\u00e9rica\" - We Are Indigenous Nations - Uni&oacute;n del Barrio","isPartOf":{"@id":"https:\/\/uniondelbarrio.org\/main\/#website"},"datePublished":"2014-07-29T05:19:53+00:00","dateModified":"2018-08-29T04:00:58+00:00","breadcrumb":{"@id":"https:\/\/uniondelbarrio.org\/main\/4-2\/about-udb\/political-program\/who-we-are\/ii-this-is-nuestra-america-we-are-indigenous-nations\/#breadcrumb"},"inLanguage":"en","potentialAction":[{"@type":"ReadAction","target":["https:\/\/uniondelbarrio.org\/main\/4-2\/about-udb\/political-program\/who-we-are\/ii-this-is-nuestra-america-we-are-indigenous-nations\/"]}]},{"@type":"BreadcrumbList","@id":"https:\/\/uniondelbarrio.org\/main\/4-2\/about-udb\/political-program\/who-we-are\/ii-this-is-nuestra-america-we-are-indigenous-nations\/#breadcrumb","itemListElement":[{"@type":"ListItem","position":1,"name":"Home","item":"https:\/\/uniondelbarrio.org\/main\/"},{"@type":"ListItem","position":2,"name":"What is Uni\u00f3n del Barrio?","item":"https:\/\/uniondelbarrio.org\/main\/4-2\/about-udb\/"},{"@type":"ListItem","position":3,"name":"A Program For Political Direction, Consciousness Raising &#038; Liberation Struggle","item":"https:\/\/uniondelbarrio.org\/main\/4-2\/about-udb\/political-program\/"},{"@type":"ListItem","position":4,"name":"Who We Are","item":"https:\/\/uniondelbarrio.org\/main\/4-2\/about-udb\/political-program\/who-we-are\/"},{"@type":"ListItem","position":5,"name":"II. This is &#8220;Nuestra Am\u00e9rica&#8221; &#8211; We Are Indigenous Nations"}]},{"@type":"WebSite","@id":"https:\/\/uniondelbarrio.org\/main\/#website","url":"https:\/\/uniondelbarrio.org\/main\/","name":"Uni&oacute;n del Barrio","description":"Concientizaci&oacute;n, Organizaci&oacute;n, Acci&oacute;n, y Liberaci&oacute;n","potentialAction":[{"@type":"SearchAction","target":{"@type":"EntryPoint","urlTemplate":"https:\/\/uniondelbarrio.org\/main\/?s={search_term_string}"},"query-input":{"@type":"PropertyValueSpecification","valueRequired":true,"valueName":"search_term_string"}}],"inLanguage":"en"}]}},"_links":{"self":[{"href":"https:\/\/uniondelbarrio.org\/main\/wp-json\/wp\/v2\/pages\/82","targetHints":{"allow":["GET"]}}],"collection":[{"href":"https:\/\/uniondelbarrio.org\/main\/wp-json\/wp\/v2\/pages"}],"about":[{"href":"https:\/\/uniondelbarrio.org\/main\/wp-json\/wp\/v2\/types\/page"}],"author":[{"embeddable":true,"href":"https:\/\/uniondelbarrio.org\/main\/wp-json\/wp\/v2\/users\/1"}],"replies":[{"embeddable":true,"href":"https:\/\/uniondelbarrio.org\/main\/wp-json\/wp\/v2\/comments?post=82"}],"version-history":[{"count":6,"href":"https:\/\/uniondelbarrio.org\/main\/wp-json\/wp\/v2\/pages\/82\/revisions"}],"predecessor-version":[{"id":3513,"href":"https:\/\/uniondelbarrio.org\/main\/wp-json\/wp\/v2\/pages\/82\/revisions\/3513"}],"up":[{"embeddable":true,"href":"https:\/\/uniondelbarrio.org\/main\/wp-json\/wp\/v2\/pages\/76"}],"wp:attachment":[{"href":"https:\/\/uniondelbarrio.org\/main\/wp-json\/wp\/v2\/media?parent=82"}],"curies":[{"name":"wp","href":"https:\/\/api.w.org\/{rel}","templated":true}]}}